{"id":9919,"date":"2025-09-04T09:41:00","date_gmt":"2025-09-04T09:41:00","guid":{"rendered":"https:\/\/fill-package.com\/?page_id=9919"},"modified":"2025-12-12T13:05:03","modified_gmt":"2025-12-12T13:05:03","slug":"cam-bien-quang-dien","status":"publish","type":"page","link":"https:\/\/fill-package.com\/vi\/photoelectric-sensor\/","title":{"rendered":"C\u1ea3m bi\u1ebfn quang \u0111i\u1ec7n"},"content":{"rendered":"","protected":false},"excerpt":{"rendered":"","protected":false},"author":1,"featured_media":0,"parent":0,"menu_order":0,"comment_status":"closed","ping_status":"closed","template":"product-category3.php","meta":{"site-sidebar-layout":"default","site-content-layout":"page-builder","ast-site-content-layout":"full-width-container","site-content-style":"unboxed","site-sidebar-style":"unboxed","ast-global-header-display":"","ast-banner-title-visibility":"","ast-main-header-display":"","ast-hfb-above-header-display":"","ast-hfb-below-header-display":"","ast-hfb-mobile-header-display":"","site-post-title":"","ast-breadcrumbs-content":"disabled","ast-featured-img":"","footer-sml-layout":"","ast-disable-related-posts":"","theme-transparent-header-meta":"default","adv-header-id-meta":"","stick-header-meta":"default","header-above-stick-meta":"","header-main-stick-meta":"","header-below-stick-meta":"","astra-migrate-meta-layouts":"set","ast-page-background-enabled":"default","ast-page-background-meta":{"desktop":{"background-color":"","background-image":"","background-repeat":"repeat","background-position":"center center","background-size":"auto","background-attachment":"scroll","background-type":"","background-media":"","overlay-type":"","overlay-color":"","overlay-opacity":"","overlay-gradient":""},"tablet":{"background-color":"","background-image":"","background-repeat":"repeat","background-position":"center center","background-size":"auto","background-attachment":"scroll","background-type":"","background-media":"","overlay-type":"","overlay-color":"","overlay-opacity":"","overlay-gradient":""},"mobile":{"background-color":"","background-image":"","background-repeat":"repeat","background-position":"center center","background-size":"auto","background-attachment":"scroll","background-type":"","background-media":"","overlay-type":"","overlay-color":"","overlay-opacity":"","overlay-gradient":""}},"ast-content-background-meta":{"desktop":{"background-color":"var(--ast-global-color-5)","background-image":"","background-repeat":"repeat","background-position":"center center","background-size":"auto","background-attachment":"scroll","background-type":"","background-media":"","overlay-type":"","overlay-color":"","overlay-opacity":"","overlay-gradient":""},"tablet":{"background-color":"var(--ast-global-color-5)","background-image":"","background-repeat":"repeat","background-position":"center center","background-size":"auto","background-attachment":"scroll","background-type":"","background-media":"","overlay-type":"","overlay-color":"","overlay-opacity":"","overlay-gradient":""},"mobile":{"background-color":"var(--ast-global-color-5)","background-image":"","background-repeat":"repeat","background-position":"center center","background-size":"auto","background-attachment":"scroll","background-type":"","background-media":"","overlay-type":"","overlay-color":"","overlay-opacity":"","overlay-gradient":""}},"footnotes":""},"class_list":["post-9919","page","type-page","status-publish","hentry"],"acf":[],"yoast_head":"<!-- This site is optimized with the Yoast SEO plugin v27.3 - https:\/\/yoast.com\/product\/yoast-seo-wordpress\/ -->\n<title>Photoelectric Sensor | High-Precision Industrial Detection<\/title>\n<meta name=\"description\" content=\"Discover high-performance photoelectric sensors for conveyors, packaging, and automation. Fast response, long-range detection, and easy installation. Shop now!\" \/>\n<meta name=\"robots\" content=\"index, follow, max-snippet:-1, max-image-preview:large, max-video-preview:-1\" \/>\n<link rel=\"canonical\" href=\"https:\/\/fill-package.com\/vi\/cam-bien-quang-dien\/\" \/>\n<meta property=\"og:locale\" content=\"vi_VN\" \/>\n<meta property=\"og:type\" content=\"article\" \/>\n<meta property=\"og:title\" content=\"Photoelectric Sensor | High-Precision Industrial Detection\" \/>\n<meta property=\"og:description\" content=\"Discover high-performance photoelectric sensors for conveyors, packaging, and automation. Fast response, long-range detection, and easy installation. Shop now!\" \/>\n<meta property=\"og:url\" content=\"https:\/\/fill-package.com\/vi\/cam-bien-quang-dien\/\" \/>\n<meta property=\"og:site_name\" content=\"Fill&amp;Package\" \/>\n<meta property=\"article:modified_time\" content=\"2025-12-12T13:05:03+00:00\" \/>\n<meta name=\"twitter:card\" content=\"summary_large_image\" \/>\n<script type=\"application\/ld+json\" class=\"yoast-schema-graph\">{\"@context\":\"https:\\\/\\\/schema.org\",\"@graph\":[{\"@type\":\"WebPage\",\"@id\":\"https:\\\/\\\/fill-package.com\\\/photoelectric-sensor\\\/\",\"url\":\"https:\\\/\\\/fill-package.com\\\/photoelectric-sensor\\\/\",\"name\":\"Photoelectric Sensor | High-Precision Industrial Detection\",\"isPartOf\":{\"@id\":\"https:\\\/\\\/fill-package.com\\\/#website\"},\"datePublished\":\"2025-09-04T09:41:00+00:00\",\"dateModified\":\"2025-12-12T13:05:03+00:00\",\"description\":\"Discover high-performance photoelectric sensors for conveyors, packaging, and automation. Fast response, long-range detection, and easy installation. Shop now!\",\"breadcrumb\":{\"@id\":\"https:\\\/\\\/fill-package.com\\\/photoelectric-sensor\\\/#breadcrumb\"},\"inLanguage\":\"vi\",\"potentialAction\":[{\"@type\":\"ReadAction\",\"target\":[\"https:\\\/\\\/fill-package.com\\\/photoelectric-sensor\\\/\"]}]},{\"@type\":\"BreadcrumbList\",\"@id\":\"https:\\\/\\\/fill-package.com\\\/photoelectric-sensor\\\/#breadcrumb\",\"itemListElement\":[{\"@type\":\"ListItem\",\"position\":1,\"name\":\"Home\",\"item\":\"https:\\\/\\\/fill-package.com\\\/\"},{\"@type\":\"ListItem\",\"position\":2,\"name\":\"Photoelectric Sensor\"}]},{\"@type\":\"WebSite\",\"@id\":\"https:\\\/\\\/fill-package.com\\\/#website\",\"url\":\"https:\\\/\\\/fill-package.com\\\/\",\"name\":\"Fill&amp;Package\",\"description\":\"\",\"potentialAction\":[{\"@type\":\"SearchAction\",\"target\":{\"@type\":\"EntryPoint\",\"urlTemplate\":\"https:\\\/\\\/fill-package.com\\\/?s={search_term_string}\"},\"query-input\":{\"@type\":\"PropertyValueSpecification\",\"valueRequired\":true,\"valueName\":\"search_term_string\"}}],\"inLanguage\":\"vi\"}]}<\/script>\n<!-- \/ Yoast SEO plugin. -->","yoast_head_json":{"title":"C\u1ea3m bi\u1ebfn quang \u0111i\u1ec7n | Ph\u00e1t hi\u1ec7n c\u00f4ng nghi\u1ec7p c\u00f3 \u0111\u1ed9 ch\u00ednh x\u00e1c cao","description":"Kh\u00e1m ph\u00e1 c\u1ea3m bi\u1ebfn quang \u0111i\u1ec7n hi\u1ec7u su\u1ea5t cao d\u00e0nh cho b\u0103ng t\u1ea3i, \u0111\u00f3ng g\u00f3i v\u00e0 t\u1ef1 \u0111\u1ed9ng h\u00f3a. Ph\u1ea3n h\u1ed3i nhanh, ph\u00e1t hi\u1ec7n t\u1ea7m xa v\u00e0 l\u1eafp \u0111\u1eb7t d\u1ec5 d\u00e0ng. Mua ngay!","robots":{"index":"index","follow":"follow","max-snippet":"max-snippet:-1","max-image-preview":"max-image-preview:large","max-video-preview":"max-video-preview:-1"},"canonical":"https:\/\/fill-package.com\/vi\/cam-bien-quang-dien\/","og_locale":"vi_VN","og_type":"article","og_title":"Photoelectric Sensor | High-Precision Industrial Detection","og_description":"Discover high-performance photoelectric sensors for conveyors, packaging, and automation. Fast response, long-range detection, and easy installation. Shop now!","og_url":"https:\/\/fill-package.com\/vi\/cam-bien-quang-dien\/","og_site_name":"Fill&amp;Package","article_modified_time":"2025-12-12T13:05:03+00:00","twitter_card":"summary_large_image","schema":{"@context":"https:\/\/schema.org","@graph":[{"@type":"WebPage","@id":"https:\/\/fill-package.com\/photoelectric-sensor\/","url":"https:\/\/fill-package.com\/photoelectric-sensor\/","name":"C\u1ea3m bi\u1ebfn quang \u0111i\u1ec7n | Ph\u00e1t hi\u1ec7n c\u00f4ng nghi\u1ec7p c\u00f3 \u0111\u1ed9 ch\u00ednh x\u00e1c cao","isPartOf":{"@id":"https:\/\/fill-package.com\/#website"},"datePublished":"2025-09-04T09:41:00+00:00","dateModified":"2025-12-12T13:05:03+00:00","description":"Kh\u00e1m ph\u00e1 c\u1ea3m bi\u1ebfn quang \u0111i\u1ec7n hi\u1ec7u su\u1ea5t cao d\u00e0nh cho b\u0103ng t\u1ea3i, \u0111\u00f3ng g\u00f3i v\u00e0 t\u1ef1 \u0111\u1ed9ng h\u00f3a. Ph\u1ea3n h\u1ed3i nhanh, ph\u00e1t hi\u1ec7n t\u1ea7m xa v\u00e0 l\u1eafp \u0111\u1eb7t d\u1ec5 d\u00e0ng. Mua ngay!","breadcrumb":{"@id":"https:\/\/fill-package.com\/photoelectric-sensor\/#breadcrumb"},"inLanguage":"vi","potentialAction":[{"@type":"ReadAction","target":["https:\/\/fill-package.com\/photoelectric-sensor\/"]}]},{"@type":"BreadcrumbList","@id":"https:\/\/fill-package.com\/photoelectric-sensor\/#breadcrumb","itemListElement":[{"@type":"ListItem","position":1,"name":"Home","item":"https:\/\/fill-package.com\/"},{"@type":"ListItem","position":2,"name":"Photoelectric Sensor"}]},{"@type":"WebSite","@id":"https:\/\/fill-package.com\/#website","url":"https:\/\/fill-package.com\/","name":"\u0110i\u1ec1n &amp; \u0110\u00f3ng g\u00f3i","description":"","potentialAction":[{"@type":"SearchAction","target":{"@type":"EntryPoint","urlTemplate":"https:\/\/fill-package.com\/?s={search_term_string}"},"query-input":{"@type":"PropertyValueSpecification","valueRequired":true,"valueName":"search_term_string"}}],"inLanguage":"vi"}]}},"_links":{"self":[{"href":"https:\/\/fill-package.com\/vi\/wp-json\/wp\/v2\/pages\/9919","targetHints":{"allow":["GET"]}}],"collection":[{"href":"https:\/\/fill-package.com\/vi\/wp-json\/wp\/v2\/pages"}],"about":[{"href":"https:\/\/fill-package.com\/vi\/wp-json\/wp\/v2\/types\/page"}],"author":[{"embeddable":true,"href":"https:\/\/fill-package.com\/vi\/wp-json\/wp\/v2\/users\/1"}],"replies":[{"embeddable":true,"href":"https:\/\/fill-package.com\/vi\/wp-json\/wp\/v2\/comments?post=9919"}],"version-history":[{"count":12,"href":"https:\/\/fill-package.com\/vi\/wp-json\/wp\/v2\/pages\/9919\/revisions"}],"predecessor-version":[{"id":11652,"href":"https:\/\/fill-package.com\/vi\/wp-json\/wp\/v2\/pages\/9919\/revisions\/11652"}],"wp:attachment":[{"href":"https:\/\/fill-package.com\/vi\/wp-json\/wp\/v2\/media?parent=9919"}],"curies":[{"name":"wp","href":"https:\/\/api.w.org\/{rel}","templated":true}]}}