{"id":9797,"date":"2025-08-18T14:10:40","date_gmt":"2025-08-18T14:10:40","guid":{"rendered":"https:\/\/fill-package.com\/?page_id=9797"},"modified":"2025-12-12T12:44:13","modified_gmt":"2025-12-12T12:44:13","slug":"cam-bien-luc","status":"publish","type":"page","link":"https:\/\/fill-package.com\/vi\/load-cell","title":{"rendered":"C\u1ea3m bi\u1ebfn l\u1ef1c"},"content":{"rendered":"","protected":false},"excerpt":{"rendered":"","protected":false},"author":1,"featured_media":0,"parent":0,"menu_order":0,"comment_status":"closed","ping_status":"closed","template":"product-category3.php","meta":{"site-sidebar-layout":"default","site-content-layout":"page-builder","ast-site-content-layout":"full-width-container","site-content-style":"unboxed","site-sidebar-style":"unboxed","ast-global-header-display":"","ast-banner-title-visibility":"","ast-main-header-display":"","ast-hfb-above-header-display":"","ast-hfb-below-header-display":"","ast-hfb-mobile-header-display":"","site-post-title":"","ast-breadcrumbs-content":"disabled","ast-featured-img":"","footer-sml-layout":"","ast-disable-related-posts":"","theme-transparent-header-meta":"default","adv-header-id-meta":"","stick-header-meta":"default","header-above-stick-meta":"","header-main-stick-meta":"","header-below-stick-meta":"","astra-migrate-meta-layouts":"set","ast-page-background-enabled":"default","ast-page-background-meta":{"desktop":{"background-color":"","background-image":"","background-repeat":"repeat","background-position":"center center","background-size":"auto","background-attachment":"scroll","background-type":"","background-media":"","overlay-type":"","overlay-color":"","overlay-opacity":"","overlay-gradient":""},"tablet":{"background-color":"","background-image":"","background-repeat":"repeat","background-position":"center center","background-size":"auto","background-attachment":"scroll","background-type":"","background-media":"","overlay-type":"","overlay-color":"","overlay-opacity":"","overlay-gradient":""},"mobile":{"background-color":"","background-image":"","background-repeat":"repeat","background-position":"center center","background-size":"auto","background-attachment":"scroll","background-type":"","background-media":"","overlay-type":"","overlay-color":"","overlay-opacity":"","overlay-gradient":""}},"ast-content-background-meta":{"desktop":{"background-color":"var(--ast-global-color-5)","background-image":"","background-repeat":"repeat","background-position":"center center","background-size":"auto","background-attachment":"scroll","background-type":"","background-media":"","overlay-type":"","overlay-color":"","overlay-opacity":"","overlay-gradient":""},"tablet":{"background-color":"var(--ast-global-color-5)","background-image":"","background-repeat":"repeat","background-position":"center center","background-size":"auto","background-attachment":"scroll","background-type":"","background-media":"","overlay-type":"","overlay-color":"","overlay-opacity":"","overlay-gradient":""},"mobile":{"background-color":"var(--ast-global-color-5)","background-image":"","background-repeat":"repeat","background-position":"center center","background-size":"auto","background-attachment":"scroll","background-type":"","background-media":"","overlay-type":"","overlay-color":"","overlay-opacity":"","overlay-gradient":""}},"footnotes":""},"class_list":["post-9797","page","type-page","status-publish","hentry"],"acf":[],"yoast_head":"<!-- This site is optimized with the Yoast SEO plugin v27.3 - https:\/\/yoast.com\/product\/yoast-seo-wordpress\/ -->\n<title>High-Precision Load Cell for Packaging Machinery | Solve Inaccuracy &amp; Zero Drift<\/title>\n<meta name=\"description\" content=\"Manufacturer-direct high-precision load cells for multihead weighers and checkweighers. Our 5kg\/10kg sensors feature IP67 sealing and 300% overload protection to solve weighing inaccuracies, unstable readings, and zero drift. Ensure your packaging machinery&#039;s performance and reliability. Expert selection support available.\" \/>\n<meta name=\"robots\" content=\"index, follow, max-snippet:-1, max-image-preview:large, max-video-preview:-1\" \/>\n<link rel=\"canonical\" href=\"https:\/\/fill-package.com\/vi\/cam-bien-luc\/\" \/>\n<meta property=\"og:locale\" content=\"vi_VN\" \/>\n<meta property=\"og:type\" content=\"article\" \/>\n<meta property=\"og:title\" content=\"High-Precision Load Cell for Packaging Machinery | Solve Inaccuracy &amp; Zero Drift\" \/>\n<meta property=\"og:description\" content=\"Manufacturer-direct high-precision load cells for multihead weighers and checkweighers. Our 5kg\/10kg sensors feature IP67 sealing and 300% overload protection to solve weighing inaccuracies, unstable readings, and zero drift. Ensure your packaging machinery&#039;s performance and reliability. Expert selection support available.\" \/>\n<meta property=\"og:url\" content=\"https:\/\/fill-package.com\/vi\/cam-bien-luc\/\" \/>\n<meta property=\"og:site_name\" content=\"Fill&amp;Package\" \/>\n<meta property=\"article:modified_time\" content=\"2025-12-12T12:44:13+00:00\" \/>\n<meta name=\"twitter:card\" content=\"summary_large_image\" \/>\n<script type=\"application\/ld+json\" class=\"yoast-schema-graph\">{\"@context\":\"https:\\\/\\\/schema.org\",\"@graph\":[{\"@type\":\"WebPage\",\"@id\":\"https:\\\/\\\/fill-package.com\\\/load-cell\\\/\",\"url\":\"https:\\\/\\\/fill-package.com\\\/load-cell\\\/\",\"name\":\"High-Precision Load Cell for Packaging Machinery | Solve Inaccuracy & Zero Drift\",\"isPartOf\":{\"@id\":\"https:\\\/\\\/fill-package.com\\\/#website\"},\"datePublished\":\"2025-08-18T14:10:40+00:00\",\"dateModified\":\"2025-12-12T12:44:13+00:00\",\"description\":\"Manufacturer-direct high-precision load cells for multihead weighers and checkweighers. Our 5kg\\\/10kg sensors feature IP67 sealing and 300% overload protection to solve weighing inaccuracies, unstable readings, and zero drift. Ensure your packaging machinery's performance and reliability. Expert selection support available.\",\"breadcrumb\":{\"@id\":\"https:\\\/\\\/fill-package.com\\\/load-cell\\\/#breadcrumb\"},\"inLanguage\":\"vi\",\"potentialAction\":[{\"@type\":\"ReadAction\",\"target\":[\"https:\\\/\\\/fill-package.com\\\/load-cell\\\/\"]}]},{\"@type\":\"BreadcrumbList\",\"@id\":\"https:\\\/\\\/fill-package.com\\\/load-cell\\\/#breadcrumb\",\"itemListElement\":[{\"@type\":\"ListItem\",\"position\":1,\"name\":\"Home\",\"item\":\"https:\\\/\\\/fill-package.com\\\/\"},{\"@type\":\"ListItem\",\"position\":2,\"name\":\"Load Cell\"}]},{\"@type\":\"WebSite\",\"@id\":\"https:\\\/\\\/fill-package.com\\\/#website\",\"url\":\"https:\\\/\\\/fill-package.com\\\/\",\"name\":\"Fill&amp;Package\",\"description\":\"\",\"potentialAction\":[{\"@type\":\"SearchAction\",\"target\":{\"@type\":\"EntryPoint\",\"urlTemplate\":\"https:\\\/\\\/fill-package.com\\\/?s={search_term_string}\"},\"query-input\":{\"@type\":\"PropertyValueSpecification\",\"valueRequired\":true,\"valueName\":\"search_term_string\"}}],\"inLanguage\":\"vi\"}]}<\/script>\n<!-- \/ Yoast SEO plugin. -->","yoast_head_json":{"title":"C\u1ea3m bi\u1ebfn t\u1ea3i tr\u1ecdng \u0111\u1ed9 ch\u00ednh x\u00e1c cao d\u00e0nh cho m\u00e1y \u0111\u00f3ng g\u00f3i | Gi\u1ea3i quy\u1ebft v\u1ea5n \u0111\u1ec1 sai s\u1ed1 v\u00e0 hi\u1ec7n t\u01b0\u1ee3ng tr\u00f4i \u0111i\u1ec3m 0","description":"C\u1ea3m bi\u1ebfn t\u1ea3i tr\u1ecdng \u0111\u1ed9 ch\u00ednh x\u00e1c cao tr\u1ef1c ti\u1ebfp t\u1eeb nh\u00e0 s\u1ea3n xu\u1ea5t d\u00e0nh cho m\u00e1y c\u00e2n \u0111a \u0111\u1ea7u v\u00e0 m\u00e1y ki\u1ec3m tra tr\u1ecdng l\u01b0\u1ee3ng. C\u1ea3m bi\u1ebfn 5kg\/10kg c\u1ee7a ch\u00fang t\u00f4i c\u00f3 t\u00ednh n\u0103ng ch\u1ed1ng \u0103n m\u00f2n IP67 v\u00e0 b\u1ea3o v\u1ec7 qu\u00e1 t\u1ea3i 300% \u0111\u1ec3 gi\u1ea3i quy\u1ebft c\u00e1c v\u1ea5n \u0111\u1ec1 v\u1ec1 sai s\u1ed1 khi c\u00e2n, k\u1ebft qu\u1ea3 \u0111o kh\u00f4ng \u1ed5n \u0111\u1ecbnh v\u00e0 hi\u1ec7n t\u01b0\u1ee3ng tr\u00f4i \u0111i\u1ec3m 0. \u0110\u1ea3m b\u1ea3o hi\u1ec7u su\u1ea5t v\u00e0 \u0111\u1ed9 tin c\u1eady cho m\u00e1y m\u00f3c \u0111\u00f3ng g\u00f3i c\u1ee7a b\u1ea1n. H\u1ed7 tr\u1ee3 t\u01b0 v\u1ea5n l\u1ef1a ch\u1ecdn chuy\u00ean nghi\u1ec7p.","robots":{"index":"index","follow":"follow","max-snippet":"max-snippet:-1","max-image-preview":"max-image-preview:large","max-video-preview":"max-video-preview:-1"},"canonical":"https:\/\/fill-package.com\/vi\/cam-bien-luc\/","og_locale":"vi_VN","og_type":"article","og_title":"High-Precision Load Cell for Packaging Machinery | Solve Inaccuracy & Zero Drift","og_description":"Manufacturer-direct high-precision load cells for multihead weighers and checkweighers. Our 5kg\/10kg sensors feature IP67 sealing and 300% overload protection to solve weighing inaccuracies, unstable readings, and zero drift. Ensure your packaging machinery's performance and reliability. Expert selection support available.","og_url":"https:\/\/fill-package.com\/vi\/cam-bien-luc\/","og_site_name":"Fill&amp;Package","article_modified_time":"2025-12-12T12:44:13+00:00","twitter_card":"summary_large_image","schema":{"@context":"https:\/\/schema.org","@graph":[{"@type":"WebPage","@id":"https:\/\/fill-package.com\/load-cell\/","url":"https:\/\/fill-package.com\/load-cell\/","name":"C\u1ea3m bi\u1ebfn t\u1ea3i tr\u1ecdng \u0111\u1ed9 ch\u00ednh x\u00e1c cao d\u00e0nh cho m\u00e1y \u0111\u00f3ng g\u00f3i | Gi\u1ea3i quy\u1ebft v\u1ea5n \u0111\u1ec1 sai s\u1ed1 v\u00e0 hi\u1ec7n t\u01b0\u1ee3ng tr\u00f4i \u0111i\u1ec3m 0","isPartOf":{"@id":"https:\/\/fill-package.com\/#website"},"datePublished":"2025-08-18T14:10:40+00:00","dateModified":"2025-12-12T12:44:13+00:00","description":"C\u1ea3m bi\u1ebfn t\u1ea3i tr\u1ecdng \u0111\u1ed9 ch\u00ednh x\u00e1c cao tr\u1ef1c ti\u1ebfp t\u1eeb nh\u00e0 s\u1ea3n xu\u1ea5t d\u00e0nh cho m\u00e1y c\u00e2n \u0111a \u0111\u1ea7u v\u00e0 m\u00e1y ki\u1ec3m tra tr\u1ecdng l\u01b0\u1ee3ng. C\u1ea3m bi\u1ebfn 5kg\/10kg c\u1ee7a ch\u00fang t\u00f4i c\u00f3 t\u00ednh n\u0103ng ch\u1ed1ng \u0103n m\u00f2n IP67 v\u00e0 b\u1ea3o v\u1ec7 qu\u00e1 t\u1ea3i 300% \u0111\u1ec3 gi\u1ea3i quy\u1ebft c\u00e1c v\u1ea5n \u0111\u1ec1 v\u1ec1 sai s\u1ed1 khi c\u00e2n, k\u1ebft qu\u1ea3 \u0111o kh\u00f4ng \u1ed5n \u0111\u1ecbnh v\u00e0 hi\u1ec7n t\u01b0\u1ee3ng tr\u00f4i \u0111i\u1ec3m 0. \u0110\u1ea3m b\u1ea3o hi\u1ec7u su\u1ea5t v\u00e0 \u0111\u1ed9 tin c\u1eady cho m\u00e1y m\u00f3c \u0111\u00f3ng g\u00f3i c\u1ee7a b\u1ea1n. H\u1ed7 tr\u1ee3 t\u01b0 v\u1ea5n l\u1ef1a ch\u1ecdn chuy\u00ean nghi\u1ec7p.","breadcrumb":{"@id":"https:\/\/fill-package.com\/load-cell\/#breadcrumb"},"inLanguage":"vi","potentialAction":[{"@type":"ReadAction","target":["https:\/\/fill-package.com\/load-cell\/"]}]},{"@type":"BreadcrumbList","@id":"https:\/\/fill-package.com\/load-cell\/#breadcrumb","itemListElement":[{"@type":"ListItem","position":1,"name":"Home","item":"https:\/\/fill-package.com\/"},{"@type":"ListItem","position":2,"name":"Load Cell"}]},{"@type":"WebSite","@id":"https:\/\/fill-package.com\/#website","url":"https:\/\/fill-package.com\/","name":"\u0110i\u1ec1n &amp; \u0110\u00f3ng g\u00f3i","description":"","potentialAction":[{"@type":"SearchAction","target":{"@type":"EntryPoint","urlTemplate":"https:\/\/fill-package.com\/?s={search_term_string}"},"query-input":{"@type":"PropertyValueSpecification","valueRequired":true,"valueName":"search_term_string"}}],"inLanguage":"vi"}]}},"_links":{"self":[{"href":"https:\/\/fill-package.com\/vi\/wp-json\/wp\/v2\/pages\/9797","targetHints":{"allow":["GET"]}}],"collection":[{"href":"https:\/\/fill-package.com\/vi\/wp-json\/wp\/v2\/pages"}],"about":[{"href":"https:\/\/fill-package.com\/vi\/wp-json\/wp\/v2\/types\/page"}],"author":[{"embeddable":true,"href":"https:\/\/fill-package.com\/vi\/wp-json\/wp\/v2\/users\/1"}],"replies":[{"embeddable":true,"href":"https:\/\/fill-package.com\/vi\/wp-json\/wp\/v2\/comments?post=9797"}],"version-history":[{"count":22,"href":"https:\/\/fill-package.com\/vi\/wp-json\/wp\/v2\/pages\/9797\/revisions"}],"predecessor-version":[{"id":11646,"href":"https:\/\/fill-package.com\/vi\/wp-json\/wp\/v2\/pages\/9797\/revisions\/11646"}],"wp:attachment":[{"href":"https:\/\/fill-package.com\/vi\/wp-json\/wp\/v2\/media?parent=9797"}],"curies":[{"name":"wp","href":"https:\/\/api.w.org\/{rel}","templated":true}]}}