{"id":9697,"date":"2025-08-08T15:38:24","date_gmt":"2025-08-08T15:38:24","guid":{"rendered":"https:\/\/fill-package.com\/?page_id=9697"},"modified":"2025-12-12T01:19:17","modified_gmt":"2025-12-12T01:19:17","slug":"xo-thang-may","status":"publish","type":"page","link":"https:\/\/fill-package.com\/vi\/elevator-bucket","title":{"rendered":"X\u00f4 thang m\u00e1y"},"content":{"rendered":"","protected":false},"excerpt":{"rendered":"","protected":false},"author":1,"featured_media":0,"parent":0,"menu_order":0,"comment_status":"closed","ping_status":"closed","template":"product-category3.php","meta":{"site-sidebar-layout":"default","site-content-layout":"page-builder","ast-site-content-layout":"full-width-container","site-content-style":"unboxed","site-sidebar-style":"unboxed","ast-global-header-display":"","ast-banner-title-visibility":"","ast-main-header-display":"","ast-hfb-above-header-display":"","ast-hfb-below-header-display":"","ast-hfb-mobile-header-display":"","site-post-title":"","ast-breadcrumbs-content":"disabled","ast-featured-img":"","footer-sml-layout":"","ast-disable-related-posts":"","theme-transparent-header-meta":"default","adv-header-id-meta":"","stick-header-meta":"default","header-above-stick-meta":"","header-main-stick-meta":"","header-below-stick-meta":"","astra-migrate-meta-layouts":"set","ast-page-background-enabled":"default","ast-page-background-meta":{"desktop":{"background-color":"","background-image":"","background-repeat":"repeat","background-position":"center center","background-size":"auto","background-attachment":"scroll","background-type":"","background-media":"","overlay-type":"","overlay-color":"","overlay-opacity":"","overlay-gradient":""},"tablet":{"background-color":"","background-image":"","background-repeat":"repeat","background-position":"center center","background-size":"auto","background-attachment":"scroll","background-type":"","background-media":"","overlay-type":"","overlay-color":"","overlay-opacity":"","overlay-gradient":""},"mobile":{"background-color":"","background-image":"","background-repeat":"repeat","background-position":"center center","background-size":"auto","background-attachment":"scroll","background-type":"","background-media":"","overlay-type":"","overlay-color":"","overlay-opacity":"","overlay-gradient":""}},"ast-content-background-meta":{"desktop":{"background-color":"var(--ast-global-color-5)","background-image":"","background-repeat":"repeat","background-position":"center center","background-size":"auto","background-attachment":"scroll","background-type":"","background-media":"","overlay-type":"","overlay-color":"","overlay-opacity":"","overlay-gradient":""},"tablet":{"background-color":"var(--ast-global-color-5)","background-image":"","background-repeat":"repeat","background-position":"center center","background-size":"auto","background-attachment":"scroll","background-type":"","background-media":"","overlay-type":"","overlay-color":"","overlay-opacity":"","overlay-gradient":""},"mobile":{"background-color":"var(--ast-global-color-5)","background-image":"","background-repeat":"repeat","background-position":"center center","background-size":"auto","background-attachment":"scroll","background-type":"","background-media":"","overlay-type":"","overlay-color":"","overlay-opacity":"","overlay-gradient":""}},"footnotes":""},"class_list":["post-9697","page","type-page","status-publish","hentry"],"acf":[],"yoast_head":"<!-- This site is optimized with the Yoast SEO plugin v27.3 - https:\/\/yoast.com\/product\/yoast-seo-wordpress\/ -->\n<title>Elevator Buckets | Plastic Bucket for Bucket Elevator - Multiple size<\/title>\n<meta name=\"description\" content=\"Discover high-performance plastic elevator buckets in over 40 sizes for all bucket elevator systems. Ideal for food, pharma &amp; agriculture. Custom designs available.\" \/>\n<meta name=\"robots\" content=\"index, follow, max-snippet:-1, max-image-preview:large, max-video-preview:-1\" \/>\n<link rel=\"canonical\" href=\"https:\/\/fill-package.com\/vi\/xo-thang-may\/\" \/>\n<meta property=\"og:locale\" content=\"vi_VN\" \/>\n<meta property=\"og:type\" content=\"article\" \/>\n<meta property=\"og:title\" content=\"Elevator Buckets | Plastic Bucket for Bucket Elevator - Multiple size\" \/>\n<meta property=\"og:description\" content=\"Discover high-performance plastic elevator buckets in over 40 sizes for all bucket elevator systems. Ideal for food, pharma &amp; agriculture. Custom designs available.\" \/>\n<meta property=\"og:url\" content=\"https:\/\/fill-package.com\/vi\/xo-thang-may\/\" \/>\n<meta property=\"og:site_name\" content=\"Fill&amp;Package\" \/>\n<meta property=\"article:modified_time\" content=\"2025-12-12T01:19:17+00:00\" \/>\n<meta name=\"twitter:card\" content=\"summary_large_image\" \/>\n<script type=\"application\/ld+json\" class=\"yoast-schema-graph\">{\"@context\":\"https:\\\/\\\/schema.org\",\"@graph\":[{\"@type\":\"WebPage\",\"@id\":\"https:\\\/\\\/fill-package.com\\\/elevator-bucket\\\/\",\"url\":\"https:\\\/\\\/fill-package.com\\\/elevator-bucket\\\/\",\"name\":\"Elevator Buckets | Plastic Bucket for Bucket Elevator - Multiple size\",\"isPartOf\":{\"@id\":\"https:\\\/\\\/fill-package.com\\\/#website\"},\"datePublished\":\"2025-08-08T15:38:24+00:00\",\"dateModified\":\"2025-12-12T01:19:17+00:00\",\"description\":\"Discover high-performance plastic elevator buckets in over 40 sizes for all bucket elevator systems. Ideal for food, pharma & agriculture. Custom designs available.\",\"breadcrumb\":{\"@id\":\"https:\\\/\\\/fill-package.com\\\/elevator-bucket\\\/#breadcrumb\"},\"inLanguage\":\"vi\",\"potentialAction\":[{\"@type\":\"ReadAction\",\"target\":[\"https:\\\/\\\/fill-package.com\\\/elevator-bucket\\\/\"]}]},{\"@type\":\"BreadcrumbList\",\"@id\":\"https:\\\/\\\/fill-package.com\\\/elevator-bucket\\\/#breadcrumb\",\"itemListElement\":[{\"@type\":\"ListItem\",\"position\":1,\"name\":\"Home\",\"item\":\"https:\\\/\\\/fill-package.com\\\/\"},{\"@type\":\"ListItem\",\"position\":2,\"name\":\"Elevator Bucket\"}]},{\"@type\":\"WebSite\",\"@id\":\"https:\\\/\\\/fill-package.com\\\/#website\",\"url\":\"https:\\\/\\\/fill-package.com\\\/\",\"name\":\"Fill&amp;Package\",\"description\":\"\",\"potentialAction\":[{\"@type\":\"SearchAction\",\"target\":{\"@type\":\"EntryPoint\",\"urlTemplate\":\"https:\\\/\\\/fill-package.com\\\/?s={search_term_string}\"},\"query-input\":{\"@type\":\"PropertyValueSpecification\",\"valueRequired\":true,\"valueName\":\"search_term_string\"}}],\"inLanguage\":\"vi\"}]}<\/script>\n<!-- \/ Yoast SEO plugin. -->","yoast_head_json":{"title":"X\u00f4 thang m\u00e1y | X\u00f4 nh\u1ef1a cho thang m\u00e1y - Nhi\u1ec1u k\u00edch c\u1ee1","description":"Kh\u00e1m ph\u00e1 g\u1ea7u n\u00e2ng nh\u1ef1a hi\u1ec7u su\u1ea5t cao v\u1edbi h\u01a1n 40 k\u00edch c\u1ee1 cho t\u1ea5t c\u1ea3 c\u00e1c h\u1ec7 th\u1ed1ng g\u1ea7u n\u00e2ng. L\u00fd t\u01b0\u1edfng cho th\u1ef1c ph\u1ea9m, d\u01b0\u1ee3c ph\u1ea9m v\u00e0 n\u00f4ng nghi\u1ec7p. C\u00f3 s\u1eb5n thi\u1ebft k\u1ebf ri\u00eang.","robots":{"index":"index","follow":"follow","max-snippet":"max-snippet:-1","max-image-preview":"max-image-preview:large","max-video-preview":"max-video-preview:-1"},"canonical":"https:\/\/fill-package.com\/vi\/xo-thang-may\/","og_locale":"vi_VN","og_type":"article","og_title":"Elevator Buckets | Plastic Bucket for Bucket Elevator - Multiple size","og_description":"Discover high-performance plastic elevator buckets in over 40 sizes for all bucket elevator systems. Ideal for food, pharma & agriculture. Custom designs available.","og_url":"https:\/\/fill-package.com\/vi\/xo-thang-may\/","og_site_name":"Fill&amp;Package","article_modified_time":"2025-12-12T01:19:17+00:00","twitter_card":"summary_large_image","schema":{"@context":"https:\/\/schema.org","@graph":[{"@type":"WebPage","@id":"https:\/\/fill-package.com\/elevator-bucket\/","url":"https:\/\/fill-package.com\/elevator-bucket\/","name":"X\u00f4 thang m\u00e1y | X\u00f4 nh\u1ef1a cho thang m\u00e1y - Nhi\u1ec1u k\u00edch c\u1ee1","isPartOf":{"@id":"https:\/\/fill-package.com\/#website"},"datePublished":"2025-08-08T15:38:24+00:00","dateModified":"2025-12-12T01:19:17+00:00","description":"Kh\u00e1m ph\u00e1 g\u1ea7u n\u00e2ng nh\u1ef1a hi\u1ec7u su\u1ea5t cao v\u1edbi h\u01a1n 40 k\u00edch c\u1ee1 cho t\u1ea5t c\u1ea3 c\u00e1c h\u1ec7 th\u1ed1ng g\u1ea7u n\u00e2ng. L\u00fd t\u01b0\u1edfng cho th\u1ef1c ph\u1ea9m, d\u01b0\u1ee3c ph\u1ea9m v\u00e0 n\u00f4ng nghi\u1ec7p. C\u00f3 s\u1eb5n thi\u1ebft k\u1ebf ri\u00eang.","breadcrumb":{"@id":"https:\/\/fill-package.com\/elevator-bucket\/#breadcrumb"},"inLanguage":"vi","potentialAction":[{"@type":"ReadAction","target":["https:\/\/fill-package.com\/elevator-bucket\/"]}]},{"@type":"BreadcrumbList","@id":"https:\/\/fill-package.com\/elevator-bucket\/#breadcrumb","itemListElement":[{"@type":"ListItem","position":1,"name":"Home","item":"https:\/\/fill-package.com\/"},{"@type":"ListItem","position":2,"name":"Elevator Bucket"}]},{"@type":"WebSite","@id":"https:\/\/fill-package.com\/#website","url":"https:\/\/fill-package.com\/","name":"\u0110i\u1ec1n &amp; \u0110\u00f3ng g\u00f3i","description":"","potentialAction":[{"@type":"SearchAction","target":{"@type":"EntryPoint","urlTemplate":"https:\/\/fill-package.com\/?s={search_term_string}"},"query-input":{"@type":"PropertyValueSpecification","valueRequired":true,"valueName":"search_term_string"}}],"inLanguage":"vi"}]}},"_links":{"self":[{"href":"https:\/\/fill-package.com\/vi\/wp-json\/wp\/v2\/pages\/9697","targetHints":{"allow":["GET"]}}],"collection":[{"href":"https:\/\/fill-package.com\/vi\/wp-json\/wp\/v2\/pages"}],"about":[{"href":"https:\/\/fill-package.com\/vi\/wp-json\/wp\/v2\/types\/page"}],"author":[{"embeddable":true,"href":"https:\/\/fill-package.com\/vi\/wp-json\/wp\/v2\/users\/1"}],"replies":[{"embeddable":true,"href":"https:\/\/fill-package.com\/vi\/wp-json\/wp\/v2\/comments?post=9697"}],"version-history":[{"count":19,"href":"https:\/\/fill-package.com\/vi\/wp-json\/wp\/v2\/pages\/9697\/revisions"}],"predecessor-version":[{"id":11563,"href":"https:\/\/fill-package.com\/vi\/wp-json\/wp\/v2\/pages\/9697\/revisions\/11563"}],"wp:attachment":[{"href":"https:\/\/fill-package.com\/vi\/wp-json\/wp\/v2\/media?parent=9697"}],"curies":[{"name":"wp","href":"https:\/\/api.w.org\/{rel}","templated":true}]}}