{"id":9663,"date":"2025-08-07T08:02:39","date_gmt":"2025-08-07T08:02:39","guid":{"rendered":"https:\/\/fill-package.com\/?page_id=9663"},"modified":"2025-12-12T01:08:33","modified_gmt":"2025-12-12T01:08:33","slug":"banh-xich","status":"publish","type":"page","link":"https:\/\/fill-package.com\/vi\/sprocket","title":{"rendered":"B\u00e1nh x\u00edch"},"content":{"rendered":"","protected":false},"excerpt":{"rendered":"","protected":false},"author":1,"featured_media":0,"parent":0,"menu_order":0,"comment_status":"closed","ping_status":"closed","template":"product-category3.php","meta":{"site-sidebar-layout":"default","site-content-layout":"page-builder","ast-site-content-layout":"full-width-container","site-content-style":"unboxed","site-sidebar-style":"unboxed","ast-global-header-display":"","ast-banner-title-visibility":"","ast-main-header-display":"","ast-hfb-above-header-display":"","ast-hfb-below-header-display":"","ast-hfb-mobile-header-display":"","site-post-title":"","ast-breadcrumbs-content":"disabled","ast-featured-img":"","footer-sml-layout":"","ast-disable-related-posts":"","theme-transparent-header-meta":"default","adv-header-id-meta":"","stick-header-meta":"default","header-above-stick-meta":"","header-main-stick-meta":"","header-below-stick-meta":"","astra-migrate-meta-layouts":"set","ast-page-background-enabled":"default","ast-page-background-meta":{"desktop":{"background-color":"","background-image":"","background-repeat":"repeat","background-position":"center center","background-size":"auto","background-attachment":"scroll","background-type":"","background-media":"","overlay-type":"","overlay-color":"","overlay-opacity":"","overlay-gradient":""},"tablet":{"background-color":"","background-image":"","background-repeat":"repeat","background-position":"center center","background-size":"auto","background-attachment":"scroll","background-type":"","background-media":"","overlay-type":"","overlay-color":"","overlay-opacity":"","overlay-gradient":""},"mobile":{"background-color":"","background-image":"","background-repeat":"repeat","background-position":"center center","background-size":"auto","background-attachment":"scroll","background-type":"","background-media":"","overlay-type":"","overlay-color":"","overlay-opacity":"","overlay-gradient":""}},"ast-content-background-meta":{"desktop":{"background-color":"var(--ast-global-color-5)","background-image":"","background-repeat":"repeat","background-position":"center center","background-size":"auto","background-attachment":"scroll","background-type":"","background-media":"","overlay-type":"","overlay-color":"","overlay-opacity":"","overlay-gradient":""},"tablet":{"background-color":"var(--ast-global-color-5)","background-image":"","background-repeat":"repeat","background-position":"center center","background-size":"auto","background-attachment":"scroll","background-type":"","background-media":"","overlay-type":"","overlay-color":"","overlay-opacity":"","overlay-gradient":""},"mobile":{"background-color":"var(--ast-global-color-5)","background-image":"","background-repeat":"repeat","background-position":"center center","background-size":"auto","background-attachment":"scroll","background-type":"","background-media":"","overlay-type":"","overlay-color":"","overlay-opacity":"","overlay-gradient":""}},"footnotes":""},"class_list":["post-9663","page","type-page","status-publish","hentry"],"acf":[],"yoast_head":"<!-- This site is optimized with the Yoast SEO plugin v27.3 - https:\/\/yoast.com\/product\/yoast-seo-wordpress\/ -->\n<title>Conveyor Sprockets | Sprockets for Automated Packaging<\/title>\n<meta name=\"description\" content=\"Explore high-precision conveyor sprockets designed for food processing and automated packaging machinery. FDA-compliant materials, hygienic design, and custom sizes available.\" \/>\n<meta name=\"robots\" content=\"index, follow, max-snippet:-1, max-image-preview:large, max-video-preview:-1\" \/>\n<link rel=\"canonical\" href=\"https:\/\/fill-package.com\/vi\/banh-xich\/\" \/>\n<meta property=\"og:locale\" content=\"vi_VN\" \/>\n<meta property=\"og:type\" content=\"article\" \/>\n<meta property=\"og:title\" content=\"Conveyor Sprockets | Sprockets for Automated Packaging\" \/>\n<meta property=\"og:description\" content=\"Explore high-precision conveyor sprockets designed for food processing and automated packaging machinery. FDA-compliant materials, hygienic design, and custom sizes available.\" \/>\n<meta property=\"og:url\" content=\"https:\/\/fill-package.com\/vi\/banh-xich\/\" \/>\n<meta property=\"og:site_name\" content=\"Fill&amp;Package\" \/>\n<meta property=\"article:modified_time\" content=\"2025-12-12T01:08:33+00:00\" \/>\n<meta name=\"twitter:card\" content=\"summary_large_image\" \/>\n<script type=\"application\/ld+json\" class=\"yoast-schema-graph\">{\"@context\":\"https:\\\/\\\/schema.org\",\"@graph\":[{\"@type\":\"WebPage\",\"@id\":\"https:\\\/\\\/fill-package.com\\\/sprocket\\\/\",\"url\":\"https:\\\/\\\/fill-package.com\\\/sprocket\\\/\",\"name\":\"Conveyor Sprockets | Sprockets for Automated Packaging\",\"isPartOf\":{\"@id\":\"https:\\\/\\\/fill-package.com\\\/#website\"},\"datePublished\":\"2025-08-07T08:02:39+00:00\",\"dateModified\":\"2025-12-12T01:08:33+00:00\",\"description\":\"Explore high-precision conveyor sprockets designed for food processing and automated packaging machinery. FDA-compliant materials, hygienic design, and custom sizes available.\",\"breadcrumb\":{\"@id\":\"https:\\\/\\\/fill-package.com\\\/sprocket\\\/#breadcrumb\"},\"inLanguage\":\"vi\",\"potentialAction\":[{\"@type\":\"ReadAction\",\"target\":[\"https:\\\/\\\/fill-package.com\\\/sprocket\\\/\"]}]},{\"@type\":\"BreadcrumbList\",\"@id\":\"https:\\\/\\\/fill-package.com\\\/sprocket\\\/#breadcrumb\",\"itemListElement\":[{\"@type\":\"ListItem\",\"position\":1,\"name\":\"Home\",\"item\":\"https:\\\/\\\/fill-package.com\\\/\"},{\"@type\":\"ListItem\",\"position\":2,\"name\":\"Sprocket\"}]},{\"@type\":\"WebSite\",\"@id\":\"https:\\\/\\\/fill-package.com\\\/#website\",\"url\":\"https:\\\/\\\/fill-package.com\\\/\",\"name\":\"Fill&amp;Package\",\"description\":\"\",\"potentialAction\":[{\"@type\":\"SearchAction\",\"target\":{\"@type\":\"EntryPoint\",\"urlTemplate\":\"https:\\\/\\\/fill-package.com\\\/?s={search_term_string}\"},\"query-input\":{\"@type\":\"PropertyValueSpecification\",\"valueRequired\":true,\"valueName\":\"search_term_string\"}}],\"inLanguage\":\"vi\"}]}<\/script>\n<!-- \/ Yoast SEO plugin. -->","yoast_head_json":{"title":"B\u00e1nh r\u0103ng b\u0103ng t\u1ea3i | B\u00e1nh r\u0103ng cho bao b\u00ec t\u1ef1 \u0111\u1ed9ng","description":"Kh\u00e1m ph\u00e1 c\u00e1c lo\u1ea1i b\u00e1nh r\u0103ng b\u0103ng t\u1ea3i c\u00f3 \u0111\u1ed9 ch\u00ednh x\u00e1c cao \u0111\u01b0\u1ee3c thi\u1ebft k\u1ebf cho m\u00e1y m\u00f3c ch\u1ebf bi\u1ebfn th\u1ef1c ph\u1ea9m v\u00e0 \u0111\u00f3ng g\u00f3i t\u1ef1 \u0111\u1ed9ng. V\u1eadt li\u1ec7u \u0111\u1ea1t chu\u1ea9n FDA, thi\u1ebft k\u1ebf h\u1ee3p v\u1ec7 sinh v\u00e0 k\u00edch th\u01b0\u1edbc t\u00f9y ch\u1ec9nh c\u00f3 s\u1eb5n.","robots":{"index":"index","follow":"follow","max-snippet":"max-snippet:-1","max-image-preview":"max-image-preview:large","max-video-preview":"max-video-preview:-1"},"canonical":"https:\/\/fill-package.com\/vi\/banh-xich\/","og_locale":"vi_VN","og_type":"article","og_title":"Conveyor Sprockets | Sprockets for Automated Packaging","og_description":"Explore high-precision conveyor sprockets designed for food processing and automated packaging machinery. FDA-compliant materials, hygienic design, and custom sizes available.","og_url":"https:\/\/fill-package.com\/vi\/banh-xich\/","og_site_name":"Fill&amp;Package","article_modified_time":"2025-12-12T01:08:33+00:00","twitter_card":"summary_large_image","schema":{"@context":"https:\/\/schema.org","@graph":[{"@type":"WebPage","@id":"https:\/\/fill-package.com\/sprocket\/","url":"https:\/\/fill-package.com\/sprocket\/","name":"B\u00e1nh r\u0103ng b\u0103ng t\u1ea3i | B\u00e1nh r\u0103ng cho bao b\u00ec t\u1ef1 \u0111\u1ed9ng","isPartOf":{"@id":"https:\/\/fill-package.com\/#website"},"datePublished":"2025-08-07T08:02:39+00:00","dateModified":"2025-12-12T01:08:33+00:00","description":"Kh\u00e1m ph\u00e1 c\u00e1c lo\u1ea1i b\u00e1nh r\u0103ng b\u0103ng t\u1ea3i c\u00f3 \u0111\u1ed9 ch\u00ednh x\u00e1c cao \u0111\u01b0\u1ee3c thi\u1ebft k\u1ebf cho m\u00e1y m\u00f3c ch\u1ebf bi\u1ebfn th\u1ef1c ph\u1ea9m v\u00e0 \u0111\u00f3ng g\u00f3i t\u1ef1 \u0111\u1ed9ng. V\u1eadt li\u1ec7u \u0111\u1ea1t chu\u1ea9n FDA, thi\u1ebft k\u1ebf h\u1ee3p v\u1ec7 sinh v\u00e0 k\u00edch th\u01b0\u1edbc t\u00f9y ch\u1ec9nh c\u00f3 s\u1eb5n.","breadcrumb":{"@id":"https:\/\/fill-package.com\/sprocket\/#breadcrumb"},"inLanguage":"vi","potentialAction":[{"@type":"ReadAction","target":["https:\/\/fill-package.com\/sprocket\/"]}]},{"@type":"BreadcrumbList","@id":"https:\/\/fill-package.com\/sprocket\/#breadcrumb","itemListElement":[{"@type":"ListItem","position":1,"name":"Home","item":"https:\/\/fill-package.com\/"},{"@type":"ListItem","position":2,"name":"Sprocket"}]},{"@type":"WebSite","@id":"https:\/\/fill-package.com\/#website","url":"https:\/\/fill-package.com\/","name":"\u0110i\u1ec1n &amp; \u0110\u00f3ng g\u00f3i","description":"","potentialAction":[{"@type":"SearchAction","target":{"@type":"EntryPoint","urlTemplate":"https:\/\/fill-package.com\/?s={search_term_string}"},"query-input":{"@type":"PropertyValueSpecification","valueRequired":true,"valueName":"search_term_string"}}],"inLanguage":"vi"}]}},"_links":{"self":[{"href":"https:\/\/fill-package.com\/vi\/wp-json\/wp\/v2\/pages\/9663","targetHints":{"allow":["GET"]}}],"collection":[{"href":"https:\/\/fill-package.com\/vi\/wp-json\/wp\/v2\/pages"}],"about":[{"href":"https:\/\/fill-package.com\/vi\/wp-json\/wp\/v2\/types\/page"}],"author":[{"embeddable":true,"href":"https:\/\/fill-package.com\/vi\/wp-json\/wp\/v2\/users\/1"}],"replies":[{"embeddable":true,"href":"https:\/\/fill-package.com\/vi\/wp-json\/wp\/v2\/comments?post=9663"}],"version-history":[{"count":14,"href":"https:\/\/fill-package.com\/vi\/wp-json\/wp\/v2\/pages\/9663\/revisions"}],"predecessor-version":[{"id":11559,"href":"https:\/\/fill-package.com\/vi\/wp-json\/wp\/v2\/pages\/9663\/revisions\/11559"}],"wp:attachment":[{"href":"https:\/\/fill-package.com\/vi\/wp-json\/wp\/v2\/media?parent=9663"}],"curies":[{"name":"wp","href":"https:\/\/api.w.org\/{rel}","templated":true}]}}