{"id":9582,"date":"2025-08-05T09:35:33","date_gmt":"2025-08-05T09:35:33","guid":{"rendered":"https:\/\/fill-package.com\/?page_id=9582"},"modified":"2026-02-18T15:55:05","modified_gmt":"2026-02-18T15:55:05","slug":"chan-may","status":"publish","type":"page","link":"https:\/\/fill-package.com\/vi\/machine-foot","title":{"rendered":"Ch\u00e2n m\u00e1y"},"content":{"rendered":"","protected":false},"excerpt":{"rendered":"","protected":false},"author":1,"featured_media":0,"parent":0,"menu_order":0,"comment_status":"closed","ping_status":"closed","template":"product-category3.php","meta":{"site-sidebar-layout":"default","site-content-layout":"page-builder","ast-site-content-layout":"full-width-container","site-content-style":"unboxed","site-sidebar-style":"unboxed","ast-global-header-display":"","ast-banner-title-visibility":"","ast-main-header-display":"","ast-hfb-above-header-display":"","ast-hfb-below-header-display":"","ast-hfb-mobile-header-display":"","site-post-title":"","ast-breadcrumbs-content":"disabled","ast-featured-img":"","footer-sml-layout":"","ast-disable-related-posts":"","theme-transparent-header-meta":"default","adv-header-id-meta":"","stick-header-meta":"default","header-above-stick-meta":"","header-main-stick-meta":"","header-below-stick-meta":"","astra-migrate-meta-layouts":"set","ast-page-background-enabled":"default","ast-page-background-meta":{"desktop":{"background-color":"","background-image":"","background-repeat":"repeat","background-position":"center center","background-size":"auto","background-attachment":"scroll","background-type":"","background-media":"","overlay-type":"","overlay-color":"","overlay-opacity":"","overlay-gradient":""},"tablet":{"background-color":"","background-image":"","background-repeat":"repeat","background-position":"center center","background-size":"auto","background-attachment":"scroll","background-type":"","background-media":"","overlay-type":"","overlay-color":"","overlay-opacity":"","overlay-gradient":""},"mobile":{"background-color":"","background-image":"","background-repeat":"repeat","background-position":"center center","background-size":"auto","background-attachment":"scroll","background-type":"","background-media":"","overlay-type":"","overlay-color":"","overlay-opacity":"","overlay-gradient":""}},"ast-content-background-meta":{"desktop":{"background-color":"var(--ast-global-color-5)","background-image":"","background-repeat":"repeat","background-position":"center center","background-size":"auto","background-attachment":"scroll","background-type":"","background-media":"","overlay-type":"","overlay-color":"","overlay-opacity":"","overlay-gradient":""},"tablet":{"background-color":"var(--ast-global-color-5)","background-image":"","background-repeat":"repeat","background-position":"center center","background-size":"auto","background-attachment":"scroll","background-type":"","background-media":"","overlay-type":"","overlay-color":"","overlay-opacity":"","overlay-gradient":""},"mobile":{"background-color":"var(--ast-global-color-5)","background-image":"","background-repeat":"repeat","background-position":"center center","background-size":"auto","background-attachment":"scroll","background-type":"","background-media":"","overlay-type":"","overlay-color":"","overlay-opacity":"","overlay-gradient":""}},"footnotes":""},"class_list":["post-9582","page","type-page","status-publish","hentry"],"acf":[],"yoast_head":"<!-- This site is optimized with the Yoast SEO plugin v27.3 - https:\/\/yoast.com\/product\/yoast-seo-wordpress\/ -->\n<title>Heavy-Duty Machine Foot | Fixed Foot &amp; Adjustable Leveling Feet for Industrial Equipment<\/title>\n<meta name=\"description\" content=\"Explore industrial-grade machine foot options for CNC, packaging, and food processing. Includes adjustable foot, nylon fixed foot, and anti-vibration leveling feet. Load up to 8000kg\" \/>\n<meta name=\"robots\" content=\"index, follow, max-snippet:-1, max-image-preview:large, max-video-preview:-1\" \/>\n<link rel=\"canonical\" href=\"https:\/\/fill-package.com\/vi\/chan-may\/\" \/>\n<meta property=\"og:locale\" content=\"vi_VN\" \/>\n<meta property=\"og:type\" content=\"article\" \/>\n<meta property=\"og:title\" content=\"Heavy-Duty Machine Foot | Fixed Foot &amp; Adjustable Leveling Feet for Industrial Equipment\" \/>\n<meta property=\"og:description\" content=\"Explore industrial-grade machine foot options for CNC, packaging, and food processing. Includes adjustable foot, nylon fixed foot, and anti-vibration leveling feet. Load up to 8000kg\" \/>\n<meta property=\"og:url\" content=\"https:\/\/fill-package.com\/vi\/chan-may\/\" \/>\n<meta property=\"og:site_name\" content=\"Fill&amp;Package\" \/>\n<meta property=\"article:modified_time\" content=\"2026-02-18T15:55:05+00:00\" \/>\n<meta name=\"twitter:card\" content=\"summary_large_image\" \/>\n<script type=\"application\/ld+json\" class=\"yoast-schema-graph\">{\"@context\":\"https:\\\/\\\/schema.org\",\"@graph\":[{\"@type\":\"WebPage\",\"@id\":\"https:\\\/\\\/fill-package.com\\\/machine-foot\\\/\",\"url\":\"https:\\\/\\\/fill-package.com\\\/machine-foot\\\/\",\"name\":\"Heavy-Duty Machine Foot | Fixed Foot & Adjustable Leveling Feet for Industrial Equipment\",\"isPartOf\":{\"@id\":\"https:\\\/\\\/fill-package.com\\\/#website\"},\"datePublished\":\"2025-08-05T09:35:33+00:00\",\"dateModified\":\"2026-02-18T15:55:05+00:00\",\"description\":\"Explore industrial-grade machine foot options for CNC, packaging, and food processing. Includes adjustable foot, nylon fixed foot, and anti-vibration leveling feet. Load up to 8000kg\",\"breadcrumb\":{\"@id\":\"https:\\\/\\\/fill-package.com\\\/machine-foot\\\/#breadcrumb\"},\"inLanguage\":\"vi\",\"potentialAction\":[{\"@type\":\"ReadAction\",\"target\":[\"https:\\\/\\\/fill-package.com\\\/machine-foot\\\/\"]}]},{\"@type\":\"BreadcrumbList\",\"@id\":\"https:\\\/\\\/fill-package.com\\\/machine-foot\\\/#breadcrumb\",\"itemListElement\":[{\"@type\":\"ListItem\",\"position\":1,\"name\":\"Home\",\"item\":\"https:\\\/\\\/fill-package.com\\\/\"},{\"@type\":\"ListItem\",\"position\":2,\"name\":\"Machine Foot\"}]},{\"@type\":\"WebSite\",\"@id\":\"https:\\\/\\\/fill-package.com\\\/#website\",\"url\":\"https:\\\/\\\/fill-package.com\\\/\",\"name\":\"Fill&amp;Package\",\"description\":\"\",\"potentialAction\":[{\"@type\":\"SearchAction\",\"target\":{\"@type\":\"EntryPoint\",\"urlTemplate\":\"https:\\\/\\\/fill-package.com\\\/?s={search_term_string}\"},\"query-input\":{\"@type\":\"PropertyValueSpecification\",\"valueRequired\":true,\"valueName\":\"search_term_string\"}}],\"inLanguage\":\"vi\"}]}<\/script>\n<!-- \/ Yoast SEO plugin. -->","yoast_head_json":{"title":"Ch\u00e2n m\u00e1y c\u00f4ng nghi\u1ec7p ch\u1ecbu l\u1ef1c | Ch\u00e2n c\u1ed1 \u0111\u1ecbnh &amp; Ch\u00e2n c\u00e2n b\u1eb1ng c\u00f3 th\u1ec3 \u0111i\u1ec1u ch\u1ec9nh cho thi\u1ebft b\u1ecb c\u00f4ng nghi\u1ec7p","description":"Kh\u00e1m ph\u00e1 c\u00e1c l\u1ef1a ch\u1ecdn ch\u00e2n m\u00e1y c\u00f4ng nghi\u1ec7p cho m\u00e1y CNC, \u0111\u00f3ng g\u00f3i v\u00e0 ch\u1ebf bi\u1ebfn th\u1ef1c ph\u1ea9m. Bao g\u1ed3m ch\u00e2n m\u00e1y \u0111i\u1ec1u ch\u1ec9nh \u0111\u01b0\u1ee3c, ch\u00e2n m\u00e1y c\u1ed1 \u0111\u1ecbnh b\u1eb1ng nylon v\u00e0 ch\u00e2n m\u00e1y c\u00e2n b\u1eb1ng ch\u1ed1ng rung. T\u1ea3i tr\u1ecdng l\u00ean \u0111\u1ebfn 8000kg","robots":{"index":"index","follow":"follow","max-snippet":"max-snippet:-1","max-image-preview":"max-image-preview:large","max-video-preview":"max-video-preview:-1"},"canonical":"https:\/\/fill-package.com\/vi\/chan-may\/","og_locale":"vi_VN","og_type":"article","og_title":"Heavy-Duty Machine Foot | Fixed Foot & Adjustable Leveling Feet for Industrial Equipment","og_description":"Explore industrial-grade machine foot options for CNC, packaging, and food processing. Includes adjustable foot, nylon fixed foot, and anti-vibration leveling feet. Load up to 8000kg","og_url":"https:\/\/fill-package.com\/vi\/chan-may\/","og_site_name":"Fill&amp;Package","article_modified_time":"2026-02-18T15:55:05+00:00","twitter_card":"summary_large_image","schema":{"@context":"https:\/\/schema.org","@graph":[{"@type":"WebPage","@id":"https:\/\/fill-package.com\/machine-foot\/","url":"https:\/\/fill-package.com\/machine-foot\/","name":"Ch\u00e2n m\u00e1y c\u00f4ng nghi\u1ec7p ch\u1ecbu l\u1ef1c | Ch\u00e2n c\u1ed1 \u0111\u1ecbnh &amp; Ch\u00e2n c\u00e2n b\u1eb1ng c\u00f3 th\u1ec3 \u0111i\u1ec1u ch\u1ec9nh cho thi\u1ebft b\u1ecb c\u00f4ng nghi\u1ec7p","isPartOf":{"@id":"https:\/\/fill-package.com\/#website"},"datePublished":"2025-08-05T09:35:33+00:00","dateModified":"2026-02-18T15:55:05+00:00","description":"Kh\u00e1m ph\u00e1 c\u00e1c l\u1ef1a ch\u1ecdn ch\u00e2n m\u00e1y c\u00f4ng nghi\u1ec7p cho m\u00e1y CNC, \u0111\u00f3ng g\u00f3i v\u00e0 ch\u1ebf bi\u1ebfn th\u1ef1c ph\u1ea9m. Bao g\u1ed3m ch\u00e2n m\u00e1y \u0111i\u1ec1u ch\u1ec9nh \u0111\u01b0\u1ee3c, ch\u00e2n m\u00e1y c\u1ed1 \u0111\u1ecbnh b\u1eb1ng nylon v\u00e0 ch\u00e2n m\u00e1y c\u00e2n b\u1eb1ng ch\u1ed1ng rung. T\u1ea3i tr\u1ecdng l\u00ean \u0111\u1ebfn 8000kg","breadcrumb":{"@id":"https:\/\/fill-package.com\/machine-foot\/#breadcrumb"},"inLanguage":"vi","potentialAction":[{"@type":"ReadAction","target":["https:\/\/fill-package.com\/machine-foot\/"]}]},{"@type":"BreadcrumbList","@id":"https:\/\/fill-package.com\/machine-foot\/#breadcrumb","itemListElement":[{"@type":"ListItem","position":1,"name":"Home","item":"https:\/\/fill-package.com\/"},{"@type":"ListItem","position":2,"name":"Machine Foot"}]},{"@type":"WebSite","@id":"https:\/\/fill-package.com\/#website","url":"https:\/\/fill-package.com\/","name":"\u0110i\u1ec1n &amp; \u0110\u00f3ng g\u00f3i","description":"","potentialAction":[{"@type":"SearchAction","target":{"@type":"EntryPoint","urlTemplate":"https:\/\/fill-package.com\/?s={search_term_string}"},"query-input":{"@type":"PropertyValueSpecification","valueRequired":true,"valueName":"search_term_string"}}],"inLanguage":"vi"}]}},"_links":{"self":[{"href":"https:\/\/fill-package.com\/vi\/wp-json\/wp\/v2\/pages\/9582","targetHints":{"allow":["GET"]}}],"collection":[{"href":"https:\/\/fill-package.com\/vi\/wp-json\/wp\/v2\/pages"}],"about":[{"href":"https:\/\/fill-package.com\/vi\/wp-json\/wp\/v2\/types\/page"}],"author":[{"embeddable":true,"href":"https:\/\/fill-package.com\/vi\/wp-json\/wp\/v2\/users\/1"}],"replies":[{"embeddable":true,"href":"https:\/\/fill-package.com\/vi\/wp-json\/wp\/v2\/comments?post=9582"}],"version-history":[{"count":15,"href":"https:\/\/fill-package.com\/vi\/wp-json\/wp\/v2\/pages\/9582\/revisions"}],"predecessor-version":[{"id":12650,"href":"https:\/\/fill-package.com\/vi\/wp-json\/wp\/v2\/pages\/9582\/revisions\/12650"}],"wp:attachment":[{"href":"https:\/\/fill-package.com\/vi\/wp-json\/wp\/v2\/media?parent=9582"}],"curies":[{"name":"wp","href":"https:\/\/api.w.org\/{rel}","templated":true}]}}