{"id":9552,"date":"2025-08-05T06:12:01","date_gmt":"2025-08-05T06:12:01","guid":{"rendered":"https:\/\/fill-package.com\/?page_id=9552"},"modified":"2025-12-12T09:26:31","modified_gmt":"2025-12-12T09:26:31","slug":"bang-tai-mo-dun-2","status":"publish","type":"page","link":"https:\/\/fill-package.com\/vi\/modular-conveyor-belt","title":{"rendered":"B\u0103ng t\u1ea3i m\u00f4-\u0111un"},"content":{"rendered":"","protected":false},"excerpt":{"rendered":"","protected":false},"author":1,"featured_media":0,"parent":0,"menu_order":0,"comment_status":"closed","ping_status":"closed","template":"product-category3.php","meta":{"site-sidebar-layout":"default","site-content-layout":"page-builder","ast-site-content-layout":"full-width-container","site-content-style":"unboxed","site-sidebar-style":"unboxed","ast-global-header-display":"","ast-banner-title-visibility":"","ast-main-header-display":"","ast-hfb-above-header-display":"","ast-hfb-below-header-display":"","ast-hfb-mobile-header-display":"","site-post-title":"","ast-breadcrumbs-content":"disabled","ast-featured-img":"","footer-sml-layout":"","ast-disable-related-posts":"","theme-transparent-header-meta":"default","adv-header-id-meta":"","stick-header-meta":"default","header-above-stick-meta":"","header-main-stick-meta":"","header-below-stick-meta":"","astra-migrate-meta-layouts":"set","ast-page-background-enabled":"default","ast-page-background-meta":{"desktop":{"background-color":"","background-image":"","background-repeat":"repeat","background-position":"center center","background-size":"auto","background-attachment":"scroll","background-type":"","background-media":"","overlay-type":"","overlay-color":"","overlay-opacity":"","overlay-gradient":""},"tablet":{"background-color":"","background-image":"","background-repeat":"repeat","background-position":"center center","background-size":"auto","background-attachment":"scroll","background-type":"","background-media":"","overlay-type":"","overlay-color":"","overlay-opacity":"","overlay-gradient":""},"mobile":{"background-color":"","background-image":"","background-repeat":"repeat","background-position":"center center","background-size":"auto","background-attachment":"scroll","background-type":"","background-media":"","overlay-type":"","overlay-color":"","overlay-opacity":"","overlay-gradient":""}},"ast-content-background-meta":{"desktop":{"background-color":"var(--ast-global-color-5)","background-image":"","background-repeat":"repeat","background-position":"center center","background-size":"auto","background-attachment":"scroll","background-type":"","background-media":"","overlay-type":"","overlay-color":"","overlay-opacity":"","overlay-gradient":""},"tablet":{"background-color":"var(--ast-global-color-5)","background-image":"","background-repeat":"repeat","background-position":"center center","background-size":"auto","background-attachment":"scroll","background-type":"","background-media":"","overlay-type":"","overlay-color":"","overlay-opacity":"","overlay-gradient":""},"mobile":{"background-color":"var(--ast-global-color-5)","background-image":"","background-repeat":"repeat","background-position":"center center","background-size":"auto","background-attachment":"scroll","background-type":"","background-media":"","overlay-type":"","overlay-color":"","overlay-opacity":"","overlay-gradient":""}},"footnotes":""},"class_list":["post-9552","page","type-page","status-publish","hentry"],"acf":[],"yoast_head":"<!-- This site is optimized with the Yoast SEO plugin v27.3 - https:\/\/yoast.com\/product\/yoast-seo-wordpress\/ -->\n<title>Modular Conveyor Belt | Food Grade POM\/PP Plastic Belting | Solve Mistracking &amp; Cleaning Issues<\/title>\n<meta name=\"description\" content=\"Looking for high-quality modular conveyor belts? We offer FDA-compliant POM and PP plastic belting designed for food packaging lines. Solve conveyor belt mistracking, cleaning difficulties, and breakage problems. Compatible with major brands, with expert selection and technical support.\" \/>\n<meta name=\"robots\" content=\"index, follow, max-snippet:-1, max-image-preview:large, max-video-preview:-1\" \/>\n<link rel=\"canonical\" href=\"https:\/\/fill-package.com\/vi\/bang-tai-mo-dun-2\/\" \/>\n<meta property=\"og:locale\" content=\"vi_VN\" \/>\n<meta property=\"og:type\" content=\"article\" \/>\n<meta property=\"og:title\" content=\"Modular Conveyor Belt | Food Grade POM\/PP Plastic Belting | Solve Mistracking &amp; Cleaning Issues\" \/>\n<meta property=\"og:description\" content=\"Looking for high-quality modular conveyor belts? We offer FDA-compliant POM and PP plastic belting designed for food packaging lines. Solve conveyor belt mistracking, cleaning difficulties, and breakage problems. Compatible with major brands, with expert selection and technical support.\" \/>\n<meta property=\"og:url\" content=\"https:\/\/fill-package.com\/vi\/bang-tai-mo-dun-2\/\" \/>\n<meta property=\"og:site_name\" content=\"Fill&amp;Package\" \/>\n<meta property=\"article:modified_time\" content=\"2025-12-12T09:26:31+00:00\" \/>\n<meta name=\"twitter:card\" content=\"summary_large_image\" \/>\n<script type=\"application\/ld+json\" class=\"yoast-schema-graph\">{\"@context\":\"https:\\\/\\\/schema.org\",\"@graph\":[{\"@type\":\"WebPage\",\"@id\":\"https:\\\/\\\/fill-package.com\\\/modular-conveyor-belt\\\/\",\"url\":\"https:\\\/\\\/fill-package.com\\\/modular-conveyor-belt\\\/\",\"name\":\"Modular Conveyor Belt | Food Grade POM\\\/PP Plastic Belting | Solve Mistracking & Cleaning Issues\",\"isPartOf\":{\"@id\":\"https:\\\/\\\/fill-package.com\\\/#website\"},\"datePublished\":\"2025-08-05T06:12:01+00:00\",\"dateModified\":\"2025-12-12T09:26:31+00:00\",\"description\":\"Looking for high-quality modular conveyor belts? We offer FDA-compliant POM and PP plastic belting designed for food packaging lines. Solve conveyor belt mistracking, cleaning difficulties, and breakage problems. Compatible with major brands, with expert selection and technical support.\",\"breadcrumb\":{\"@id\":\"https:\\\/\\\/fill-package.com\\\/modular-conveyor-belt\\\/#breadcrumb\"},\"inLanguage\":\"vi\",\"potentialAction\":[{\"@type\":\"ReadAction\",\"target\":[\"https:\\\/\\\/fill-package.com\\\/modular-conveyor-belt\\\/\"]}]},{\"@type\":\"BreadcrumbList\",\"@id\":\"https:\\\/\\\/fill-package.com\\\/modular-conveyor-belt\\\/#breadcrumb\",\"itemListElement\":[{\"@type\":\"ListItem\",\"position\":1,\"name\":\"Home\",\"item\":\"https:\\\/\\\/fill-package.com\\\/\"},{\"@type\":\"ListItem\",\"position\":2,\"name\":\"Modular Conveyor Belt\"}]},{\"@type\":\"WebSite\",\"@id\":\"https:\\\/\\\/fill-package.com\\\/#website\",\"url\":\"https:\\\/\\\/fill-package.com\\\/\",\"name\":\"Fill&amp;Package\",\"description\":\"\",\"potentialAction\":[{\"@type\":\"SearchAction\",\"target\":{\"@type\":\"EntryPoint\",\"urlTemplate\":\"https:\\\/\\\/fill-package.com\\\/?s={search_term_string}\"},\"query-input\":{\"@type\":\"PropertyValueSpecification\",\"valueRequired\":true,\"valueName\":\"search_term_string\"}}],\"inLanguage\":\"vi\"}]}<\/script>\n<!-- \/ Yoast SEO plugin. -->","yoast_head_json":{"title":"B\u0103ng t\u1ea3i m\u00f4-\u0111un | B\u0103ng t\u1ea3i nh\u1ef1a POM\/PP \u0111\u1ea1t ti\u00eau chu\u1ea9n th\u1ef1c ph\u1ea9m | Gi\u1ea3i quy\u1ebft v\u1ea5n \u0111\u1ec1 l\u1ec7ch h\u01b0\u1edbng v\u00e0 v\u1ec7 sinh |","description":"B\u1ea1n \u0111ang t\u00ecm ki\u1ebfm b\u0103ng t\u1ea3i m\u00f4-\u0111un ch\u1ea5t l\u01b0\u1ee3ng cao? Ch\u00fang t\u00f4i cung c\u1ea5p b\u0103ng t\u1ea3i nh\u1ef1a POM v\u00e0 PP \u0111\u1ea1t ti\u00eau chu\u1ea9n FDA, \u0111\u01b0\u1ee3c thi\u1ebft k\u1ebf cho d\u00e2y chuy\u1ec1n \u0111\u00f3ng g\u00f3i th\u1ef1c ph\u1ea9m. Gi\u1ea3i quy\u1ebft c\u00e1c v\u1ea5n \u0111\u1ec1 nh\u01b0 l\u1ec7ch h\u01b0\u1edbng b\u0103ng t\u1ea3i, kh\u00f3 v\u1ec7 sinh v\u00e0 \u0111\u1ee9t g\u00e3y. T\u01b0\u01a1ng th\u00edch v\u1edbi c\u00e1c th\u01b0\u01a1ng hi\u1ec7u l\u1edbn, v\u1edbi s\u1ef1 l\u1ef1a ch\u1ecdn chuy\u00ean nghi\u1ec7p v\u00e0 h\u1ed7 tr\u1ee3 k\u1ef9 thu\u1eadt.","robots":{"index":"index","follow":"follow","max-snippet":"max-snippet:-1","max-image-preview":"max-image-preview:large","max-video-preview":"max-video-preview:-1"},"canonical":"https:\/\/fill-package.com\/vi\/bang-tai-mo-dun-2\/","og_locale":"vi_VN","og_type":"article","og_title":"Modular Conveyor Belt | Food Grade POM\/PP Plastic Belting | Solve Mistracking & Cleaning Issues","og_description":"Looking for high-quality modular conveyor belts? We offer FDA-compliant POM and PP plastic belting designed for food packaging lines. Solve conveyor belt mistracking, cleaning difficulties, and breakage problems. Compatible with major brands, with expert selection and technical support.","og_url":"https:\/\/fill-package.com\/vi\/bang-tai-mo-dun-2\/","og_site_name":"Fill&amp;Package","article_modified_time":"2025-12-12T09:26:31+00:00","twitter_card":"summary_large_image","schema":{"@context":"https:\/\/schema.org","@graph":[{"@type":"WebPage","@id":"https:\/\/fill-package.com\/modular-conveyor-belt\/","url":"https:\/\/fill-package.com\/modular-conveyor-belt\/","name":"B\u0103ng t\u1ea3i m\u00f4-\u0111un | B\u0103ng t\u1ea3i nh\u1ef1a POM\/PP \u0111\u1ea1t ti\u00eau chu\u1ea9n th\u1ef1c ph\u1ea9m | Gi\u1ea3i quy\u1ebft v\u1ea5n \u0111\u1ec1 l\u1ec7ch h\u01b0\u1edbng v\u00e0 v\u1ec7 sinh |","isPartOf":{"@id":"https:\/\/fill-package.com\/#website"},"datePublished":"2025-08-05T06:12:01+00:00","dateModified":"2025-12-12T09:26:31+00:00","description":"B\u1ea1n \u0111ang t\u00ecm ki\u1ebfm b\u0103ng t\u1ea3i m\u00f4-\u0111un ch\u1ea5t l\u01b0\u1ee3ng cao? Ch\u00fang t\u00f4i cung c\u1ea5p b\u0103ng t\u1ea3i nh\u1ef1a POM v\u00e0 PP \u0111\u1ea1t ti\u00eau chu\u1ea9n FDA, \u0111\u01b0\u1ee3c thi\u1ebft k\u1ebf cho d\u00e2y chuy\u1ec1n \u0111\u00f3ng g\u00f3i th\u1ef1c ph\u1ea9m. Gi\u1ea3i quy\u1ebft c\u00e1c v\u1ea5n \u0111\u1ec1 nh\u01b0 l\u1ec7ch h\u01b0\u1edbng b\u0103ng t\u1ea3i, kh\u00f3 v\u1ec7 sinh v\u00e0 \u0111\u1ee9t g\u00e3y. T\u01b0\u01a1ng th\u00edch v\u1edbi c\u00e1c th\u01b0\u01a1ng hi\u1ec7u l\u1edbn, v\u1edbi s\u1ef1 l\u1ef1a ch\u1ecdn chuy\u00ean nghi\u1ec7p v\u00e0 h\u1ed7 tr\u1ee3 k\u1ef9 thu\u1eadt.","breadcrumb":{"@id":"https:\/\/fill-package.com\/modular-conveyor-belt\/#breadcrumb"},"inLanguage":"vi","potentialAction":[{"@type":"ReadAction","target":["https:\/\/fill-package.com\/modular-conveyor-belt\/"]}]},{"@type":"BreadcrumbList","@id":"https:\/\/fill-package.com\/modular-conveyor-belt\/#breadcrumb","itemListElement":[{"@type":"ListItem","position":1,"name":"Home","item":"https:\/\/fill-package.com\/"},{"@type":"ListItem","position":2,"name":"Modular Conveyor Belt"}]},{"@type":"WebSite","@id":"https:\/\/fill-package.com\/#website","url":"https:\/\/fill-package.com\/","name":"\u0110i\u1ec1n &amp; \u0110\u00f3ng g\u00f3i","description":"","potentialAction":[{"@type":"SearchAction","target":{"@type":"EntryPoint","urlTemplate":"https:\/\/fill-package.com\/?s={search_term_string}"},"query-input":{"@type":"PropertyValueSpecification","valueRequired":true,"valueName":"search_term_string"}}],"inLanguage":"vi"}]}},"_links":{"self":[{"href":"https:\/\/fill-package.com\/vi\/wp-json\/wp\/v2\/pages\/9552","targetHints":{"allow":["GET"]}}],"collection":[{"href":"https:\/\/fill-package.com\/vi\/wp-json\/wp\/v2\/pages"}],"about":[{"href":"https:\/\/fill-package.com\/vi\/wp-json\/wp\/v2\/types\/page"}],"author":[{"embeddable":true,"href":"https:\/\/fill-package.com\/vi\/wp-json\/wp\/v2\/users\/1"}],"replies":[{"embeddable":true,"href":"https:\/\/fill-package.com\/vi\/wp-json\/wp\/v2\/comments?post=9552"}],"version-history":[{"count":37,"href":"https:\/\/fill-package.com\/vi\/wp-json\/wp\/v2\/pages\/9552\/revisions"}],"predecessor-version":[{"id":12142,"href":"https:\/\/fill-package.com\/vi\/wp-json\/wp\/v2\/pages\/9552\/revisions\/12142"}],"wp:attachment":[{"href":"https:\/\/fill-package.com\/vi\/wp-json\/wp\/v2\/media?parent=9552"}],"curies":[{"name":"wp","href":"https:\/\/api.w.org\/{rel}","templated":true}]}}