{"id":9316,"date":"2025-07-23T04:49:45","date_gmt":"2025-07-23T04:49:45","guid":{"rendered":"https:\/\/fill-package.com\/?page_id=9316"},"modified":"2025-07-26T01:57:44","modified_gmt":"2025-07-26T01:57:44","slug":"bang-tai-fastback","status":"publish","type":"page","link":"https:\/\/fill-package.com\/vi\/fastback-conveyor","title":{"rendered":"B\u0103ng t\u1ea3i Fastback"},"content":{"rendered":"","protected":false},"excerpt":{"rendered":"","protected":false},"author":1,"featured_media":0,"parent":0,"menu_order":0,"comment_status":"closed","ping_status":"closed","template":"product-category3.php","meta":{"site-sidebar-layout":"default","site-content-layout":"page-builder","ast-site-content-layout":"full-width-container","site-content-style":"unboxed","site-sidebar-style":"unboxed","ast-global-header-display":"","ast-banner-title-visibility":"","ast-main-header-display":"","ast-hfb-above-header-display":"","ast-hfb-below-header-display":"","ast-hfb-mobile-header-display":"","site-post-title":"","ast-breadcrumbs-content":"disabled","ast-featured-img":"","footer-sml-layout":"","ast-disable-related-posts":"","theme-transparent-header-meta":"default","adv-header-id-meta":"","stick-header-meta":"default","header-above-stick-meta":"","header-main-stick-meta":"","header-below-stick-meta":"","astra-migrate-meta-layouts":"set","ast-page-background-enabled":"default","ast-page-background-meta":{"desktop":{"background-color":"","background-image":"","background-repeat":"repeat","background-position":"center center","background-size":"auto","background-attachment":"scroll","background-type":"","background-media":"","overlay-type":"","overlay-color":"","overlay-opacity":"","overlay-gradient":""},"tablet":{"background-color":"","background-image":"","background-repeat":"repeat","background-position":"center center","background-size":"auto","background-attachment":"scroll","background-type":"","background-media":"","overlay-type":"","overlay-color":"","overlay-opacity":"","overlay-gradient":""},"mobile":{"background-color":"","background-image":"","background-repeat":"repeat","background-position":"center center","background-size":"auto","background-attachment":"scroll","background-type":"","background-media":"","overlay-type":"","overlay-color":"","overlay-opacity":"","overlay-gradient":""}},"ast-content-background-meta":{"desktop":{"background-color":"var(--ast-global-color-5)","background-image":"","background-repeat":"repeat","background-position":"center center","background-size":"auto","background-attachment":"scroll","background-type":"","background-media":"","overlay-type":"","overlay-color":"","overlay-opacity":"","overlay-gradient":""},"tablet":{"background-color":"var(--ast-global-color-5)","background-image":"","background-repeat":"repeat","background-position":"center center","background-size":"auto","background-attachment":"scroll","background-type":"","background-media":"","overlay-type":"","overlay-color":"","overlay-opacity":"","overlay-gradient":""},"mobile":{"background-color":"var(--ast-global-color-5)","background-image":"","background-repeat":"repeat","background-position":"center center","background-size":"auto","background-attachment":"scroll","background-type":"","background-media":"","overlay-type":"","overlay-color":"","overlay-opacity":"","overlay-gradient":""}},"footnotes":""},"class_list":["post-9316","page","type-page","status-publish","hentry"],"acf":[],"yoast_head":"<!-- This site is optimized with the Yoast SEO plugin v27.3 - https:\/\/yoast.com\/product\/yoast-seo-wordpress\/ -->\n<title>Custom FASTBACK Conveyors | horizatioal mation conveyor<\/title>\n<meta name=\"description\" content=\"Discover FILL PACKAGE&#039;s custom FASTBACK conveyors, designed precisely to your specifications. Ideal for fragile, coated, granular, and frozen products, ensuring gentle handling and unmatched customer support.\" \/>\n<meta name=\"robots\" content=\"index, follow, max-snippet:-1, max-image-preview:large, max-video-preview:-1\" \/>\n<link rel=\"canonical\" href=\"https:\/\/fill-package.com\/vi\/bang-tai-fastback\/\" \/>\n<meta property=\"og:locale\" content=\"vi_VN\" \/>\n<meta property=\"og:type\" content=\"article\" \/>\n<meta property=\"og:title\" content=\"Custom FASTBACK Conveyors | horizatioal mation conveyor\" \/>\n<meta property=\"og:description\" content=\"Discover FILL PACKAGE&#039;s custom FASTBACK conveyors, designed precisely to your specifications. Ideal for fragile, coated, granular, and frozen products, ensuring gentle handling and unmatched customer support.\" \/>\n<meta property=\"og:url\" content=\"https:\/\/fill-package.com\/vi\/bang-tai-fastback\/\" \/>\n<meta property=\"og:site_name\" content=\"Fill&amp;Package\" \/>\n<meta property=\"article:modified_time\" content=\"2025-07-26T01:57:44+00:00\" \/>\n<meta name=\"twitter:card\" content=\"summary_large_image\" \/>\n<script type=\"application\/ld+json\" class=\"yoast-schema-graph\">{\"@context\":\"https:\\\/\\\/schema.org\",\"@graph\":[{\"@type\":\"WebPage\",\"@id\":\"https:\\\/\\\/fill-package.com\\\/fastback-conveyor\\\/\",\"url\":\"https:\\\/\\\/fill-package.com\\\/fastback-conveyor\\\/\",\"name\":\"Custom FASTBACK Conveyors | horizatioal mation conveyor\",\"isPartOf\":{\"@id\":\"https:\\\/\\\/fill-package.com\\\/#website\"},\"datePublished\":\"2025-07-23T04:49:45+00:00\",\"dateModified\":\"2025-07-26T01:57:44+00:00\",\"description\":\"Discover FILL PACKAGE's custom FASTBACK conveyors, designed precisely to your specifications. Ideal for fragile, coated, granular, and frozen products, ensuring gentle handling and unmatched customer support.\",\"breadcrumb\":{\"@id\":\"https:\\\/\\\/fill-package.com\\\/fastback-conveyor\\\/#breadcrumb\"},\"inLanguage\":\"vi\",\"potentialAction\":[{\"@type\":\"ReadAction\",\"target\":[\"https:\\\/\\\/fill-package.com\\\/fastback-conveyor\\\/\"]}]},{\"@type\":\"BreadcrumbList\",\"@id\":\"https:\\\/\\\/fill-package.com\\\/fastback-conveyor\\\/#breadcrumb\",\"itemListElement\":[{\"@type\":\"ListItem\",\"position\":1,\"name\":\"Home\",\"item\":\"https:\\\/\\\/fill-package.com\\\/\"},{\"@type\":\"ListItem\",\"position\":2,\"name\":\"Fastback Conveyor\"}]},{\"@type\":\"WebSite\",\"@id\":\"https:\\\/\\\/fill-package.com\\\/#website\",\"url\":\"https:\\\/\\\/fill-package.com\\\/\",\"name\":\"Fill&amp;Package\",\"description\":\"\",\"potentialAction\":[{\"@type\":\"SearchAction\",\"target\":{\"@type\":\"EntryPoint\",\"urlTemplate\":\"https:\\\/\\\/fill-package.com\\\/?s={search_term_string}\"},\"query-input\":{\"@type\":\"PropertyValueSpecification\",\"valueRequired\":true,\"valueName\":\"search_term_string\"}}],\"inLanguage\":\"vi\"}]}<\/script>\n<!-- \/ Yoast SEO plugin. -->","yoast_head_json":{"title":"B\u0103ng t\u1ea3i FASTBACK t\u00f9y ch\u1ec9nh | b\u0103ng t\u1ea3i ngang","description":"Kh\u00e1m ph\u00e1 b\u0103ng t\u1ea3i FASTBACK t\u00f9y ch\u1ec9nh c\u1ee7a FILL PACKAGE, \u0111\u01b0\u1ee3c thi\u1ebft k\u1ebf ch\u00ednh x\u00e1c theo y\u00eau c\u1ea7u c\u1ee7a b\u1ea1n. L\u00fd t\u01b0\u1edfng cho c\u00e1c s\u1ea3n ph\u1ea9m d\u1ec5 v\u1ee1, c\u00f3 l\u1edbp ph\u1ee7, d\u1ea1ng h\u1ea1t v\u00e0 \u0111\u00f4ng l\u1ea1nh, \u0111\u1ea3m b\u1ea3o x\u1eed l\u00fd nh\u1eb9 nh\u00e0ng v\u00e0 d\u1ecbch v\u1ee5 h\u1ed7 tr\u1ee3 kh\u00e1ch h\u00e0ng v\u01b0\u1ee3t tr\u1ed9i.","robots":{"index":"index","follow":"follow","max-snippet":"max-snippet:-1","max-image-preview":"max-image-preview:large","max-video-preview":"max-video-preview:-1"},"canonical":"https:\/\/fill-package.com\/vi\/bang-tai-fastback\/","og_locale":"vi_VN","og_type":"article","og_title":"Custom FASTBACK Conveyors | horizatioal mation conveyor","og_description":"Discover FILL PACKAGE's custom FASTBACK conveyors, designed precisely to your specifications. Ideal for fragile, coated, granular, and frozen products, ensuring gentle handling and unmatched customer support.","og_url":"https:\/\/fill-package.com\/vi\/bang-tai-fastback\/","og_site_name":"Fill&amp;Package","article_modified_time":"2025-07-26T01:57:44+00:00","twitter_card":"summary_large_image","schema":{"@context":"https:\/\/schema.org","@graph":[{"@type":"WebPage","@id":"https:\/\/fill-package.com\/fastback-conveyor\/","url":"https:\/\/fill-package.com\/fastback-conveyor\/","name":"B\u0103ng t\u1ea3i FASTBACK t\u00f9y ch\u1ec9nh | b\u0103ng t\u1ea3i ngang","isPartOf":{"@id":"https:\/\/fill-package.com\/#website"},"datePublished":"2025-07-23T04:49:45+00:00","dateModified":"2025-07-26T01:57:44+00:00","description":"Kh\u00e1m ph\u00e1 b\u0103ng t\u1ea3i FASTBACK t\u00f9y ch\u1ec9nh c\u1ee7a FILL PACKAGE, \u0111\u01b0\u1ee3c thi\u1ebft k\u1ebf ch\u00ednh x\u00e1c theo y\u00eau c\u1ea7u c\u1ee7a b\u1ea1n. L\u00fd t\u01b0\u1edfng cho c\u00e1c s\u1ea3n ph\u1ea9m d\u1ec5 v\u1ee1, c\u00f3 l\u1edbp ph\u1ee7, d\u1ea1ng h\u1ea1t v\u00e0 \u0111\u00f4ng l\u1ea1nh, \u0111\u1ea3m b\u1ea3o x\u1eed l\u00fd nh\u1eb9 nh\u00e0ng v\u00e0 d\u1ecbch v\u1ee5 h\u1ed7 tr\u1ee3 kh\u00e1ch h\u00e0ng v\u01b0\u1ee3t tr\u1ed9i.","breadcrumb":{"@id":"https:\/\/fill-package.com\/fastback-conveyor\/#breadcrumb"},"inLanguage":"vi","potentialAction":[{"@type":"ReadAction","target":["https:\/\/fill-package.com\/fastback-conveyor\/"]}]},{"@type":"BreadcrumbList","@id":"https:\/\/fill-package.com\/fastback-conveyor\/#breadcrumb","itemListElement":[{"@type":"ListItem","position":1,"name":"Home","item":"https:\/\/fill-package.com\/"},{"@type":"ListItem","position":2,"name":"Fastback Conveyor"}]},{"@type":"WebSite","@id":"https:\/\/fill-package.com\/#website","url":"https:\/\/fill-package.com\/","name":"\u0110i\u1ec1n &amp; \u0110\u00f3ng g\u00f3i","description":"","potentialAction":[{"@type":"SearchAction","target":{"@type":"EntryPoint","urlTemplate":"https:\/\/fill-package.com\/?s={search_term_string}"},"query-input":{"@type":"PropertyValueSpecification","valueRequired":true,"valueName":"search_term_string"}}],"inLanguage":"vi"}]}},"_links":{"self":[{"href":"https:\/\/fill-package.com\/vi\/wp-json\/wp\/v2\/pages\/9316","targetHints":{"allow":["GET"]}}],"collection":[{"href":"https:\/\/fill-package.com\/vi\/wp-json\/wp\/v2\/pages"}],"about":[{"href":"https:\/\/fill-package.com\/vi\/wp-json\/wp\/v2\/types\/page"}],"author":[{"embeddable":true,"href":"https:\/\/fill-package.com\/vi\/wp-json\/wp\/v2\/users\/1"}],"replies":[{"embeddable":true,"href":"https:\/\/fill-package.com\/vi\/wp-json\/wp\/v2\/comments?post=9316"}],"version-history":[{"count":21,"href":"https:\/\/fill-package.com\/vi\/wp-json\/wp\/v2\/pages\/9316\/revisions"}],"predecessor-version":[{"id":9376,"href":"https:\/\/fill-package.com\/vi\/wp-json\/wp\/v2\/pages\/9316\/revisions\/9376"}],"wp:attachment":[{"href":"https:\/\/fill-package.com\/vi\/wp-json\/wp\/v2\/media?parent=9316"}],"curies":[{"name":"wp","href":"https:\/\/api.w.org\/{rel}","templated":true}]}}