{"id":9187,"date":"2025-07-12T10:05:25","date_gmt":"2025-07-12T10:05:25","guid":{"rendered":"https:\/\/fill-package.com\/?page_id=9187"},"modified":"2025-07-12T10:05:25","modified_gmt":"2025-07-12T10:05:25","slug":"can-tuyen-tinh","status":"publish","type":"page","link":"https:\/\/fill-package.com\/vi\/linear-weigher","title":{"rendered":"C\u00e2n tuy\u1ebfn t\u00ednh"},"content":{"rendered":"","protected":false},"excerpt":{"rendered":"","protected":false},"author":1,"featured_media":0,"parent":1558,"menu_order":0,"comment_status":"closed","ping_status":"closed","template":"product-category3.php","meta":{"site-sidebar-layout":"default","site-content-layout":"page-builder","ast-site-content-layout":"full-width-container","site-content-style":"unboxed","site-sidebar-style":"unboxed","ast-global-header-display":"","ast-banner-title-visibility":"","ast-main-header-display":"","ast-hfb-above-header-display":"","ast-hfb-below-header-display":"","ast-hfb-mobile-header-display":"","site-post-title":"","ast-breadcrumbs-content":"","ast-featured-img":"","footer-sml-layout":"","ast-disable-related-posts":"","theme-transparent-header-meta":"default","adv-header-id-meta":"","stick-header-meta":"default","header-above-stick-meta":"","header-main-stick-meta":"","header-below-stick-meta":"","astra-migrate-meta-layouts":"set","ast-page-background-enabled":"default","ast-page-background-meta":{"desktop":{"background-color":"","background-image":"","background-repeat":"repeat","background-position":"center center","background-size":"auto","background-attachment":"scroll","background-type":"","background-media":"","overlay-type":"","overlay-color":"","overlay-opacity":"","overlay-gradient":""},"tablet":{"background-color":"","background-image":"","background-repeat":"repeat","background-position":"center center","background-size":"auto","background-attachment":"scroll","background-type":"","background-media":"","overlay-type":"","overlay-color":"","overlay-opacity":"","overlay-gradient":""},"mobile":{"background-color":"","background-image":"","background-repeat":"repeat","background-position":"center center","background-size":"auto","background-attachment":"scroll","background-type":"","background-media":"","overlay-type":"","overlay-color":"","overlay-opacity":"","overlay-gradient":""}},"ast-content-background-meta":{"desktop":{"background-color":"var(--ast-global-color-5)","background-image":"","background-repeat":"repeat","background-position":"center center","background-size":"auto","background-attachment":"scroll","background-type":"","background-media":"","overlay-type":"","overlay-color":"","overlay-opacity":"","overlay-gradient":""},"tablet":{"background-color":"var(--ast-global-color-5)","background-image":"","background-repeat":"repeat","background-position":"center center","background-size":"auto","background-attachment":"scroll","background-type":"","background-media":"","overlay-type":"","overlay-color":"","overlay-opacity":"","overlay-gradient":""},"mobile":{"background-color":"var(--ast-global-color-5)","background-image":"","background-repeat":"repeat","background-position":"center center","background-size":"auto","background-attachment":"scroll","background-type":"","background-media":"","overlay-type":"","overlay-color":"","overlay-opacity":"","overlay-gradient":""}},"footnotes":""},"class_list":["post-9187","page","type-page","status-publish","hentry"],"acf":[],"yoast_head":"<!-- This site is optimized with the Yoast SEO plugin v27.3 - https:\/\/yoast.com\/product\/yoast-seo-wordpress\/ -->\n<title>Linear Weigher | Precision Granular &amp; Powder Weighing Solutions<\/title>\n<meta name=\"description\" content=\"Discover Head linear weigher \u2013 ideal for sugar, rice, beans, seeds, spices, and powders. Compact design, and easy cleaning for food packaging lines. Perfect for automating small and medium production.\" \/>\n<meta name=\"robots\" content=\"index, follow, max-snippet:-1, max-image-preview:large, max-video-preview:-1\" \/>\n<link rel=\"canonical\" href=\"https:\/\/fill-package.com\/vi\/can-tuyen-tinh\/\" \/>\n<meta property=\"og:locale\" content=\"vi_VN\" \/>\n<meta property=\"og:type\" content=\"article\" \/>\n<meta property=\"og:title\" content=\"Linear Weigher | Precision Granular &amp; Powder Weighing Solutions\" \/>\n<meta property=\"og:description\" content=\"Discover Head linear weigher \u2013 ideal for sugar, rice, beans, seeds, spices, and powders. Compact design, and easy cleaning for food packaging lines. Perfect for automating small and medium production.\" \/>\n<meta property=\"og:url\" content=\"https:\/\/fill-package.com\/vi\/can-tuyen-tinh\/\" \/>\n<meta property=\"og:site_name\" content=\"Fill&amp;Package\" \/>\n<meta name=\"twitter:card\" content=\"summary_large_image\" \/>\n<script type=\"application\/ld+json\" class=\"yoast-schema-graph\">{\"@context\":\"https:\\\/\\\/schema.org\",\"@graph\":[{\"@type\":\"WebPage\",\"@id\":\"https:\\\/\\\/fill-package.com\\\/linear-weigher\\\/\",\"url\":\"https:\\\/\\\/fill-package.com\\\/linear-weigher\\\/\",\"name\":\"Linear Weigher | Precision Granular & Powder Weighing Solutions\",\"isPartOf\":{\"@id\":\"https:\\\/\\\/fill-package.com\\\/#website\"},\"datePublished\":\"2025-07-12T10:05:25+00:00\",\"description\":\"Discover Head linear weigher \u2013 ideal for sugar, rice, beans, seeds, spices, and powders. Compact design, and easy cleaning for food packaging lines. Perfect for automating small and medium production.\",\"breadcrumb\":{\"@id\":\"https:\\\/\\\/fill-package.com\\\/linear-weigher\\\/#breadcrumb\"},\"inLanguage\":\"vi\",\"potentialAction\":[{\"@type\":\"ReadAction\",\"target\":[\"https:\\\/\\\/fill-package.com\\\/linear-weigher\\\/\"]}]},{\"@type\":\"BreadcrumbList\",\"@id\":\"https:\\\/\\\/fill-package.com\\\/linear-weigher\\\/#breadcrumb\",\"itemListElement\":[{\"@type\":\"ListItem\",\"position\":1,\"name\":\"Home\",\"item\":\"https:\\\/\\\/fill-package.com\\\/\"},{\"@type\":\"ListItem\",\"position\":2,\"name\":\"Multihead Weighers\",\"item\":\"https:\\\/\\\/fill-package.com\\\/multihead-weighers\\\/\"},{\"@type\":\"ListItem\",\"position\":3,\"name\":\"Linear Weigher\"}]},{\"@type\":\"WebSite\",\"@id\":\"https:\\\/\\\/fill-package.com\\\/#website\",\"url\":\"https:\\\/\\\/fill-package.com\\\/\",\"name\":\"Fill&amp;Package\",\"description\":\"\",\"potentialAction\":[{\"@type\":\"SearchAction\",\"target\":{\"@type\":\"EntryPoint\",\"urlTemplate\":\"https:\\\/\\\/fill-package.com\\\/?s={search_term_string}\"},\"query-input\":{\"@type\":\"PropertyValueSpecification\",\"valueRequired\":true,\"valueName\":\"search_term_string\"}}],\"inLanguage\":\"vi\"}]}<\/script>\n<!-- \/ Yoast SEO plugin. -->","yoast_head_json":{"title":"C\u00e2n tuy\u1ebfn t\u00ednh | Gi\u1ea3i ph\u00e1p c\u00e2n ch\u00ednh x\u00e1c d\u1ea1ng h\u1ea1t v\u00e0 b\u1ed9t","description":"M\u00e1y c\u00e2n \u0111\u1ecbnh l\u01b0\u1ee3ng tuy\u1ebfn t\u00ednh Discover Head \u2013 l\u00fd t\u01b0\u1edfng cho \u0111\u01b0\u1eddng, g\u1ea1o, \u0111\u1eadu, h\u1ea1t, gia v\u1ecb v\u00e0 b\u1ed9t. Thi\u1ebft k\u1ebf nh\u1ecf g\u1ecdn, d\u1ec5 v\u1ec7 sinh cho d\u00e2y chuy\u1ec1n \u0111\u00f3ng g\u00f3i th\u1ef1c ph\u1ea9m. Ho\u00e0n h\u1ea3o cho vi\u1ec7c t\u1ef1 \u0111\u1ed9ng h\u00f3a s\u1ea3n xu\u1ea5t v\u1eeba v\u00e0 nh\u1ecf.","robots":{"index":"index","follow":"follow","max-snippet":"max-snippet:-1","max-image-preview":"max-image-preview:large","max-video-preview":"max-video-preview:-1"},"canonical":"https:\/\/fill-package.com\/vi\/can-tuyen-tinh\/","og_locale":"vi_VN","og_type":"article","og_title":"Linear Weigher | Precision Granular & Powder Weighing Solutions","og_description":"Discover Head linear weigher \u2013 ideal for sugar, rice, beans, seeds, spices, and powders. Compact design, and easy cleaning for food packaging lines. Perfect for automating small and medium production.","og_url":"https:\/\/fill-package.com\/vi\/can-tuyen-tinh\/","og_site_name":"Fill&amp;Package","twitter_card":"summary_large_image","schema":{"@context":"https:\/\/schema.org","@graph":[{"@type":"WebPage","@id":"https:\/\/fill-package.com\/linear-weigher\/","url":"https:\/\/fill-package.com\/linear-weigher\/","name":"C\u00e2n tuy\u1ebfn t\u00ednh | Gi\u1ea3i ph\u00e1p c\u00e2n ch\u00ednh x\u00e1c d\u1ea1ng h\u1ea1t v\u00e0 b\u1ed9t","isPartOf":{"@id":"https:\/\/fill-package.com\/#website"},"datePublished":"2025-07-12T10:05:25+00:00","description":"M\u00e1y c\u00e2n \u0111\u1ecbnh l\u01b0\u1ee3ng tuy\u1ebfn t\u00ednh Discover Head \u2013 l\u00fd t\u01b0\u1edfng cho \u0111\u01b0\u1eddng, g\u1ea1o, \u0111\u1eadu, h\u1ea1t, gia v\u1ecb v\u00e0 b\u1ed9t. Thi\u1ebft k\u1ebf nh\u1ecf g\u1ecdn, d\u1ec5 v\u1ec7 sinh cho d\u00e2y chuy\u1ec1n \u0111\u00f3ng g\u00f3i th\u1ef1c ph\u1ea9m. Ho\u00e0n h\u1ea3o cho vi\u1ec7c t\u1ef1 \u0111\u1ed9ng h\u00f3a s\u1ea3n xu\u1ea5t v\u1eeba v\u00e0 nh\u1ecf.","breadcrumb":{"@id":"https:\/\/fill-package.com\/linear-weigher\/#breadcrumb"},"inLanguage":"vi","potentialAction":[{"@type":"ReadAction","target":["https:\/\/fill-package.com\/linear-weigher\/"]}]},{"@type":"BreadcrumbList","@id":"https:\/\/fill-package.com\/linear-weigher\/#breadcrumb","itemListElement":[{"@type":"ListItem","position":1,"name":"Home","item":"https:\/\/fill-package.com\/"},{"@type":"ListItem","position":2,"name":"Multihead Weighers","item":"https:\/\/fill-package.com\/multihead-weighers\/"},{"@type":"ListItem","position":3,"name":"Linear Weigher"}]},{"@type":"WebSite","@id":"https:\/\/fill-package.com\/#website","url":"https:\/\/fill-package.com\/","name":"\u0110i\u1ec1n &amp; \u0110\u00f3ng g\u00f3i","description":"","potentialAction":[{"@type":"SearchAction","target":{"@type":"EntryPoint","urlTemplate":"https:\/\/fill-package.com\/?s={search_term_string}"},"query-input":{"@type":"PropertyValueSpecification","valueRequired":true,"valueName":"search_term_string"}}],"inLanguage":"vi"}]}},"_links":{"self":[{"href":"https:\/\/fill-package.com\/vi\/wp-json\/wp\/v2\/pages\/9187","targetHints":{"allow":["GET"]}}],"collection":[{"href":"https:\/\/fill-package.com\/vi\/wp-json\/wp\/v2\/pages"}],"about":[{"href":"https:\/\/fill-package.com\/vi\/wp-json\/wp\/v2\/types\/page"}],"author":[{"embeddable":true,"href":"https:\/\/fill-package.com\/vi\/wp-json\/wp\/v2\/users\/1"}],"replies":[{"embeddable":true,"href":"https:\/\/fill-package.com\/vi\/wp-json\/wp\/v2\/comments?post=9187"}],"version-history":[{"count":3,"href":"https:\/\/fill-package.com\/vi\/wp-json\/wp\/v2\/pages\/9187\/revisions"}],"predecessor-version":[{"id":9196,"href":"https:\/\/fill-package.com\/vi\/wp-json\/wp\/v2\/pages\/9187\/revisions\/9196"}],"up":[{"embeddable":true,"href":"https:\/\/fill-package.com\/vi\/wp-json\/wp\/v2\/pages\/1558"}],"wp:attachment":[{"href":"https:\/\/fill-package.com\/vi\/wp-json\/wp\/v2\/media?parent=9187"}],"curies":[{"name":"wp","href":"https:\/\/api.w.org\/{rel}","templated":true}]}}