{"id":9168,"date":"2025-07-11T07:52:17","date_gmt":"2025-07-11T07:52:17","guid":{"rendered":"https:\/\/fill-package.com\/?page_id=9168"},"modified":"2025-07-11T07:53:43","modified_gmt":"2025-07-11T07:53:43","slug":"may-can-bang-tai","status":"publish","type":"page","link":"https:\/\/fill-package.com\/vi\/belt-feeder-weigher","title":{"rendered":"M\u00e1y c\u00e2n b\u0103ng t\u1ea3i"},"content":{"rendered":"","protected":false},"excerpt":{"rendered":"","protected":false},"author":1,"featured_media":0,"parent":1558,"menu_order":0,"comment_status":"closed","ping_status":"closed","template":"product-category3.php","meta":{"site-sidebar-layout":"default","site-content-layout":"page-builder","ast-site-content-layout":"full-width-container","site-content-style":"unboxed","site-sidebar-style":"unboxed","ast-global-header-display":"","ast-banner-title-visibility":"","ast-main-header-display":"","ast-hfb-above-header-display":"","ast-hfb-below-header-display":"","ast-hfb-mobile-header-display":"","site-post-title":"","ast-breadcrumbs-content":"","ast-featured-img":"","footer-sml-layout":"","ast-disable-related-posts":"","theme-transparent-header-meta":"default","adv-header-id-meta":"","stick-header-meta":"default","header-above-stick-meta":"","header-main-stick-meta":"","header-below-stick-meta":"","astra-migrate-meta-layouts":"set","ast-page-background-enabled":"default","ast-page-background-meta":{"desktop":{"background-color":"","background-image":"","background-repeat":"repeat","background-position":"center center","background-size":"auto","background-attachment":"scroll","background-type":"","background-media":"","overlay-type":"","overlay-color":"","overlay-opacity":"","overlay-gradient":""},"tablet":{"background-color":"","background-image":"","background-repeat":"repeat","background-position":"center center","background-size":"auto","background-attachment":"scroll","background-type":"","background-media":"","overlay-type":"","overlay-color":"","overlay-opacity":"","overlay-gradient":""},"mobile":{"background-color":"","background-image":"","background-repeat":"repeat","background-position":"center center","background-size":"auto","background-attachment":"scroll","background-type":"","background-media":"","overlay-type":"","overlay-color":"","overlay-opacity":"","overlay-gradient":""}},"ast-content-background-meta":{"desktop":{"background-color":"var(--ast-global-color-5)","background-image":"","background-repeat":"repeat","background-position":"center center","background-size":"auto","background-attachment":"scroll","background-type":"","background-media":"","overlay-type":"","overlay-color":"","overlay-opacity":"","overlay-gradient":""},"tablet":{"background-color":"var(--ast-global-color-5)","background-image":"","background-repeat":"repeat","background-position":"center center","background-size":"auto","background-attachment":"scroll","background-type":"","background-media":"","overlay-type":"","overlay-color":"","overlay-opacity":"","overlay-gradient":""},"mobile":{"background-color":"var(--ast-global-color-5)","background-image":"","background-repeat":"repeat","background-position":"center center","background-size":"auto","background-attachment":"scroll","background-type":"","background-media":"","overlay-type":"","overlay-color":"","overlay-opacity":"","overlay-gradient":""}},"footnotes":""},"class_list":["post-9168","page","type-page","status-publish","hentry"],"acf":[],"yoast_head":"<!-- This site is optimized with the Yoast SEO plugin v27.3 - https:\/\/yoast.com\/product\/yoast-seo-wordpress\/ -->\n<title>Belt Feeder Multihead Weigher | High Precision Food Packaging Machine for Sticky &amp; Difficult Materials<\/title>\n<meta name=\"description\" content=\"Discover our Belt Feeder Multihead Weigher designed for sticky, hard-to-flow food materials. Achieve high accuracy and efficiency in your packaging line with our reliable food weighing machine. Perfect for nuts, candies, dumplings, and more.\" \/>\n<meta name=\"robots\" content=\"index, follow, max-snippet:-1, max-image-preview:large, max-video-preview:-1\" \/>\n<link rel=\"canonical\" href=\"https:\/\/fill-package.com\/vi\/may-can-bang-tai\/\" \/>\n<meta property=\"og:locale\" content=\"vi_VN\" \/>\n<meta property=\"og:type\" content=\"article\" \/>\n<meta property=\"og:title\" content=\"Belt Feeder Multihead Weigher | High Precision Food Packaging Machine for Sticky &amp; Difficult Materials\" \/>\n<meta property=\"og:description\" content=\"Discover our Belt Feeder Multihead Weigher designed for sticky, hard-to-flow food materials. Achieve high accuracy and efficiency in your packaging line with our reliable food weighing machine. Perfect for nuts, candies, dumplings, and more.\" \/>\n<meta property=\"og:url\" content=\"https:\/\/fill-package.com\/vi\/may-can-bang-tai\/\" \/>\n<meta property=\"og:site_name\" content=\"Fill&amp;Package\" \/>\n<meta property=\"article:modified_time\" content=\"2025-07-11T07:53:43+00:00\" \/>\n<meta name=\"twitter:card\" content=\"summary_large_image\" \/>\n<script type=\"application\/ld+json\" class=\"yoast-schema-graph\">{\"@context\":\"https:\\\/\\\/schema.org\",\"@graph\":[{\"@type\":\"WebPage\",\"@id\":\"https:\\\/\\\/fill-package.com\\\/belt-feeder-weigher\\\/\",\"url\":\"https:\\\/\\\/fill-package.com\\\/belt-feeder-weigher\\\/\",\"name\":\"Belt Feeder Multihead Weigher | High Precision Food Packaging Machine for Sticky & Difficult Materials\",\"isPartOf\":{\"@id\":\"https:\\\/\\\/fill-package.com\\\/#website\"},\"datePublished\":\"2025-07-11T07:52:17+00:00\",\"dateModified\":\"2025-07-11T07:53:43+00:00\",\"description\":\"Discover our Belt Feeder Multihead Weigher designed for sticky, hard-to-flow food materials. Achieve high accuracy and efficiency in your packaging line with our reliable food weighing machine. Perfect for nuts, candies, dumplings, and more.\",\"breadcrumb\":{\"@id\":\"https:\\\/\\\/fill-package.com\\\/belt-feeder-weigher\\\/#breadcrumb\"},\"inLanguage\":\"vi\",\"potentialAction\":[{\"@type\":\"ReadAction\",\"target\":[\"https:\\\/\\\/fill-package.com\\\/belt-feeder-weigher\\\/\"]}]},{\"@type\":\"BreadcrumbList\",\"@id\":\"https:\\\/\\\/fill-package.com\\\/belt-feeder-weigher\\\/#breadcrumb\",\"itemListElement\":[{\"@type\":\"ListItem\",\"position\":1,\"name\":\"Home\",\"item\":\"https:\\\/\\\/fill-package.com\\\/\"},{\"@type\":\"ListItem\",\"position\":2,\"name\":\"Multihead Weighers\",\"item\":\"https:\\\/\\\/fill-package.com\\\/multihead-weighers\\\/\"},{\"@type\":\"ListItem\",\"position\":3,\"name\":\"Belt Feeder Weigher\"}]},{\"@type\":\"WebSite\",\"@id\":\"https:\\\/\\\/fill-package.com\\\/#website\",\"url\":\"https:\\\/\\\/fill-package.com\\\/\",\"name\":\"Fill&amp;Package\",\"description\":\"\",\"potentialAction\":[{\"@type\":\"SearchAction\",\"target\":{\"@type\":\"EntryPoint\",\"urlTemplate\":\"https:\\\/\\\/fill-package.com\\\/?s={search_term_string}\"},\"query-input\":{\"@type\":\"PropertyValueSpecification\",\"valueRequired\":true,\"valueName\":\"search_term_string\"}}],\"inLanguage\":\"vi\"}]}<\/script>\n<!-- \/ Yoast SEO plugin. -->","yoast_head_json":{"title":"M\u00e1y c\u00e2n \u0111\u1ecbnh l\u01b0\u1ee3ng nhi\u1ec1u \u0111\u1ea7u | M\u00e1y \u0111\u00f3ng g\u00f3i th\u1ef1c ph\u1ea9m ch\u00ednh x\u00e1c cao cho v\u1eadt li\u1ec7u d\u00ednh v\u00e0 kh\u00f3 \u0111\u1ecbnh l\u01b0\u1ee3ng","description":"Kh\u00e1m ph\u00e1 M\u00e1y c\u00e2n \u0111\u1ecbnh l\u01b0\u1ee3ng \u0111a \u0111\u1ea7u n\u1ea1p li\u1ec7u b\u0103ng t\u1ea3i c\u1ee7a ch\u00fang t\u00f4i, \u0111\u01b0\u1ee3c thi\u1ebft k\u1ebf d\u00e0nh cho c\u00e1c lo\u1ea1i th\u1ef1c ph\u1ea9m d\u00ednh, kh\u00f3 ch\u1ea3y. \u0110\u1ea1t \u0111\u01b0\u1ee3c \u0111\u1ed9 ch\u00ednh x\u00e1c v\u00e0 hi\u1ec7u qu\u1ea3 cao trong d\u00e2y chuy\u1ec1n \u0111\u00f3ng g\u00f3i c\u1ee7a b\u1ea1n v\u1edbi m\u00e1y c\u00e2n th\u1ef1c ph\u1ea9m \u0111\u00e1ng tin c\u1eady c\u1ee7a ch\u00fang t\u00f4i. Ho\u00e0n h\u1ea3o cho c\u00e1c lo\u1ea1i h\u1ea1t, k\u1eb9o, b\u00e1nh bao, v.v.","robots":{"index":"index","follow":"follow","max-snippet":"max-snippet:-1","max-image-preview":"max-image-preview:large","max-video-preview":"max-video-preview:-1"},"canonical":"https:\/\/fill-package.com\/vi\/may-can-bang-tai\/","og_locale":"vi_VN","og_type":"article","og_title":"Belt Feeder Multihead Weigher | High Precision Food Packaging Machine for Sticky & Difficult Materials","og_description":"Discover our Belt Feeder Multihead Weigher designed for sticky, hard-to-flow food materials. Achieve high accuracy and efficiency in your packaging line with our reliable food weighing machine. Perfect for nuts, candies, dumplings, and more.","og_url":"https:\/\/fill-package.com\/vi\/may-can-bang-tai\/","og_site_name":"Fill&amp;Package","article_modified_time":"2025-07-11T07:53:43+00:00","twitter_card":"summary_large_image","schema":{"@context":"https:\/\/schema.org","@graph":[{"@type":"WebPage","@id":"https:\/\/fill-package.com\/belt-feeder-weigher\/","url":"https:\/\/fill-package.com\/belt-feeder-weigher\/","name":"M\u00e1y c\u00e2n \u0111\u1ecbnh l\u01b0\u1ee3ng nhi\u1ec1u \u0111\u1ea7u | M\u00e1y \u0111\u00f3ng g\u00f3i th\u1ef1c ph\u1ea9m ch\u00ednh x\u00e1c cao cho v\u1eadt li\u1ec7u d\u00ednh v\u00e0 kh\u00f3 \u0111\u1ecbnh l\u01b0\u1ee3ng","isPartOf":{"@id":"https:\/\/fill-package.com\/#website"},"datePublished":"2025-07-11T07:52:17+00:00","dateModified":"2025-07-11T07:53:43+00:00","description":"Kh\u00e1m ph\u00e1 M\u00e1y c\u00e2n \u0111\u1ecbnh l\u01b0\u1ee3ng \u0111a \u0111\u1ea7u n\u1ea1p li\u1ec7u b\u0103ng t\u1ea3i c\u1ee7a ch\u00fang t\u00f4i, \u0111\u01b0\u1ee3c thi\u1ebft k\u1ebf d\u00e0nh cho c\u00e1c lo\u1ea1i th\u1ef1c ph\u1ea9m d\u00ednh, kh\u00f3 ch\u1ea3y. \u0110\u1ea1t \u0111\u01b0\u1ee3c \u0111\u1ed9 ch\u00ednh x\u00e1c v\u00e0 hi\u1ec7u qu\u1ea3 cao trong d\u00e2y chuy\u1ec1n \u0111\u00f3ng g\u00f3i c\u1ee7a b\u1ea1n v\u1edbi m\u00e1y c\u00e2n th\u1ef1c ph\u1ea9m \u0111\u00e1ng tin c\u1eady c\u1ee7a ch\u00fang t\u00f4i. Ho\u00e0n h\u1ea3o cho c\u00e1c lo\u1ea1i h\u1ea1t, k\u1eb9o, b\u00e1nh bao, v.v.","breadcrumb":{"@id":"https:\/\/fill-package.com\/belt-feeder-weigher\/#breadcrumb"},"inLanguage":"vi","potentialAction":[{"@type":"ReadAction","target":["https:\/\/fill-package.com\/belt-feeder-weigher\/"]}]},{"@type":"BreadcrumbList","@id":"https:\/\/fill-package.com\/belt-feeder-weigher\/#breadcrumb","itemListElement":[{"@type":"ListItem","position":1,"name":"Home","item":"https:\/\/fill-package.com\/"},{"@type":"ListItem","position":2,"name":"Multihead Weighers","item":"https:\/\/fill-package.com\/multihead-weighers\/"},{"@type":"ListItem","position":3,"name":"Belt Feeder Weigher"}]},{"@type":"WebSite","@id":"https:\/\/fill-package.com\/#website","url":"https:\/\/fill-package.com\/","name":"\u0110i\u1ec1n &amp; \u0110\u00f3ng g\u00f3i","description":"","potentialAction":[{"@type":"SearchAction","target":{"@type":"EntryPoint","urlTemplate":"https:\/\/fill-package.com\/?s={search_term_string}"},"query-input":{"@type":"PropertyValueSpecification","valueRequired":true,"valueName":"search_term_string"}}],"inLanguage":"vi"}]}},"_links":{"self":[{"href":"https:\/\/fill-package.com\/vi\/wp-json\/wp\/v2\/pages\/9168","targetHints":{"allow":["GET"]}}],"collection":[{"href":"https:\/\/fill-package.com\/vi\/wp-json\/wp\/v2\/pages"}],"about":[{"href":"https:\/\/fill-package.com\/vi\/wp-json\/wp\/v2\/types\/page"}],"author":[{"embeddable":true,"href":"https:\/\/fill-package.com\/vi\/wp-json\/wp\/v2\/users\/1"}],"replies":[{"embeddable":true,"href":"https:\/\/fill-package.com\/vi\/wp-json\/wp\/v2\/comments?post=9168"}],"version-history":[{"count":2,"href":"https:\/\/fill-package.com\/vi\/wp-json\/wp\/v2\/pages\/9168\/revisions"}],"predecessor-version":[{"id":9176,"href":"https:\/\/fill-package.com\/vi\/wp-json\/wp\/v2\/pages\/9168\/revisions\/9176"}],"up":[{"embeddable":true,"href":"https:\/\/fill-package.com\/vi\/wp-json\/wp\/v2\/pages\/1558"}],"wp:attachment":[{"href":"https:\/\/fill-package.com\/vi\/wp-json\/wp\/v2\/media?parent=9168"}],"curies":[{"name":"wp","href":"https:\/\/api.w.org\/{rel}","templated":true}]}}