{"id":8836,"date":"2025-05-22T08:39:54","date_gmt":"2025-05-22T08:39:54","guid":{"rendered":"https:\/\/fill-package.com\/?page_id=8836"},"modified":"2025-05-23T07:49:34","modified_gmt":"2025-05-23T07:49:34","slug":"pouch-packaging-machines","status":"publish","type":"page","link":"https:\/\/fill-package.com\/vi\/pouch-packaging-machies","title":{"rendered":"M\u00e1y \u0111\u00f3ng g\u00f3i t\u00fai"},"content":{"rendered":"","protected":false},"excerpt":{"rendered":"","protected":false},"author":1,"featured_media":0,"parent":6231,"menu_order":0,"comment_status":"closed","ping_status":"closed","template":"product-category3.php","meta":{"site-sidebar-layout":"default","site-content-layout":"page-builder","ast-site-content-layout":"full-width-container","site-content-style":"unboxed","site-sidebar-style":"unboxed","ast-global-header-display":"","ast-banner-title-visibility":"","ast-main-header-display":"","ast-hfb-above-header-display":"","ast-hfb-below-header-display":"","ast-hfb-mobile-header-display":"","site-post-title":"","ast-breadcrumbs-content":"","ast-featured-img":"","footer-sml-layout":"","ast-disable-related-posts":"","theme-transparent-header-meta":"default","adv-header-id-meta":"","stick-header-meta":"default","header-above-stick-meta":"","header-main-stick-meta":"","header-below-stick-meta":"","astra-migrate-meta-layouts":"set","ast-page-background-enabled":"default","ast-page-background-meta":{"desktop":{"background-color":"","background-image":"","background-repeat":"repeat","background-position":"center center","background-size":"auto","background-attachment":"scroll","background-type":"","background-media":"","overlay-type":"","overlay-color":"","overlay-opacity":"","overlay-gradient":""},"tablet":{"background-color":"","background-image":"","background-repeat":"repeat","background-position":"center center","background-size":"auto","background-attachment":"scroll","background-type":"","background-media":"","overlay-type":"","overlay-color":"","overlay-opacity":"","overlay-gradient":""},"mobile":{"background-color":"","background-image":"","background-repeat":"repeat","background-position":"center center","background-size":"auto","background-attachment":"scroll","background-type":"","background-media":"","overlay-type":"","overlay-color":"","overlay-opacity":"","overlay-gradient":""}},"ast-content-background-meta":{"desktop":{"background-color":"var(--ast-global-color-5)","background-image":"","background-repeat":"repeat","background-position":"center center","background-size":"auto","background-attachment":"scroll","background-type":"","background-media":"","overlay-type":"","overlay-color":"","overlay-opacity":"","overlay-gradient":""},"tablet":{"background-color":"var(--ast-global-color-5)","background-image":"","background-repeat":"repeat","background-position":"center center","background-size":"auto","background-attachment":"scroll","background-type":"","background-media":"","overlay-type":"","overlay-color":"","overlay-opacity":"","overlay-gradient":""},"mobile":{"background-color":"var(--ast-global-color-5)","background-image":"","background-repeat":"repeat","background-position":"center center","background-size":"auto","background-attachment":"scroll","background-type":"","background-media":"","overlay-type":"","overlay-color":"","overlay-opacity":"","overlay-gradient":""}},"footnotes":""},"class_list":["post-8836","page","type-page","status-publish","hentry"],"acf":[],"yoast_head":"<!-- This site is optimized with the Yoast SEO plugin v27.3 - https:\/\/yoast.com\/product\/yoast-seo-wordpress\/ -->\n<title>Stand-Up Pouch Packaging Machines | Fill Package Automatic Doypack Fillers<\/title>\n<meta name=\"description\" content=\"Fill Package offers mini, horizontal, and rotary stand-up pouch packaging machines for food, pet food, powders, and liquids. Trusted doypack filling solutions\u2014compact, high-speed, and fully automated.\" \/>\n<meta name=\"robots\" content=\"index, follow, max-snippet:-1, max-image-preview:large, max-video-preview:-1\" \/>\n<link rel=\"canonical\" href=\"https:\/\/fill-package.com\/vi\/may-dong-goi-tui\/\" \/>\n<meta property=\"og:locale\" content=\"vi_VN\" \/>\n<meta property=\"og:type\" content=\"article\" \/>\n<meta property=\"og:title\" content=\"Stand-Up Pouch Packaging Machines | Fill Package Automatic Doypack Fillers\" \/>\n<meta property=\"og:description\" content=\"Fill Package offers mini, horizontal, and rotary stand-up pouch packaging machines for food, pet food, powders, and liquids. Trusted doypack filling solutions\u2014compact, high-speed, and fully automated.\" \/>\n<meta property=\"og:url\" content=\"https:\/\/fill-package.com\/vi\/may-dong-goi-tui\/\" \/>\n<meta property=\"og:site_name\" content=\"Fill&amp;Package\" \/>\n<meta property=\"article:modified_time\" content=\"2025-05-23T07:49:34+00:00\" \/>\n<meta name=\"twitter:card\" content=\"summary_large_image\" \/>\n<script type=\"application\/ld+json\" class=\"yoast-schema-graph\">{\"@context\":\"https:\\\/\\\/schema.org\",\"@graph\":[{\"@type\":\"WebPage\",\"@id\":\"https:\\\/\\\/fill-package.com\\\/pouch-packaging-machies\\\/\",\"url\":\"https:\\\/\\\/fill-package.com\\\/pouch-packaging-machies\\\/\",\"name\":\"Stand-Up Pouch Packaging Machines | Fill Package Automatic Doypack Fillers\",\"isPartOf\":{\"@id\":\"https:\\\/\\\/fill-package.com\\\/#website\"},\"datePublished\":\"2025-05-22T08:39:54+00:00\",\"dateModified\":\"2025-05-23T07:49:34+00:00\",\"description\":\"Fill Package offers mini, horizontal, and rotary stand-up pouch packaging machines for food, pet food, powders, and liquids. Trusted doypack filling solutions\u2014compact, high-speed, and fully automated.\",\"breadcrumb\":{\"@id\":\"https:\\\/\\\/fill-package.com\\\/pouch-packaging-machies\\\/#breadcrumb\"},\"inLanguage\":\"vi\",\"potentialAction\":[{\"@type\":\"ReadAction\",\"target\":[\"https:\\\/\\\/fill-package.com\\\/pouch-packaging-machies\\\/\"]}]},{\"@type\":\"BreadcrumbList\",\"@id\":\"https:\\\/\\\/fill-package.com\\\/pouch-packaging-machies\\\/#breadcrumb\",\"itemListElement\":[{\"@type\":\"ListItem\",\"position\":1,\"name\":\"Home\",\"item\":\"https:\\\/\\\/fill-package.com\\\/\"},{\"@type\":\"ListItem\",\"position\":2,\"name\":\"Belt Conveyor\",\"item\":\"https:\\\/\\\/fill-package.com\\\/belt-conveyor\\\/\"},{\"@type\":\"ListItem\",\"position\":3,\"name\":\"Pouch Packaging Machines\"}]},{\"@type\":\"WebSite\",\"@id\":\"https:\\\/\\\/fill-package.com\\\/#website\",\"url\":\"https:\\\/\\\/fill-package.com\\\/\",\"name\":\"Fill&amp;Package\",\"description\":\"\",\"potentialAction\":[{\"@type\":\"SearchAction\",\"target\":{\"@type\":\"EntryPoint\",\"urlTemplate\":\"https:\\\/\\\/fill-package.com\\\/?s={search_term_string}\"},\"query-input\":{\"@type\":\"PropertyValueSpecification\",\"valueRequired\":true,\"valueName\":\"search_term_string\"}}],\"inLanguage\":\"vi\"}]}<\/script>\n<!-- \/ Yoast SEO plugin. -->","yoast_head_json":{"title":"M\u00e1y \u0111\u00f3ng g\u00f3i t\u00fai \u0111\u1ee9ng | M\u00e1y \u0111\u00f3ng g\u00f3i t\u1ef1 \u0111\u1ed9ng Doypack","description":"Fill Package cung c\u1ea5p m\u00e1y \u0111\u00f3ng g\u00f3i t\u00fai \u0111\u1ee9ng mini, n\u1eb1m ngang v\u00e0 xoay cho th\u1ef1c ph\u1ea9m, th\u1ee9c \u0103n cho th\u00fa c\u01b0ng, b\u1ed9t v\u00e0 ch\u1ea5t l\u1ecfng. Gi\u1ea3i ph\u00e1p \u0111\u00f3ng g\u00f3i doypack \u0111\u00e1ng tin c\u1eady\u2014nh\u1ecf g\u1ecdn, t\u1ed1c \u0111\u1ed9 cao v\u00e0 ho\u00e0n to\u00e0n t\u1ef1 \u0111\u1ed9ng.","robots":{"index":"index","follow":"follow","max-snippet":"max-snippet:-1","max-image-preview":"max-image-preview:large","max-video-preview":"max-video-preview:-1"},"canonical":"https:\/\/fill-package.com\/vi\/may-dong-goi-tui\/","og_locale":"vi_VN","og_type":"article","og_title":"Stand-Up Pouch Packaging Machines | Fill Package Automatic Doypack Fillers","og_description":"Fill Package offers mini, horizontal, and rotary stand-up pouch packaging machines for food, pet food, powders, and liquids. Trusted doypack filling solutions\u2014compact, high-speed, and fully automated.","og_url":"https:\/\/fill-package.com\/vi\/may-dong-goi-tui\/","og_site_name":"Fill&amp;Package","article_modified_time":"2025-05-23T07:49:34+00:00","twitter_card":"summary_large_image","schema":{"@context":"https:\/\/schema.org","@graph":[{"@type":"WebPage","@id":"https:\/\/fill-package.com\/pouch-packaging-machies\/","url":"https:\/\/fill-package.com\/pouch-packaging-machies\/","name":"M\u00e1y \u0111\u00f3ng g\u00f3i t\u00fai \u0111\u1ee9ng | M\u00e1y \u0111\u00f3ng g\u00f3i t\u1ef1 \u0111\u1ed9ng Doypack","isPartOf":{"@id":"https:\/\/fill-package.com\/#website"},"datePublished":"2025-05-22T08:39:54+00:00","dateModified":"2025-05-23T07:49:34+00:00","description":"Fill Package cung c\u1ea5p m\u00e1y \u0111\u00f3ng g\u00f3i t\u00fai \u0111\u1ee9ng mini, n\u1eb1m ngang v\u00e0 xoay cho th\u1ef1c ph\u1ea9m, th\u1ee9c \u0103n cho th\u00fa c\u01b0ng, b\u1ed9t v\u00e0 ch\u1ea5t l\u1ecfng. Gi\u1ea3i ph\u00e1p \u0111\u00f3ng g\u00f3i doypack \u0111\u00e1ng tin c\u1eady\u2014nh\u1ecf g\u1ecdn, t\u1ed1c \u0111\u1ed9 cao v\u00e0 ho\u00e0n to\u00e0n t\u1ef1 \u0111\u1ed9ng.","breadcrumb":{"@id":"https:\/\/fill-package.com\/pouch-packaging-machies\/#breadcrumb"},"inLanguage":"vi","potentialAction":[{"@type":"ReadAction","target":["https:\/\/fill-package.com\/pouch-packaging-machies\/"]}]},{"@type":"BreadcrumbList","@id":"https:\/\/fill-package.com\/pouch-packaging-machies\/#breadcrumb","itemListElement":[{"@type":"ListItem","position":1,"name":"Home","item":"https:\/\/fill-package.com\/"},{"@type":"ListItem","position":2,"name":"Belt Conveyor","item":"https:\/\/fill-package.com\/belt-conveyor\/"},{"@type":"ListItem","position":3,"name":"Pouch Packaging Machines"}]},{"@type":"WebSite","@id":"https:\/\/fill-package.com\/#website","url":"https:\/\/fill-package.com\/","name":"\u0110i\u1ec1n &amp; \u0110\u00f3ng g\u00f3i","description":"","potentialAction":[{"@type":"SearchAction","target":{"@type":"EntryPoint","urlTemplate":"https:\/\/fill-package.com\/?s={search_term_string}"},"query-input":{"@type":"PropertyValueSpecification","valueRequired":true,"valueName":"search_term_string"}}],"inLanguage":"vi"}]}},"_links":{"self":[{"href":"https:\/\/fill-package.com\/vi\/wp-json\/wp\/v2\/pages\/8836","targetHints":{"allow":["GET"]}}],"collection":[{"href":"https:\/\/fill-package.com\/vi\/wp-json\/wp\/v2\/pages"}],"about":[{"href":"https:\/\/fill-package.com\/vi\/wp-json\/wp\/v2\/types\/page"}],"author":[{"embeddable":true,"href":"https:\/\/fill-package.com\/vi\/wp-json\/wp\/v2\/users\/1"}],"replies":[{"embeddable":true,"href":"https:\/\/fill-package.com\/vi\/wp-json\/wp\/v2\/comments?post=8836"}],"version-history":[{"count":17,"href":"https:\/\/fill-package.com\/vi\/wp-json\/wp\/v2\/pages\/8836\/revisions"}],"predecessor-version":[{"id":8874,"href":"https:\/\/fill-package.com\/vi\/wp-json\/wp\/v2\/pages\/8836\/revisions\/8874"}],"up":[{"embeddable":true,"href":"https:\/\/fill-package.com\/vi\/wp-json\/wp\/v2\/pages\/6231"}],"wp:attachment":[{"href":"https:\/\/fill-package.com\/vi\/wp-json\/wp\/v2\/media?parent=8836"}],"curies":[{"name":"wp","href":"https:\/\/api.w.org\/{rel}","templated":true}]}}