{"id":8782,"date":"2025-05-19T09:48:17","date_gmt":"2025-05-19T09:48:17","guid":{"rendered":"https:\/\/fill-package.com\/?page_id=8782"},"modified":"2025-05-19T11:42:01","modified_gmt":"2025-05-19T11:42:01","slug":"bang-tai-truc-vit-linh-hoat","status":"publish","type":"page","link":"https:\/\/fill-package.com\/vi\/flexible-screw-conveyor","title":{"rendered":"B\u0103ng t\u1ea3i tr\u1ee5c v\u00edt linh ho\u1ea1t"},"content":{"rendered":"","protected":false},"excerpt":{"rendered":"","protected":false},"author":1,"featured_media":0,"parent":6231,"menu_order":0,"comment_status":"closed","ping_status":"closed","template":"product-category3.php","meta":{"site-sidebar-layout":"default","site-content-layout":"page-builder","ast-site-content-layout":"full-width-container","site-content-style":"unboxed","site-sidebar-style":"unboxed","ast-global-header-display":"","ast-banner-title-visibility":"","ast-main-header-display":"","ast-hfb-above-header-display":"","ast-hfb-below-header-display":"","ast-hfb-mobile-header-display":"","site-post-title":"","ast-breadcrumbs-content":"","ast-featured-img":"","footer-sml-layout":"","ast-disable-related-posts":"","theme-transparent-header-meta":"default","adv-header-id-meta":"","stick-header-meta":"default","header-above-stick-meta":"","header-main-stick-meta":"","header-below-stick-meta":"","astra-migrate-meta-layouts":"set","ast-page-background-enabled":"default","ast-page-background-meta":{"desktop":{"background-color":"","background-image":"","background-repeat":"repeat","background-position":"center center","background-size":"auto","background-attachment":"scroll","background-type":"","background-media":"","overlay-type":"","overlay-color":"","overlay-opacity":"","overlay-gradient":""},"tablet":{"background-color":"","background-image":"","background-repeat":"repeat","background-position":"center center","background-size":"auto","background-attachment":"scroll","background-type":"","background-media":"","overlay-type":"","overlay-color":"","overlay-opacity":"","overlay-gradient":""},"mobile":{"background-color":"","background-image":"","background-repeat":"repeat","background-position":"center center","background-size":"auto","background-attachment":"scroll","background-type":"","background-media":"","overlay-type":"","overlay-color":"","overlay-opacity":"","overlay-gradient":""}},"ast-content-background-meta":{"desktop":{"background-color":"var(--ast-global-color-5)","background-image":"","background-repeat":"repeat","background-position":"center center","background-size":"auto","background-attachment":"scroll","background-type":"","background-media":"","overlay-type":"","overlay-color":"","overlay-opacity":"","overlay-gradient":""},"tablet":{"background-color":"var(--ast-global-color-5)","background-image":"","background-repeat":"repeat","background-position":"center center","background-size":"auto","background-attachment":"scroll","background-type":"","background-media":"","overlay-type":"","overlay-color":"","overlay-opacity":"","overlay-gradient":""},"mobile":{"background-color":"var(--ast-global-color-5)","background-image":"","background-repeat":"repeat","background-position":"center center","background-size":"auto","background-attachment":"scroll","background-type":"","background-media":"","overlay-type":"","overlay-color":"","overlay-opacity":"","overlay-gradient":""}},"footnotes":""},"class_list":["post-8782","page","type-page","status-publish","hentry"],"acf":[],"yoast_head":"<!-- This site is optimized with the Yoast SEO plugin v27.3 - https:\/\/yoast.com\/product\/yoast-seo-wordpress\/ -->\n<title>Flexible Screw Conveyor | Inclined Screw Conveyor with Hopper Design<\/title>\n<meta name=\"description\" content=\"Explore Fill Package\u2019s flexible screw conveyors\u2014dust-tight, hygienic auger systems for bulk handling around bends and inclines up to 65\u00b0. Quick-install, low-maintenance, custom hopper options\" \/>\n<meta name=\"robots\" content=\"index, follow, max-snippet:-1, max-image-preview:large, max-video-preview:-1\" \/>\n<link rel=\"canonical\" href=\"https:\/\/fill-package.com\/vi\/bang-tai-truc-vit-linh-hoat\/\" \/>\n<meta property=\"og:locale\" content=\"vi_VN\" \/>\n<meta property=\"og:type\" content=\"article\" \/>\n<meta property=\"og:title\" content=\"Flexible Screw Conveyor | Inclined Screw Conveyor with Hopper Design\" \/>\n<meta property=\"og:description\" content=\"Explore Fill Package\u2019s flexible screw conveyors\u2014dust-tight, hygienic auger systems for bulk handling around bends and inclines up to 65\u00b0. Quick-install, low-maintenance, custom hopper options\" \/>\n<meta property=\"og:url\" content=\"https:\/\/fill-package.com\/vi\/bang-tai-truc-vit-linh-hoat\/\" \/>\n<meta property=\"og:site_name\" content=\"Fill&amp;Package\" \/>\n<meta property=\"article:modified_time\" content=\"2025-05-19T11:42:01+00:00\" \/>\n<meta name=\"twitter:card\" content=\"summary_large_image\" \/>\n<script type=\"application\/ld+json\" class=\"yoast-schema-graph\">{\"@context\":\"https:\\\/\\\/schema.org\",\"@graph\":[{\"@type\":\"WebPage\",\"@id\":\"https:\\\/\\\/fill-package.com\\\/flexible-screw-conveyor\\\/\",\"url\":\"https:\\\/\\\/fill-package.com\\\/flexible-screw-conveyor\\\/\",\"name\":\"Flexible Screw Conveyor | Inclined Screw Conveyor with Hopper Design\",\"isPartOf\":{\"@id\":\"https:\\\/\\\/fill-package.com\\\/#website\"},\"datePublished\":\"2025-05-19T09:48:17+00:00\",\"dateModified\":\"2025-05-19T11:42:01+00:00\",\"description\":\"Explore Fill Package\u2019s flexible screw conveyors\u2014dust-tight, hygienic auger systems for bulk handling around bends and inclines up to 65\u00b0. Quick-install, low-maintenance, custom hopper options\",\"breadcrumb\":{\"@id\":\"https:\\\/\\\/fill-package.com\\\/flexible-screw-conveyor\\\/#breadcrumb\"},\"inLanguage\":\"vi\",\"potentialAction\":[{\"@type\":\"ReadAction\",\"target\":[\"https:\\\/\\\/fill-package.com\\\/flexible-screw-conveyor\\\/\"]}]},{\"@type\":\"BreadcrumbList\",\"@id\":\"https:\\\/\\\/fill-package.com\\\/flexible-screw-conveyor\\\/#breadcrumb\",\"itemListElement\":[{\"@type\":\"ListItem\",\"position\":1,\"name\":\"Home\",\"item\":\"https:\\\/\\\/fill-package.com\\\/\"},{\"@type\":\"ListItem\",\"position\":2,\"name\":\"Belt Conveyor\",\"item\":\"https:\\\/\\\/fill-package.com\\\/belt-conveyor\\\/\"},{\"@type\":\"ListItem\",\"position\":3,\"name\":\"Flexible Screw Conveyor\"}]},{\"@type\":\"WebSite\",\"@id\":\"https:\\\/\\\/fill-package.com\\\/#website\",\"url\":\"https:\\\/\\\/fill-package.com\\\/\",\"name\":\"Fill&amp;Package\",\"description\":\"\",\"potentialAction\":[{\"@type\":\"SearchAction\",\"target\":{\"@type\":\"EntryPoint\",\"urlTemplate\":\"https:\\\/\\\/fill-package.com\\\/?s={search_term_string}\"},\"query-input\":{\"@type\":\"PropertyValueSpecification\",\"valueRequired\":true,\"valueName\":\"search_term_string\"}}],\"inLanguage\":\"vi\"}]}<\/script>\n<!-- \/ Yoast SEO plugin. -->","yoast_head_json":{"title":"B\u0103ng t\u1ea3i tr\u1ee5c v\u00edt linh ho\u1ea1t | B\u0103ng t\u1ea3i tr\u1ee5c v\u00edt nghi\u00eang c\u00f3 thi\u1ebft k\u1ebf ph\u1ec5u","description":"Kh\u00e1m ph\u00e1 h\u1ec7 th\u1ed1ng v\u00edt t\u1ea3i linh ho\u1ea1t c\u1ee7a Fill Package\u2014h\u1ec7 th\u1ed1ng v\u00edt t\u1ea3i k\u00edn b\u1ee5i, h\u1ee3p v\u1ec7 sinh \u0111\u1ec3 x\u1eed l\u00fd kh\u1ed1i l\u01b0\u1ee3ng l\u1edbn quanh c\u00e1c kh\u00fac cua v\u00e0 \u0111\u1ed9 d\u1ed1c l\u00ean \u0111\u1ebfn 65\u00b0. T\u00f9y ch\u1ecdn ph\u1ec5u t\u00f9y ch\u1ec9nh, l\u1eafp \u0111\u1eb7t nhanh ch\u00f3ng, b\u1ea3o tr\u00ec th\u1ea5p","robots":{"index":"index","follow":"follow","max-snippet":"max-snippet:-1","max-image-preview":"max-image-preview:large","max-video-preview":"max-video-preview:-1"},"canonical":"https:\/\/fill-package.com\/vi\/bang-tai-truc-vit-linh-hoat\/","og_locale":"vi_VN","og_type":"article","og_title":"Flexible Screw Conveyor | Inclined Screw Conveyor with Hopper Design","og_description":"Explore Fill Package\u2019s flexible screw conveyors\u2014dust-tight, hygienic auger systems for bulk handling around bends and inclines up to 65\u00b0. Quick-install, low-maintenance, custom hopper options","og_url":"https:\/\/fill-package.com\/vi\/bang-tai-truc-vit-linh-hoat\/","og_site_name":"Fill&amp;Package","article_modified_time":"2025-05-19T11:42:01+00:00","twitter_card":"summary_large_image","schema":{"@context":"https:\/\/schema.org","@graph":[{"@type":"WebPage","@id":"https:\/\/fill-package.com\/flexible-screw-conveyor\/","url":"https:\/\/fill-package.com\/flexible-screw-conveyor\/","name":"B\u0103ng t\u1ea3i tr\u1ee5c v\u00edt linh ho\u1ea1t | B\u0103ng t\u1ea3i tr\u1ee5c v\u00edt nghi\u00eang c\u00f3 thi\u1ebft k\u1ebf ph\u1ec5u","isPartOf":{"@id":"https:\/\/fill-package.com\/#website"},"datePublished":"2025-05-19T09:48:17+00:00","dateModified":"2025-05-19T11:42:01+00:00","description":"Kh\u00e1m ph\u00e1 h\u1ec7 th\u1ed1ng v\u00edt t\u1ea3i linh ho\u1ea1t c\u1ee7a Fill Package\u2014h\u1ec7 th\u1ed1ng v\u00edt t\u1ea3i k\u00edn b\u1ee5i, h\u1ee3p v\u1ec7 sinh \u0111\u1ec3 x\u1eed l\u00fd kh\u1ed1i l\u01b0\u1ee3ng l\u1edbn quanh c\u00e1c kh\u00fac cua v\u00e0 \u0111\u1ed9 d\u1ed1c l\u00ean \u0111\u1ebfn 65\u00b0. T\u00f9y ch\u1ecdn ph\u1ec5u t\u00f9y ch\u1ec9nh, l\u1eafp \u0111\u1eb7t nhanh ch\u00f3ng, b\u1ea3o tr\u00ec th\u1ea5p","breadcrumb":{"@id":"https:\/\/fill-package.com\/flexible-screw-conveyor\/#breadcrumb"},"inLanguage":"vi","potentialAction":[{"@type":"ReadAction","target":["https:\/\/fill-package.com\/flexible-screw-conveyor\/"]}]},{"@type":"BreadcrumbList","@id":"https:\/\/fill-package.com\/flexible-screw-conveyor\/#breadcrumb","itemListElement":[{"@type":"ListItem","position":1,"name":"Home","item":"https:\/\/fill-package.com\/"},{"@type":"ListItem","position":2,"name":"Belt Conveyor","item":"https:\/\/fill-package.com\/belt-conveyor\/"},{"@type":"ListItem","position":3,"name":"Flexible Screw Conveyor"}]},{"@type":"WebSite","@id":"https:\/\/fill-package.com\/#website","url":"https:\/\/fill-package.com\/","name":"\u0110i\u1ec1n &amp; \u0110\u00f3ng g\u00f3i","description":"","potentialAction":[{"@type":"SearchAction","target":{"@type":"EntryPoint","urlTemplate":"https:\/\/fill-package.com\/?s={search_term_string}"},"query-input":{"@type":"PropertyValueSpecification","valueRequired":true,"valueName":"search_term_string"}}],"inLanguage":"vi"}]}},"_links":{"self":[{"href":"https:\/\/fill-package.com\/vi\/wp-json\/wp\/v2\/pages\/8782","targetHints":{"allow":["GET"]}}],"collection":[{"href":"https:\/\/fill-package.com\/vi\/wp-json\/wp\/v2\/pages"}],"about":[{"href":"https:\/\/fill-package.com\/vi\/wp-json\/wp\/v2\/types\/page"}],"author":[{"embeddable":true,"href":"https:\/\/fill-package.com\/vi\/wp-json\/wp\/v2\/users\/1"}],"replies":[{"embeddable":true,"href":"https:\/\/fill-package.com\/vi\/wp-json\/wp\/v2\/comments?post=8782"}],"version-history":[{"count":6,"href":"https:\/\/fill-package.com\/vi\/wp-json\/wp\/v2\/pages\/8782\/revisions"}],"predecessor-version":[{"id":8796,"href":"https:\/\/fill-package.com\/vi\/wp-json\/wp\/v2\/pages\/8782\/revisions\/8796"}],"up":[{"embeddable":true,"href":"https:\/\/fill-package.com\/vi\/wp-json\/wp\/v2\/pages\/6231"}],"wp:attachment":[{"href":"https:\/\/fill-package.com\/vi\/wp-json\/wp\/v2\/media?parent=8782"}],"curies":[{"name":"wp","href":"https:\/\/api.w.org\/{rel}","templated":true}]}}