{"id":8763,"date":"2025-05-18T08:42:33","date_gmt":"2025-05-18T08:42:33","guid":{"rendered":"https:\/\/fill-package.com\/?page_id=8763"},"modified":"2025-05-19T06:15:47","modified_gmt":"2025-05-19T06:15:47","slug":"bang-tai-de-ve-sinh","status":"publish","type":"page","link":"https:\/\/fill-package.com\/vi\/easy-clean-conveyor","title":{"rendered":"B\u0103ng t\u1ea3i d\u1ec5 v\u1ec7 sinh"},"content":{"rendered":"","protected":false},"excerpt":{"rendered":"","protected":false},"author":1,"featured_media":0,"parent":6231,"menu_order":0,"comment_status":"closed","ping_status":"closed","template":"product-category3.php","meta":{"site-sidebar-layout":"default","site-content-layout":"page-builder","ast-site-content-layout":"full-width-container","site-content-style":"unboxed","site-sidebar-style":"unboxed","ast-global-header-display":"","ast-banner-title-visibility":"","ast-main-header-display":"","ast-hfb-above-header-display":"","ast-hfb-below-header-display":"","ast-hfb-mobile-header-display":"","site-post-title":"","ast-breadcrumbs-content":"","ast-featured-img":"","footer-sml-layout":"","ast-disable-related-posts":"","theme-transparent-header-meta":"default","adv-header-id-meta":"","stick-header-meta":"default","header-above-stick-meta":"","header-main-stick-meta":"","header-below-stick-meta":"","astra-migrate-meta-layouts":"set","ast-page-background-enabled":"default","ast-page-background-meta":{"desktop":{"background-color":"","background-image":"","background-repeat":"repeat","background-position":"center center","background-size":"auto","background-attachment":"scroll","background-type":"","background-media":"","overlay-type":"","overlay-color":"","overlay-opacity":"","overlay-gradient":""},"tablet":{"background-color":"","background-image":"","background-repeat":"repeat","background-position":"center center","background-size":"auto","background-attachment":"scroll","background-type":"","background-media":"","overlay-type":"","overlay-color":"","overlay-opacity":"","overlay-gradient":""},"mobile":{"background-color":"","background-image":"","background-repeat":"repeat","background-position":"center center","background-size":"auto","background-attachment":"scroll","background-type":"","background-media":"","overlay-type":"","overlay-color":"","overlay-opacity":"","overlay-gradient":""}},"ast-content-background-meta":{"desktop":{"background-color":"var(--ast-global-color-5)","background-image":"","background-repeat":"repeat","background-position":"center center","background-size":"auto","background-attachment":"scroll","background-type":"","background-media":"","overlay-type":"","overlay-color":"","overlay-opacity":"","overlay-gradient":""},"tablet":{"background-color":"var(--ast-global-color-5)","background-image":"","background-repeat":"repeat","background-position":"center center","background-size":"auto","background-attachment":"scroll","background-type":"","background-media":"","overlay-type":"","overlay-color":"","overlay-opacity":"","overlay-gradient":""},"mobile":{"background-color":"var(--ast-global-color-5)","background-image":"","background-repeat":"repeat","background-position":"center center","background-size":"auto","background-attachment":"scroll","background-type":"","background-media":"","overlay-type":"","overlay-color":"","overlay-opacity":"","overlay-gradient":""}},"footnotes":""},"class_list":["post-8763","page","type-page","status-publish","hentry"],"acf":[],"yoast_head":"<!-- This site is optimized with the Yoast SEO plugin v27.3 - https:\/\/yoast.com\/product\/yoast-seo-wordpress\/ -->\n<title>Easy-to-Clean Conveyor Systems | Hygienic &amp; Sanitary Conveyor<\/title>\n<meta name=\"description\" content=\"Discover our range of easy-to-clean conveyor systems designed for maximum hygiene and efficiency. Ideal for food processing, pharmaceutical, and packaging industries.\" \/>\n<meta name=\"robots\" content=\"index, follow, max-snippet:-1, max-image-preview:large, max-video-preview:-1\" \/>\n<link rel=\"canonical\" href=\"https:\/\/fill-package.com\/vi\/bang-tai-de-ve-sinh\/\" \/>\n<meta property=\"og:locale\" content=\"vi_VN\" \/>\n<meta property=\"og:type\" content=\"article\" \/>\n<meta property=\"og:title\" content=\"Easy-to-Clean Conveyor Systems | Hygienic &amp; Sanitary Conveyor\" \/>\n<meta property=\"og:description\" content=\"Discover our range of easy-to-clean conveyor systems designed for maximum hygiene and efficiency. Ideal for food processing, pharmaceutical, and packaging industries.\" \/>\n<meta property=\"og:url\" content=\"https:\/\/fill-package.com\/vi\/bang-tai-de-ve-sinh\/\" \/>\n<meta property=\"og:site_name\" content=\"Fill&amp;Package\" \/>\n<meta property=\"article:modified_time\" content=\"2025-05-19T06:15:47+00:00\" \/>\n<meta name=\"twitter:card\" content=\"summary_large_image\" \/>\n<script type=\"application\/ld+json\" class=\"yoast-schema-graph\">{\"@context\":\"https:\\\/\\\/schema.org\",\"@graph\":[{\"@type\":\"WebPage\",\"@id\":\"https:\\\/\\\/fill-package.com\\\/easy-clean-conveyor\\\/\",\"url\":\"https:\\\/\\\/fill-package.com\\\/easy-clean-conveyor\\\/\",\"name\":\"Easy-to-Clean Conveyor Systems | Hygienic & Sanitary Conveyor\",\"isPartOf\":{\"@id\":\"https:\\\/\\\/fill-package.com\\\/#website\"},\"datePublished\":\"2025-05-18T08:42:33+00:00\",\"dateModified\":\"2025-05-19T06:15:47+00:00\",\"description\":\"Discover our range of easy-to-clean conveyor systems designed for maximum hygiene and efficiency. Ideal for food processing, pharmaceutical, and packaging industries.\",\"breadcrumb\":{\"@id\":\"https:\\\/\\\/fill-package.com\\\/easy-clean-conveyor\\\/#breadcrumb\"},\"inLanguage\":\"vi\",\"potentialAction\":[{\"@type\":\"ReadAction\",\"target\":[\"https:\\\/\\\/fill-package.com\\\/easy-clean-conveyor\\\/\"]}]},{\"@type\":\"BreadcrumbList\",\"@id\":\"https:\\\/\\\/fill-package.com\\\/easy-clean-conveyor\\\/#breadcrumb\",\"itemListElement\":[{\"@type\":\"ListItem\",\"position\":1,\"name\":\"Home\",\"item\":\"https:\\\/\\\/fill-package.com\\\/\"},{\"@type\":\"ListItem\",\"position\":2,\"name\":\"Belt Conveyor\",\"item\":\"https:\\\/\\\/fill-package.com\\\/belt-conveyor\\\/\"},{\"@type\":\"ListItem\",\"position\":3,\"name\":\"Easy Clean Conveyor\"}]},{\"@type\":\"WebSite\",\"@id\":\"https:\\\/\\\/fill-package.com\\\/#website\",\"url\":\"https:\\\/\\\/fill-package.com\\\/\",\"name\":\"Fill&amp;Package\",\"description\":\"\",\"potentialAction\":[{\"@type\":\"SearchAction\",\"target\":{\"@type\":\"EntryPoint\",\"urlTemplate\":\"https:\\\/\\\/fill-package.com\\\/?s={search_term_string}\"},\"query-input\":{\"@type\":\"PropertyValueSpecification\",\"valueRequired\":true,\"valueName\":\"search_term_string\"}}],\"inLanguage\":\"vi\"}]}<\/script>\n<!-- \/ Yoast SEO plugin. -->","yoast_head_json":{"title":"H\u1ec7 th\u1ed1ng b\u0103ng t\u1ea3i d\u1ec5 v\u1ec7 sinh | B\u0103ng t\u1ea3i v\u1ec7 sinh &amp; an to\u00e0n","description":"Kh\u00e1m ph\u00e1 d\u00f2ng h\u1ec7 th\u1ed1ng b\u0103ng t\u1ea3i d\u1ec5 v\u1ec7 sinh c\u1ee7a ch\u00fang t\u00f4i, \u0111\u01b0\u1ee3c thi\u1ebft k\u1ebf \u0111\u1ec3 \u0111\u1ea1t hi\u1ec7u qu\u1ea3 v\u00e0 v\u1ec7 sinh t\u1ed1i \u0111a. L\u00fd t\u01b0\u1edfng cho c\u00e1c ng\u00e0nh ch\u1ebf bi\u1ebfn th\u1ef1c ph\u1ea9m, d\u01b0\u1ee3c ph\u1ea9m v\u00e0 \u0111\u00f3ng g\u00f3i.","robots":{"index":"index","follow":"follow","max-snippet":"max-snippet:-1","max-image-preview":"max-image-preview:large","max-video-preview":"max-video-preview:-1"},"canonical":"https:\/\/fill-package.com\/vi\/bang-tai-de-ve-sinh\/","og_locale":"vi_VN","og_type":"article","og_title":"Easy-to-Clean Conveyor Systems | Hygienic & Sanitary Conveyor","og_description":"Discover our range of easy-to-clean conveyor systems designed for maximum hygiene and efficiency. Ideal for food processing, pharmaceutical, and packaging industries.","og_url":"https:\/\/fill-package.com\/vi\/bang-tai-de-ve-sinh\/","og_site_name":"Fill&amp;Package","article_modified_time":"2025-05-19T06:15:47+00:00","twitter_card":"summary_large_image","schema":{"@context":"https:\/\/schema.org","@graph":[{"@type":"WebPage","@id":"https:\/\/fill-package.com\/easy-clean-conveyor\/","url":"https:\/\/fill-package.com\/easy-clean-conveyor\/","name":"H\u1ec7 th\u1ed1ng b\u0103ng t\u1ea3i d\u1ec5 v\u1ec7 sinh | B\u0103ng t\u1ea3i v\u1ec7 sinh &amp; an to\u00e0n","isPartOf":{"@id":"https:\/\/fill-package.com\/#website"},"datePublished":"2025-05-18T08:42:33+00:00","dateModified":"2025-05-19T06:15:47+00:00","description":"Kh\u00e1m ph\u00e1 d\u00f2ng h\u1ec7 th\u1ed1ng b\u0103ng t\u1ea3i d\u1ec5 v\u1ec7 sinh c\u1ee7a ch\u00fang t\u00f4i, \u0111\u01b0\u1ee3c thi\u1ebft k\u1ebf \u0111\u1ec3 \u0111\u1ea1t hi\u1ec7u qu\u1ea3 v\u00e0 v\u1ec7 sinh t\u1ed1i \u0111a. L\u00fd t\u01b0\u1edfng cho c\u00e1c ng\u00e0nh ch\u1ebf bi\u1ebfn th\u1ef1c ph\u1ea9m, d\u01b0\u1ee3c ph\u1ea9m v\u00e0 \u0111\u00f3ng g\u00f3i.","breadcrumb":{"@id":"https:\/\/fill-package.com\/easy-clean-conveyor\/#breadcrumb"},"inLanguage":"vi","potentialAction":[{"@type":"ReadAction","target":["https:\/\/fill-package.com\/easy-clean-conveyor\/"]}]},{"@type":"BreadcrumbList","@id":"https:\/\/fill-package.com\/easy-clean-conveyor\/#breadcrumb","itemListElement":[{"@type":"ListItem","position":1,"name":"Home","item":"https:\/\/fill-package.com\/"},{"@type":"ListItem","position":2,"name":"Belt Conveyor","item":"https:\/\/fill-package.com\/belt-conveyor\/"},{"@type":"ListItem","position":3,"name":"Easy Clean Conveyor"}]},{"@type":"WebSite","@id":"https:\/\/fill-package.com\/#website","url":"https:\/\/fill-package.com\/","name":"\u0110i\u1ec1n &amp; \u0110\u00f3ng g\u00f3i","description":"","potentialAction":[{"@type":"SearchAction","target":{"@type":"EntryPoint","urlTemplate":"https:\/\/fill-package.com\/?s={search_term_string}"},"query-input":{"@type":"PropertyValueSpecification","valueRequired":true,"valueName":"search_term_string"}}],"inLanguage":"vi"}]}},"_links":{"self":[{"href":"https:\/\/fill-package.com\/vi\/wp-json\/wp\/v2\/pages\/8763","targetHints":{"allow":["GET"]}}],"collection":[{"href":"https:\/\/fill-package.com\/vi\/wp-json\/wp\/v2\/pages"}],"about":[{"href":"https:\/\/fill-package.com\/vi\/wp-json\/wp\/v2\/types\/page"}],"author":[{"embeddable":true,"href":"https:\/\/fill-package.com\/vi\/wp-json\/wp\/v2\/users\/1"}],"replies":[{"embeddable":true,"href":"https:\/\/fill-package.com\/vi\/wp-json\/wp\/v2\/comments?post=8763"}],"version-history":[{"count":7,"href":"https:\/\/fill-package.com\/vi\/wp-json\/wp\/v2\/pages\/8763\/revisions"}],"predecessor-version":[{"id":8776,"href":"https:\/\/fill-package.com\/vi\/wp-json\/wp\/v2\/pages\/8763\/revisions\/8776"}],"up":[{"embeddable":true,"href":"https:\/\/fill-package.com\/vi\/wp-json\/wp\/v2\/pages\/6231"}],"wp:attachment":[{"href":"https:\/\/fill-package.com\/vi\/wp-json\/wp\/v2\/media?parent=8763"}],"curies":[{"name":"wp","href":"https:\/\/api.w.org\/{rel}","templated":true}]}}