{"id":8723,"date":"2025-05-17T10:15:16","date_gmt":"2025-05-17T10:15:16","guid":{"rendered":"https:\/\/fill-package.com\/?page_id=8723"},"modified":"2025-05-17T13:44:44","modified_gmt":"2025-05-17T13:44:44","slug":"sandwish-conveyor-belt","status":"publish","type":"page","link":"https:\/\/fill-package.com\/vi\/sandwich-conveyor-belt","title":{"rendered":"B\u0103ng t\u1ea3i Sandwish"},"content":{"rendered":"","protected":false},"excerpt":{"rendered":"","protected":false},"author":1,"featured_media":0,"parent":6231,"menu_order":0,"comment_status":"closed","ping_status":"closed","template":"product-category3.php","meta":{"site-sidebar-layout":"default","site-content-layout":"page-builder","ast-site-content-layout":"full-width-container","site-content-style":"unboxed","site-sidebar-style":"unboxed","ast-global-header-display":"","ast-banner-title-visibility":"","ast-main-header-display":"","ast-hfb-above-header-display":"","ast-hfb-below-header-display":"","ast-hfb-mobile-header-display":"","site-post-title":"","ast-breadcrumbs-content":"","ast-featured-img":"","footer-sml-layout":"","ast-disable-related-posts":"","theme-transparent-header-meta":"default","adv-header-id-meta":"","stick-header-meta":"default","header-above-stick-meta":"","header-main-stick-meta":"","header-below-stick-meta":"","astra-migrate-meta-layouts":"set","ast-page-background-enabled":"default","ast-page-background-meta":{"desktop":{"background-color":"","background-image":"","background-repeat":"repeat","background-position":"center center","background-size":"auto","background-attachment":"scroll","background-type":"","background-media":"","overlay-type":"","overlay-color":"","overlay-opacity":"","overlay-gradient":""},"tablet":{"background-color":"","background-image":"","background-repeat":"repeat","background-position":"center center","background-size":"auto","background-attachment":"scroll","background-type":"","background-media":"","overlay-type":"","overlay-color":"","overlay-opacity":"","overlay-gradient":""},"mobile":{"background-color":"","background-image":"","background-repeat":"repeat","background-position":"center center","background-size":"auto","background-attachment":"scroll","background-type":"","background-media":"","overlay-type":"","overlay-color":"","overlay-opacity":"","overlay-gradient":""}},"ast-content-background-meta":{"desktop":{"background-color":"var(--ast-global-color-5)","background-image":"","background-repeat":"repeat","background-position":"center center","background-size":"auto","background-attachment":"scroll","background-type":"","background-media":"","overlay-type":"","overlay-color":"","overlay-opacity":"","overlay-gradient":""},"tablet":{"background-color":"var(--ast-global-color-5)","background-image":"","background-repeat":"repeat","background-position":"center center","background-size":"auto","background-attachment":"scroll","background-type":"","background-media":"","overlay-type":"","overlay-color":"","overlay-opacity":"","overlay-gradient":""},"mobile":{"background-color":"var(--ast-global-color-5)","background-image":"","background-repeat":"repeat","background-position":"center center","background-size":"auto","background-attachment":"scroll","background-type":"","background-media":"","overlay-type":"","overlay-color":"","overlay-opacity":"","overlay-gradient":""}},"footnotes":""},"class_list":["post-8723","page","type-page","status-publish","hentry"],"acf":[],"yoast_head":"<!-- This site is optimized with the Yoast SEO plugin v27.4 - https:\/\/yoast.com\/product\/yoast-seo-wordpress\/ -->\n<title>Sandwich Conveyor Belt | Twin-Belt Vertical &amp; Incline Conveyor System<\/title>\n<meta name=\"description\" content=\"Explore sandwich conveyor belts (twin-belt systems) for slip-free vertical lifts and steep inclines. Secure, gentle handling of delicate or lightweight items. Custom heights, sanitary frames, and adjustable pressure\" \/>\n<meta name=\"robots\" content=\"index, follow, max-snippet:-1, max-image-preview:large, max-video-preview:-1\" \/>\n<link rel=\"canonical\" href=\"https:\/\/fill-package.com\/vi\/bang-tai-banh-sandwich\/\" \/>\n<meta property=\"og:locale\" content=\"vi_VN\" \/>\n<meta property=\"og:type\" content=\"article\" \/>\n<meta property=\"og:title\" content=\"Sandwich Conveyor Belt | Twin-Belt Vertical &amp; Incline Conveyor System\" \/>\n<meta property=\"og:description\" content=\"Explore sandwich conveyor belts (twin-belt systems) for slip-free vertical lifts and steep inclines. Secure, gentle handling of delicate or lightweight items. Custom heights, sanitary frames, and adjustable pressure\" \/>\n<meta property=\"og:url\" content=\"https:\/\/fill-package.com\/vi\/bang-tai-banh-sandwich\/\" \/>\n<meta property=\"og:site_name\" content=\"Fill&amp;Package\" \/>\n<meta property=\"article:modified_time\" content=\"2025-05-17T13:44:44+00:00\" \/>\n<meta name=\"twitter:card\" content=\"summary_large_image\" \/>\n<script type=\"application\/ld+json\" class=\"yoast-schema-graph\">{\"@context\":\"https:\\\/\\\/schema.org\",\"@graph\":[{\"@type\":\"WebPage\",\"@id\":\"https:\\\/\\\/fill-package.com\\\/sandwich-conveyor-belt\\\/\",\"url\":\"https:\\\/\\\/fill-package.com\\\/sandwich-conveyor-belt\\\/\",\"name\":\"Sandwich Conveyor Belt | Twin-Belt Vertical & Incline Conveyor System\",\"isPartOf\":{\"@id\":\"https:\\\/\\\/fill-package.com\\\/#website\"},\"datePublished\":\"2025-05-17T10:15:16+00:00\",\"dateModified\":\"2025-05-17T13:44:44+00:00\",\"description\":\"Explore sandwich conveyor belts (twin-belt systems) for slip-free vertical lifts and steep inclines. Secure, gentle handling of delicate or lightweight items. Custom heights, sanitary frames, and adjustable pressure\",\"breadcrumb\":{\"@id\":\"https:\\\/\\\/fill-package.com\\\/sandwich-conveyor-belt\\\/#breadcrumb\"},\"inLanguage\":\"vi\",\"potentialAction\":[{\"@type\":\"ReadAction\",\"target\":[\"https:\\\/\\\/fill-package.com\\\/sandwich-conveyor-belt\\\/\"]}]},{\"@type\":\"BreadcrumbList\",\"@id\":\"https:\\\/\\\/fill-package.com\\\/sandwich-conveyor-belt\\\/#breadcrumb\",\"itemListElement\":[{\"@type\":\"ListItem\",\"position\":1,\"name\":\"Home\",\"item\":\"https:\\\/\\\/fill-package.com\\\/\"},{\"@type\":\"ListItem\",\"position\":2,\"name\":\"Belt Conveyor\",\"item\":\"https:\\\/\\\/fill-package.com\\\/belt-conveyor\\\/\"},{\"@type\":\"ListItem\",\"position\":3,\"name\":\"Sandwish Conveyor Belt\"}]},{\"@type\":\"WebSite\",\"@id\":\"https:\\\/\\\/fill-package.com\\\/#website\",\"url\":\"https:\\\/\\\/fill-package.com\\\/\",\"name\":\"Fill&amp;Package\",\"description\":\"\",\"potentialAction\":[{\"@type\":\"SearchAction\",\"target\":{\"@type\":\"EntryPoint\",\"urlTemplate\":\"https:\\\/\\\/fill-package.com\\\/?s={search_term_string}\"},\"query-input\":{\"@type\":\"PropertyValueSpecification\",\"valueRequired\":true,\"valueName\":\"search_term_string\"}}],\"inLanguage\":\"vi\"}]}<\/script>\n<!-- \/ Yoast SEO plugin. -->","yoast_head_json":{"title":"B\u0103ng t\u1ea3i Sandwich | H\u1ec7 th\u1ed1ng b\u0103ng t\u1ea3i nghi\u00eang v\u00e0 th\u1eb3ng \u0111\u1ee9ng \u0111\u00f4i","description":"Kh\u00e1m ph\u00e1 h\u1ec7 th\u1ed1ng b\u0103ng t\u1ea3i sandwich (h\u1ec7 th\u1ed1ng b\u0103ng t\u1ea3i \u0111\u00f4i) cho kh\u1ea3 n\u0103ng n\u00e2ng h\u1ea1 th\u1eb3ng \u0111\u1ee9ng v\u00e0 l\u00ean d\u1ed1c kh\u00f4ng tr\u01a1n tr\u01b0\u1ee3t. X\u1eed l\u00fd an to\u00e0n, nh\u1eb9 nh\u00e0ng c\u00e1c m\u1eb7t h\u00e0ng m\u1ecfng manh ho\u1eb7c nh\u1eb9. Chi\u1ec1u cao t\u00f9y ch\u1ec9nh, khung v\u1ec7 sinh v\u00e0 \u00e1p su\u1ea5t c\u00f3 th\u1ec3 \u0111i\u1ec1u ch\u1ec9nh.","robots":{"index":"index","follow":"follow","max-snippet":"max-snippet:-1","max-image-preview":"max-image-preview:large","max-video-preview":"max-video-preview:-1"},"canonical":"https:\/\/fill-package.com\/vi\/bang-tai-banh-sandwich\/","og_locale":"vi_VN","og_type":"article","og_title":"Sandwich Conveyor Belt | Twin-Belt Vertical & Incline Conveyor System","og_description":"Explore sandwich conveyor belts (twin-belt systems) for slip-free vertical lifts and steep inclines. Secure, gentle handling of delicate or lightweight items. Custom heights, sanitary frames, and adjustable pressure","og_url":"https:\/\/fill-package.com\/vi\/bang-tai-banh-sandwich\/","og_site_name":"Fill&amp;Package","article_modified_time":"2025-05-17T13:44:44+00:00","twitter_card":"summary_large_image","schema":{"@context":"https:\/\/schema.org","@graph":[{"@type":"WebPage","@id":"https:\/\/fill-package.com\/sandwich-conveyor-belt\/","url":"https:\/\/fill-package.com\/sandwich-conveyor-belt\/","name":"B\u0103ng t\u1ea3i Sandwich | H\u1ec7 th\u1ed1ng b\u0103ng t\u1ea3i nghi\u00eang v\u00e0 th\u1eb3ng \u0111\u1ee9ng \u0111\u00f4i","isPartOf":{"@id":"https:\/\/fill-package.com\/#website"},"datePublished":"2025-05-17T10:15:16+00:00","dateModified":"2025-05-17T13:44:44+00:00","description":"Kh\u00e1m ph\u00e1 h\u1ec7 th\u1ed1ng b\u0103ng t\u1ea3i sandwich (h\u1ec7 th\u1ed1ng b\u0103ng t\u1ea3i \u0111\u00f4i) cho kh\u1ea3 n\u0103ng n\u00e2ng h\u1ea1 th\u1eb3ng \u0111\u1ee9ng v\u00e0 l\u00ean d\u1ed1c kh\u00f4ng tr\u01a1n tr\u01b0\u1ee3t. X\u1eed l\u00fd an to\u00e0n, nh\u1eb9 nh\u00e0ng c\u00e1c m\u1eb7t h\u00e0ng m\u1ecfng manh ho\u1eb7c nh\u1eb9. Chi\u1ec1u cao t\u00f9y ch\u1ec9nh, khung v\u1ec7 sinh v\u00e0 \u00e1p su\u1ea5t c\u00f3 th\u1ec3 \u0111i\u1ec1u ch\u1ec9nh.","breadcrumb":{"@id":"https:\/\/fill-package.com\/sandwich-conveyor-belt\/#breadcrumb"},"inLanguage":"vi","potentialAction":[{"@type":"ReadAction","target":["https:\/\/fill-package.com\/sandwich-conveyor-belt\/"]}]},{"@type":"BreadcrumbList","@id":"https:\/\/fill-package.com\/sandwich-conveyor-belt\/#breadcrumb","itemListElement":[{"@type":"ListItem","position":1,"name":"Home","item":"https:\/\/fill-package.com\/"},{"@type":"ListItem","position":2,"name":"Belt Conveyor","item":"https:\/\/fill-package.com\/belt-conveyor\/"},{"@type":"ListItem","position":3,"name":"Sandwish Conveyor Belt"}]},{"@type":"WebSite","@id":"https:\/\/fill-package.com\/#website","url":"https:\/\/fill-package.com\/","name":"\u0110i\u1ec1n &amp; \u0110\u00f3ng g\u00f3i","description":"","potentialAction":[{"@type":"SearchAction","target":{"@type":"EntryPoint","urlTemplate":"https:\/\/fill-package.com\/?s={search_term_string}"},"query-input":{"@type":"PropertyValueSpecification","valueRequired":true,"valueName":"search_term_string"}}],"inLanguage":"vi"}]}},"_links":{"self":[{"href":"https:\/\/fill-package.com\/vi\/wp-json\/wp\/v2\/pages\/8723","targetHints":{"allow":["GET"]}}],"collection":[{"href":"https:\/\/fill-package.com\/vi\/wp-json\/wp\/v2\/pages"}],"about":[{"href":"https:\/\/fill-package.com\/vi\/wp-json\/wp\/v2\/types\/page"}],"author":[{"embeddable":true,"href":"https:\/\/fill-package.com\/vi\/wp-json\/wp\/v2\/users\/1"}],"replies":[{"embeddable":true,"href":"https:\/\/fill-package.com\/vi\/wp-json\/wp\/v2\/comments?post=8723"}],"version-history":[{"count":5,"href":"https:\/\/fill-package.com\/vi\/wp-json\/wp\/v2\/pages\/8723\/revisions"}],"predecessor-version":[{"id":8736,"href":"https:\/\/fill-package.com\/vi\/wp-json\/wp\/v2\/pages\/8723\/revisions\/8736"}],"up":[{"embeddable":true,"href":"https:\/\/fill-package.com\/vi\/wp-json\/wp\/v2\/pages\/6231"}],"wp:attachment":[{"href":"https:\/\/fill-package.com\/vi\/wp-json\/wp\/v2\/media?parent=8723"}],"curies":[{"name":"wp","href":"https:\/\/api.w.org\/{rel}","templated":true}]}}