{"id":8694,"date":"2025-05-16T16:07:52","date_gmt":"2025-05-16T16:07:52","guid":{"rendered":"https:\/\/fill-package.com\/?page_id=8694"},"modified":"2025-10-24T15:37:26","modified_gmt":"2025-10-24T15:37:26","slug":"bang-tai-cong","status":"publish","type":"page","link":"https:\/\/fill-package.com\/vi\/curved-belt-conveyor","title":{"rendered":"B\u0103ng t\u1ea3i cong"},"content":{"rendered":"","protected":false},"excerpt":{"rendered":"","protected":false},"author":1,"featured_media":0,"parent":6231,"menu_order":0,"comment_status":"closed","ping_status":"closed","template":"product-category3.php","meta":{"site-sidebar-layout":"default","site-content-layout":"page-builder","ast-site-content-layout":"full-width-container","site-content-style":"unboxed","site-sidebar-style":"unboxed","ast-global-header-display":"","ast-banner-title-visibility":"","ast-main-header-display":"","ast-hfb-above-header-display":"","ast-hfb-below-header-display":"","ast-hfb-mobile-header-display":"","site-post-title":"","ast-breadcrumbs-content":"","ast-featured-img":"","footer-sml-layout":"","ast-disable-related-posts":"","theme-transparent-header-meta":"default","adv-header-id-meta":"","stick-header-meta":"default","header-above-stick-meta":"","header-main-stick-meta":"","header-below-stick-meta":"","astra-migrate-meta-layouts":"set","ast-page-background-enabled":"default","ast-page-background-meta":{"desktop":{"background-color":"","background-image":"","background-repeat":"repeat","background-position":"center center","background-size":"auto","background-attachment":"scroll","background-type":"","background-media":"","overlay-type":"","overlay-color":"","overlay-opacity":"","overlay-gradient":""},"tablet":{"background-color":"","background-image":"","background-repeat":"repeat","background-position":"center center","background-size":"auto","background-attachment":"scroll","background-type":"","background-media":"","overlay-type":"","overlay-color":"","overlay-opacity":"","overlay-gradient":""},"mobile":{"background-color":"","background-image":"","background-repeat":"repeat","background-position":"center center","background-size":"auto","background-attachment":"scroll","background-type":"","background-media":"","overlay-type":"","overlay-color":"","overlay-opacity":"","overlay-gradient":""}},"ast-content-background-meta":{"desktop":{"background-color":"var(--ast-global-color-5)","background-image":"","background-repeat":"repeat","background-position":"center center","background-size":"auto","background-attachment":"scroll","background-type":"","background-media":"","overlay-type":"","overlay-color":"","overlay-opacity":"","overlay-gradient":""},"tablet":{"background-color":"var(--ast-global-color-5)","background-image":"","background-repeat":"repeat","background-position":"center center","background-size":"auto","background-attachment":"scroll","background-type":"","background-media":"","overlay-type":"","overlay-color":"","overlay-opacity":"","overlay-gradient":""},"mobile":{"background-color":"var(--ast-global-color-5)","background-image":"","background-repeat":"repeat","background-position":"center center","background-size":"auto","background-attachment":"scroll","background-type":"","background-media":"","overlay-type":"","overlay-color":"","overlay-opacity":"","overlay-gradient":""}},"footnotes":""},"class_list":["post-8694","page","type-page","status-publish","hentry"],"acf":[],"yoast_head":"<!-- This site is optimized with the Yoast SEO plugin v27.3 - https:\/\/yoast.com\/product\/yoast-seo-wordpress\/ -->\n<title>&gt;Curved Belt Conveyor | Curve Conveyor Systems | FILL PACKAGE<\/title>\n<meta name=\"description\" content=\"Custom curved belt conveyors with 45\u00b0, 90\u00b0, 180\u00b0 turns. Space-saving designs, smooth product flow, and load capacity to 300kg\/m. Perfect for packaging lines. Get a quote!\" \/>\n<meta name=\"robots\" content=\"index, follow, max-snippet:-1, max-image-preview:large, max-video-preview:-1\" \/>\n<link rel=\"canonical\" href=\"https:\/\/fill-package.com\/vi\/bang-tai-cong\/\" \/>\n<meta property=\"og:locale\" content=\"vi_VN\" \/>\n<meta property=\"og:type\" content=\"article\" \/>\n<meta property=\"og:title\" content=\"&gt;Curved Belt Conveyor | Curve Conveyor Systems | FILL PACKAGE\" \/>\n<meta property=\"og:description\" content=\"Custom curved belt conveyors with 45\u00b0, 90\u00b0, 180\u00b0 turns. Space-saving designs, smooth product flow, and load capacity to 300kg\/m. Perfect for packaging lines. Get a quote!\" \/>\n<meta property=\"og:url\" content=\"https:\/\/fill-package.com\/vi\/bang-tai-cong\/\" \/>\n<meta property=\"og:site_name\" content=\"Fill&amp;Package\" \/>\n<meta property=\"article:modified_time\" content=\"2025-10-24T15:37:26+00:00\" \/>\n<meta name=\"twitter:card\" content=\"summary_large_image\" \/>\n<script type=\"application\/ld+json\" class=\"yoast-schema-graph\">{\"@context\":\"https:\\\/\\\/schema.org\",\"@graph\":[{\"@type\":\"WebPage\",\"@id\":\"https:\\\/\\\/fill-package.com\\\/curved-belt-conveyor\\\/\",\"url\":\"https:\\\/\\\/fill-package.com\\\/curved-belt-conveyor\\\/\",\"name\":\">Curved Belt Conveyor | Curve Conveyor Systems | FILL PACKAGE\",\"isPartOf\":{\"@id\":\"https:\\\/\\\/fill-package.com\\\/#website\"},\"datePublished\":\"2025-05-16T16:07:52+00:00\",\"dateModified\":\"2025-10-24T15:37:26+00:00\",\"description\":\"Custom curved belt conveyors with 45\u00b0, 90\u00b0, 180\u00b0 turns. Space-saving designs, smooth product flow, and load capacity to 300kg\\\/m. Perfect for packaging lines. Get a quote!\",\"breadcrumb\":{\"@id\":\"https:\\\/\\\/fill-package.com\\\/curved-belt-conveyor\\\/#breadcrumb\"},\"inLanguage\":\"vi\",\"potentialAction\":[{\"@type\":\"ReadAction\",\"target\":[\"https:\\\/\\\/fill-package.com\\\/curved-belt-conveyor\\\/\"]}]},{\"@type\":\"BreadcrumbList\",\"@id\":\"https:\\\/\\\/fill-package.com\\\/curved-belt-conveyor\\\/#breadcrumb\",\"itemListElement\":[{\"@type\":\"ListItem\",\"position\":1,\"name\":\"Home\",\"item\":\"https:\\\/\\\/fill-package.com\\\/\"},{\"@type\":\"ListItem\",\"position\":2,\"name\":\"Belt Conveyor\",\"item\":\"https:\\\/\\\/fill-package.com\\\/belt-conveyor\\\/\"},{\"@type\":\"ListItem\",\"position\":3,\"name\":\"Curved Belt Conveyor\"}]},{\"@type\":\"WebSite\",\"@id\":\"https:\\\/\\\/fill-package.com\\\/#website\",\"url\":\"https:\\\/\\\/fill-package.com\\\/\",\"name\":\"Fill&amp;Package\",\"description\":\"\",\"potentialAction\":[{\"@type\":\"SearchAction\",\"target\":{\"@type\":\"EntryPoint\",\"urlTemplate\":\"https:\\\/\\\/fill-package.com\\\/?s={search_term_string}\"},\"query-input\":{\"@type\":\"PropertyValueSpecification\",\"valueRequired\":true,\"valueName\":\"search_term_string\"}}],\"inLanguage\":\"vi\"}]}<\/script>\n<!-- \/ Yoast SEO plugin. -->","yoast_head_json":{"title":"&gt;B\u0103ng t\u1ea3i cong | H\u1ec7 th\u1ed1ng b\u0103ng t\u1ea3i cong | \u0110\u00d3NG G\u00d3I","description":"B\u0103ng t\u1ea3i cong t\u00f9y ch\u1ec9nh v\u1edbi g\u00f3c xoay 45\u00b0, 90\u00b0, 180\u00b0. Thi\u1ebft k\u1ebf ti\u1ebft ki\u1ec7m kh\u00f4ng gian, d\u00f2ng s\u1ea3n ph\u1ea9m ch\u1ea3y m\u01b0\u1ee3t m\u00e0 v\u00e0 kh\u1ea3 n\u0103ng ch\u1ecbu t\u1ea3i l\u00ean \u0111\u1ebfn 300kg\/m. Ho\u00e0n h\u1ea3o cho d\u00e2y chuy\u1ec1n \u0111\u00f3ng g\u00f3i. Nh\u1eadn b\u00e1o gi\u00e1!","robots":{"index":"index","follow":"follow","max-snippet":"max-snippet:-1","max-image-preview":"max-image-preview:large","max-video-preview":"max-video-preview:-1"},"canonical":"https:\/\/fill-package.com\/vi\/bang-tai-cong\/","og_locale":"vi_VN","og_type":"article","og_title":">Curved Belt Conveyor | Curve Conveyor Systems | FILL PACKAGE","og_description":"Custom curved belt conveyors with 45\u00b0, 90\u00b0, 180\u00b0 turns. Space-saving designs, smooth product flow, and load capacity to 300kg\/m. Perfect for packaging lines. Get a quote!","og_url":"https:\/\/fill-package.com\/vi\/bang-tai-cong\/","og_site_name":"Fill&amp;Package","article_modified_time":"2025-10-24T15:37:26+00:00","twitter_card":"summary_large_image","schema":{"@context":"https:\/\/schema.org","@graph":[{"@type":"WebPage","@id":"https:\/\/fill-package.com\/curved-belt-conveyor\/","url":"https:\/\/fill-package.com\/curved-belt-conveyor\/","name":"&gt;B\u0103ng t\u1ea3i cong | H\u1ec7 th\u1ed1ng b\u0103ng t\u1ea3i cong | \u0110\u00d3NG G\u00d3I","isPartOf":{"@id":"https:\/\/fill-package.com\/#website"},"datePublished":"2025-05-16T16:07:52+00:00","dateModified":"2025-10-24T15:37:26+00:00","description":"B\u0103ng t\u1ea3i cong t\u00f9y ch\u1ec9nh v\u1edbi g\u00f3c xoay 45\u00b0, 90\u00b0, 180\u00b0. Thi\u1ebft k\u1ebf ti\u1ebft ki\u1ec7m kh\u00f4ng gian, d\u00f2ng s\u1ea3n ph\u1ea9m ch\u1ea3y m\u01b0\u1ee3t m\u00e0 v\u00e0 kh\u1ea3 n\u0103ng ch\u1ecbu t\u1ea3i l\u00ean \u0111\u1ebfn 300kg\/m. Ho\u00e0n h\u1ea3o cho d\u00e2y chuy\u1ec1n \u0111\u00f3ng g\u00f3i. Nh\u1eadn b\u00e1o gi\u00e1!","breadcrumb":{"@id":"https:\/\/fill-package.com\/curved-belt-conveyor\/#breadcrumb"},"inLanguage":"vi","potentialAction":[{"@type":"ReadAction","target":["https:\/\/fill-package.com\/curved-belt-conveyor\/"]}]},{"@type":"BreadcrumbList","@id":"https:\/\/fill-package.com\/curved-belt-conveyor\/#breadcrumb","itemListElement":[{"@type":"ListItem","position":1,"name":"Home","item":"https:\/\/fill-package.com\/"},{"@type":"ListItem","position":2,"name":"Belt Conveyor","item":"https:\/\/fill-package.com\/belt-conveyor\/"},{"@type":"ListItem","position":3,"name":"Curved Belt Conveyor"}]},{"@type":"WebSite","@id":"https:\/\/fill-package.com\/#website","url":"https:\/\/fill-package.com\/","name":"\u0110i\u1ec1n &amp; \u0110\u00f3ng g\u00f3i","description":"","potentialAction":[{"@type":"SearchAction","target":{"@type":"EntryPoint","urlTemplate":"https:\/\/fill-package.com\/?s={search_term_string}"},"query-input":{"@type":"PropertyValueSpecification","valueRequired":true,"valueName":"search_term_string"}}],"inLanguage":"vi"}]}},"_links":{"self":[{"href":"https:\/\/fill-package.com\/vi\/wp-json\/wp\/v2\/pages\/8694","targetHints":{"allow":["GET"]}}],"collection":[{"href":"https:\/\/fill-package.com\/vi\/wp-json\/wp\/v2\/pages"}],"about":[{"href":"https:\/\/fill-package.com\/vi\/wp-json\/wp\/v2\/types\/page"}],"author":[{"embeddable":true,"href":"https:\/\/fill-package.com\/vi\/wp-json\/wp\/v2\/users\/1"}],"replies":[{"embeddable":true,"href":"https:\/\/fill-package.com\/vi\/wp-json\/wp\/v2\/comments?post=8694"}],"version-history":[{"count":28,"href":"https:\/\/fill-package.com\/vi\/wp-json\/wp\/v2\/pages\/8694\/revisions"}],"predecessor-version":[{"id":10535,"href":"https:\/\/fill-package.com\/vi\/wp-json\/wp\/v2\/pages\/8694\/revisions\/10535"}],"up":[{"embeddable":true,"href":"https:\/\/fill-package.com\/vi\/wp-json\/wp\/v2\/pages\/6231"}],"wp:attachment":[{"href":"https:\/\/fill-package.com\/vi\/wp-json\/wp\/v2\/media?parent=8694"}],"curies":[{"name":"wp","href":"https:\/\/api.w.org\/{rel}","templated":true}]}}