{"id":8647,"date":"2025-05-14T15:18:22","date_gmt":"2025-05-14T15:18:22","guid":{"rendered":"https:\/\/fill-package.com\/?page_id=8647"},"modified":"2025-05-16T16:01:52","modified_gmt":"2025-05-16T16:01:52","slug":"bang-tai-thep-khong-gi","status":"publish","type":"page","link":"https:\/\/fill-package.com\/vi\/stainless-steel-belt-conveyor","title":{"rendered":"B\u0103ng t\u1ea3i th\u00e9p kh\u00f4ng g\u1ec9"},"content":{"rendered":"","protected":false},"excerpt":{"rendered":"","protected":false},"author":1,"featured_media":0,"parent":6231,"menu_order":0,"comment_status":"closed","ping_status":"closed","template":"product-category3.php","meta":{"site-sidebar-layout":"default","site-content-layout":"page-builder","ast-site-content-layout":"full-width-container","site-content-style":"unboxed","site-sidebar-style":"unboxed","ast-global-header-display":"","ast-banner-title-visibility":"","ast-main-header-display":"","ast-hfb-above-header-display":"","ast-hfb-below-header-display":"","ast-hfb-mobile-header-display":"","site-post-title":"","ast-breadcrumbs-content":"","ast-featured-img":"","footer-sml-layout":"","ast-disable-related-posts":"","theme-transparent-header-meta":"default","adv-header-id-meta":"","stick-header-meta":"default","header-above-stick-meta":"","header-main-stick-meta":"","header-below-stick-meta":"","astra-migrate-meta-layouts":"set","ast-page-background-enabled":"default","ast-page-background-meta":{"desktop":{"background-color":"","background-image":"","background-repeat":"repeat","background-position":"center center","background-size":"auto","background-attachment":"scroll","background-type":"","background-media":"","overlay-type":"","overlay-color":"","overlay-opacity":"","overlay-gradient":""},"tablet":{"background-color":"","background-image":"","background-repeat":"repeat","background-position":"center center","background-size":"auto","background-attachment":"scroll","background-type":"","background-media":"","overlay-type":"","overlay-color":"","overlay-opacity":"","overlay-gradient":""},"mobile":{"background-color":"","background-image":"","background-repeat":"repeat","background-position":"center center","background-size":"auto","background-attachment":"scroll","background-type":"","background-media":"","overlay-type":"","overlay-color":"","overlay-opacity":"","overlay-gradient":""}},"ast-content-background-meta":{"desktop":{"background-color":"var(--ast-global-color-5)","background-image":"","background-repeat":"repeat","background-position":"center center","background-size":"auto","background-attachment":"scroll","background-type":"","background-media":"","overlay-type":"","overlay-color":"","overlay-opacity":"","overlay-gradient":""},"tablet":{"background-color":"var(--ast-global-color-5)","background-image":"","background-repeat":"repeat","background-position":"center center","background-size":"auto","background-attachment":"scroll","background-type":"","background-media":"","overlay-type":"","overlay-color":"","overlay-opacity":"","overlay-gradient":""},"mobile":{"background-color":"var(--ast-global-color-5)","background-image":"","background-repeat":"repeat","background-position":"center center","background-size":"auto","background-attachment":"scroll","background-type":"","background-media":"","overlay-type":"","overlay-color":"","overlay-opacity":"","overlay-gradient":""}},"footnotes":""},"class_list":["post-8647","page","type-page","status-publish","hentry"],"acf":[],"yoast_head":"<!-- This site is optimized with the Yoast SEO plugin v27.3 - https:\/\/yoast.com\/product\/yoast-seo-wordpress\/ -->\n<title>Stainless Steel Belt Conveyor | Durable Hygienic Conveyor|<\/title>\n<meta name=\"description\" content=\"Fill Package\u2019s stainless steel belt conveyors: FDA-grade mesh, perforated, and solid plate belts for food, pharma, and industrial use. Corrosion-resistant, high-temperature, and wash-down capable\u2014competitive pricing and top manufacturers\" \/>\n<meta name=\"robots\" content=\"index, follow, max-snippet:-1, max-image-preview:large, max-video-preview:-1\" \/>\n<link rel=\"canonical\" href=\"https:\/\/fill-package.com\/vi\/bang-tai-thep-khong-gi\/\" \/>\n<meta property=\"og:locale\" content=\"vi_VN\" \/>\n<meta property=\"og:type\" content=\"article\" \/>\n<meta property=\"og:title\" content=\"Stainless Steel Belt Conveyor | Durable Hygienic Conveyor|\" \/>\n<meta property=\"og:description\" content=\"Fill Package\u2019s stainless steel belt conveyors: FDA-grade mesh, perforated, and solid plate belts for food, pharma, and industrial use. Corrosion-resistant, high-temperature, and wash-down capable\u2014competitive pricing and top manufacturers\" \/>\n<meta property=\"og:url\" content=\"https:\/\/fill-package.com\/vi\/bang-tai-thep-khong-gi\/\" \/>\n<meta property=\"og:site_name\" content=\"Fill&amp;Package\" \/>\n<meta property=\"article:modified_time\" content=\"2025-05-16T16:01:52+00:00\" \/>\n<meta name=\"twitter:card\" content=\"summary_large_image\" \/>\n<script type=\"application\/ld+json\" class=\"yoast-schema-graph\">{\"@context\":\"https:\\\/\\\/schema.org\",\"@graph\":[{\"@type\":\"WebPage\",\"@id\":\"https:\\\/\\\/fill-package.com\\\/stainless-steel-belt-conveyor\\\/\",\"url\":\"https:\\\/\\\/fill-package.com\\\/stainless-steel-belt-conveyor\\\/\",\"name\":\"Stainless Steel Belt Conveyor | Durable Hygienic Conveyor|\",\"isPartOf\":{\"@id\":\"https:\\\/\\\/fill-package.com\\\/#website\"},\"datePublished\":\"2025-05-14T15:18:22+00:00\",\"dateModified\":\"2025-05-16T16:01:52+00:00\",\"description\":\"Fill Package\u2019s stainless steel belt conveyors: FDA-grade mesh, perforated, and solid plate belts for food, pharma, and industrial use. Corrosion-resistant, high-temperature, and wash-down capable\u2014competitive pricing and top manufacturers\",\"breadcrumb\":{\"@id\":\"https:\\\/\\\/fill-package.com\\\/stainless-steel-belt-conveyor\\\/#breadcrumb\"},\"inLanguage\":\"vi\",\"potentialAction\":[{\"@type\":\"ReadAction\",\"target\":[\"https:\\\/\\\/fill-package.com\\\/stainless-steel-belt-conveyor\\\/\"]}]},{\"@type\":\"BreadcrumbList\",\"@id\":\"https:\\\/\\\/fill-package.com\\\/stainless-steel-belt-conveyor\\\/#breadcrumb\",\"itemListElement\":[{\"@type\":\"ListItem\",\"position\":1,\"name\":\"Home\",\"item\":\"https:\\\/\\\/fill-package.com\\\/\"},{\"@type\":\"ListItem\",\"position\":2,\"name\":\"Belt Conveyor\",\"item\":\"https:\\\/\\\/fill-package.com\\\/belt-conveyor\\\/\"},{\"@type\":\"ListItem\",\"position\":3,\"name\":\"Stainless Steel Belt Conveyor\"}]},{\"@type\":\"WebSite\",\"@id\":\"https:\\\/\\\/fill-package.com\\\/#website\",\"url\":\"https:\\\/\\\/fill-package.com\\\/\",\"name\":\"Fill&amp;Package\",\"description\":\"\",\"potentialAction\":[{\"@type\":\"SearchAction\",\"target\":{\"@type\":\"EntryPoint\",\"urlTemplate\":\"https:\\\/\\\/fill-package.com\\\/?s={search_term_string}\"},\"query-input\":{\"@type\":\"PropertyValueSpecification\",\"valueRequired\":true,\"valueName\":\"search_term_string\"}}],\"inLanguage\":\"vi\"}]}<\/script>\n<!-- \/ Yoast SEO plugin. -->","yoast_head_json":{"title":"B\u0103ng t\u1ea3i th\u00e9p kh\u00f4ng g\u1ec9 | B\u0103ng t\u1ea3i v\u1ec7 sinh b\u1ec1n b\u1ec9 |","description":"B\u0103ng t\u1ea3i th\u00e9p kh\u00f4ng g\u1ec9 c\u1ee7a Fill Package: B\u0103ng t\u1ea3i l\u01b0\u1edbi, b\u0103ng t\u1ea3i \u0111\u1ee5c l\u1ed7 v\u00e0 b\u0103ng t\u1ea3i t\u1ea5m \u0111\u1eb7c \u0111\u1ea1t ti\u00eau chu\u1ea9n FDA, d\u00f9ng trong th\u1ef1c ph\u1ea9m, d\u01b0\u1ee3c ph\u1ea9m v\u00e0 c\u00f4ng nghi\u1ec7p. Ch\u1ed1ng \u0103n m\u00f2n, ch\u1ecbu \u0111\u01b0\u1ee3c nhi\u1ec7t \u0111\u1ed9 cao v\u00e0 c\u00f3 th\u1ec3 r\u1eeda s\u1ea1ch\u2014gi\u00e1 c\u1ea3 c\u1ea1nh tranh v\u00e0 nh\u00e0 s\u1ea3n xu\u1ea5t h\u00e0ng \u0111\u1ea7u","robots":{"index":"index","follow":"follow","max-snippet":"max-snippet:-1","max-image-preview":"max-image-preview:large","max-video-preview":"max-video-preview:-1"},"canonical":"https:\/\/fill-package.com\/vi\/bang-tai-thep-khong-gi\/","og_locale":"vi_VN","og_type":"article","og_title":"Stainless Steel Belt Conveyor | Durable Hygienic Conveyor|","og_description":"Fill Package\u2019s stainless steel belt conveyors: FDA-grade mesh, perforated, and solid plate belts for food, pharma, and industrial use. Corrosion-resistant, high-temperature, and wash-down capable\u2014competitive pricing and top manufacturers","og_url":"https:\/\/fill-package.com\/vi\/bang-tai-thep-khong-gi\/","og_site_name":"Fill&amp;Package","article_modified_time":"2025-05-16T16:01:52+00:00","twitter_card":"summary_large_image","schema":{"@context":"https:\/\/schema.org","@graph":[{"@type":"WebPage","@id":"https:\/\/fill-package.com\/stainless-steel-belt-conveyor\/","url":"https:\/\/fill-package.com\/stainless-steel-belt-conveyor\/","name":"B\u0103ng t\u1ea3i th\u00e9p kh\u00f4ng g\u1ec9 | B\u0103ng t\u1ea3i v\u1ec7 sinh b\u1ec1n b\u1ec9 |","isPartOf":{"@id":"https:\/\/fill-package.com\/#website"},"datePublished":"2025-05-14T15:18:22+00:00","dateModified":"2025-05-16T16:01:52+00:00","description":"B\u0103ng t\u1ea3i th\u00e9p kh\u00f4ng g\u1ec9 c\u1ee7a Fill Package: B\u0103ng t\u1ea3i l\u01b0\u1edbi, b\u0103ng t\u1ea3i \u0111\u1ee5c l\u1ed7 v\u00e0 b\u0103ng t\u1ea3i t\u1ea5m \u0111\u1eb7c \u0111\u1ea1t ti\u00eau chu\u1ea9n FDA, d\u00f9ng trong th\u1ef1c ph\u1ea9m, d\u01b0\u1ee3c ph\u1ea9m v\u00e0 c\u00f4ng nghi\u1ec7p. Ch\u1ed1ng \u0103n m\u00f2n, ch\u1ecbu \u0111\u01b0\u1ee3c nhi\u1ec7t \u0111\u1ed9 cao v\u00e0 c\u00f3 th\u1ec3 r\u1eeda s\u1ea1ch\u2014gi\u00e1 c\u1ea3 c\u1ea1nh tranh v\u00e0 nh\u00e0 s\u1ea3n xu\u1ea5t h\u00e0ng \u0111\u1ea7u","breadcrumb":{"@id":"https:\/\/fill-package.com\/stainless-steel-belt-conveyor\/#breadcrumb"},"inLanguage":"vi","potentialAction":[{"@type":"ReadAction","target":["https:\/\/fill-package.com\/stainless-steel-belt-conveyor\/"]}]},{"@type":"BreadcrumbList","@id":"https:\/\/fill-package.com\/stainless-steel-belt-conveyor\/#breadcrumb","itemListElement":[{"@type":"ListItem","position":1,"name":"Home","item":"https:\/\/fill-package.com\/"},{"@type":"ListItem","position":2,"name":"Belt Conveyor","item":"https:\/\/fill-package.com\/belt-conveyor\/"},{"@type":"ListItem","position":3,"name":"Stainless Steel Belt Conveyor"}]},{"@type":"WebSite","@id":"https:\/\/fill-package.com\/#website","url":"https:\/\/fill-package.com\/","name":"\u0110i\u1ec1n &amp; \u0110\u00f3ng g\u00f3i","description":"","potentialAction":[{"@type":"SearchAction","target":{"@type":"EntryPoint","urlTemplate":"https:\/\/fill-package.com\/?s={search_term_string}"},"query-input":{"@type":"PropertyValueSpecification","valueRequired":true,"valueName":"search_term_string"}}],"inLanguage":"vi"}]}},"_links":{"self":[{"href":"https:\/\/fill-package.com\/vi\/wp-json\/wp\/v2\/pages\/8647","targetHints":{"allow":["GET"]}}],"collection":[{"href":"https:\/\/fill-package.com\/vi\/wp-json\/wp\/v2\/pages"}],"about":[{"href":"https:\/\/fill-package.com\/vi\/wp-json\/wp\/v2\/types\/page"}],"author":[{"embeddable":true,"href":"https:\/\/fill-package.com\/vi\/wp-json\/wp\/v2\/users\/1"}],"replies":[{"embeddable":true,"href":"https:\/\/fill-package.com\/vi\/wp-json\/wp\/v2\/comments?post=8647"}],"version-history":[{"count":17,"href":"https:\/\/fill-package.com\/vi\/wp-json\/wp\/v2\/pages\/8647\/revisions"}],"predecessor-version":[{"id":8692,"href":"https:\/\/fill-package.com\/vi\/wp-json\/wp\/v2\/pages\/8647\/revisions\/8692"}],"up":[{"embeddable":true,"href":"https:\/\/fill-package.com\/vi\/wp-json\/wp\/v2\/pages\/6231"}],"wp:attachment":[{"href":"https:\/\/fill-package.com\/vi\/wp-json\/wp\/v2\/media?parent=8647"}],"curies":[{"name":"wp","href":"https:\/\/api.w.org\/{rel}","templated":true}]}}