{"id":8619,"date":"2025-05-14T08:59:54","date_gmt":"2025-05-14T08:59:54","guid":{"rendered":"https:\/\/fill-package.com\/?page_id=8619"},"modified":"2025-05-14T12:19:17","modified_gmt":"2025-05-14T12:19:17","slug":"bang-tai-co-chot","status":"publish","type":"page","link":"https:\/\/fill-package.com\/vi\/cleated-conveyor-belt","title":{"rendered":"B\u0103ng t\u1ea3i c\u00f3 r\u00e3nh"},"content":{"rendered":"","protected":false},"excerpt":{"rendered":"","protected":false},"author":1,"featured_media":0,"parent":6231,"menu_order":0,"comment_status":"closed","ping_status":"closed","template":"product-category3.php","meta":{"site-sidebar-layout":"default","site-content-layout":"page-builder","ast-site-content-layout":"full-width-container","site-content-style":"unboxed","site-sidebar-style":"unboxed","ast-global-header-display":"","ast-banner-title-visibility":"","ast-main-header-display":"","ast-hfb-above-header-display":"","ast-hfb-below-header-display":"","ast-hfb-mobile-header-display":"","site-post-title":"","ast-breadcrumbs-content":"","ast-featured-img":"","footer-sml-layout":"","ast-disable-related-posts":"","theme-transparent-header-meta":"default","adv-header-id-meta":"","stick-header-meta":"default","header-above-stick-meta":"","header-main-stick-meta":"","header-below-stick-meta":"","astra-migrate-meta-layouts":"set","ast-page-background-enabled":"default","ast-page-background-meta":{"desktop":{"background-color":"","background-image":"","background-repeat":"repeat","background-position":"center center","background-size":"auto","background-attachment":"scroll","background-type":"","background-media":"","overlay-type":"","overlay-color":"","overlay-opacity":"","overlay-gradient":""},"tablet":{"background-color":"","background-image":"","background-repeat":"repeat","background-position":"center center","background-size":"auto","background-attachment":"scroll","background-type":"","background-media":"","overlay-type":"","overlay-color":"","overlay-opacity":"","overlay-gradient":""},"mobile":{"background-color":"","background-image":"","background-repeat":"repeat","background-position":"center center","background-size":"auto","background-attachment":"scroll","background-type":"","background-media":"","overlay-type":"","overlay-color":"","overlay-opacity":"","overlay-gradient":""}},"ast-content-background-meta":{"desktop":{"background-color":"var(--ast-global-color-5)","background-image":"","background-repeat":"repeat","background-position":"center center","background-size":"auto","background-attachment":"scroll","background-type":"","background-media":"","overlay-type":"","overlay-color":"","overlay-opacity":"","overlay-gradient":""},"tablet":{"background-color":"var(--ast-global-color-5)","background-image":"","background-repeat":"repeat","background-position":"center center","background-size":"auto","background-attachment":"scroll","background-type":"","background-media":"","overlay-type":"","overlay-color":"","overlay-opacity":"","overlay-gradient":""},"mobile":{"background-color":"var(--ast-global-color-5)","background-image":"","background-repeat":"repeat","background-position":"center center","background-size":"auto","background-attachment":"scroll","background-type":"","background-media":"","overlay-type":"","overlay-color":"","overlay-opacity":"","overlay-gradient":""}},"footnotes":""},"class_list":["post-8619","page","type-page","status-publish","hentry"],"acf":[],"yoast_head":"<!-- This site is optimized with the Yoast SEO plugin v27.3 - https:\/\/yoast.com\/product\/yoast-seo-wordpress\/ -->\n<title>Horizontal Belt Conveyor Manufacturers-Fill&amp;Package<\/title>\n<meta name=\"description\" content=\"Cleated conveyor belts with custom cleat heights and spacing for reliable incline transport. PVC, PU, and rubber options. Robust design for food, bulk, and industrial use.\" \/>\n<meta name=\"robots\" content=\"index, follow, max-snippet:-1, max-image-preview:large, max-video-preview:-1\" \/>\n<link rel=\"canonical\" href=\"https:\/\/fill-package.com\/vi\/bang-tai-co-chot\/\" \/>\n<meta property=\"og:locale\" content=\"vi_VN\" \/>\n<meta property=\"og:type\" content=\"article\" \/>\n<meta property=\"og:title\" content=\"Horizontal Belt Conveyor Manufacturers-Fill&amp;Package\" \/>\n<meta property=\"og:description\" content=\"Cleated conveyor belts with custom cleat heights and spacing for reliable incline transport. PVC, PU, and rubber options. Robust design for food, bulk, and industrial use.\" \/>\n<meta property=\"og:url\" content=\"https:\/\/fill-package.com\/vi\/bang-tai-co-chot\/\" \/>\n<meta property=\"og:site_name\" content=\"Fill&amp;Package\" \/>\n<meta property=\"article:modified_time\" content=\"2025-05-14T12:19:17+00:00\" \/>\n<meta name=\"twitter:card\" content=\"summary_large_image\" \/>\n<script type=\"application\/ld+json\" class=\"yoast-schema-graph\">{\"@context\":\"https:\\\/\\\/schema.org\",\"@graph\":[{\"@type\":\"WebPage\",\"@id\":\"https:\\\/\\\/fill-package.com\\\/cleated-conveyor-belt\\\/\",\"url\":\"https:\\\/\\\/fill-package.com\\\/cleated-conveyor-belt\\\/\",\"name\":\"Horizontal Belt Conveyor Manufacturers-Fill&Package\",\"isPartOf\":{\"@id\":\"https:\\\/\\\/fill-package.com\\\/#website\"},\"datePublished\":\"2025-05-14T08:59:54+00:00\",\"dateModified\":\"2025-05-14T12:19:17+00:00\",\"description\":\"Cleated conveyor belts with custom cleat heights and spacing for reliable incline transport. PVC, PU, and rubber options. Robust design for food, bulk, and industrial use.\",\"breadcrumb\":{\"@id\":\"https:\\\/\\\/fill-package.com\\\/cleated-conveyor-belt\\\/#breadcrumb\"},\"inLanguage\":\"vi\",\"potentialAction\":[{\"@type\":\"ReadAction\",\"target\":[\"https:\\\/\\\/fill-package.com\\\/cleated-conveyor-belt\\\/\"]}]},{\"@type\":\"BreadcrumbList\",\"@id\":\"https:\\\/\\\/fill-package.com\\\/cleated-conveyor-belt\\\/#breadcrumb\",\"itemListElement\":[{\"@type\":\"ListItem\",\"position\":1,\"name\":\"Home\",\"item\":\"https:\\\/\\\/fill-package.com\\\/\"},{\"@type\":\"ListItem\",\"position\":2,\"name\":\"Belt Conveyor\",\"item\":\"https:\\\/\\\/fill-package.com\\\/belt-conveyor\\\/\"},{\"@type\":\"ListItem\",\"position\":3,\"name\":\"Cleated Conveyor Belt\"}]},{\"@type\":\"WebSite\",\"@id\":\"https:\\\/\\\/fill-package.com\\\/#website\",\"url\":\"https:\\\/\\\/fill-package.com\\\/\",\"name\":\"Fill&amp;Package\",\"description\":\"\",\"potentialAction\":[{\"@type\":\"SearchAction\",\"target\":{\"@type\":\"EntryPoint\",\"urlTemplate\":\"https:\\\/\\\/fill-package.com\\\/?s={search_term_string}\"},\"query-input\":{\"@type\":\"PropertyValueSpecification\",\"valueRequired\":true,\"valueName\":\"search_term_string\"}}],\"inLanguage\":\"vi\"}]}<\/script>\n<!-- \/ Yoast SEO plugin. -->","yoast_head_json":{"title":"Nh\u00e0 s\u1ea3n xu\u1ea5t b\u0103ng t\u1ea3i ngang - Fill&amp;Package","description":"B\u0103ng t\u1ea3i c\u00f3 ch\u1ed1t v\u1edbi chi\u1ec1u cao v\u00e0 kho\u1ea3ng c\u00e1ch ch\u1ed1t t\u00f9y ch\u1ec9nh, \u0111\u1ea3m b\u1ea3o v\u1eadn chuy\u1ec3n nghi\u00eang \u0111\u00e1ng tin c\u1eady. C\u00f3 nhi\u1ec1u l\u1ef1a ch\u1ecdn v\u1eadt li\u1ec7u PVC, PU v\u00e0 cao su. Thi\u1ebft k\u1ebf ch\u1eafc ch\u1eafn, ph\u00f9 h\u1ee3p cho th\u1ef1c ph\u1ea9m, h\u00e0ng r\u1eddi v\u00e0 c\u00f4ng nghi\u1ec7p.","robots":{"index":"index","follow":"follow","max-snippet":"max-snippet:-1","max-image-preview":"max-image-preview:large","max-video-preview":"max-video-preview:-1"},"canonical":"https:\/\/fill-package.com\/vi\/bang-tai-co-chot\/","og_locale":"vi_VN","og_type":"article","og_title":"Horizontal Belt Conveyor Manufacturers-Fill&Package","og_description":"Cleated conveyor belts with custom cleat heights and spacing for reliable incline transport. PVC, PU, and rubber options. Robust design for food, bulk, and industrial use.","og_url":"https:\/\/fill-package.com\/vi\/bang-tai-co-chot\/","og_site_name":"Fill&amp;Package","article_modified_time":"2025-05-14T12:19:17+00:00","twitter_card":"summary_large_image","schema":{"@context":"https:\/\/schema.org","@graph":[{"@type":"WebPage","@id":"https:\/\/fill-package.com\/cleated-conveyor-belt\/","url":"https:\/\/fill-package.com\/cleated-conveyor-belt\/","name":"Nh\u00e0 s\u1ea3n xu\u1ea5t b\u0103ng t\u1ea3i ngang - Fill&amp;Package","isPartOf":{"@id":"https:\/\/fill-package.com\/#website"},"datePublished":"2025-05-14T08:59:54+00:00","dateModified":"2025-05-14T12:19:17+00:00","description":"B\u0103ng t\u1ea3i c\u00f3 ch\u1ed1t v\u1edbi chi\u1ec1u cao v\u00e0 kho\u1ea3ng c\u00e1ch ch\u1ed1t t\u00f9y ch\u1ec9nh, \u0111\u1ea3m b\u1ea3o v\u1eadn chuy\u1ec3n nghi\u00eang \u0111\u00e1ng tin c\u1eady. C\u00f3 nhi\u1ec1u l\u1ef1a ch\u1ecdn v\u1eadt li\u1ec7u PVC, PU v\u00e0 cao su. Thi\u1ebft k\u1ebf ch\u1eafc ch\u1eafn, ph\u00f9 h\u1ee3p cho th\u1ef1c ph\u1ea9m, h\u00e0ng r\u1eddi v\u00e0 c\u00f4ng nghi\u1ec7p.","breadcrumb":{"@id":"https:\/\/fill-package.com\/cleated-conveyor-belt\/#breadcrumb"},"inLanguage":"vi","potentialAction":[{"@type":"ReadAction","target":["https:\/\/fill-package.com\/cleated-conveyor-belt\/"]}]},{"@type":"BreadcrumbList","@id":"https:\/\/fill-package.com\/cleated-conveyor-belt\/#breadcrumb","itemListElement":[{"@type":"ListItem","position":1,"name":"Home","item":"https:\/\/fill-package.com\/"},{"@type":"ListItem","position":2,"name":"Belt Conveyor","item":"https:\/\/fill-package.com\/belt-conveyor\/"},{"@type":"ListItem","position":3,"name":"Cleated Conveyor Belt"}]},{"@type":"WebSite","@id":"https:\/\/fill-package.com\/#website","url":"https:\/\/fill-package.com\/","name":"\u0110i\u1ec1n &amp; \u0110\u00f3ng g\u00f3i","description":"","potentialAction":[{"@type":"SearchAction","target":{"@type":"EntryPoint","urlTemplate":"https:\/\/fill-package.com\/?s={search_term_string}"},"query-input":{"@type":"PropertyValueSpecification","valueRequired":true,"valueName":"search_term_string"}}],"inLanguage":"vi"}]}},"_links":{"self":[{"href":"https:\/\/fill-package.com\/vi\/wp-json\/wp\/v2\/pages\/8619","targetHints":{"allow":["GET"]}}],"collection":[{"href":"https:\/\/fill-package.com\/vi\/wp-json\/wp\/v2\/pages"}],"about":[{"href":"https:\/\/fill-package.com\/vi\/wp-json\/wp\/v2\/types\/page"}],"author":[{"embeddable":true,"href":"https:\/\/fill-package.com\/vi\/wp-json\/wp\/v2\/users\/1"}],"replies":[{"embeddable":true,"href":"https:\/\/fill-package.com\/vi\/wp-json\/wp\/v2\/comments?post=8619"}],"version-history":[{"count":6,"href":"https:\/\/fill-package.com\/vi\/wp-json\/wp\/v2\/pages\/8619\/revisions"}],"predecessor-version":[{"id":8636,"href":"https:\/\/fill-package.com\/vi\/wp-json\/wp\/v2\/pages\/8619\/revisions\/8636"}],"up":[{"embeddable":true,"href":"https:\/\/fill-package.com\/vi\/wp-json\/wp\/v2\/pages\/6231"}],"wp:attachment":[{"href":"https:\/\/fill-package.com\/vi\/wp-json\/wp\/v2\/media?parent=8619"}],"curies":[{"name":"wp","href":"https:\/\/api.w.org\/{rel}","templated":true}]}}