{"id":8412,"date":"2025-05-08T09:25:12","date_gmt":"2025-05-08T09:25:12","guid":{"rendered":"https:\/\/fill-package.com\/?page_id=8412"},"modified":"2026-02-18T15:04:25","modified_gmt":"2026-02-18T15:04:25","slug":"home","status":"publish","type":"page","link":"https:\/\/fill-package.com\/vi\/","title":{"rendered":"Trang ch\u1ee7"},"content":{"rendered":"","protected":false},"excerpt":{"rendered":"","protected":false},"author":1,"featured_media":0,"parent":0,"menu_order":0,"comment_status":"closed","ping_status":"closed","template":"template-home11.php","meta":{"site-sidebar-layout":"no-sidebar","site-content-layout":"page-builder","ast-site-content-layout":"full-width-container","site-content-style":"unboxed","site-sidebar-style":"unboxed","ast-global-header-display":"","ast-banner-title-visibility":"","ast-main-header-display":"","ast-hfb-above-header-display":"","ast-hfb-below-header-display":"","ast-hfb-mobile-header-display":"","site-post-title":"disabled","ast-breadcrumbs-content":"disabled","ast-featured-img":"disabled","footer-sml-layout":"","ast-disable-related-posts":"","theme-transparent-header-meta":"default","adv-header-id-meta":"","stick-header-meta":"default","header-above-stick-meta":"","header-main-stick-meta":"","header-below-stick-meta":"","astra-migrate-meta-layouts":"set","ast-page-background-enabled":"default","ast-page-background-meta":{"desktop":{"background-color":"","background-image":"","background-repeat":"repeat","background-position":"center center","background-size":"auto","background-attachment":"scroll","background-type":"","background-media":"","overlay-type":"","overlay-color":"","overlay-opacity":"","overlay-gradient":""},"tablet":{"background-color":"","background-image":"","background-repeat":"repeat","background-position":"center center","background-size":"auto","background-attachment":"scroll","background-type":"","background-media":"","overlay-type":"","overlay-color":"","overlay-opacity":"","overlay-gradient":""},"mobile":{"background-color":"","background-image":"","background-repeat":"repeat","background-position":"center center","background-size":"auto","background-attachment":"scroll","background-type":"","background-media":"","overlay-type":"","overlay-color":"","overlay-opacity":"","overlay-gradient":""}},"ast-content-background-meta":{"desktop":{"background-color":"var(--ast-global-color-5)","background-image":"","background-repeat":"repeat","background-position":"center center","background-size":"auto","background-attachment":"scroll","background-type":"","background-media":"","overlay-type":"","overlay-color":"","overlay-opacity":"","overlay-gradient":""},"tablet":{"background-color":"var(--ast-global-color-5)","background-image":"","background-repeat":"repeat","background-position":"center center","background-size":"auto","background-attachment":"scroll","background-type":"","background-media":"","overlay-type":"","overlay-color":"","overlay-opacity":"","overlay-gradient":""},"mobile":{"background-color":"var(--ast-global-color-5)","background-image":"","background-repeat":"repeat","background-position":"center center","background-size":"auto","background-attachment":"scroll","background-type":"","background-media":"","overlay-type":"","overlay-color":"","overlay-opacity":"","overlay-gradient":""}},"footnotes":""},"class_list":["post-8412","page","type-page","status-publish","hentry"],"acf":[],"yoast_head":"<!-- This site is optimized with the Yoast SEO plugin v27.3 - https:\/\/yoast.com\/product\/yoast-seo-wordpress\/ -->\n<title>Mulithead Weighers,Food package machines, Package machines China,Expert in Sticky Food &amp; 0.01g Precision Cannabis Packaging,M\u00e1quinas de envasado de alimentos<\/title>\n<meta name=\"description\" content=\"Global leader in complete automated packaging systems and parts , Beyond multihead weighers, we provide integrated lines\u2014from conveyors to VFFS machines\u2014specializing in sticky foods and 0.01g cannabis precision. See why 95% of clients trust our turnkey solutions.\" \/>\n<meta name=\"robots\" content=\"index, follow, max-snippet:-1, max-image-preview:large, max-video-preview:-1\" \/>\n<link rel=\"canonical\" href=\"https:\/\/fill-package.com\/vi\/\" \/>\n<meta property=\"og:locale\" content=\"vi_VN\" \/>\n<meta property=\"og:type\" content=\"article\" \/>\n<meta property=\"og:title\" content=\"Mulithead Weighers,Food package machines, Package machines China,Expert in Sticky Food &amp; 0.01g Precision Cannabis Packaging,M\u00e1quinas de envasado de alimentos\" \/>\n<meta property=\"og:description\" content=\"Global leader in complete automated packaging systems and parts , Beyond multihead weighers, we provide integrated lines\u2014from conveyors to VFFS machines\u2014specializing in sticky foods and 0.01g cannabis precision. See why 95% of clients trust our turnkey solutions.\" \/>\n<meta property=\"og:url\" content=\"https:\/\/fill-package.com\/vi\/\" \/>\n<meta property=\"og:site_name\" content=\"Fill&amp;Package\" \/>\n<meta property=\"article:modified_time\" content=\"2026-02-18T15:04:25+00:00\" \/>\n<meta name=\"twitter:card\" content=\"summary_large_image\" \/>\n<script type=\"application\/ld+json\" class=\"yoast-schema-graph\">{\"@context\":\"https:\\\/\\\/schema.org\",\"@graph\":[{\"@type\":\"WebPage\",\"@id\":\"https:\\\/\\\/fill-package.com\\\/\",\"url\":\"https:\\\/\\\/fill-package.com\\\/\",\"name\":\"Mulithead Weighers,Food package machines, Package machines China,Expert in Sticky Food & 0.01g Precision Cannabis Packaging,M\u00e1quinas de envasado de alimentos\",\"isPartOf\":{\"@id\":\"https:\\\/\\\/fill-package.com\\\/#website\"},\"datePublished\":\"2025-05-08T09:25:12+00:00\",\"dateModified\":\"2026-02-18T15:04:25+00:00\",\"description\":\"Global leader in complete automated packaging systems and parts , Beyond multihead weighers, we provide integrated lines\u2014from conveyors to VFFS machines\u2014specializing in sticky foods and 0.01g cannabis precision. See why 95% of clients trust our turnkey solutions.\",\"breadcrumb\":{\"@id\":\"https:\\\/\\\/fill-package.com\\\/#breadcrumb\"},\"inLanguage\":\"vi\",\"potentialAction\":[{\"@type\":\"ReadAction\",\"target\":[\"https:\\\/\\\/fill-package.com\\\/\"]}]},{\"@type\":\"BreadcrumbList\",\"@id\":\"https:\\\/\\\/fill-package.com\\\/#breadcrumb\",\"itemListElement\":[{\"@type\":\"ListItem\",\"position\":1,\"name\":\"Home\",\"item\":\"https:\\\/\\\/fill-package.com\\\/\"},{\"@type\":\"ListItem\",\"position\":2,\"name\":\"Home\"}]},{\"@type\":\"WebSite\",\"@id\":\"https:\\\/\\\/fill-package.com\\\/#website\",\"url\":\"https:\\\/\\\/fill-package.com\\\/\",\"name\":\"Fill&amp;Package\",\"description\":\"\",\"potentialAction\":[{\"@type\":\"SearchAction\",\"target\":{\"@type\":\"EntryPoint\",\"urlTemplate\":\"https:\\\/\\\/fill-package.com\\\/?s={search_term_string}\"},\"query-input\":{\"@type\":\"PropertyValueSpecification\",\"valueRequired\":true,\"valueName\":\"search_term_string\"}}],\"inLanguage\":\"vi\"}]}<\/script>\n<!-- \/ Yoast SEO plugin. -->","yoast_head_json":{"title":"Mulithead Weighers,Food package machines, Package machines China,Expert in Sticky Food & 0.01g Precision Cannabis Packaging,M\u00e1quinas de envasado de alimentos","description":"Global leader in complete automated packaging systems and parts , Beyond multihead weighers, we provide integrated lines\u2014from conveyors to VFFS machines\u2014specializing in sticky foods and 0.01g cannabis precision. See why 95% of clients trust our turnkey solutions.","robots":{"index":"index","follow":"follow","max-snippet":"max-snippet:-1","max-image-preview":"max-image-preview:large","max-video-preview":"max-video-preview:-1"},"canonical":"https:\/\/fill-package.com\/vi\/","og_locale":"vi_VN","og_type":"article","og_title":"Mulithead Weighers,Food package machines, Package machines China,Expert in Sticky Food & 0.01g Precision Cannabis Packaging,M\u00e1quinas de envasado de alimentos","og_description":"Global leader in complete automated packaging systems and parts , Beyond multihead weighers, we provide integrated lines\u2014from conveyors to VFFS machines\u2014specializing in sticky foods and 0.01g cannabis precision. See why 95% of clients trust our turnkey solutions.","og_url":"https:\/\/fill-package.com\/vi\/","og_site_name":"Fill&amp;Package","article_modified_time":"2026-02-18T15:04:25+00:00","twitter_card":"summary_large_image","schema":{"@context":"https:\/\/schema.org","@graph":[{"@type":"WebPage","@id":"https:\/\/fill-package.com\/","url":"https:\/\/fill-package.com\/","name":"Mulithead Weighers,Food package machines, Package machines China,Expert in Sticky Food & 0.01g Precision Cannabis Packaging,M\u00e1quinas de envasado de alimentos","isPartOf":{"@id":"https:\/\/fill-package.com\/#website"},"datePublished":"2025-05-08T09:25:12+00:00","dateModified":"2026-02-18T15:04:25+00:00","description":"Global leader in complete automated packaging systems and parts , Beyond multihead weighers, we provide integrated lines\u2014from conveyors to VFFS machines\u2014specializing in sticky foods and 0.01g cannabis precision. See why 95% of clients trust our turnkey solutions.","breadcrumb":{"@id":"https:\/\/fill-package.com\/#breadcrumb"},"inLanguage":"vi","potentialAction":[{"@type":"ReadAction","target":["https:\/\/fill-package.com\/"]}]},{"@type":"BreadcrumbList","@id":"https:\/\/fill-package.com\/#breadcrumb","itemListElement":[{"@type":"ListItem","position":1,"name":"Home","item":"https:\/\/fill-package.com\/"},{"@type":"ListItem","position":2,"name":"Home"}]},{"@type":"WebSite","@id":"https:\/\/fill-package.com\/#website","url":"https:\/\/fill-package.com\/","name":"\u0110i\u1ec1n &amp; \u0110\u00f3ng g\u00f3i","description":"","potentialAction":[{"@type":"SearchAction","target":{"@type":"EntryPoint","urlTemplate":"https:\/\/fill-package.com\/?s={search_term_string}"},"query-input":{"@type":"PropertyValueSpecification","valueRequired":true,"valueName":"search_term_string"}}],"inLanguage":"vi"}]}},"_links":{"self":[{"href":"https:\/\/fill-package.com\/vi\/wp-json\/wp\/v2\/pages\/8412","targetHints":{"allow":["GET"]}}],"collection":[{"href":"https:\/\/fill-package.com\/vi\/wp-json\/wp\/v2\/pages"}],"about":[{"href":"https:\/\/fill-package.com\/vi\/wp-json\/wp\/v2\/types\/page"}],"author":[{"embeddable":true,"href":"https:\/\/fill-package.com\/vi\/wp-json\/wp\/v2\/users\/1"}],"replies":[{"embeddable":true,"href":"https:\/\/fill-package.com\/vi\/wp-json\/wp\/v2\/comments?post=8412"}],"version-history":[{"count":16,"href":"https:\/\/fill-package.com\/vi\/wp-json\/wp\/v2\/pages\/8412\/revisions"}],"predecessor-version":[{"id":12644,"href":"https:\/\/fill-package.com\/vi\/wp-json\/wp\/v2\/pages\/8412\/revisions\/12644"}],"wp:attachment":[{"href":"https:\/\/fill-package.com\/vi\/wp-json\/wp\/v2\/media?parent=8412"}],"curies":[{"name":"wp","href":"https:\/\/api.w.org\/{rel}","templated":true}]}}