{"id":7985,"date":"2024-06-27T15:22:57","date_gmt":"2024-06-27T15:22:57","guid":{"rendered":"https:\/\/fill-package.com\/?page_id=7985"},"modified":"2025-07-25T15:40:53","modified_gmt":"2025-07-25T15:40:53","slug":"linear-vibration-feeder-vibratory-conveyor","status":"publish","type":"page","link":"https:\/\/fill-package.com\/vi\/linear-vibration-feeder","title":{"rendered":"M\u00e1y c\u1ea5p li\u1ec7u rung tuy\u1ebfn t\u00ednh \/ B\u0103ng t\u1ea3i rung"},"content":{"rendered":"","protected":false},"excerpt":{"rendered":"","protected":false},"author":1,"featured_media":0,"parent":6231,"menu_order":0,"comment_status":"closed","ping_status":"closed","template":"product-category3.php","meta":{"site-sidebar-layout":"default","site-content-layout":"page-builder","ast-site-content-layout":"full-width-container","site-content-style":"unboxed","site-sidebar-style":"unboxed","ast-global-header-display":"","ast-banner-title-visibility":"","ast-main-header-display":"","ast-hfb-above-header-display":"","ast-hfb-below-header-display":"","ast-hfb-mobile-header-display":"","site-post-title":"","ast-breadcrumbs-content":"","ast-featured-img":"","footer-sml-layout":"","ast-disable-related-posts":"","theme-transparent-header-meta":"default","adv-header-id-meta":"","stick-header-meta":"default","header-above-stick-meta":"","header-main-stick-meta":"","header-below-stick-meta":"","astra-migrate-meta-layouts":"set","ast-page-background-enabled":"default","ast-page-background-meta":{"desktop":{"background-color":"","background-image":"","background-repeat":"repeat","background-position":"center center","background-size":"auto","background-attachment":"scroll","background-type":"","background-media":"","overlay-type":"","overlay-color":"","overlay-opacity":"","overlay-gradient":""},"tablet":{"background-color":"","background-image":"","background-repeat":"repeat","background-position":"center center","background-size":"auto","background-attachment":"scroll","background-type":"","background-media":"","overlay-type":"","overlay-color":"","overlay-opacity":"","overlay-gradient":""},"mobile":{"background-color":"","background-image":"","background-repeat":"repeat","background-position":"center center","background-size":"auto","background-attachment":"scroll","background-type":"","background-media":"","overlay-type":"","overlay-color":"","overlay-opacity":"","overlay-gradient":""}},"ast-content-background-meta":{"desktop":{"background-color":"var(--ast-global-color-5)","background-image":"","background-repeat":"repeat","background-position":"center center","background-size":"auto","background-attachment":"scroll","background-type":"","background-media":"","overlay-type":"","overlay-color":"","overlay-opacity":"","overlay-gradient":""},"tablet":{"background-color":"var(--ast-global-color-5)","background-image":"","background-repeat":"repeat","background-position":"center center","background-size":"auto","background-attachment":"scroll","background-type":"","background-media":"","overlay-type":"","overlay-color":"","overlay-opacity":"","overlay-gradient":""},"mobile":{"background-color":"var(--ast-global-color-5)","background-image":"","background-repeat":"repeat","background-position":"center center","background-size":"auto","background-attachment":"scroll","background-type":"","background-media":"","overlay-type":"","overlay-color":"","overlay-opacity":"","overlay-gradient":""}},"footnotes":""},"class_list":["post-7985","page","type-page","status-publish","hentry"],"acf":[],"yoast_head":"<!-- This site is optimized with the Yoast SEO plugin v27.3 - https:\/\/yoast.com\/product\/yoast-seo-wordpress\/ -->\n<title>Horizontal Belt Conveyor Manufacturers-Fill&amp;Package<\/title>\n<meta name=\"description\" content=\"Discover our high-efficiency Linear Vibratory Feeder, designed for precise feeding of loose solid materials like puffed snacks, grains, pellets, and hardware part\" \/>\n<meta name=\"robots\" content=\"index, follow, max-snippet:-1, max-image-preview:large, max-video-preview:-1\" \/>\n<link rel=\"canonical\" href=\"https:\/\/fill-package.com\/vi\/bo-cap-rung-tuyen-tinh\/\" \/>\n<meta property=\"og:locale\" content=\"vi_VN\" \/>\n<meta property=\"og:type\" content=\"article\" \/>\n<meta property=\"og:title\" content=\"Horizontal Belt Conveyor Manufacturers-Fill&amp;Package\" \/>\n<meta property=\"og:description\" content=\"Discover our high-efficiency Linear Vibratory Feeder, designed for precise feeding of loose solid materials like puffed snacks, grains, pellets, and hardware part\" \/>\n<meta property=\"og:url\" content=\"https:\/\/fill-package.com\/vi\/bo-cap-rung-tuyen-tinh\/\" \/>\n<meta property=\"og:site_name\" content=\"Fill&amp;Package\" \/>\n<meta property=\"article:modified_time\" content=\"2025-07-25T15:40:53+00:00\" \/>\n<meta name=\"twitter:card\" content=\"summary_large_image\" \/>\n<script type=\"application\/ld+json\" class=\"yoast-schema-graph\">{\"@context\":\"https:\\\/\\\/schema.org\",\"@graph\":[{\"@type\":\"WebPage\",\"@id\":\"https:\\\/\\\/fill-package.com\\\/linear-vibration-feeder\\\/\",\"url\":\"https:\\\/\\\/fill-package.com\\\/linear-vibration-feeder\\\/\",\"name\":\"Horizontal Belt Conveyor Manufacturers-Fill&Package\",\"isPartOf\":{\"@id\":\"https:\\\/\\\/fill-package.com\\\/#website\"},\"datePublished\":\"2024-06-27T15:22:57+00:00\",\"dateModified\":\"2025-07-25T15:40:53+00:00\",\"description\":\"Discover our high-efficiency Linear Vibratory Feeder, designed for precise feeding of loose solid materials like puffed snacks, grains, pellets, and hardware part\",\"breadcrumb\":{\"@id\":\"https:\\\/\\\/fill-package.com\\\/linear-vibration-feeder\\\/#breadcrumb\"},\"inLanguage\":\"vi\",\"potentialAction\":[{\"@type\":\"ReadAction\",\"target\":[\"https:\\\/\\\/fill-package.com\\\/linear-vibration-feeder\\\/\"]}]},{\"@type\":\"BreadcrumbList\",\"@id\":\"https:\\\/\\\/fill-package.com\\\/linear-vibration-feeder\\\/#breadcrumb\",\"itemListElement\":[{\"@type\":\"ListItem\",\"position\":1,\"name\":\"Home\",\"item\":\"https:\\\/\\\/fill-package.com\\\/\"},{\"@type\":\"ListItem\",\"position\":2,\"name\":\"Belt Conveyor\",\"item\":\"https:\\\/\\\/fill-package.com\\\/belt-conveyor\\\/\"},{\"@type\":\"ListItem\",\"position\":3,\"name\":\"Linear Vibration Feeder \\\/ Vibratory Conveyor\"}]},{\"@type\":\"WebSite\",\"@id\":\"https:\\\/\\\/fill-package.com\\\/#website\",\"url\":\"https:\\\/\\\/fill-package.com\\\/\",\"name\":\"Fill&amp;Package\",\"description\":\"\",\"potentialAction\":[{\"@type\":\"SearchAction\",\"target\":{\"@type\":\"EntryPoint\",\"urlTemplate\":\"https:\\\/\\\/fill-package.com\\\/?s={search_term_string}\"},\"query-input\":{\"@type\":\"PropertyValueSpecification\",\"valueRequired\":true,\"valueName\":\"search_term_string\"}}],\"inLanguage\":\"vi\"}]}<\/script>\n<!-- \/ Yoast SEO plugin. -->","yoast_head_json":{"title":"Nh\u00e0 s\u1ea3n xu\u1ea5t b\u0103ng t\u1ea3i ngang - Fill&amp;Package","description":"Kh\u00e1m ph\u00e1 M\u00e1y n\u1ea1p rung tuy\u1ebfn t\u00ednh hi\u1ec7u su\u1ea5t cao c\u1ee7a ch\u00fang t\u00f4i, \u0111\u01b0\u1ee3c thi\u1ebft k\u1ebf \u0111\u1ec3 n\u1ea1p ch\u00ednh x\u00e1c c\u00e1c v\u1eadt li\u1ec7u r\u1eafn r\u1eddi nh\u01b0 \u0111\u1ed3 \u0103n nh\u1eb9 d\u1ea1ng ph\u1ed3ng, ng\u0169 c\u1ed1c, vi\u00ean n\u00e9n v\u00e0 b\u1ed9 ph\u1eadn ph\u1ea7n c\u1ee9ng","robots":{"index":"index","follow":"follow","max-snippet":"max-snippet:-1","max-image-preview":"max-image-preview:large","max-video-preview":"max-video-preview:-1"},"canonical":"https:\/\/fill-package.com\/vi\/bo-cap-rung-tuyen-tinh\/","og_locale":"vi_VN","og_type":"article","og_title":"Horizontal Belt Conveyor Manufacturers-Fill&Package","og_description":"Discover our high-efficiency Linear Vibratory Feeder, designed for precise feeding of loose solid materials like puffed snacks, grains, pellets, and hardware part","og_url":"https:\/\/fill-package.com\/vi\/bo-cap-rung-tuyen-tinh\/","og_site_name":"Fill&amp;Package","article_modified_time":"2025-07-25T15:40:53+00:00","twitter_card":"summary_large_image","schema":{"@context":"https:\/\/schema.org","@graph":[{"@type":"WebPage","@id":"https:\/\/fill-package.com\/linear-vibration-feeder\/","url":"https:\/\/fill-package.com\/linear-vibration-feeder\/","name":"Nh\u00e0 s\u1ea3n xu\u1ea5t b\u0103ng t\u1ea3i ngang - Fill&amp;Package","isPartOf":{"@id":"https:\/\/fill-package.com\/#website"},"datePublished":"2024-06-27T15:22:57+00:00","dateModified":"2025-07-25T15:40:53+00:00","description":"Kh\u00e1m ph\u00e1 M\u00e1y n\u1ea1p rung tuy\u1ebfn t\u00ednh hi\u1ec7u su\u1ea5t cao c\u1ee7a ch\u00fang t\u00f4i, \u0111\u01b0\u1ee3c thi\u1ebft k\u1ebf \u0111\u1ec3 n\u1ea1p ch\u00ednh x\u00e1c c\u00e1c v\u1eadt li\u1ec7u r\u1eafn r\u1eddi nh\u01b0 \u0111\u1ed3 \u0103n nh\u1eb9 d\u1ea1ng ph\u1ed3ng, ng\u0169 c\u1ed1c, vi\u00ean n\u00e9n v\u00e0 b\u1ed9 ph\u1eadn ph\u1ea7n c\u1ee9ng","breadcrumb":{"@id":"https:\/\/fill-package.com\/linear-vibration-feeder\/#breadcrumb"},"inLanguage":"vi","potentialAction":[{"@type":"ReadAction","target":["https:\/\/fill-package.com\/linear-vibration-feeder\/"]}]},{"@type":"BreadcrumbList","@id":"https:\/\/fill-package.com\/linear-vibration-feeder\/#breadcrumb","itemListElement":[{"@type":"ListItem","position":1,"name":"Home","item":"https:\/\/fill-package.com\/"},{"@type":"ListItem","position":2,"name":"Belt Conveyor","item":"https:\/\/fill-package.com\/belt-conveyor\/"},{"@type":"ListItem","position":3,"name":"Linear Vibration Feeder \/ Vibratory Conveyor"}]},{"@type":"WebSite","@id":"https:\/\/fill-package.com\/#website","url":"https:\/\/fill-package.com\/","name":"\u0110i\u1ec1n &amp; \u0110\u00f3ng g\u00f3i","description":"","potentialAction":[{"@type":"SearchAction","target":{"@type":"EntryPoint","urlTemplate":"https:\/\/fill-package.com\/?s={search_term_string}"},"query-input":{"@type":"PropertyValueSpecification","valueRequired":true,"valueName":"search_term_string"}}],"inLanguage":"vi"}]}},"_links":{"self":[{"href":"https:\/\/fill-package.com\/vi\/wp-json\/wp\/v2\/pages\/7985","targetHints":{"allow":["GET"]}}],"collection":[{"href":"https:\/\/fill-package.com\/vi\/wp-json\/wp\/v2\/pages"}],"about":[{"href":"https:\/\/fill-package.com\/vi\/wp-json\/wp\/v2\/types\/page"}],"author":[{"embeddable":true,"href":"https:\/\/fill-package.com\/vi\/wp-json\/wp\/v2\/users\/1"}],"replies":[{"embeddable":true,"href":"https:\/\/fill-package.com\/vi\/wp-json\/wp\/v2\/comments?post=7985"}],"version-history":[{"count":18,"href":"https:\/\/fill-package.com\/vi\/wp-json\/wp\/v2\/pages\/7985\/revisions"}],"predecessor-version":[{"id":9367,"href":"https:\/\/fill-package.com\/vi\/wp-json\/wp\/v2\/pages\/7985\/revisions\/9367"}],"up":[{"embeddable":true,"href":"https:\/\/fill-package.com\/vi\/wp-json\/wp\/v2\/pages\/6231"}],"wp:attachment":[{"href":"https:\/\/fill-package.com\/vi\/wp-json\/wp\/v2\/media?parent=7985"}],"curies":[{"name":"wp","href":"https:\/\/api.w.org\/{rel}","templated":true}]}}