{"id":7145,"date":"2023-03-22T08:57:58","date_gmt":"2023-03-22T08:57:58","guid":{"rendered":"https:\/\/fill-package.com\/?page_id=7145"},"modified":"2025-11-05T09:01:31","modified_gmt":"2025-11-05T09:01:31","slug":"high-speed-vffs-machine-2","status":"publish","type":"page","link":"https:\/\/fill-package.com\/vi\/high-speed-vffs-machine","title":{"rendered":"M\u00e1y VFFS t\u1ed1c \u0111\u1ed9 cao"},"content":{"rendered":"","protected":false},"excerpt":{"rendered":"","protected":false},"author":1,"featured_media":0,"parent":7082,"menu_order":0,"comment_status":"closed","ping_status":"closed","template":"product-details4.php","meta":{"site-sidebar-layout":"default","site-content-layout":"page-builder","ast-site-content-layout":"full-width-container","site-content-style":"unboxed","site-sidebar-style":"unboxed","ast-global-header-display":"","ast-banner-title-visibility":"","ast-main-header-display":"","ast-hfb-above-header-display":"","ast-hfb-below-header-display":"","ast-hfb-mobile-header-display":"","site-post-title":"","ast-breadcrumbs-content":"disabled","ast-featured-img":"","footer-sml-layout":"","ast-disable-related-posts":"","theme-transparent-header-meta":"default","adv-header-id-meta":"","stick-header-meta":"default","header-above-stick-meta":"","header-main-stick-meta":"","header-below-stick-meta":"","astra-migrate-meta-layouts":"set","ast-page-background-enabled":"default","ast-page-background-meta":{"desktop":{"background-color":"","background-image":"","background-repeat":"repeat","background-position":"center center","background-size":"auto","background-attachment":"scroll","background-type":"","background-media":"","overlay-type":"","overlay-color":"","overlay-opacity":"","overlay-gradient":""},"tablet":{"background-color":"","background-image":"","background-repeat":"repeat","background-position":"center center","background-size":"auto","background-attachment":"scroll","background-type":"","background-media":"","overlay-type":"","overlay-color":"","overlay-opacity":"","overlay-gradient":""},"mobile":{"background-color":"","background-image":"","background-repeat":"repeat","background-position":"center center","background-size":"auto","background-attachment":"scroll","background-type":"","background-media":"","overlay-type":"","overlay-color":"","overlay-opacity":"","overlay-gradient":""}},"ast-content-background-meta":{"desktop":{"background-color":"var(--ast-global-color-5)","background-image":"","background-repeat":"repeat","background-position":"center center","background-size":"auto","background-attachment":"scroll","background-type":"","background-media":"","overlay-type":"","overlay-color":"","overlay-opacity":"","overlay-gradient":""},"tablet":{"background-color":"var(--ast-global-color-5)","background-image":"","background-repeat":"repeat","background-position":"center center","background-size":"auto","background-attachment":"scroll","background-type":"","background-media":"","overlay-type":"","overlay-color":"","overlay-opacity":"","overlay-gradient":""},"mobile":{"background-color":"var(--ast-global-color-5)","background-image":"","background-repeat":"repeat","background-position":"center center","background-size":"auto","background-attachment":"scroll","background-type":"","background-media":"","overlay-type":"","overlay-color":"","overlay-opacity":"","overlay-gradient":""}},"footnotes":""},"class_list":["post-7145","page","type-page","status-publish","hentry"],"acf":[],"yoast_head":"<!-- This site is optimized with the Yoast SEO plugin v27.3 - https:\/\/yoast.com\/product\/yoast-seo-wordpress\/ -->\n<title>High Speed VFFS Machine - 100+ Bags\/Min | Fast Packaging Solutions<\/title>\n<meta name=\"description\" content=\"High-speed VFFS machine achieving 100+ bags\/minute. Ideal for snacks, food &amp; small granulated products. Advanced servo technology, automatic film tracking &amp; optional date printing. Boost your production efficiency\" \/>\n<meta name=\"robots\" content=\"index, follow, max-snippet:-1, max-image-preview:large, max-video-preview:-1\" \/>\n<link rel=\"canonical\" href=\"https:\/\/fill-package.com\/vi\/may-vffs-toc-do-cao\/\" \/>\n<meta property=\"og:locale\" content=\"vi_VN\" \/>\n<meta property=\"og:type\" content=\"article\" \/>\n<meta property=\"og:title\" content=\"High Speed VFFS Machine - 100+ Bags\/Min | Fast Packaging Solutions\" \/>\n<meta property=\"og:description\" content=\"High-speed VFFS machine achieving 100+ bags\/minute. Ideal for snacks, food &amp; small granulated products. Advanced servo technology, automatic film tracking &amp; optional date printing. Boost your production efficiency\" \/>\n<meta property=\"og:url\" content=\"https:\/\/fill-package.com\/vi\/may-vffs-toc-do-cao\/\" \/>\n<meta property=\"og:site_name\" content=\"Fill&amp;Package\" \/>\n<meta property=\"article:modified_time\" content=\"2025-11-05T09:01:31+00:00\" \/>\n<meta name=\"twitter:card\" content=\"summary_large_image\" \/>\n<script type=\"application\/ld+json\" class=\"yoast-schema-graph\">{\"@context\":\"https:\\\/\\\/schema.org\",\"@graph\":[{\"@type\":\"WebPage\",\"@id\":\"https:\\\/\\\/fill-package.com\\\/high-speed-vffs-machine\\\/\",\"url\":\"https:\\\/\\\/fill-package.com\\\/high-speed-vffs-machine\\\/\",\"name\":\"High Speed VFFS Machine - 100+ Bags\\\/Min | Fast Packaging Solutions\",\"isPartOf\":{\"@id\":\"https:\\\/\\\/fill-package.com\\\/#website\"},\"datePublished\":\"2023-03-22T08:57:58+00:00\",\"dateModified\":\"2025-11-05T09:01:31+00:00\",\"description\":\"High-speed VFFS machine achieving 100+ bags\\\/minute. Ideal for snacks, food & small granulated products. Advanced servo technology, automatic film tracking & optional date printing. Boost your production efficiency\",\"breadcrumb\":{\"@id\":\"https:\\\/\\\/fill-package.com\\\/high-speed-vffs-machine\\\/#breadcrumb\"},\"inLanguage\":\"vi\",\"potentialAction\":[{\"@type\":\"ReadAction\",\"target\":[\"https:\\\/\\\/fill-package.com\\\/high-speed-vffs-machine\\\/\"]}]},{\"@type\":\"BreadcrumbList\",\"@id\":\"https:\\\/\\\/fill-package.com\\\/high-speed-vffs-machine\\\/#breadcrumb\",\"itemListElement\":[{\"@type\":\"ListItem\",\"position\":1,\"name\":\"Home\",\"item\":\"https:\\\/\\\/fill-package.com\\\/\"},{\"@type\":\"ListItem\",\"position\":2,\"name\":\"VFFS Machine\",\"item\":\"https:\\\/\\\/fill-package.com\\\/vffs-machine\\\/\"},{\"@type\":\"ListItem\",\"position\":3,\"name\":\"High Speed VFFS Machine\"}]},{\"@type\":\"WebSite\",\"@id\":\"https:\\\/\\\/fill-package.com\\\/#website\",\"url\":\"https:\\\/\\\/fill-package.com\\\/\",\"name\":\"Fill&amp;Package\",\"description\":\"\",\"potentialAction\":[{\"@type\":\"SearchAction\",\"target\":{\"@type\":\"EntryPoint\",\"urlTemplate\":\"https:\\\/\\\/fill-package.com\\\/?s={search_term_string}\"},\"query-input\":{\"@type\":\"PropertyValueSpecification\",\"valueRequired\":true,\"valueName\":\"search_term_string\"}}],\"inLanguage\":\"vi\"}]}<\/script>\n<!-- \/ Yoast SEO plugin. -->","yoast_head_json":{"title":"M\u00e1y VFFS t\u1ed1c \u0111\u1ed9 cao - 100+ t\u00fai\/ph\u00fat | Gi\u1ea3i ph\u00e1p \u0111\u00f3ng g\u00f3i nhanh","description":"M\u00e1y VFFS t\u1ed1c \u0111\u1ed9 cao \u0111\u1ea1t h\u01a1n 100 t\u00fai\/ph\u00fat. L\u00fd t\u01b0\u1edfng cho \u0111\u1ed3 \u0103n nh\u1eb9, th\u1ef1c ph\u1ea9m v\u00e0 c\u00e1c s\u1ea3n ph\u1ea9m d\u1ea1ng h\u1ea1t nh\u1ecf. C\u00f4ng ngh\u1ec7 servo ti\u00ean ti\u1ebfn, t\u1ef1 \u0111\u1ed9ng theo d\u00f5i m\u00e0ng phim v\u00e0 t\u00f9y ch\u1ecdn in ng\u00e0y. N\u00e2ng cao hi\u1ec7u qu\u1ea3 s\u1ea3n xu\u1ea5t c\u1ee7a b\u1ea1n","robots":{"index":"index","follow":"follow","max-snippet":"max-snippet:-1","max-image-preview":"max-image-preview:large","max-video-preview":"max-video-preview:-1"},"canonical":"https:\/\/fill-package.com\/vi\/may-vffs-toc-do-cao\/","og_locale":"vi_VN","og_type":"article","og_title":"High Speed VFFS Machine - 100+ Bags\/Min | Fast Packaging Solutions","og_description":"High-speed VFFS machine achieving 100+ bags\/minute. Ideal for snacks, food & small granulated products. Advanced servo technology, automatic film tracking & optional date printing. Boost your production efficiency","og_url":"https:\/\/fill-package.com\/vi\/may-vffs-toc-do-cao\/","og_site_name":"Fill&amp;Package","article_modified_time":"2025-11-05T09:01:31+00:00","twitter_card":"summary_large_image","schema":{"@context":"https:\/\/schema.org","@graph":[{"@type":"WebPage","@id":"https:\/\/fill-package.com\/high-speed-vffs-machine\/","url":"https:\/\/fill-package.com\/high-speed-vffs-machine\/","name":"M\u00e1y VFFS t\u1ed1c \u0111\u1ed9 cao - 100+ t\u00fai\/ph\u00fat | Gi\u1ea3i ph\u00e1p \u0111\u00f3ng g\u00f3i nhanh","isPartOf":{"@id":"https:\/\/fill-package.com\/#website"},"datePublished":"2023-03-22T08:57:58+00:00","dateModified":"2025-11-05T09:01:31+00:00","description":"M\u00e1y VFFS t\u1ed1c \u0111\u1ed9 cao \u0111\u1ea1t h\u01a1n 100 t\u00fai\/ph\u00fat. L\u00fd t\u01b0\u1edfng cho \u0111\u1ed3 \u0103n nh\u1eb9, th\u1ef1c ph\u1ea9m v\u00e0 c\u00e1c s\u1ea3n ph\u1ea9m d\u1ea1ng h\u1ea1t nh\u1ecf. C\u00f4ng ngh\u1ec7 servo ti\u00ean ti\u1ebfn, t\u1ef1 \u0111\u1ed9ng theo d\u00f5i m\u00e0ng phim v\u00e0 t\u00f9y ch\u1ecdn in ng\u00e0y. N\u00e2ng cao hi\u1ec7u qu\u1ea3 s\u1ea3n xu\u1ea5t c\u1ee7a b\u1ea1n","breadcrumb":{"@id":"https:\/\/fill-package.com\/high-speed-vffs-machine\/#breadcrumb"},"inLanguage":"vi","potentialAction":[{"@type":"ReadAction","target":["https:\/\/fill-package.com\/high-speed-vffs-machine\/"]}]},{"@type":"BreadcrumbList","@id":"https:\/\/fill-package.com\/high-speed-vffs-machine\/#breadcrumb","itemListElement":[{"@type":"ListItem","position":1,"name":"Home","item":"https:\/\/fill-package.com\/"},{"@type":"ListItem","position":2,"name":"VFFS Machine","item":"https:\/\/fill-package.com\/vffs-machine\/"},{"@type":"ListItem","position":3,"name":"High Speed VFFS Machine"}]},{"@type":"WebSite","@id":"https:\/\/fill-package.com\/#website","url":"https:\/\/fill-package.com\/","name":"\u0110i\u1ec1n &amp; \u0110\u00f3ng g\u00f3i","description":"","potentialAction":[{"@type":"SearchAction","target":{"@type":"EntryPoint","urlTemplate":"https:\/\/fill-package.com\/?s={search_term_string}"},"query-input":{"@type":"PropertyValueSpecification","valueRequired":true,"valueName":"search_term_string"}}],"inLanguage":"vi"}]}},"_links":{"self":[{"href":"https:\/\/fill-package.com\/vi\/wp-json\/wp\/v2\/pages\/7145","targetHints":{"allow":["GET"]}}],"collection":[{"href":"https:\/\/fill-package.com\/vi\/wp-json\/wp\/v2\/pages"}],"about":[{"href":"https:\/\/fill-package.com\/vi\/wp-json\/wp\/v2\/types\/page"}],"author":[{"embeddable":true,"href":"https:\/\/fill-package.com\/vi\/wp-json\/wp\/v2\/users\/1"}],"replies":[{"embeddable":true,"href":"https:\/\/fill-package.com\/vi\/wp-json\/wp\/v2\/comments?post=7145"}],"version-history":[{"count":16,"href":"https:\/\/fill-package.com\/vi\/wp-json\/wp\/v2\/pages\/7145\/revisions"}],"predecessor-version":[{"id":10643,"href":"https:\/\/fill-package.com\/vi\/wp-json\/wp\/v2\/pages\/7145\/revisions\/10643"}],"up":[{"embeddable":true,"href":"https:\/\/fill-package.com\/vi\/wp-json\/wp\/v2\/pages\/7082"}],"wp:attachment":[{"href":"https:\/\/fill-package.com\/vi\/wp-json\/wp\/v2\/media?parent=7145"}],"curies":[{"name":"wp","href":"https:\/\/api.w.org\/{rel}","templated":true}]}}