{"id":6549,"date":"2023-02-23T04:45:04","date_gmt":"2023-02-23T04:45:04","guid":{"rendered":"https:\/\/fill-package.com\/?page_id=6549"},"modified":"2026-02-12T15:04:13","modified_gmt":"2026-02-12T15:04:13","slug":"bang-tai-bat","status":"publish","type":"page","link":"https:\/\/fill-package.com\/vi\/bowl-conveyor","title":{"rendered":"B\u0103ng t\u1ea3i b\u00e1t\u00a0"},"content":{"rendered":"","protected":false},"excerpt":{"rendered":"","protected":false},"author":1,"featured_media":0,"parent":6514,"menu_order":0,"comment_status":"closed","ping_status":"closed","template":"product-details4.php","meta":{"site-sidebar-layout":"default","site-content-layout":"page-builder","ast-site-content-layout":"full-width-container","site-content-style":"unboxed","site-sidebar-style":"unboxed","ast-global-header-display":"","ast-banner-title-visibility":"","ast-main-header-display":"","ast-hfb-above-header-display":"","ast-hfb-below-header-display":"","ast-hfb-mobile-header-display":"","site-post-title":"","ast-breadcrumbs-content":"disabled","ast-featured-img":"","footer-sml-layout":"","ast-disable-related-posts":"","theme-transparent-header-meta":"default","adv-header-id-meta":"","stick-header-meta":"default","header-above-stick-meta":"","header-main-stick-meta":"","header-below-stick-meta":"","astra-migrate-meta-layouts":"set","ast-page-background-enabled":"default","ast-page-background-meta":{"desktop":{"background-color":"","background-image":"","background-repeat":"repeat","background-position":"center center","background-size":"auto","background-attachment":"scroll","background-type":"","background-media":"","overlay-type":"","overlay-color":"","overlay-opacity":"","overlay-gradient":""},"tablet":{"background-color":"","background-image":"","background-repeat":"repeat","background-position":"center center","background-size":"auto","background-attachment":"scroll","background-type":"","background-media":"","overlay-type":"","overlay-color":"","overlay-opacity":"","overlay-gradient":""},"mobile":{"background-color":"","background-image":"","background-repeat":"repeat","background-position":"center center","background-size":"auto","background-attachment":"scroll","background-type":"","background-media":"","overlay-type":"","overlay-color":"","overlay-opacity":"","overlay-gradient":""}},"ast-content-background-meta":{"desktop":{"background-color":"var(--ast-global-color-5)","background-image":"","background-repeat":"repeat","background-position":"center center","background-size":"auto","background-attachment":"scroll","background-type":"","background-media":"","overlay-type":"","overlay-color":"","overlay-opacity":"","overlay-gradient":""},"tablet":{"background-color":"var(--ast-global-color-5)","background-image":"","background-repeat":"repeat","background-position":"center center","background-size":"auto","background-attachment":"scroll","background-type":"","background-media":"","overlay-type":"","overlay-color":"","overlay-opacity":"","overlay-gradient":""},"mobile":{"background-color":"var(--ast-global-color-5)","background-image":"","background-repeat":"repeat","background-position":"center center","background-size":"auto","background-attachment":"scroll","background-type":"","background-media":"","overlay-type":"","overlay-color":"","overlay-opacity":"","overlay-gradient":""}},"footnotes":""},"class_list":["post-6549","page","type-page","status-publish","hentry"],"acf":[],"yoast_head":"<!-- This site is optimized with the Yoast SEO plugin v27.3 - https:\/\/yoast.com\/product\/yoast-seo-wordpress\/ -->\n<title>Bowl Conveyor .Inclined Conveyor Belt.Fill&amp;Package<\/title>\n<meta name=\"description\" content=\"Gentle, non-clogging bowl conveyors for sticky, high-moisture foods. Inclined bowl conveyor systems with quick-release bowls, stainless-steel frame, and easy integration.\" \/>\n<meta name=\"robots\" content=\"index, follow, max-snippet:-1, max-image-preview:large, max-video-preview:-1\" \/>\n<link rel=\"canonical\" href=\"https:\/\/fill-package.com\/vi\/bang-tai-bat\/\" \/>\n<meta property=\"og:locale\" content=\"vi_VN\" \/>\n<meta property=\"og:type\" content=\"article\" \/>\n<meta property=\"og:title\" content=\"Bowl Conveyor .Inclined Conveyor Belt.Fill&amp;Package\" \/>\n<meta property=\"og:description\" content=\"Gentle, non-clogging bowl conveyors for sticky, high-moisture foods. Inclined bowl conveyor systems with quick-release bowls, stainless-steel frame, and easy integration.\" \/>\n<meta property=\"og:url\" content=\"https:\/\/fill-package.com\/vi\/bang-tai-bat\/\" \/>\n<meta property=\"og:site_name\" content=\"Fill&amp;Package\" \/>\n<meta property=\"article:modified_time\" content=\"2026-02-12T15:04:13+00:00\" \/>\n<meta name=\"twitter:card\" content=\"summary_large_image\" \/>\n<script type=\"application\/ld+json\" class=\"yoast-schema-graph\">{\"@context\":\"https:\\\/\\\/schema.org\",\"@graph\":[{\"@type\":\"WebPage\",\"@id\":\"https:\\\/\\\/fill-package.com\\\/bowl-conveyor\\\/\",\"url\":\"https:\\\/\\\/fill-package.com\\\/bowl-conveyor\\\/\",\"name\":\"Bowl Conveyor .Inclined Conveyor Belt.Fill&Package\",\"isPartOf\":{\"@id\":\"https:\\\/\\\/fill-package.com\\\/#website\"},\"datePublished\":\"2023-02-23T04:45:04+00:00\",\"dateModified\":\"2026-02-12T15:04:13+00:00\",\"description\":\"Gentle, non-clogging bowl conveyors for sticky, high-moisture foods. Inclined bowl conveyor systems with quick-release bowls, stainless-steel frame, and easy integration.\",\"breadcrumb\":{\"@id\":\"https:\\\/\\\/fill-package.com\\\/bowl-conveyor\\\/#breadcrumb\"},\"inLanguage\":\"vi\",\"potentialAction\":[{\"@type\":\"ReadAction\",\"target\":[\"https:\\\/\\\/fill-package.com\\\/bowl-conveyor\\\/\"]}]},{\"@type\":\"BreadcrumbList\",\"@id\":\"https:\\\/\\\/fill-package.com\\\/bowl-conveyor\\\/#breadcrumb\",\"itemListElement\":[{\"@type\":\"ListItem\",\"position\":1,\"name\":\"Home\",\"item\":\"https:\\\/\\\/fill-package.com\\\/\"},{\"@type\":\"ListItem\",\"position\":2,\"name\":\"Other Food Packaging Machine\",\"item\":\"https:\\\/\\\/fill-package.com\\\/food-packaging-machine\\\/\"},{\"@type\":\"ListItem\",\"position\":3,\"name\":\"Bowl Conveyor\u00a0\"}]},{\"@type\":\"WebSite\",\"@id\":\"https:\\\/\\\/fill-package.com\\\/#website\",\"url\":\"https:\\\/\\\/fill-package.com\\\/\",\"name\":\"Fill&amp;Package\",\"description\":\"\",\"potentialAction\":[{\"@type\":\"SearchAction\",\"target\":{\"@type\":\"EntryPoint\",\"urlTemplate\":\"https:\\\/\\\/fill-package.com\\\/?s={search_term_string}\"},\"query-input\":{\"@type\":\"PropertyValueSpecification\",\"valueRequired\":true,\"valueName\":\"search_term_string\"}}],\"inLanguage\":\"vi\"}]}<\/script>\n<!-- \/ Yoast SEO plugin. -->","yoast_head_json":{"title":"B\u0103ng t\u1ea3i b\u00e1t. B\u0103ng t\u1ea3i nghi\u00eang. \u0110\u1ed5 \u0111\u1ea7y &amp; \u0110\u00f3ng g\u00f3i","description":"B\u0103ng t\u1ea3i b\u00e1t nh\u1eb9 nh\u00e0ng, kh\u00f4ng b\u1ecb t\u1eafc ngh\u1ebdn d\u00e0nh cho th\u1ef1c ph\u1ea9m d\u00ednh, c\u00f3 \u0111\u1ed9 \u1ea9m cao. H\u1ec7 th\u1ed1ng b\u0103ng t\u1ea3i b\u00e1t nghi\u00eang v\u1edbi b\u00e1t th\u00e1o l\u1eafp nhanh, khung th\u00e9p kh\u00f4ng g\u1ec9 v\u00e0 d\u1ec5 d\u00e0ng t\u00edch h\u1ee3p.","robots":{"index":"index","follow":"follow","max-snippet":"max-snippet:-1","max-image-preview":"max-image-preview:large","max-video-preview":"max-video-preview:-1"},"canonical":"https:\/\/fill-package.com\/vi\/bang-tai-bat\/","og_locale":"vi_VN","og_type":"article","og_title":"Bowl Conveyor .Inclined Conveyor Belt.Fill&Package","og_description":"Gentle, non-clogging bowl conveyors for sticky, high-moisture foods. Inclined bowl conveyor systems with quick-release bowls, stainless-steel frame, and easy integration.","og_url":"https:\/\/fill-package.com\/vi\/bang-tai-bat\/","og_site_name":"Fill&amp;Package","article_modified_time":"2026-02-12T15:04:13+00:00","twitter_card":"summary_large_image","schema":{"@context":"https:\/\/schema.org","@graph":[{"@type":"WebPage","@id":"https:\/\/fill-package.com\/bowl-conveyor\/","url":"https:\/\/fill-package.com\/bowl-conveyor\/","name":"B\u0103ng t\u1ea3i b\u00e1t. B\u0103ng t\u1ea3i nghi\u00eang. \u0110\u1ed5 \u0111\u1ea7y &amp; \u0110\u00f3ng g\u00f3i","isPartOf":{"@id":"https:\/\/fill-package.com\/#website"},"datePublished":"2023-02-23T04:45:04+00:00","dateModified":"2026-02-12T15:04:13+00:00","description":"B\u0103ng t\u1ea3i b\u00e1t nh\u1eb9 nh\u00e0ng, kh\u00f4ng b\u1ecb t\u1eafc ngh\u1ebdn d\u00e0nh cho th\u1ef1c ph\u1ea9m d\u00ednh, c\u00f3 \u0111\u1ed9 \u1ea9m cao. H\u1ec7 th\u1ed1ng b\u0103ng t\u1ea3i b\u00e1t nghi\u00eang v\u1edbi b\u00e1t th\u00e1o l\u1eafp nhanh, khung th\u00e9p kh\u00f4ng g\u1ec9 v\u00e0 d\u1ec5 d\u00e0ng t\u00edch h\u1ee3p.","breadcrumb":{"@id":"https:\/\/fill-package.com\/bowl-conveyor\/#breadcrumb"},"inLanguage":"vi","potentialAction":[{"@type":"ReadAction","target":["https:\/\/fill-package.com\/bowl-conveyor\/"]}]},{"@type":"BreadcrumbList","@id":"https:\/\/fill-package.com\/bowl-conveyor\/#breadcrumb","itemListElement":[{"@type":"ListItem","position":1,"name":"Home","item":"https:\/\/fill-package.com\/"},{"@type":"ListItem","position":2,"name":"Other Food Packaging Machine","item":"https:\/\/fill-package.com\/food-packaging-machine\/"},{"@type":"ListItem","position":3,"name":"Bowl Conveyor\u00a0"}]},{"@type":"WebSite","@id":"https:\/\/fill-package.com\/#website","url":"https:\/\/fill-package.com\/","name":"\u0110i\u1ec1n &amp; \u0110\u00f3ng g\u00f3i","description":"","potentialAction":[{"@type":"SearchAction","target":{"@type":"EntryPoint","urlTemplate":"https:\/\/fill-package.com\/?s={search_term_string}"},"query-input":{"@type":"PropertyValueSpecification","valueRequired":true,"valueName":"search_term_string"}}],"inLanguage":"vi"}]}},"_links":{"self":[{"href":"https:\/\/fill-package.com\/vi\/wp-json\/wp\/v2\/pages\/6549","targetHints":{"allow":["GET"]}}],"collection":[{"href":"https:\/\/fill-package.com\/vi\/wp-json\/wp\/v2\/pages"}],"about":[{"href":"https:\/\/fill-package.com\/vi\/wp-json\/wp\/v2\/types\/page"}],"author":[{"embeddable":true,"href":"https:\/\/fill-package.com\/vi\/wp-json\/wp\/v2\/users\/1"}],"replies":[{"embeddable":true,"href":"https:\/\/fill-package.com\/vi\/wp-json\/wp\/v2\/comments?post=6549"}],"version-history":[{"count":27,"href":"https:\/\/fill-package.com\/vi\/wp-json\/wp\/v2\/pages\/6549\/revisions"}],"predecessor-version":[{"id":12598,"href":"https:\/\/fill-package.com\/vi\/wp-json\/wp\/v2\/pages\/6549\/revisions\/12598"}],"up":[{"embeddable":true,"href":"https:\/\/fill-package.com\/vi\/wp-json\/wp\/v2\/pages\/6514"}],"wp:attachment":[{"href":"https:\/\/fill-package.com\/vi\/wp-json\/wp\/v2\/media?parent=6549"}],"curies":[{"name":"wp","href":"https:\/\/api.w.org\/{rel}","templated":true}]}}