{"id":6341,"date":"2023-01-10T07:53:02","date_gmt":"2023-01-10T07:53:02","guid":{"rendered":"https:\/\/fill-package.com\/?page_id=6341"},"modified":"2025-05-17T15:04:39","modified_gmt":"2025-05-17T15:04:39","slug":"infeed-conveyor","status":"publish","type":"page","link":"https:\/\/fill-package.com\/vi\/decline-conveyor-belt","title":{"rendered":"B\u0103ng t\u1ea3i gi\u1ea3m d\u1ea7n\/B\u0103ng t\u1ea3i mang \u0111i"},"content":{"rendered":"","protected":false},"excerpt":{"rendered":"","protected":false},"author":1,"featured_media":0,"parent":6231,"menu_order":0,"comment_status":"closed","ping_status":"closed","template":"product-category3.php","meta":{"site-sidebar-layout":"default","site-content-layout":"page-builder","ast-site-content-layout":"full-width-container","site-content-style":"unboxed","site-sidebar-style":"unboxed","ast-global-header-display":"","ast-banner-title-visibility":"","ast-main-header-display":"","ast-hfb-above-header-display":"","ast-hfb-below-header-display":"","ast-hfb-mobile-header-display":"","site-post-title":"","ast-breadcrumbs-content":"disabled","ast-featured-img":"","footer-sml-layout":"","ast-disable-related-posts":"","theme-transparent-header-meta":"default","adv-header-id-meta":"","stick-header-meta":"default","header-above-stick-meta":"","header-main-stick-meta":"","header-below-stick-meta":"","astra-migrate-meta-layouts":"set","ast-page-background-enabled":"default","ast-page-background-meta":{"desktop":{"background-color":"","background-image":"","background-repeat":"repeat","background-position":"center center","background-size":"auto","background-attachment":"scroll","background-type":"","background-media":"","overlay-type":"","overlay-color":"","overlay-opacity":"","overlay-gradient":""},"tablet":{"background-color":"","background-image":"","background-repeat":"repeat","background-position":"center center","background-size":"auto","background-attachment":"scroll","background-type":"","background-media":"","overlay-type":"","overlay-color":"","overlay-opacity":"","overlay-gradient":""},"mobile":{"background-color":"","background-image":"","background-repeat":"repeat","background-position":"center center","background-size":"auto","background-attachment":"scroll","background-type":"","background-media":"","overlay-type":"","overlay-color":"","overlay-opacity":"","overlay-gradient":""}},"ast-content-background-meta":{"desktop":{"background-color":"var(--ast-global-color-5)","background-image":"","background-repeat":"repeat","background-position":"center center","background-size":"auto","background-attachment":"scroll","background-type":"","background-media":"","overlay-type":"","overlay-color":"","overlay-opacity":"","overlay-gradient":""},"tablet":{"background-color":"var(--ast-global-color-5)","background-image":"","background-repeat":"repeat","background-position":"center center","background-size":"auto","background-attachment":"scroll","background-type":"","background-media":"","overlay-type":"","overlay-color":"","overlay-opacity":"","overlay-gradient":""},"mobile":{"background-color":"var(--ast-global-color-5)","background-image":"","background-repeat":"repeat","background-position":"center center","background-size":"auto","background-attachment":"scroll","background-type":"","background-media":"","overlay-type":"","overlay-color":"","overlay-opacity":"","overlay-gradient":""}},"footnotes":""},"class_list":["post-6341","page","type-page","status-publish","hentry"],"acf":[],"yoast_head":"<!-- This site is optimized with the Yoast SEO plugin v27.3 - https:\/\/yoast.com\/product\/yoast-seo-wordpress\/ -->\n<title>Decline conveyor belt Conveyor.Take Away Conveyor-Fill&amp;Package<\/title>\n<meta name=\"description\" content=\"Boost your production efficiency with our customizable decline conveyor belt systems. Ideal for safe, controlled downhill transport in food, logistics, packaging, and more. Get a quote today!\" \/>\n<meta name=\"robots\" content=\"index, follow, max-snippet:-1, max-image-preview:large, max-video-preview:-1\" \/>\n<link rel=\"canonical\" href=\"https:\/\/fill-package.com\/vi\/bang-tai-giam-dan\/\" \/>\n<meta property=\"og:locale\" content=\"vi_VN\" \/>\n<meta property=\"og:type\" content=\"article\" \/>\n<meta property=\"og:title\" content=\"Decline conveyor belt Conveyor.Take Away Conveyor-Fill&amp;Package\" \/>\n<meta property=\"og:description\" content=\"Boost your production efficiency with our customizable decline conveyor belt systems. Ideal for safe, controlled downhill transport in food, logistics, packaging, and more. Get a quote today!\" \/>\n<meta property=\"og:url\" content=\"https:\/\/fill-package.com\/vi\/bang-tai-giam-dan\/\" \/>\n<meta property=\"og:site_name\" content=\"Fill&amp;Package\" \/>\n<meta property=\"article:modified_time\" content=\"2025-05-17T15:04:39+00:00\" \/>\n<meta name=\"twitter:card\" content=\"summary_large_image\" \/>\n<script type=\"application\/ld+json\" class=\"yoast-schema-graph\">{\"@context\":\"https:\\\/\\\/schema.org\",\"@graph\":[{\"@type\":\"WebPage\",\"@id\":\"https:\\\/\\\/fill-package.com\\\/decline-conveyor-belt\\\/\",\"url\":\"https:\\\/\\\/fill-package.com\\\/decline-conveyor-belt\\\/\",\"name\":\"Decline conveyor belt Conveyor.Take Away Conveyor-Fill&Package\",\"isPartOf\":{\"@id\":\"https:\\\/\\\/fill-package.com\\\/#website\"},\"datePublished\":\"2023-01-10T07:53:02+00:00\",\"dateModified\":\"2025-05-17T15:04:39+00:00\",\"description\":\"Boost your production efficiency with our customizable decline conveyor belt systems. Ideal for safe, controlled downhill transport in food, logistics, packaging, and more. Get a quote today!\",\"breadcrumb\":{\"@id\":\"https:\\\/\\\/fill-package.com\\\/decline-conveyor-belt\\\/#breadcrumb\"},\"inLanguage\":\"vi\",\"potentialAction\":[{\"@type\":\"ReadAction\",\"target\":[\"https:\\\/\\\/fill-package.com\\\/decline-conveyor-belt\\\/\"]}]},{\"@type\":\"BreadcrumbList\",\"@id\":\"https:\\\/\\\/fill-package.com\\\/decline-conveyor-belt\\\/#breadcrumb\",\"itemListElement\":[{\"@type\":\"ListItem\",\"position\":1,\"name\":\"Home\",\"item\":\"https:\\\/\\\/fill-package.com\\\/\"},{\"@type\":\"ListItem\",\"position\":2,\"name\":\"Belt Conveyor\",\"item\":\"https:\\\/\\\/fill-package.com\\\/belt-conveyor\\\/\"},{\"@type\":\"ListItem\",\"position\":3,\"name\":\"Decline Conveyor Belt\\\/Take Away Conveyor\"}]},{\"@type\":\"WebSite\",\"@id\":\"https:\\\/\\\/fill-package.com\\\/#website\",\"url\":\"https:\\\/\\\/fill-package.com\\\/\",\"name\":\"Fill&amp;Package\",\"description\":\"\",\"potentialAction\":[{\"@type\":\"SearchAction\",\"target\":{\"@type\":\"EntryPoint\",\"urlTemplate\":\"https:\\\/\\\/fill-package.com\\\/?s={search_term_string}\"},\"query-input\":{\"@type\":\"PropertyValueSpecification\",\"valueRequired\":true,\"valueName\":\"search_term_string\"}}],\"inLanguage\":\"vi\"}]}<\/script>\n<!-- \/ Yoast SEO plugin. -->","yoast_head_json":{"title":"B\u0103ng t\u1ea3i gi\u1ea3m d\u1ea7n. B\u0103ng t\u1ea3i mang \u0111i - \u0110\u00f3ng g\u00f3i &amp; \u0110\u00f3ng g\u00f3i","description":"N\u00e2ng cao hi\u1ec7u qu\u1ea3 s\u1ea3n xu\u1ea5t c\u1ee7a b\u1ea1n v\u1edbi h\u1ec7 th\u1ed1ng b\u0103ng t\u1ea3i \u0111\u1ed5 d\u1ed1c t\u00f9y ch\u1ec9nh c\u1ee7a ch\u00fang t\u00f4i. L\u00fd t\u01b0\u1edfng cho vi\u1ec7c v\u1eadn chuy\u1ec3n xu\u1ed1ng d\u1ed1c an to\u00e0n, c\u00f3 ki\u1ec3m so\u00e1t trong th\u1ef1c ph\u1ea9m, h\u1eadu c\u1ea7n, \u0111\u00f3ng g\u00f3i, v.v. Nh\u1eadn b\u00e1o gi\u00e1 ngay h\u00f4m nay!","robots":{"index":"index","follow":"follow","max-snippet":"max-snippet:-1","max-image-preview":"max-image-preview:large","max-video-preview":"max-video-preview:-1"},"canonical":"https:\/\/fill-package.com\/vi\/bang-tai-giam-dan\/","og_locale":"vi_VN","og_type":"article","og_title":"Decline conveyor belt Conveyor.Take Away Conveyor-Fill&Package","og_description":"Boost your production efficiency with our customizable decline conveyor belt systems. Ideal for safe, controlled downhill transport in food, logistics, packaging, and more. Get a quote today!","og_url":"https:\/\/fill-package.com\/vi\/bang-tai-giam-dan\/","og_site_name":"Fill&amp;Package","article_modified_time":"2025-05-17T15:04:39+00:00","twitter_card":"summary_large_image","schema":{"@context":"https:\/\/schema.org","@graph":[{"@type":"WebPage","@id":"https:\/\/fill-package.com\/decline-conveyor-belt\/","url":"https:\/\/fill-package.com\/decline-conveyor-belt\/","name":"B\u0103ng t\u1ea3i gi\u1ea3m d\u1ea7n. B\u0103ng t\u1ea3i mang \u0111i - \u0110\u00f3ng g\u00f3i &amp; \u0110\u00f3ng g\u00f3i","isPartOf":{"@id":"https:\/\/fill-package.com\/#website"},"datePublished":"2023-01-10T07:53:02+00:00","dateModified":"2025-05-17T15:04:39+00:00","description":"N\u00e2ng cao hi\u1ec7u qu\u1ea3 s\u1ea3n xu\u1ea5t c\u1ee7a b\u1ea1n v\u1edbi h\u1ec7 th\u1ed1ng b\u0103ng t\u1ea3i \u0111\u1ed5 d\u1ed1c t\u00f9y ch\u1ec9nh c\u1ee7a ch\u00fang t\u00f4i. L\u00fd t\u01b0\u1edfng cho vi\u1ec7c v\u1eadn chuy\u1ec3n xu\u1ed1ng d\u1ed1c an to\u00e0n, c\u00f3 ki\u1ec3m so\u00e1t trong th\u1ef1c ph\u1ea9m, h\u1eadu c\u1ea7n, \u0111\u00f3ng g\u00f3i, v.v. Nh\u1eadn b\u00e1o gi\u00e1 ngay h\u00f4m nay!","breadcrumb":{"@id":"https:\/\/fill-package.com\/decline-conveyor-belt\/#breadcrumb"},"inLanguage":"vi","potentialAction":[{"@type":"ReadAction","target":["https:\/\/fill-package.com\/decline-conveyor-belt\/"]}]},{"@type":"BreadcrumbList","@id":"https:\/\/fill-package.com\/decline-conveyor-belt\/#breadcrumb","itemListElement":[{"@type":"ListItem","position":1,"name":"Home","item":"https:\/\/fill-package.com\/"},{"@type":"ListItem","position":2,"name":"Belt Conveyor","item":"https:\/\/fill-package.com\/belt-conveyor\/"},{"@type":"ListItem","position":3,"name":"Decline Conveyor Belt\/Take Away Conveyor"}]},{"@type":"WebSite","@id":"https:\/\/fill-package.com\/#website","url":"https:\/\/fill-package.com\/","name":"\u0110i\u1ec1n &amp; \u0110\u00f3ng g\u00f3i","description":"","potentialAction":[{"@type":"SearchAction","target":{"@type":"EntryPoint","urlTemplate":"https:\/\/fill-package.com\/?s={search_term_string}"},"query-input":{"@type":"PropertyValueSpecification","valueRequired":true,"valueName":"search_term_string"}}],"inLanguage":"vi"}]}},"_links":{"self":[{"href":"https:\/\/fill-package.com\/vi\/wp-json\/wp\/v2\/pages\/6341","targetHints":{"allow":["GET"]}}],"collection":[{"href":"https:\/\/fill-package.com\/vi\/wp-json\/wp\/v2\/pages"}],"about":[{"href":"https:\/\/fill-package.com\/vi\/wp-json\/wp\/v2\/types\/page"}],"author":[{"embeddable":true,"href":"https:\/\/fill-package.com\/vi\/wp-json\/wp\/v2\/users\/1"}],"replies":[{"embeddable":true,"href":"https:\/\/fill-package.com\/vi\/wp-json\/wp\/v2\/comments?post=6341"}],"version-history":[{"count":40,"href":"https:\/\/fill-package.com\/vi\/wp-json\/wp\/v2\/pages\/6341\/revisions"}],"predecessor-version":[{"id":8760,"href":"https:\/\/fill-package.com\/vi\/wp-json\/wp\/v2\/pages\/6341\/revisions\/8760"}],"up":[{"embeddable":true,"href":"https:\/\/fill-package.com\/vi\/wp-json\/wp\/v2\/pages\/6231"}],"wp:attachment":[{"href":"https:\/\/fill-package.com\/vi\/wp-json\/wp\/v2\/media?parent=6341"}],"curies":[{"name":"wp","href":"https:\/\/api.w.org\/{rel}","templated":true}]}}