{"id":6283,"date":"2022-12-29T09:29:38","date_gmt":"2022-12-29T09:29:38","guid":{"rendered":"https:\/\/fill-package.com\/?page_id=6283"},"modified":"2025-07-22T10:07:43","modified_gmt":"2025-07-22T10:07:43","slug":"inclined-belt-conveyor-2","status":"publish","type":"page","link":"https:\/\/fill-package.com\/vi\/inclined-belt-conveyor","title":{"rendered":"B\u0103ng t\u1ea3i nghi\u00eang"},"content":{"rendered":"","protected":false},"excerpt":{"rendered":"","protected":false},"author":1,"featured_media":0,"parent":6231,"menu_order":0,"comment_status":"closed","ping_status":"closed","template":"product-category3.php","meta":{"site-sidebar-layout":"default","site-content-layout":"page-builder","ast-site-content-layout":"full-width-container","site-content-style":"unboxed","site-sidebar-style":"unboxed","ast-global-header-display":"","ast-banner-title-visibility":"","ast-main-header-display":"","ast-hfb-above-header-display":"","ast-hfb-below-header-display":"","ast-hfb-mobile-header-display":"","site-post-title":"","ast-breadcrumbs-content":"","ast-featured-img":"","footer-sml-layout":"","ast-disable-related-posts":"","theme-transparent-header-meta":"default","adv-header-id-meta":"","stick-header-meta":"default","header-above-stick-meta":"","header-main-stick-meta":"","header-below-stick-meta":"","astra-migrate-meta-layouts":"set","ast-page-background-enabled":"default","ast-page-background-meta":{"desktop":{"background-color":"","background-image":"","background-repeat":"repeat","background-position":"center center","background-size":"auto","background-attachment":"scroll","background-type":"","background-media":"","overlay-type":"","overlay-color":"","overlay-opacity":"","overlay-gradient":""},"tablet":{"background-color":"","background-image":"","background-repeat":"repeat","background-position":"center center","background-size":"auto","background-attachment":"scroll","background-type":"","background-media":"","overlay-type":"","overlay-color":"","overlay-opacity":"","overlay-gradient":""},"mobile":{"background-color":"","background-image":"","background-repeat":"repeat","background-position":"center center","background-size":"auto","background-attachment":"scroll","background-type":"","background-media":"","overlay-type":"","overlay-color":"","overlay-opacity":"","overlay-gradient":""}},"ast-content-background-meta":{"desktop":{"background-color":"var(--ast-global-color-5)","background-image":"","background-repeat":"repeat","background-position":"center center","background-size":"auto","background-attachment":"scroll","background-type":"","background-media":"","overlay-type":"","overlay-color":"","overlay-opacity":"","overlay-gradient":""},"tablet":{"background-color":"var(--ast-global-color-5)","background-image":"","background-repeat":"repeat","background-position":"center center","background-size":"auto","background-attachment":"scroll","background-type":"","background-media":"","overlay-type":"","overlay-color":"","overlay-opacity":"","overlay-gradient":""},"mobile":{"background-color":"var(--ast-global-color-5)","background-image":"","background-repeat":"repeat","background-position":"center center","background-size":"auto","background-attachment":"scroll","background-type":"","background-media":"","overlay-type":"","overlay-color":"","overlay-opacity":"","overlay-gradient":""}},"footnotes":""},"class_list":["post-6283","page","type-page","status-publish","hentry"],"acf":[],"yoast_head":"<!-- This site is optimized with the Yoast SEO plugin v27.3 - https:\/\/yoast.com\/product\/yoast-seo-wordpress\/ -->\n<title>Inclined Belt Conveyor.Inclined Conveyor System-Fill&amp;Package<\/title>\n<meta name=\"description\" content=\"Discover durable incline conveyor belts, including flat-top and inclined cleated conveyors. Custom angles up to 35\u00b0, food-grade options, and off-the-shelf for sale.\" \/>\n<meta name=\"robots\" content=\"index, follow, max-snippet:-1, max-image-preview:large, max-video-preview:-1\" \/>\n<link rel=\"canonical\" href=\"https:\/\/fill-package.com\/vi\/bang-tai-nghieng\/\" \/>\n<meta property=\"og:locale\" content=\"vi_VN\" \/>\n<meta property=\"og:type\" content=\"article\" \/>\n<meta property=\"og:title\" content=\"Inclined Belt Conveyor.Inclined Conveyor System-Fill&amp;Package\" \/>\n<meta property=\"og:description\" content=\"Discover durable incline conveyor belts, including flat-top and inclined cleated conveyors. Custom angles up to 35\u00b0, food-grade options, and off-the-shelf for sale.\" \/>\n<meta property=\"og:url\" content=\"https:\/\/fill-package.com\/vi\/bang-tai-nghieng\/\" \/>\n<meta property=\"og:site_name\" content=\"Fill&amp;Package\" \/>\n<meta property=\"article:modified_time\" content=\"2025-07-22T10:07:43+00:00\" \/>\n<meta name=\"twitter:card\" content=\"summary_large_image\" \/>\n<script type=\"application\/ld+json\" class=\"yoast-schema-graph\">{\"@context\":\"https:\\\/\\\/schema.org\",\"@graph\":[{\"@type\":\"WebPage\",\"@id\":\"https:\\\/\\\/fill-package.com\\\/inclined-belt-conveyor\\\/\",\"url\":\"https:\\\/\\\/fill-package.com\\\/inclined-belt-conveyor\\\/\",\"name\":\"Inclined Belt Conveyor.Inclined Conveyor System-Fill&Package\",\"isPartOf\":{\"@id\":\"https:\\\/\\\/fill-package.com\\\/#website\"},\"datePublished\":\"2022-12-29T09:29:38+00:00\",\"dateModified\":\"2025-07-22T10:07:43+00:00\",\"description\":\"Discover durable incline conveyor belts, including flat-top and inclined cleated conveyors. Custom angles up to 35\u00b0, food-grade options, and off-the-shelf for sale.\",\"breadcrumb\":{\"@id\":\"https:\\\/\\\/fill-package.com\\\/inclined-belt-conveyor\\\/#breadcrumb\"},\"inLanguage\":\"vi\",\"potentialAction\":[{\"@type\":\"ReadAction\",\"target\":[\"https:\\\/\\\/fill-package.com\\\/inclined-belt-conveyor\\\/\"]}]},{\"@type\":\"BreadcrumbList\",\"@id\":\"https:\\\/\\\/fill-package.com\\\/inclined-belt-conveyor\\\/#breadcrumb\",\"itemListElement\":[{\"@type\":\"ListItem\",\"position\":1,\"name\":\"Home\",\"item\":\"https:\\\/\\\/fill-package.com\\\/\"},{\"@type\":\"ListItem\",\"position\":2,\"name\":\"Belt Conveyor\",\"item\":\"https:\\\/\\\/fill-package.com\\\/belt-conveyor\\\/\"},{\"@type\":\"ListItem\",\"position\":3,\"name\":\"Inclined Belt Conveyor\"}]},{\"@type\":\"WebSite\",\"@id\":\"https:\\\/\\\/fill-package.com\\\/#website\",\"url\":\"https:\\\/\\\/fill-package.com\\\/\",\"name\":\"Fill&amp;Package\",\"description\":\"\",\"potentialAction\":[{\"@type\":\"SearchAction\",\"target\":{\"@type\":\"EntryPoint\",\"urlTemplate\":\"https:\\\/\\\/fill-package.com\\\/?s={search_term_string}\"},\"query-input\":{\"@type\":\"PropertyValueSpecification\",\"valueRequired\":true,\"valueName\":\"search_term_string\"}}],\"inLanguage\":\"vi\"}]}<\/script>\n<!-- \/ Yoast SEO plugin. -->","yoast_head_json":{"title":"B\u0103ng t\u1ea3i nghi\u00eang. H\u1ec7 th\u1ed1ng b\u0103ng t\u1ea3i nghi\u00eang - \u0110\u00f3ng g\u00f3i &amp; Chi\u1ebft r\u00f3t","description":"Kh\u00e1m ph\u00e1 c\u00e1c lo\u1ea1i b\u0103ng t\u1ea3i nghi\u00eang b\u1ec1n b\u1ec9, bao g\u1ed3m b\u0103ng t\u1ea3i ph\u1eb3ng v\u00e0 b\u0103ng t\u1ea3i nghi\u00eang c\u00f3 ch\u1ed1t. G\u00f3c nghi\u00eang t\u00f9y ch\u1ec9nh l\u00ean \u0111\u1ebfn 35\u00b0, c\u00e1c t\u00f9y ch\u1ecdn \u0111\u1ea1t ti\u00eau chu\u1ea9n th\u1ef1c ph\u1ea9m v\u00e0 h\u00e0ng c\u00f3 s\u1eb5n.","robots":{"index":"index","follow":"follow","max-snippet":"max-snippet:-1","max-image-preview":"max-image-preview:large","max-video-preview":"max-video-preview:-1"},"canonical":"https:\/\/fill-package.com\/vi\/bang-tai-nghieng\/","og_locale":"vi_VN","og_type":"article","og_title":"Inclined Belt Conveyor.Inclined Conveyor System-Fill&Package","og_description":"Discover durable incline conveyor belts, including flat-top and inclined cleated conveyors. Custom angles up to 35\u00b0, food-grade options, and off-the-shelf for sale.","og_url":"https:\/\/fill-package.com\/vi\/bang-tai-nghieng\/","og_site_name":"Fill&amp;Package","article_modified_time":"2025-07-22T10:07:43+00:00","twitter_card":"summary_large_image","schema":{"@context":"https:\/\/schema.org","@graph":[{"@type":"WebPage","@id":"https:\/\/fill-package.com\/inclined-belt-conveyor\/","url":"https:\/\/fill-package.com\/inclined-belt-conveyor\/","name":"B\u0103ng t\u1ea3i nghi\u00eang. H\u1ec7 th\u1ed1ng b\u0103ng t\u1ea3i nghi\u00eang - \u0110\u00f3ng g\u00f3i &amp; Chi\u1ebft r\u00f3t","isPartOf":{"@id":"https:\/\/fill-package.com\/#website"},"datePublished":"2022-12-29T09:29:38+00:00","dateModified":"2025-07-22T10:07:43+00:00","description":"Kh\u00e1m ph\u00e1 c\u00e1c lo\u1ea1i b\u0103ng t\u1ea3i nghi\u00eang b\u1ec1n b\u1ec9, bao g\u1ed3m b\u0103ng t\u1ea3i ph\u1eb3ng v\u00e0 b\u0103ng t\u1ea3i nghi\u00eang c\u00f3 ch\u1ed1t. G\u00f3c nghi\u00eang t\u00f9y ch\u1ec9nh l\u00ean \u0111\u1ebfn 35\u00b0, c\u00e1c t\u00f9y ch\u1ecdn \u0111\u1ea1t ti\u00eau chu\u1ea9n th\u1ef1c ph\u1ea9m v\u00e0 h\u00e0ng c\u00f3 s\u1eb5n.","breadcrumb":{"@id":"https:\/\/fill-package.com\/inclined-belt-conveyor\/#breadcrumb"},"inLanguage":"vi","potentialAction":[{"@type":"ReadAction","target":["https:\/\/fill-package.com\/inclined-belt-conveyor\/"]}]},{"@type":"BreadcrumbList","@id":"https:\/\/fill-package.com\/inclined-belt-conveyor\/#breadcrumb","itemListElement":[{"@type":"ListItem","position":1,"name":"Home","item":"https:\/\/fill-package.com\/"},{"@type":"ListItem","position":2,"name":"Belt Conveyor","item":"https:\/\/fill-package.com\/belt-conveyor\/"},{"@type":"ListItem","position":3,"name":"Inclined Belt Conveyor"}]},{"@type":"WebSite","@id":"https:\/\/fill-package.com\/#website","url":"https:\/\/fill-package.com\/","name":"\u0110i\u1ec1n &amp; \u0110\u00f3ng g\u00f3i","description":"","potentialAction":[{"@type":"SearchAction","target":{"@type":"EntryPoint","urlTemplate":"https:\/\/fill-package.com\/?s={search_term_string}"},"query-input":{"@type":"PropertyValueSpecification","valueRequired":true,"valueName":"search_term_string"}}],"inLanguage":"vi"}]}},"_links":{"self":[{"href":"https:\/\/fill-package.com\/vi\/wp-json\/wp\/v2\/pages\/6283","targetHints":{"allow":["GET"]}}],"collection":[{"href":"https:\/\/fill-package.com\/vi\/wp-json\/wp\/v2\/pages"}],"about":[{"href":"https:\/\/fill-package.com\/vi\/wp-json\/wp\/v2\/types\/page"}],"author":[{"embeddable":true,"href":"https:\/\/fill-package.com\/vi\/wp-json\/wp\/v2\/users\/1"}],"replies":[{"embeddable":true,"href":"https:\/\/fill-package.com\/vi\/wp-json\/wp\/v2\/comments?post=6283"}],"version-history":[{"count":30,"href":"https:\/\/fill-package.com\/vi\/wp-json\/wp\/v2\/pages\/6283\/revisions"}],"predecessor-version":[{"id":9313,"href":"https:\/\/fill-package.com\/vi\/wp-json\/wp\/v2\/pages\/6283\/revisions\/9313"}],"up":[{"embeddable":true,"href":"https:\/\/fill-package.com\/vi\/wp-json\/wp\/v2\/pages\/6231"}],"wp:attachment":[{"href":"https:\/\/fill-package.com\/vi\/wp-json\/wp\/v2\/media?parent=6283"}],"curies":[{"name":"wp","href":"https:\/\/api.w.org\/{rel}","templated":true}]}}