{"id":2592,"date":"2021-09-27T11:42:56","date_gmt":"2021-09-27T11:42:56","guid":{"rendered":"https:\/\/fill-package.com\/?page_id=2592"},"modified":"2025-05-08T12:51:08","modified_gmt":"2025-05-08T12:51:08","slug":"thu-nghiem","status":"publish","type":"page","link":"https:\/\/fill-package.com\/vi\/testing\/","title":{"rendered":"Ki\u1ec3m tra"},"content":{"rendered":"","protected":false},"excerpt":{"rendered":"","protected":false},"author":1,"featured_media":0,"parent":4102,"menu_order":0,"comment_status":"closed","ping_status":"closed","template":"landing-page3.php","meta":{"site-sidebar-layout":"default","site-content-layout":"page-builder","ast-site-content-layout":"full-width-container","site-content-style":"unboxed","site-sidebar-style":"unboxed","ast-global-header-display":"","ast-banner-title-visibility":"","ast-main-header-display":"","ast-hfb-above-header-display":"","ast-hfb-below-header-display":"","ast-hfb-mobile-header-display":"","site-post-title":"disabled","ast-breadcrumbs-content":"disabled","ast-featured-img":"","footer-sml-layout":"","ast-disable-related-posts":"","theme-transparent-header-meta":"default","adv-header-id-meta":"","stick-header-meta":"default","header-above-stick-meta":"","header-main-stick-meta":"","header-below-stick-meta":"","astra-migrate-meta-layouts":"set","ast-page-background-enabled":"default","ast-page-background-meta":{"desktop":{"background-color":"","background-image":"","background-repeat":"repeat","background-position":"center center","background-size":"auto","background-attachment":"scroll","background-type":"","background-media":"","overlay-type":"","overlay-color":"","overlay-opacity":"","overlay-gradient":""},"tablet":{"background-color":"","background-image":"","background-repeat":"repeat","background-position":"center center","background-size":"auto","background-attachment":"scroll","background-type":"","background-media":"","overlay-type":"","overlay-color":"","overlay-opacity":"","overlay-gradient":""},"mobile":{"background-color":"","background-image":"","background-repeat":"repeat","background-position":"center center","background-size":"auto","background-attachment":"scroll","background-type":"","background-media":"","overlay-type":"","overlay-color":"","overlay-opacity":"","overlay-gradient":""}},"ast-content-background-meta":{"desktop":{"background-color":"var(--ast-global-color-5)","background-image":"","background-repeat":"repeat","background-position":"center center","background-size":"auto","background-attachment":"scroll","background-type":"","background-media":"","overlay-type":"","overlay-color":"","overlay-opacity":"","overlay-gradient":""},"tablet":{"background-color":"var(--ast-global-color-5)","background-image":"","background-repeat":"repeat","background-position":"center center","background-size":"auto","background-attachment":"scroll","background-type":"","background-media":"","overlay-type":"","overlay-color":"","overlay-opacity":"","overlay-gradient":""},"mobile":{"background-color":"var(--ast-global-color-5)","background-image":"","background-repeat":"repeat","background-position":"center center","background-size":"auto","background-attachment":"scroll","background-type":"","background-media":"","overlay-type":"","overlay-color":"","overlay-opacity":"","overlay-gradient":""}},"footnotes":""},"class_list":["post-2592","page","type-page","status-publish","hentry"],"acf":[],"yoast_head":"<!-- This site is optimized with the Yoast SEO plugin v27.3 - https:\/\/yoast.com\/product\/yoast-seo-wordpress\/ -->\n<title>Food Packaging Machine Testing-Fill&amp;Package<\/title>\n<meta name=\"description\" content=\"Discover how Fill Package ensures quality through real-product testing, 72-hour burn-in, and strict multi-step inspections for all packaging machines. Reliable. Precise. Proven.\" \/>\n<meta name=\"robots\" content=\"index, follow, max-snippet:-1, max-image-preview:large, max-video-preview:-1\" \/>\n<link rel=\"canonical\" href=\"https:\/\/fill-package.com\/vi\/thu-nghiem\/\" \/>\n<meta property=\"og:locale\" content=\"vi_VN\" \/>\n<meta property=\"og:type\" content=\"article\" \/>\n<meta property=\"og:title\" content=\"Food Packaging Machine Testing-Fill&amp;Package\" \/>\n<meta property=\"og:description\" content=\"Discover how Fill Package ensures quality through real-product testing, 72-hour burn-in, and strict multi-step inspections for all packaging machines. Reliable. Precise. Proven.\" \/>\n<meta property=\"og:url\" content=\"https:\/\/fill-package.com\/vi\/thu-nghiem\/\" \/>\n<meta property=\"og:site_name\" content=\"Fill&amp;Package\" \/>\n<meta property=\"article:modified_time\" content=\"2025-05-08T12:51:08+00:00\" \/>\n<meta name=\"twitter:card\" content=\"summary_large_image\" \/>\n<script type=\"application\/ld+json\" class=\"yoast-schema-graph\">{\"@context\":\"https:\\\/\\\/schema.org\",\"@graph\":[{\"@type\":\"WebPage\",\"@id\":\"https:\\\/\\\/fill-package.com\\\/testing\\\/\",\"url\":\"https:\\\/\\\/fill-package.com\\\/testing\\\/\",\"name\":\"Food Packaging Machine Testing-Fill&Package\",\"isPartOf\":{\"@id\":\"https:\\\/\\\/fill-package.com\\\/#website\"},\"datePublished\":\"2021-09-27T11:42:56+00:00\",\"dateModified\":\"2025-05-08T12:51:08+00:00\",\"description\":\"Discover how Fill Package ensures quality through real-product testing, 72-hour burn-in, and strict multi-step inspections for all packaging machines. Reliable. Precise. Proven.\",\"breadcrumb\":{\"@id\":\"https:\\\/\\\/fill-package.com\\\/testing\\\/#breadcrumb\"},\"inLanguage\":\"vi\",\"potentialAction\":[{\"@type\":\"ReadAction\",\"target\":[\"https:\\\/\\\/fill-package.com\\\/testing\\\/\"]}]},{\"@type\":\"BreadcrumbList\",\"@id\":\"https:\\\/\\\/fill-package.com\\\/testing\\\/#breadcrumb\",\"itemListElement\":[{\"@type\":\"ListItem\",\"position\":1,\"name\":\"Home\",\"item\":\"https:\\\/\\\/fill-package.com\\\/\"},{\"@type\":\"ListItem\",\"position\":2,\"name\":\"About us\",\"item\":\"https:\\\/\\\/fill-package.com\\\/about-us\\\/\"},{\"@type\":\"ListItem\",\"position\":3,\"name\":\"Testing\"}]},{\"@type\":\"WebSite\",\"@id\":\"https:\\\/\\\/fill-package.com\\\/#website\",\"url\":\"https:\\\/\\\/fill-package.com\\\/\",\"name\":\"Fill&amp;Package\",\"description\":\"\",\"potentialAction\":[{\"@type\":\"SearchAction\",\"target\":{\"@type\":\"EntryPoint\",\"urlTemplate\":\"https:\\\/\\\/fill-package.com\\\/?s={search_term_string}\"},\"query-input\":{\"@type\":\"PropertyValueSpecification\",\"valueRequired\":true,\"valueName\":\"search_term_string\"}}],\"inLanguage\":\"vi\"}]}<\/script>\n<!-- \/ Yoast SEO plugin. -->","yoast_head_json":{"title":"Ki\u1ec3m tra m\u00e1y \u0111\u00f3ng g\u00f3i th\u1ef1c ph\u1ea9m - \u0110\u00f3ng g\u00f3i &amp; \u0110\u00f3ng g\u00f3i","description":"Kh\u00e1m ph\u00e1 c\u00e1ch Fill Package \u0111\u1ea3m b\u1ea3o ch\u1ea5t l\u01b0\u1ee3ng th\u00f4ng qua th\u1eed nghi\u1ec7m s\u1ea3n ph\u1ea9m th\u1ef1c t\u1ebf, ch\u1ea1y r\u00e0 m\u00e1y trong 72 gi\u1edd v\u00e0 ki\u1ec3m tra nghi\u00eam ng\u1eb7t nhi\u1ec1u b\u01b0\u1edbc \u0111\u1ed1i v\u1edbi t\u1ea5t c\u1ea3 c\u00e1c m\u00e1y \u0111\u00f3ng g\u00f3i. \u0110\u00e1ng tin c\u1eady. Ch\u00ednh x\u00e1c. \u0110\u00e3 \u0111\u01b0\u1ee3c ch\u1ee9ng minh.","robots":{"index":"index","follow":"follow","max-snippet":"max-snippet:-1","max-image-preview":"max-image-preview:large","max-video-preview":"max-video-preview:-1"},"canonical":"https:\/\/fill-package.com\/vi\/thu-nghiem\/","og_locale":"vi_VN","og_type":"article","og_title":"Food Packaging Machine Testing-Fill&Package","og_description":"Discover how Fill Package ensures quality through real-product testing, 72-hour burn-in, and strict multi-step inspections for all packaging machines. Reliable. Precise. Proven.","og_url":"https:\/\/fill-package.com\/vi\/thu-nghiem\/","og_site_name":"Fill&amp;Package","article_modified_time":"2025-05-08T12:51:08+00:00","twitter_card":"summary_large_image","schema":{"@context":"https:\/\/schema.org","@graph":[{"@type":"WebPage","@id":"https:\/\/fill-package.com\/testing\/","url":"https:\/\/fill-package.com\/testing\/","name":"Ki\u1ec3m tra m\u00e1y \u0111\u00f3ng g\u00f3i th\u1ef1c ph\u1ea9m - \u0110\u00f3ng g\u00f3i &amp; \u0110\u00f3ng g\u00f3i","isPartOf":{"@id":"https:\/\/fill-package.com\/#website"},"datePublished":"2021-09-27T11:42:56+00:00","dateModified":"2025-05-08T12:51:08+00:00","description":"Kh\u00e1m ph\u00e1 c\u00e1ch Fill Package \u0111\u1ea3m b\u1ea3o ch\u1ea5t l\u01b0\u1ee3ng th\u00f4ng qua th\u1eed nghi\u1ec7m s\u1ea3n ph\u1ea9m th\u1ef1c t\u1ebf, ch\u1ea1y r\u00e0 m\u00e1y trong 72 gi\u1edd v\u00e0 ki\u1ec3m tra nghi\u00eam ng\u1eb7t nhi\u1ec1u b\u01b0\u1edbc \u0111\u1ed1i v\u1edbi t\u1ea5t c\u1ea3 c\u00e1c m\u00e1y \u0111\u00f3ng g\u00f3i. \u0110\u00e1ng tin c\u1eady. Ch\u00ednh x\u00e1c. \u0110\u00e3 \u0111\u01b0\u1ee3c ch\u1ee9ng minh.","breadcrumb":{"@id":"https:\/\/fill-package.com\/testing\/#breadcrumb"},"inLanguage":"vi","potentialAction":[{"@type":"ReadAction","target":["https:\/\/fill-package.com\/testing\/"]}]},{"@type":"BreadcrumbList","@id":"https:\/\/fill-package.com\/testing\/#breadcrumb","itemListElement":[{"@type":"ListItem","position":1,"name":"Home","item":"https:\/\/fill-package.com\/"},{"@type":"ListItem","position":2,"name":"About us","item":"https:\/\/fill-package.com\/about-us\/"},{"@type":"ListItem","position":3,"name":"Testing"}]},{"@type":"WebSite","@id":"https:\/\/fill-package.com\/#website","url":"https:\/\/fill-package.com\/","name":"\u0110i\u1ec1n &amp; \u0110\u00f3ng g\u00f3i","description":"","potentialAction":[{"@type":"SearchAction","target":{"@type":"EntryPoint","urlTemplate":"https:\/\/fill-package.com\/?s={search_term_string}"},"query-input":{"@type":"PropertyValueSpecification","valueRequired":true,"valueName":"search_term_string"}}],"inLanguage":"vi"}]}},"_links":{"self":[{"href":"https:\/\/fill-package.com\/vi\/wp-json\/wp\/v2\/pages\/2592","targetHints":{"allow":["GET"]}}],"collection":[{"href":"https:\/\/fill-package.com\/vi\/wp-json\/wp\/v2\/pages"}],"about":[{"href":"https:\/\/fill-package.com\/vi\/wp-json\/wp\/v2\/types\/page"}],"author":[{"embeddable":true,"href":"https:\/\/fill-package.com\/vi\/wp-json\/wp\/v2\/users\/1"}],"replies":[{"embeddable":true,"href":"https:\/\/fill-package.com\/vi\/wp-json\/wp\/v2\/comments?post=2592"}],"version-history":[{"count":9,"href":"https:\/\/fill-package.com\/vi\/wp-json\/wp\/v2\/pages\/2592\/revisions"}],"predecessor-version":[{"id":8454,"href":"https:\/\/fill-package.com\/vi\/wp-json\/wp\/v2\/pages\/2592\/revisions\/8454"}],"up":[{"embeddable":true,"href":"https:\/\/fill-package.com\/vi\/wp-json\/wp\/v2\/pages\/4102"}],"wp:attachment":[{"href":"https:\/\/fill-package.com\/vi\/wp-json\/wp\/v2\/media?parent=2592"}],"curies":[{"name":"wp","href":"https:\/\/api.w.org\/{rel}","templated":true}]}}