{"id":1968,"date":"2021-03-14T10:16:32","date_gmt":"2021-03-14T10:16:32","guid":{"rendered":"https:\/\/fill-package.com\/?page_id=1968"},"modified":"2025-05-10T06:18:58","modified_gmt":"2025-05-10T06:18:58","slug":"san-pham-can-10-dau-nhieu-dau","status":"publish","type":"page","link":"https:\/\/fill-package.com\/vi\/product-10-head-multihead-weigher","title":{"rendered":"M\u00e1y c\u00e2n \u0111a \u0111\u1ea7u 10 \u0111\u1ea7u"},"content":{"rendered":"","protected":false},"excerpt":{"rendered":"","protected":false},"author":1,"featured_media":0,"parent":1558,"menu_order":0,"comment_status":"closed","ping_status":"closed","template":"product-details4.php","meta":{"site-sidebar-layout":"default","site-content-layout":"page-builder","ast-site-content-layout":"full-width-container","site-content-style":"unboxed","site-sidebar-style":"unboxed","ast-global-header-display":"","ast-banner-title-visibility":"","ast-main-header-display":"","ast-hfb-above-header-display":"","ast-hfb-below-header-display":"","ast-hfb-mobile-header-display":"","site-post-title":"","ast-breadcrumbs-content":"disabled","ast-featured-img":"","footer-sml-layout":"","ast-disable-related-posts":"","theme-transparent-header-meta":"default","adv-header-id-meta":"","stick-header-meta":"default","header-above-stick-meta":"","header-main-stick-meta":"","header-below-stick-meta":"","astra-migrate-meta-layouts":"set","ast-page-background-enabled":"default","ast-page-background-meta":{"desktop":{"background-color":"","background-image":"","background-repeat":"repeat","background-position":"center center","background-size":"auto","background-attachment":"scroll","background-type":"","background-media":"","overlay-type":"","overlay-color":"","overlay-opacity":"","overlay-gradient":""},"tablet":{"background-color":"","background-image":"","background-repeat":"repeat","background-position":"center center","background-size":"auto","background-attachment":"scroll","background-type":"","background-media":"","overlay-type":"","overlay-color":"","overlay-opacity":"","overlay-gradient":""},"mobile":{"background-color":"","background-image":"","background-repeat":"repeat","background-position":"center center","background-size":"auto","background-attachment":"scroll","background-type":"","background-media":"","overlay-type":"","overlay-color":"","overlay-opacity":"","overlay-gradient":""}},"ast-content-background-meta":{"desktop":{"background-color":"var(--ast-global-color-5)","background-image":"","background-repeat":"repeat","background-position":"center center","background-size":"auto","background-attachment":"scroll","background-type":"","background-media":"","overlay-type":"","overlay-color":"","overlay-opacity":"","overlay-gradient":""},"tablet":{"background-color":"var(--ast-global-color-5)","background-image":"","background-repeat":"repeat","background-position":"center center","background-size":"auto","background-attachment":"scroll","background-type":"","background-media":"","overlay-type":"","overlay-color":"","overlay-opacity":"","overlay-gradient":""},"mobile":{"background-color":"var(--ast-global-color-5)","background-image":"","background-repeat":"repeat","background-position":"center center","background-size":"auto","background-attachment":"scroll","background-type":"","background-media":"","overlay-type":"","overlay-color":"","overlay-opacity":"","overlay-gradient":""}},"footnotes":""},"class_list":["post-1968","page","type-page","status-publish","hentry"],"acf":[],"yoast_head":"<!-- This site is optimized with the Yoast SEO plugin v27.3 - https:\/\/yoast.com\/product\/yoast-seo-wordpress\/ -->\n<title>Multihead Weigher With High Precision , Fill&amp;Package<\/title>\n<meta name=\"description\" content=\"Our multihead weigher price is the most competitive among products of equal quality,10 H multihead weigher is one of the most popular weigher\" \/>\n<meta name=\"robots\" content=\"index, follow, max-snippet:-1, max-image-preview:large, max-video-preview:-1\" \/>\n<link rel=\"canonical\" href=\"https:\/\/fill-package.com\/vi\/san-pham-can-10-dau-nhieu-dau\/\" \/>\n<meta property=\"og:locale\" content=\"vi_VN\" \/>\n<meta property=\"og:type\" content=\"article\" \/>\n<meta property=\"og:title\" content=\"Multihead Weigher With High Precision , Fill&amp;Package\" \/>\n<meta property=\"og:description\" content=\"Our multihead weigher price is the most competitive among products of equal quality,10 H multihead weigher is one of the most popular weigher\" \/>\n<meta property=\"og:url\" content=\"https:\/\/fill-package.com\/vi\/san-pham-can-10-dau-nhieu-dau\/\" \/>\n<meta property=\"og:site_name\" content=\"Fill&amp;Package\" \/>\n<meta property=\"article:modified_time\" content=\"2025-05-10T06:18:58+00:00\" \/>\n<meta name=\"twitter:card\" content=\"summary_large_image\" \/>\n<script type=\"application\/ld+json\" class=\"yoast-schema-graph\">{\"@context\":\"https:\\\/\\\/schema.org\",\"@graph\":[{\"@type\":\"WebPage\",\"@id\":\"https:\\\/\\\/fill-package.com\\\/product-10-head-multihead-weigher\\\/\",\"url\":\"https:\\\/\\\/fill-package.com\\\/product-10-head-multihead-weigher\\\/\",\"name\":\"Multihead Weigher With High Precision , Fill&Package\",\"isPartOf\":{\"@id\":\"https:\\\/\\\/fill-package.com\\\/#website\"},\"datePublished\":\"2021-03-14T10:16:32+00:00\",\"dateModified\":\"2025-05-10T06:18:58+00:00\",\"description\":\"Our multihead weigher price is the most competitive among products of equal quality,10 H multihead weigher is one of the most popular weigher\",\"breadcrumb\":{\"@id\":\"https:\\\/\\\/fill-package.com\\\/product-10-head-multihead-weigher\\\/#breadcrumb\"},\"inLanguage\":\"vi\",\"potentialAction\":[{\"@type\":\"ReadAction\",\"target\":[\"https:\\\/\\\/fill-package.com\\\/product-10-head-multihead-weigher\\\/\"]}]},{\"@type\":\"BreadcrumbList\",\"@id\":\"https:\\\/\\\/fill-package.com\\\/product-10-head-multihead-weigher\\\/#breadcrumb\",\"itemListElement\":[{\"@type\":\"ListItem\",\"position\":1,\"name\":\"Home\",\"item\":\"https:\\\/\\\/fill-package.com\\\/\"},{\"@type\":\"ListItem\",\"position\":2,\"name\":\"Multihead Weighers\",\"item\":\"https:\\\/\\\/fill-package.com\\\/multihead-weighers\\\/\"},{\"@type\":\"ListItem\",\"position\":3,\"name\":\"10 Head Multihead Weigher\"}]},{\"@type\":\"WebSite\",\"@id\":\"https:\\\/\\\/fill-package.com\\\/#website\",\"url\":\"https:\\\/\\\/fill-package.com\\\/\",\"name\":\"Fill&amp;Package\",\"description\":\"\",\"potentialAction\":[{\"@type\":\"SearchAction\",\"target\":{\"@type\":\"EntryPoint\",\"urlTemplate\":\"https:\\\/\\\/fill-package.com\\\/?s={search_term_string}\"},\"query-input\":{\"@type\":\"PropertyValueSpecification\",\"valueRequired\":true,\"valueName\":\"search_term_string\"}}],\"inLanguage\":\"vi\"}]}<\/script>\n<!-- \/ Yoast SEO plugin. -->","yoast_head_json":{"title":"M\u00e1y c\u00e2n \u0111a \u0111\u1ea7u c\u00f3 \u0111\u1ed9 ch\u00ednh x\u00e1c cao, chi\u1ebft r\u00f3t v\u00e0 \u0111\u00f3ng g\u00f3i","description":"Gi\u00e1 c\u00e2n \u0111\u1ecbnh l\u01b0\u1ee3ng nhi\u1ec1u \u0111\u1ea7u c\u1ee7a ch\u00fang t\u00f4i l\u00e0 c\u1ea1nh tranh nh\u1ea5t trong s\u1ed1 c\u00e1c s\u1ea3n ph\u1ea9m c\u00f3 ch\u1ea5t l\u01b0\u1ee3ng t\u01b0\u01a1ng \u0111\u01b0\u01a1ng, c\u00e2n \u0111\u1ecbnh l\u01b0\u1ee3ng nhi\u1ec1u \u0111\u1ea7u 10 H l\u00e0 m\u1ed9t trong nh\u1eefng c\u00e2n \u0111\u1ecbnh l\u01b0\u1ee3ng ph\u1ed5 bi\u1ebfn nh\u1ea5t","robots":{"index":"index","follow":"follow","max-snippet":"max-snippet:-1","max-image-preview":"max-image-preview:large","max-video-preview":"max-video-preview:-1"},"canonical":"https:\/\/fill-package.com\/vi\/san-pham-can-10-dau-nhieu-dau\/","og_locale":"vi_VN","og_type":"article","og_title":"Multihead Weigher With High Precision , Fill&Package","og_description":"Our multihead weigher price is the most competitive among products of equal quality,10 H multihead weigher is one of the most popular weigher","og_url":"https:\/\/fill-package.com\/vi\/san-pham-can-10-dau-nhieu-dau\/","og_site_name":"Fill&amp;Package","article_modified_time":"2025-05-10T06:18:58+00:00","twitter_card":"summary_large_image","schema":{"@context":"https:\/\/schema.org","@graph":[{"@type":"WebPage","@id":"https:\/\/fill-package.com\/product-10-head-multihead-weigher\/","url":"https:\/\/fill-package.com\/product-10-head-multihead-weigher\/","name":"M\u00e1y c\u00e2n \u0111a \u0111\u1ea7u c\u00f3 \u0111\u1ed9 ch\u00ednh x\u00e1c cao, chi\u1ebft r\u00f3t v\u00e0 \u0111\u00f3ng g\u00f3i","isPartOf":{"@id":"https:\/\/fill-package.com\/#website"},"datePublished":"2021-03-14T10:16:32+00:00","dateModified":"2025-05-10T06:18:58+00:00","description":"Gi\u00e1 c\u00e2n \u0111\u1ecbnh l\u01b0\u1ee3ng nhi\u1ec1u \u0111\u1ea7u c\u1ee7a ch\u00fang t\u00f4i l\u00e0 c\u1ea1nh tranh nh\u1ea5t trong s\u1ed1 c\u00e1c s\u1ea3n ph\u1ea9m c\u00f3 ch\u1ea5t l\u01b0\u1ee3ng t\u01b0\u01a1ng \u0111\u01b0\u01a1ng, c\u00e2n \u0111\u1ecbnh l\u01b0\u1ee3ng nhi\u1ec1u \u0111\u1ea7u 10 H l\u00e0 m\u1ed9t trong nh\u1eefng c\u00e2n \u0111\u1ecbnh l\u01b0\u1ee3ng ph\u1ed5 bi\u1ebfn nh\u1ea5t","breadcrumb":{"@id":"https:\/\/fill-package.com\/product-10-head-multihead-weigher\/#breadcrumb"},"inLanguage":"vi","potentialAction":[{"@type":"ReadAction","target":["https:\/\/fill-package.com\/product-10-head-multihead-weigher\/"]}]},{"@type":"BreadcrumbList","@id":"https:\/\/fill-package.com\/product-10-head-multihead-weigher\/#breadcrumb","itemListElement":[{"@type":"ListItem","position":1,"name":"Home","item":"https:\/\/fill-package.com\/"},{"@type":"ListItem","position":2,"name":"Multihead Weighers","item":"https:\/\/fill-package.com\/multihead-weighers\/"},{"@type":"ListItem","position":3,"name":"10 Head Multihead Weigher"}]},{"@type":"WebSite","@id":"https:\/\/fill-package.com\/#website","url":"https:\/\/fill-package.com\/","name":"\u0110i\u1ec1n &amp; \u0110\u00f3ng g\u00f3i","description":"","potentialAction":[{"@type":"SearchAction","target":{"@type":"EntryPoint","urlTemplate":"https:\/\/fill-package.com\/?s={search_term_string}"},"query-input":{"@type":"PropertyValueSpecification","valueRequired":true,"valueName":"search_term_string"}}],"inLanguage":"vi"}]}},"_links":{"self":[{"href":"https:\/\/fill-package.com\/vi\/wp-json\/wp\/v2\/pages\/1968","targetHints":{"allow":["GET"]}}],"collection":[{"href":"https:\/\/fill-package.com\/vi\/wp-json\/wp\/v2\/pages"}],"about":[{"href":"https:\/\/fill-package.com\/vi\/wp-json\/wp\/v2\/types\/page"}],"author":[{"embeddable":true,"href":"https:\/\/fill-package.com\/vi\/wp-json\/wp\/v2\/users\/1"}],"replies":[{"embeddable":true,"href":"https:\/\/fill-package.com\/vi\/wp-json\/wp\/v2\/comments?post=1968"}],"version-history":[{"count":56,"href":"https:\/\/fill-package.com\/vi\/wp-json\/wp\/v2\/pages\/1968\/revisions"}],"predecessor-version":[{"id":8513,"href":"https:\/\/fill-package.com\/vi\/wp-json\/wp\/v2\/pages\/1968\/revisions\/8513"}],"up":[{"embeddable":true,"href":"https:\/\/fill-package.com\/vi\/wp-json\/wp\/v2\/pages\/1558"}],"wp:attachment":[{"href":"https:\/\/fill-package.com\/vi\/wp-json\/wp\/v2\/media?parent=1968"}],"curies":[{"name":"wp","href":"https:\/\/api.w.org\/{rel}","templated":true}]}}