{"id":12927,"date":"2026-02-28T08:35:23","date_gmt":"2026-02-28T08:35:23","guid":{"rendered":"https:\/\/fill-package.com\/?page_id=12927"},"modified":"2026-03-03T07:49:55","modified_gmt":"2026-03-03T07:49:55","slug":"founders-insights","status":"publish","type":"page","link":"https:\/\/fill-package.com\/vi\/founders-insights","title":{"rendered":"Founders Insights"},"content":{"rendered":"","protected":false},"excerpt":{"rendered":"","protected":false},"author":1,"featured_media":0,"parent":4102,"menu_order":0,"comment_status":"closed","ping_status":"closed","template":"landing-page3.php","meta":{"site-sidebar-layout":"default","site-content-layout":"page-builder","ast-site-content-layout":"full-width-container","site-content-style":"unboxed","site-sidebar-style":"unboxed","ast-global-header-display":"","ast-banner-title-visibility":"","ast-main-header-display":"","ast-hfb-above-header-display":"","ast-hfb-below-header-display":"","ast-hfb-mobile-header-display":"","site-post-title":"disabled","ast-breadcrumbs-content":"disabled","ast-featured-img":"","footer-sml-layout":"","ast-disable-related-posts":"","theme-transparent-header-meta":"default","adv-header-id-meta":"","stick-header-meta":"default","header-above-stick-meta":"","header-main-stick-meta":"","header-below-stick-meta":"","astra-migrate-meta-layouts":"set","ast-page-background-enabled":"default","ast-page-background-meta":{"desktop":{"background-color":"","background-image":"","background-repeat":"repeat","background-position":"center center","background-size":"auto","background-attachment":"scroll","background-type":"","background-media":"","overlay-type":"","overlay-color":"","overlay-opacity":"","overlay-gradient":""},"tablet":{"background-color":"","background-image":"","background-repeat":"repeat","background-position":"center center","background-size":"auto","background-attachment":"scroll","background-type":"","background-media":"","overlay-type":"","overlay-color":"","overlay-opacity":"","overlay-gradient":""},"mobile":{"background-color":"","background-image":"","background-repeat":"repeat","background-position":"center center","background-size":"auto","background-attachment":"scroll","background-type":"","background-media":"","overlay-type":"","overlay-color":"","overlay-opacity":"","overlay-gradient":""}},"ast-content-background-meta":{"desktop":{"background-color":"var(--ast-global-color-5)","background-image":"","background-repeat":"repeat","background-position":"center center","background-size":"auto","background-attachment":"scroll","background-type":"","background-media":"","overlay-type":"","overlay-color":"","overlay-opacity":"","overlay-gradient":""},"tablet":{"background-color":"var(--ast-global-color-5)","background-image":"","background-repeat":"repeat","background-position":"center center","background-size":"auto","background-attachment":"scroll","background-type":"","background-media":"","overlay-type":"","overlay-color":"","overlay-opacity":"","overlay-gradient":""},"mobile":{"background-color":"var(--ast-global-color-5)","background-image":"","background-repeat":"repeat","background-position":"center center","background-size":"auto","background-attachment":"scroll","background-type":"","background-media":"","overlay-type":"","overlay-color":"","overlay-opacity":"","overlay-gradient":""}},"footnotes":""},"class_list":["post-12927","page","type-page","status-publish","hentry"],"acf":[],"yoast_head":"<!-- This site is optimized with the Yoast SEO plugin v27.3 - https:\/\/yoast.com\/product\/yoast-seo-wordpress\/ -->\n<title>Founder\u2019s Insights | Why We Prioritize Solution Logic Over Hardware - Fill-Package<\/title>\n<meta name=\"description\" content=\"The founder of Fill-Package. From the 20-year economic shifts to the rigor of professional education, discover how our founder&#039;s philosophy of &quot;Problem Solving First&quot; ensures your packaging line&#039;s ROI and reliability.\" \/>\n<meta name=\"robots\" content=\"index, follow, max-snippet:-1, max-image-preview:large, max-video-preview:-1\" \/>\n<link rel=\"canonical\" href=\"https:\/\/fill-package.com\/vi\/founders-insights\/\" \/>\n<meta property=\"og:locale\" content=\"vi_VN\" \/>\n<meta property=\"og:type\" content=\"article\" \/>\n<meta property=\"og:title\" content=\"Founder\u2019s Insights | Why We Prioritize Solution Logic Over Hardware - Fill-Package\" \/>\n<meta property=\"og:description\" content=\"The founder of Fill-Package. From the 20-year economic shifts to the rigor of professional education, discover how our founder&#039;s philosophy of &quot;Problem Solving First&quot; ensures your packaging line&#039;s ROI and reliability.\" \/>\n<meta property=\"og:url\" content=\"https:\/\/fill-package.com\/vi\/founders-insights\/\" \/>\n<meta property=\"og:site_name\" content=\"Fill&amp;Package\" \/>\n<meta property=\"article:modified_time\" content=\"2026-03-03T07:49:55+00:00\" \/>\n<meta name=\"twitter:card\" content=\"summary_large_image\" \/>\n<script type=\"application\/ld+json\" class=\"yoast-schema-graph\">{\"@context\":\"https:\\\/\\\/schema.org\",\"@graph\":[{\"@type\":\"WebPage\",\"@id\":\"https:\\\/\\\/fill-package.com\\\/founders-insights\\\/\",\"url\":\"https:\\\/\\\/fill-package.com\\\/founders-insights\\\/\",\"name\":\"Founder\u2019s Insights | Why We Prioritize Solution Logic Over Hardware - Fill-Package\",\"isPartOf\":{\"@id\":\"https:\\\/\\\/fill-package.com\\\/#website\"},\"datePublished\":\"2026-02-28T08:35:23+00:00\",\"dateModified\":\"2026-03-03T07:49:55+00:00\",\"description\":\"The founder of Fill-Package. From the 20-year economic shifts to the rigor of professional education, discover how our founder's philosophy of \\\"Problem Solving First\\\" ensures your packaging line's ROI and reliability.\",\"breadcrumb\":{\"@id\":\"https:\\\/\\\/fill-package.com\\\/founders-insights\\\/#breadcrumb\"},\"inLanguage\":\"vi\",\"potentialAction\":[{\"@type\":\"ReadAction\",\"target\":[\"https:\\\/\\\/fill-package.com\\\/founders-insights\\\/\"]}]},{\"@type\":\"BreadcrumbList\",\"@id\":\"https:\\\/\\\/fill-package.com\\\/founders-insights\\\/#breadcrumb\",\"itemListElement\":[{\"@type\":\"ListItem\",\"position\":1,\"name\":\"Home\",\"item\":\"https:\\\/\\\/fill-package.com\\\/\"},{\"@type\":\"ListItem\",\"position\":2,\"name\":\"About us\",\"item\":\"https:\\\/\\\/fill-package.com\\\/about-us\\\/\"},{\"@type\":\"ListItem\",\"position\":3,\"name\":\"Founders Insights\"}]},{\"@type\":\"WebSite\",\"@id\":\"https:\\\/\\\/fill-package.com\\\/#website\",\"url\":\"https:\\\/\\\/fill-package.com\\\/\",\"name\":\"Fill&amp;Package\",\"description\":\"\",\"potentialAction\":[{\"@type\":\"SearchAction\",\"target\":{\"@type\":\"EntryPoint\",\"urlTemplate\":\"https:\\\/\\\/fill-package.com\\\/?s={search_term_string}\"},\"query-input\":{\"@type\":\"PropertyValueSpecification\",\"valueRequired\":true,\"valueName\":\"search_term_string\"}}],\"inLanguage\":\"vi\"}]}<\/script>\n<!-- \/ Yoast SEO plugin. -->","yoast_head_json":{"title":"Founder\u2019s Insights | Why We Prioritize Solution Logic Over Hardware - Fill-Package","description":"The founder of Fill-Package. From the 20-year economic shifts to the rigor of professional education, discover how our founder's philosophy of \"Problem Solving First\" ensures your packaging line's ROI and reliability.","robots":{"index":"index","follow":"follow","max-snippet":"max-snippet:-1","max-image-preview":"max-image-preview:large","max-video-preview":"max-video-preview:-1"},"canonical":"https:\/\/fill-package.com\/vi\/founders-insights\/","og_locale":"vi_VN","og_type":"article","og_title":"Founder\u2019s Insights | Why We Prioritize Solution Logic Over Hardware - Fill-Package","og_description":"The founder of Fill-Package. From the 20-year economic shifts to the rigor of professional education, discover how our founder's philosophy of \"Problem Solving First\" ensures your packaging line's ROI and reliability.","og_url":"https:\/\/fill-package.com\/vi\/founders-insights\/","og_site_name":"Fill&amp;Package","article_modified_time":"2026-03-03T07:49:55+00:00","twitter_card":"summary_large_image","schema":{"@context":"https:\/\/schema.org","@graph":[{"@type":"WebPage","@id":"https:\/\/fill-package.com\/founders-insights\/","url":"https:\/\/fill-package.com\/founders-insights\/","name":"Founder\u2019s Insights | Why We Prioritize Solution Logic Over Hardware - Fill-Package","isPartOf":{"@id":"https:\/\/fill-package.com\/#website"},"datePublished":"2026-02-28T08:35:23+00:00","dateModified":"2026-03-03T07:49:55+00:00","description":"The founder of Fill-Package. From the 20-year economic shifts to the rigor of professional education, discover how our founder's philosophy of \"Problem Solving First\" ensures your packaging line's ROI and reliability.","breadcrumb":{"@id":"https:\/\/fill-package.com\/founders-insights\/#breadcrumb"},"inLanguage":"vi","potentialAction":[{"@type":"ReadAction","target":["https:\/\/fill-package.com\/founders-insights\/"]}]},{"@type":"BreadcrumbList","@id":"https:\/\/fill-package.com\/founders-insights\/#breadcrumb","itemListElement":[{"@type":"ListItem","position":1,"name":"Home","item":"https:\/\/fill-package.com\/"},{"@type":"ListItem","position":2,"name":"About us","item":"https:\/\/fill-package.com\/about-us\/"},{"@type":"ListItem","position":3,"name":"Founders Insights"}]},{"@type":"WebSite","@id":"https:\/\/fill-package.com\/#website","url":"https:\/\/fill-package.com\/","name":"\u0110i\u1ec1n &amp; \u0110\u00f3ng g\u00f3i","description":"","potentialAction":[{"@type":"SearchAction","target":{"@type":"EntryPoint","urlTemplate":"https:\/\/fill-package.com\/?s={search_term_string}"},"query-input":{"@type":"PropertyValueSpecification","valueRequired":true,"valueName":"search_term_string"}}],"inLanguage":"vi"}]}},"_links":{"self":[{"href":"https:\/\/fill-package.com\/vi\/wp-json\/wp\/v2\/pages\/12927","targetHints":{"allow":["GET"]}}],"collection":[{"href":"https:\/\/fill-package.com\/vi\/wp-json\/wp\/v2\/pages"}],"about":[{"href":"https:\/\/fill-package.com\/vi\/wp-json\/wp\/v2\/types\/page"}],"author":[{"embeddable":true,"href":"https:\/\/fill-package.com\/vi\/wp-json\/wp\/v2\/users\/1"}],"replies":[{"embeddable":true,"href":"https:\/\/fill-package.com\/vi\/wp-json\/wp\/v2\/comments?post=12927"}],"version-history":[{"count":12,"href":"https:\/\/fill-package.com\/vi\/wp-json\/wp\/v2\/pages\/12927\/revisions"}],"predecessor-version":[{"id":12955,"href":"https:\/\/fill-package.com\/vi\/wp-json\/wp\/v2\/pages\/12927\/revisions\/12955"}],"up":[{"embeddable":true,"href":"https:\/\/fill-package.com\/vi\/wp-json\/wp\/v2\/pages\/4102"}],"wp:attachment":[{"href":"https:\/\/fill-package.com\/vi\/wp-json\/wp\/v2\/media?parent=12927"}],"curies":[{"name":"wp","href":"https:\/\/api.w.org\/{rel}","templated":true}]}}