{"id":12406,"date":"2026-02-06T13:38:49","date_gmt":"2026-02-06T13:38:49","guid":{"rendered":"https:\/\/fill-package.com\/?page_id=12406"},"modified":"2026-02-07T10:19:47","modified_gmt":"2026-02-07T10:19:47","slug":"plastic-flat-top-chains-for-straight-turning-conveyors","status":"publish","type":"page","link":"https:\/\/fill-package.com\/vi\/flat-top-chains\/plastic\/","title":{"rendered":"X\u00edch nh\u1ef1a m\u1eb7t ph\u1eb3ng cho b\u0103ng t\u1ea3i th\u1eb3ng v\u00e0 b\u0103ng t\u1ea3i g\u00f3c"},"content":{"rendered":"","protected":false},"excerpt":{"rendered":"","protected":false},"author":1,"featured_media":0,"parent":0,"menu_order":0,"comment_status":"closed","ping_status":"closed","template":"product-category3.php","meta":{"site-sidebar-layout":"default","site-content-layout":"page-builder","ast-site-content-layout":"full-width-container","site-content-style":"unboxed","site-sidebar-style":"unboxed","ast-global-header-display":"","ast-banner-title-visibility":"","ast-main-header-display":"","ast-hfb-above-header-display":"","ast-hfb-below-header-display":"","ast-hfb-mobile-header-display":"","site-post-title":"","ast-breadcrumbs-content":"disabled","ast-featured-img":"","footer-sml-layout":"","ast-disable-related-posts":"","theme-transparent-header-meta":"default","adv-header-id-meta":"","stick-header-meta":"default","header-above-stick-meta":"","header-main-stick-meta":"","header-below-stick-meta":"","astra-migrate-meta-layouts":"set","ast-page-background-enabled":"default","ast-page-background-meta":{"desktop":{"background-color":"","background-image":"","background-repeat":"repeat","background-position":"center center","background-size":"auto","background-attachment":"scroll","background-type":"","background-media":"","overlay-type":"","overlay-color":"","overlay-opacity":"","overlay-gradient":""},"tablet":{"background-color":"","background-image":"","background-repeat":"repeat","background-position":"center center","background-size":"auto","background-attachment":"scroll","background-type":"","background-media":"","overlay-type":"","overlay-color":"","overlay-opacity":"","overlay-gradient":""},"mobile":{"background-color":"","background-image":"","background-repeat":"repeat","background-position":"center center","background-size":"auto","background-attachment":"scroll","background-type":"","background-media":"","overlay-type":"","overlay-color":"","overlay-opacity":"","overlay-gradient":""}},"ast-content-background-meta":{"desktop":{"background-color":"var(--ast-global-color-5)","background-image":"","background-repeat":"repeat","background-position":"center center","background-size":"auto","background-attachment":"scroll","background-type":"","background-media":"","overlay-type":"","overlay-color":"","overlay-opacity":"","overlay-gradient":""},"tablet":{"background-color":"var(--ast-global-color-5)","background-image":"","background-repeat":"repeat","background-position":"center center","background-size":"auto","background-attachment":"scroll","background-type":"","background-media":"","overlay-type":"","overlay-color":"","overlay-opacity":"","overlay-gradient":""},"mobile":{"background-color":"var(--ast-global-color-5)","background-image":"","background-repeat":"repeat","background-position":"center center","background-size":"auto","background-attachment":"scroll","background-type":"","background-media":"","overlay-type":"","overlay-color":"","overlay-opacity":"","overlay-gradient":""}},"footnotes":""},"class_list":["post-12406","page","type-page","status-publish","hentry"],"acf":[],"yoast_head":"<!-- This site is optimized with the Yoast SEO plugin v27.5 - https:\/\/yoast.com\/product\/yoast-seo-wordpress\/ -->\n<title>Plastic Flat Top Chains for Packaging | Low-Friction Conveying Solutions<\/title>\n<meta name=\"description\" content=\"Explore our plastic flat top chains for packaging, food processing, and beverage production. Low-friction, food-grade, and side-flexing options. 820, 880, 1050\/1060 series available. Contact us for a quote.\" \/>\n<meta name=\"robots\" content=\"index, follow, max-snippet:-1, max-image-preview:large, max-video-preview:-1\" \/>\n<link rel=\"canonical\" href=\"https:\/\/fill-package.com\/vi\/flat-top-chains\/plastic\/\" \/>\n<meta property=\"og:locale\" content=\"vi_VN\" \/>\n<meta property=\"og:type\" content=\"article\" \/>\n<meta property=\"og:title\" content=\"Plastic Flat Top Chains for Packaging | Low-Friction Conveying Solutions\" \/>\n<meta property=\"og:description\" content=\"Explore our plastic flat top chains for packaging, food processing, and beverage production. Low-friction, food-grade, and side-flexing options. 820, 880, 1050\/1060 series available. Contact us for a quote.\" \/>\n<meta property=\"og:url\" content=\"https:\/\/fill-package.com\/vi\/flat-top-chains\/plastic\/\" \/>\n<meta property=\"og:site_name\" content=\"Fill&amp;Package\" \/>\n<meta property=\"article:modified_time\" content=\"2026-02-07T10:19:47+00:00\" \/>\n<meta name=\"twitter:card\" content=\"summary_large_image\" \/>\n<script type=\"application\/ld+json\" class=\"yoast-schema-graph\">{\"@context\":\"https:\\\/\\\/schema.org\",\"@graph\":[{\"@type\":\"WebPage\",\"@id\":\"https:\\\/\\\/fill-package.com\\\/flat-top-chains\\\/plastic\\\/\",\"url\":\"https:\\\/\\\/fill-package.com\\\/flat-top-chains\\\/plastic\\\/\",\"name\":\"Plastic Flat Top Chains for Packaging | Low-Friction Conveying Solutions\",\"isPartOf\":{\"@id\":\"https:\\\/\\\/fill-package.com\\\/#website\"},\"datePublished\":\"2026-02-06T13:38:49+00:00\",\"dateModified\":\"2026-02-07T10:19:47+00:00\",\"description\":\"Explore our plastic flat top chains for packaging, food processing, and beverage production. Low-friction, food-grade, and side-flexing options. 820, 880, 1050\\\/1060 series available. Contact us for a quote.\",\"breadcrumb\":{\"@id\":\"https:\\\/\\\/fill-package.com\\\/flat-top-chains\\\/plastic\\\/#breadcrumb\"},\"inLanguage\":\"vi\",\"potentialAction\":[{\"@type\":\"ReadAction\",\"target\":[\"https:\\\/\\\/fill-package.com\\\/flat-top-chains\\\/plastic\\\/\"]}]},{\"@type\":\"BreadcrumbList\",\"@id\":\"https:\\\/\\\/fill-package.com\\\/flat-top-chains\\\/plastic\\\/#breadcrumb\",\"itemListElement\":[{\"@type\":\"ListItem\",\"position\":1,\"name\":\"Home\",\"item\":\"https:\\\/\\\/fill-package.com\\\/\"},{\"@type\":\"ListItem\",\"position\":2,\"name\":\"Plastic Flat Top Chains for Straight &#038; Turning Conveyors\"}]},{\"@type\":\"WebSite\",\"@id\":\"https:\\\/\\\/fill-package.com\\\/#website\",\"url\":\"https:\\\/\\\/fill-package.com\\\/\",\"name\":\"Fill&amp;Package\",\"description\":\"\",\"potentialAction\":[{\"@type\":\"SearchAction\",\"target\":{\"@type\":\"EntryPoint\",\"urlTemplate\":\"https:\\\/\\\/fill-package.com\\\/?s={search_term_string}\"},\"query-input\":{\"@type\":\"PropertyValueSpecification\",\"valueRequired\":true,\"valueName\":\"search_term_string\"}}],\"inLanguage\":\"vi\"}]}<\/script>\n<!-- \/ Yoast SEO plugin. -->","yoast_head_json":{"title":"X\u00edch nh\u1ef1a m\u1eb7t ph\u1eb3ng cho ng\u00e0nh \u0111\u00f3ng g\u00f3i | Gi\u1ea3i ph\u00e1p v\u1eadn chuy\u1ec3n ma s\u00e1t th\u1ea5p","description":"Kh\u00e1m ph\u00e1 c\u00e1c lo\u1ea1i x\u00edch nh\u1ef1a m\u1eb7t ph\u1eb3ng c\u1ee7a ch\u00fang t\u00f4i cho ng\u00e0nh \u0111\u00f3ng g\u00f3i, ch\u1ebf bi\u1ebfn th\u1ef1c ph\u1ea9m v\u00e0 s\u1ea3n xu\u1ea5t \u0111\u1ed3 u\u1ed1ng. C\u00e1c t\u00f9y ch\u1ecdn ma s\u00e1t th\u1ea5p, \u0111\u1ea1t ti\u00eau chu\u1ea9n th\u1ef1c ph\u1ea9m v\u00e0 c\u00f3 th\u1ec3 u\u1ed1n cong sang hai b\u00ean. S\u1eb5n c\u00f3 c\u00e1c d\u00f2ng 820, 880, 1050\/1060. Li\u00ean h\u1ec7 v\u1edbi ch\u00fang t\u00f4i \u0111\u1ec3 nh\u1eadn b\u00e1o gi\u00e1.","robots":{"index":"index","follow":"follow","max-snippet":"max-snippet:-1","max-image-preview":"max-image-preview:large","max-video-preview":"max-video-preview:-1"},"canonical":"https:\/\/fill-package.com\/vi\/flat-top-chains\/plastic\/","og_locale":"vi_VN","og_type":"article","og_title":"Plastic Flat Top Chains for Packaging | Low-Friction Conveying Solutions","og_description":"Explore our plastic flat top chains for packaging, food processing, and beverage production. Low-friction, food-grade, and side-flexing options. 820, 880, 1050\/1060 series available. Contact us for a quote.","og_url":"https:\/\/fill-package.com\/vi\/flat-top-chains\/plastic\/","og_site_name":"Fill&amp;Package","article_modified_time":"2026-02-07T10:19:47+00:00","twitter_card":"summary_large_image","schema":{"@context":"https:\/\/schema.org","@graph":[{"@type":"WebPage","@id":"https:\/\/fill-package.com\/flat-top-chains\/plastic\/","url":"https:\/\/fill-package.com\/flat-top-chains\/plastic\/","name":"X\u00edch nh\u1ef1a m\u1eb7t ph\u1eb3ng cho ng\u00e0nh \u0111\u00f3ng g\u00f3i | Gi\u1ea3i ph\u00e1p v\u1eadn chuy\u1ec3n ma s\u00e1t th\u1ea5p","isPartOf":{"@id":"https:\/\/fill-package.com\/#website"},"datePublished":"2026-02-06T13:38:49+00:00","dateModified":"2026-02-07T10:19:47+00:00","description":"Kh\u00e1m ph\u00e1 c\u00e1c lo\u1ea1i x\u00edch nh\u1ef1a m\u1eb7t ph\u1eb3ng c\u1ee7a ch\u00fang t\u00f4i cho ng\u00e0nh \u0111\u00f3ng g\u00f3i, ch\u1ebf bi\u1ebfn th\u1ef1c ph\u1ea9m v\u00e0 s\u1ea3n xu\u1ea5t \u0111\u1ed3 u\u1ed1ng. C\u00e1c t\u00f9y ch\u1ecdn ma s\u00e1t th\u1ea5p, \u0111\u1ea1t ti\u00eau chu\u1ea9n th\u1ef1c ph\u1ea9m v\u00e0 c\u00f3 th\u1ec3 u\u1ed1n cong sang hai b\u00ean. S\u1eb5n c\u00f3 c\u00e1c d\u00f2ng 820, 880, 1050\/1060. Li\u00ean h\u1ec7 v\u1edbi ch\u00fang t\u00f4i \u0111\u1ec3 nh\u1eadn b\u00e1o gi\u00e1.","breadcrumb":{"@id":"https:\/\/fill-package.com\/flat-top-chains\/plastic\/#breadcrumb"},"inLanguage":"vi","potentialAction":[{"@type":"ReadAction","target":["https:\/\/fill-package.com\/flat-top-chains\/plastic\/"]}]},{"@type":"BreadcrumbList","@id":"https:\/\/fill-package.com\/flat-top-chains\/plastic\/#breadcrumb","itemListElement":[{"@type":"ListItem","position":1,"name":"Home","item":"https:\/\/fill-package.com\/"},{"@type":"ListItem","position":2,"name":"Plastic Flat Top Chains for Straight &#038; Turning Conveyors"}]},{"@type":"WebSite","@id":"https:\/\/fill-package.com\/#website","url":"https:\/\/fill-package.com\/","name":"\u0110i\u1ec1n &amp; \u0110\u00f3ng g\u00f3i","description":"","potentialAction":[{"@type":"SearchAction","target":{"@type":"EntryPoint","urlTemplate":"https:\/\/fill-package.com\/?s={search_term_string}"},"query-input":{"@type":"PropertyValueSpecification","valueRequired":true,"valueName":"search_term_string"}}],"inLanguage":"vi"}]}},"_links":{"self":[{"href":"https:\/\/fill-package.com\/vi\/wp-json\/wp\/v2\/pages\/12406","targetHints":{"allow":["GET"]}}],"collection":[{"href":"https:\/\/fill-package.com\/vi\/wp-json\/wp\/v2\/pages"}],"about":[{"href":"https:\/\/fill-package.com\/vi\/wp-json\/wp\/v2\/types\/page"}],"author":[{"embeddable":true,"href":"https:\/\/fill-package.com\/vi\/wp-json\/wp\/v2\/users\/1"}],"replies":[{"embeddable":true,"href":"https:\/\/fill-package.com\/vi\/wp-json\/wp\/v2\/comments?post=12406"}],"version-history":[{"count":23,"href":"https:\/\/fill-package.com\/vi\/wp-json\/wp\/v2\/pages\/12406\/revisions"}],"predecessor-version":[{"id":12453,"href":"https:\/\/fill-package.com\/vi\/wp-json\/wp\/v2\/pages\/12406\/revisions\/12453"}],"wp:attachment":[{"href":"https:\/\/fill-package.com\/vi\/wp-json\/wp\/v2\/media?parent=12406"}],"curies":[{"name":"wp","href":"https:\/\/api.w.org\/{rel}","templated":true}]}}