{"id":11452,"date":"2025-12-10T10:16:46","date_gmt":"2025-12-10T10:16:46","guid":{"rendered":"https:\/\/fill-package.com\/?page_id=11452"},"modified":"2025-12-12T04:15:18","modified_gmt":"2025-12-12T04:15:18","slug":"day-dai-thoi-gian","status":"publish","type":"page","link":"https:\/\/fill-package.com\/vi\/timing-belt\/","title":{"rendered":"D\u00e2y curoa cam"},"content":{"rendered":"","protected":false},"excerpt":{"rendered":"","protected":false},"author":1,"featured_media":0,"parent":0,"menu_order":0,"comment_status":"closed","ping_status":"closed","template":"product-category3.php","meta":{"site-sidebar-layout":"default","site-content-layout":"page-builder","ast-site-content-layout":"full-width-container","site-content-style":"unboxed","site-sidebar-style":"unboxed","ast-global-header-display":"","ast-banner-title-visibility":"","ast-main-header-display":"","ast-hfb-above-header-display":"","ast-hfb-below-header-display":"","ast-hfb-mobile-header-display":"","site-post-title":"","ast-breadcrumbs-content":"disabled","ast-featured-img":"","footer-sml-layout":"","ast-disable-related-posts":"","theme-transparent-header-meta":"default","adv-header-id-meta":"","stick-header-meta":"default","header-above-stick-meta":"","header-main-stick-meta":"","header-below-stick-meta":"","astra-migrate-meta-layouts":"set","ast-page-background-enabled":"default","ast-page-background-meta":{"desktop":{"background-color":"","background-image":"","background-repeat":"repeat","background-position":"center center","background-size":"auto","background-attachment":"scroll","background-type":"","background-media":"","overlay-type":"","overlay-color":"","overlay-opacity":"","overlay-gradient":""},"tablet":{"background-color":"","background-image":"","background-repeat":"repeat","background-position":"center center","background-size":"auto","background-attachment":"scroll","background-type":"","background-media":"","overlay-type":"","overlay-color":"","overlay-opacity":"","overlay-gradient":""},"mobile":{"background-color":"","background-image":"","background-repeat":"repeat","background-position":"center center","background-size":"auto","background-attachment":"scroll","background-type":"","background-media":"","overlay-type":"","overlay-color":"","overlay-opacity":"","overlay-gradient":""}},"ast-content-background-meta":{"desktop":{"background-color":"var(--ast-global-color-5)","background-image":"","background-repeat":"repeat","background-position":"center center","background-size":"auto","background-attachment":"scroll","background-type":"","background-media":"","overlay-type":"","overlay-color":"","overlay-opacity":"","overlay-gradient":""},"tablet":{"background-color":"var(--ast-global-color-5)","background-image":"","background-repeat":"repeat","background-position":"center center","background-size":"auto","background-attachment":"scroll","background-type":"","background-media":"","overlay-type":"","overlay-color":"","overlay-opacity":"","overlay-gradient":""},"mobile":{"background-color":"var(--ast-global-color-5)","background-image":"","background-repeat":"repeat","background-position":"center center","background-size":"auto","background-attachment":"scroll","background-type":"","background-media":"","overlay-type":"","overlay-color":"","overlay-opacity":"","overlay-gradient":""}},"footnotes":""},"class_list":["post-11452","page","type-page","status-publish","hentry"],"acf":[],"yoast_head":"<!-- This site is optimized with the Yoast SEO plugin v27.3 - https:\/\/yoast.com\/product\/yoast-seo-wordpress\/ -->\n<title>VFFS Machine Timing Belt \/ Film Pulling Belt | Solves Slipping &amp; Tracking Issues<\/title>\n<meta name=\"description\" content=\"B2B supplier of VFFS packaging machine timing belts (film pulling belts). Available in HTD\/trapezoidal tooth, with standard black or high-friction red coating. Expertly solves film slipping, inaccurate length, and tracking problems. Compatible with Songchuan ZL220, Ruiji Jinhong RL420, and more. Customization available.\" \/>\n<meta name=\"robots\" content=\"index, follow, max-snippet:-1, max-image-preview:large, max-video-preview:-1\" \/>\n<link rel=\"canonical\" href=\"https:\/\/fill-package.com\/vi\/day-dai-thoi-gian\/\" \/>\n<meta property=\"og:locale\" content=\"vi_VN\" \/>\n<meta property=\"og:type\" content=\"article\" \/>\n<meta property=\"og:title\" content=\"VFFS Machine Timing Belt \/ Film Pulling Belt | Solves Slipping &amp; Tracking Issues\" \/>\n<meta property=\"og:description\" content=\"B2B supplier of VFFS packaging machine timing belts (film pulling belts). Available in HTD\/trapezoidal tooth, with standard black or high-friction red coating. Expertly solves film slipping, inaccurate length, and tracking problems. Compatible with Songchuan ZL220, Ruiji Jinhong RL420, and more. Customization available.\" \/>\n<meta property=\"og:url\" content=\"https:\/\/fill-package.com\/vi\/day-dai-thoi-gian\/\" \/>\n<meta property=\"og:site_name\" content=\"Fill&amp;Package\" \/>\n<meta property=\"article:modified_time\" content=\"2025-12-12T04:15:18+00:00\" \/>\n<meta name=\"twitter:card\" content=\"summary_large_image\" \/>\n<script type=\"application\/ld+json\" class=\"yoast-schema-graph\">{\"@context\":\"https:\\\/\\\/schema.org\",\"@graph\":[{\"@type\":\"WebPage\",\"@id\":\"https:\\\/\\\/fill-package.com\\\/timing-belt\\\/\",\"url\":\"https:\\\/\\\/fill-package.com\\\/timing-belt\\\/\",\"name\":\"VFFS Machine Timing Belt \\\/ Film Pulling Belt | Solves Slipping & Tracking Issues\",\"isPartOf\":{\"@id\":\"https:\\\/\\\/fill-package.com\\\/#website\"},\"datePublished\":\"2025-12-10T10:16:46+00:00\",\"dateModified\":\"2025-12-12T04:15:18+00:00\",\"description\":\"B2B supplier of VFFS packaging machine timing belts (film pulling belts). Available in HTD\\\/trapezoidal tooth, with standard black or high-friction red coating. Expertly solves film slipping, inaccurate length, and tracking problems. Compatible with Songchuan ZL220, Ruiji Jinhong RL420, and more. Customization available.\",\"breadcrumb\":{\"@id\":\"https:\\\/\\\/fill-package.com\\\/timing-belt\\\/#breadcrumb\"},\"inLanguage\":\"vi\",\"potentialAction\":[{\"@type\":\"ReadAction\",\"target\":[\"https:\\\/\\\/fill-package.com\\\/timing-belt\\\/\"]}]},{\"@type\":\"BreadcrumbList\",\"@id\":\"https:\\\/\\\/fill-package.com\\\/timing-belt\\\/#breadcrumb\",\"itemListElement\":[{\"@type\":\"ListItem\",\"position\":1,\"name\":\"Home\",\"item\":\"https:\\\/\\\/fill-package.com\\\/\"},{\"@type\":\"ListItem\",\"position\":2,\"name\":\"Timing Belt\"}]},{\"@type\":\"WebSite\",\"@id\":\"https:\\\/\\\/fill-package.com\\\/#website\",\"url\":\"https:\\\/\\\/fill-package.com\\\/\",\"name\":\"Fill&amp;Package\",\"description\":\"\",\"potentialAction\":[{\"@type\":\"SearchAction\",\"target\":{\"@type\":\"EntryPoint\",\"urlTemplate\":\"https:\\\/\\\/fill-package.com\\\/?s={search_term_string}\"},\"query-input\":{\"@type\":\"PropertyValueSpecification\",\"valueRequired\":true,\"valueName\":\"search_term_string\"}}],\"inLanguage\":\"vi\"}]}<\/script>\n<!-- \/ Yoast SEO plugin. -->","yoast_head_json":{"title":"D\u00e2y \u0111ai truy\u1ec1n \u0111\u1ed9ng\/d\u00e2y \u0111ai k\u00e9o m\u00e0ng cho m\u00e1y VFFS | Gi\u1ea3i quy\u1ebft c\u00e1c v\u1ea5n \u0111\u1ec1 tr\u01b0\u1ee3t v\u00e0 l\u1ec7ch tr\u1ee5c","description":"Nh\u00e0 cung c\u1ea5p B2B d\u00e2y \u0111ai truy\u1ec1n \u0111\u1ed9ng (d\u00e2y \u0111ai k\u00e9o m\u00e0ng) cho m\u00e1y \u0111\u00f3ng g\u00f3i VFFS. C\u00f3 s\u1eb5n lo\u1ea1i r\u0103ng HTD\/h\u00ecnh thang, v\u1edbi l\u1edbp ph\u1ee7 m\u00e0u \u0111en ti\u00eau chu\u1ea9n ho\u1eb7c m\u00e0u \u0111\u1ecf ma s\u00e1t cao. Gi\u1ea3i quy\u1ebft hi\u1ec7u qu\u1ea3 c\u00e1c v\u1ea5n \u0111\u1ec1 v\u1ec1 tr\u01b0\u1ee3t m\u00e0ng, chi\u1ec1u d\u00e0i kh\u00f4ng ch\u00ednh x\u00e1c v\u00e0 \u0111\u1ecbnh v\u1ecb. T\u01b0\u01a1ng th\u00edch v\u1edbi m\u00e1y Songchuan ZL220, Ruiji Jinhong RL420 v\u00e0 nhi\u1ec1u m\u00e1y kh\u00e1c. C\u00f3 th\u1ec3 t\u00f9y ch\u1ec9nh theo y\u00eau c\u1ea7u.","robots":{"index":"index","follow":"follow","max-snippet":"max-snippet:-1","max-image-preview":"max-image-preview:large","max-video-preview":"max-video-preview:-1"},"canonical":"https:\/\/fill-package.com\/vi\/day-dai-thoi-gian\/","og_locale":"vi_VN","og_type":"article","og_title":"VFFS Machine Timing Belt \/ Film Pulling Belt | Solves Slipping & Tracking Issues","og_description":"B2B supplier of VFFS packaging machine timing belts (film pulling belts). Available in HTD\/trapezoidal tooth, with standard black or high-friction red coating. Expertly solves film slipping, inaccurate length, and tracking problems. Compatible with Songchuan ZL220, Ruiji Jinhong RL420, and more. Customization available.","og_url":"https:\/\/fill-package.com\/vi\/day-dai-thoi-gian\/","og_site_name":"Fill&amp;Package","article_modified_time":"2025-12-12T04:15:18+00:00","twitter_card":"summary_large_image","schema":{"@context":"https:\/\/schema.org","@graph":[{"@type":"WebPage","@id":"https:\/\/fill-package.com\/timing-belt\/","url":"https:\/\/fill-package.com\/timing-belt\/","name":"D\u00e2y \u0111ai truy\u1ec1n \u0111\u1ed9ng\/d\u00e2y \u0111ai k\u00e9o m\u00e0ng cho m\u00e1y VFFS | Gi\u1ea3i quy\u1ebft c\u00e1c v\u1ea5n \u0111\u1ec1 tr\u01b0\u1ee3t v\u00e0 l\u1ec7ch tr\u1ee5c","isPartOf":{"@id":"https:\/\/fill-package.com\/#website"},"datePublished":"2025-12-10T10:16:46+00:00","dateModified":"2025-12-12T04:15:18+00:00","description":"Nh\u00e0 cung c\u1ea5p B2B d\u00e2y \u0111ai truy\u1ec1n \u0111\u1ed9ng (d\u00e2y \u0111ai k\u00e9o m\u00e0ng) cho m\u00e1y \u0111\u00f3ng g\u00f3i VFFS. C\u00f3 s\u1eb5n lo\u1ea1i r\u0103ng HTD\/h\u00ecnh thang, v\u1edbi l\u1edbp ph\u1ee7 m\u00e0u \u0111en ti\u00eau chu\u1ea9n ho\u1eb7c m\u00e0u \u0111\u1ecf ma s\u00e1t cao. Gi\u1ea3i quy\u1ebft hi\u1ec7u qu\u1ea3 c\u00e1c v\u1ea5n \u0111\u1ec1 v\u1ec1 tr\u01b0\u1ee3t m\u00e0ng, chi\u1ec1u d\u00e0i kh\u00f4ng ch\u00ednh x\u00e1c v\u00e0 \u0111\u1ecbnh v\u1ecb. T\u01b0\u01a1ng th\u00edch v\u1edbi m\u00e1y Songchuan ZL220, Ruiji Jinhong RL420 v\u00e0 nhi\u1ec1u m\u00e1y kh\u00e1c. C\u00f3 th\u1ec3 t\u00f9y ch\u1ec9nh theo y\u00eau c\u1ea7u.","breadcrumb":{"@id":"https:\/\/fill-package.com\/timing-belt\/#breadcrumb"},"inLanguage":"vi","potentialAction":[{"@type":"ReadAction","target":["https:\/\/fill-package.com\/timing-belt\/"]}]},{"@type":"BreadcrumbList","@id":"https:\/\/fill-package.com\/timing-belt\/#breadcrumb","itemListElement":[{"@type":"ListItem","position":1,"name":"Home","item":"https:\/\/fill-package.com\/"},{"@type":"ListItem","position":2,"name":"Timing Belt"}]},{"@type":"WebSite","@id":"https:\/\/fill-package.com\/#website","url":"https:\/\/fill-package.com\/","name":"\u0110i\u1ec1n &amp; \u0110\u00f3ng g\u00f3i","description":"","potentialAction":[{"@type":"SearchAction","target":{"@type":"EntryPoint","urlTemplate":"https:\/\/fill-package.com\/?s={search_term_string}"},"query-input":{"@type":"PropertyValueSpecification","valueRequired":true,"valueName":"search_term_string"}}],"inLanguage":"vi"}]}},"_links":{"self":[{"href":"https:\/\/fill-package.com\/vi\/wp-json\/wp\/v2\/pages\/11452","targetHints":{"allow":["GET"]}}],"collection":[{"href":"https:\/\/fill-package.com\/vi\/wp-json\/wp\/v2\/pages"}],"about":[{"href":"https:\/\/fill-package.com\/vi\/wp-json\/wp\/v2\/types\/page"}],"author":[{"embeddable":true,"href":"https:\/\/fill-package.com\/vi\/wp-json\/wp\/v2\/users\/1"}],"replies":[{"embeddable":true,"href":"https:\/\/fill-package.com\/vi\/wp-json\/wp\/v2\/comments?post=11452"}],"version-history":[{"count":18,"href":"https:\/\/fill-package.com\/vi\/wp-json\/wp\/v2\/pages\/11452\/revisions"}],"predecessor-version":[{"id":11597,"href":"https:\/\/fill-package.com\/vi\/wp-json\/wp\/v2\/pages\/11452\/revisions\/11597"}],"wp:attachment":[{"href":"https:\/\/fill-package.com\/vi\/wp-json\/wp\/v2\/media?parent=11452"}],"curies":[{"name":"wp","href":"https:\/\/api.w.org\/{rel}","templated":true}]}}