{"id":11424,"date":"2025-12-08T09:11:04","date_gmt":"2025-12-08T09:11:04","guid":{"rendered":"https:\/\/fill-package.com\/?page_id=11424"},"modified":"2025-12-12T04:19:34","modified_gmt":"2025-12-12T04:19:34","slug":"sealing-jaw-holder","status":"publish","type":"page","link":"https:\/\/fill-package.com\/vi\/sealig-jaw-holder\/","title":{"rendered":"Gi\u00e1 \u0111\u1ee1 h\u00e0m ni\u00eam phong"},"content":{"rendered":"","protected":false},"excerpt":{"rendered":"","protected":false},"author":1,"featured_media":0,"parent":0,"menu_order":0,"comment_status":"closed","ping_status":"closed","template":"product-category3.php","meta":{"site-sidebar-layout":"default","site-content-layout":"page-builder","ast-site-content-layout":"full-width-container","site-content-style":"unboxed","site-sidebar-style":"unboxed","ast-global-header-display":"","ast-banner-title-visibility":"","ast-main-header-display":"","ast-hfb-above-header-display":"","ast-hfb-below-header-display":"","ast-hfb-mobile-header-display":"","site-post-title":"","ast-breadcrumbs-content":"disabled","ast-featured-img":"","footer-sml-layout":"","ast-disable-related-posts":"","theme-transparent-header-meta":"default","adv-header-id-meta":"","stick-header-meta":"default","header-above-stick-meta":"","header-main-stick-meta":"","header-below-stick-meta":"","astra-migrate-meta-layouts":"set","ast-page-background-enabled":"default","ast-page-background-meta":{"desktop":{"background-color":"","background-image":"","background-repeat":"repeat","background-position":"center center","background-size":"auto","background-attachment":"scroll","background-type":"","background-media":"","overlay-type":"","overlay-color":"","overlay-opacity":"","overlay-gradient":""},"tablet":{"background-color":"","background-image":"","background-repeat":"repeat","background-position":"center center","background-size":"auto","background-attachment":"scroll","background-type":"","background-media":"","overlay-type":"","overlay-color":"","overlay-opacity":"","overlay-gradient":""},"mobile":{"background-color":"","background-image":"","background-repeat":"repeat","background-position":"center center","background-size":"auto","background-attachment":"scroll","background-type":"","background-media":"","overlay-type":"","overlay-color":"","overlay-opacity":"","overlay-gradient":""}},"ast-content-background-meta":{"desktop":{"background-color":"var(--ast-global-color-5)","background-image":"","background-repeat":"repeat","background-position":"center center","background-size":"auto","background-attachment":"scroll","background-type":"","background-media":"","overlay-type":"","overlay-color":"","overlay-opacity":"","overlay-gradient":""},"tablet":{"background-color":"var(--ast-global-color-5)","background-image":"","background-repeat":"repeat","background-position":"center center","background-size":"auto","background-attachment":"scroll","background-type":"","background-media":"","overlay-type":"","overlay-color":"","overlay-opacity":"","overlay-gradient":""},"mobile":{"background-color":"var(--ast-global-color-5)","background-image":"","background-repeat":"repeat","background-position":"center center","background-size":"auto","background-attachment":"scroll","background-type":"","background-media":"","overlay-type":"","overlay-color":"","overlay-opacity":"","overlay-gradient":""}},"footnotes":""},"class_list":["post-11424","page","type-page","status-publish","hentry"],"acf":[],"yoast_head":"<!-- This site is optimized with the Yoast SEO plugin v27.3 - https:\/\/yoast.com\/product\/yoast-seo-wordpress\/ -->\n<title>Model 320 VFFS Sealing Jaw Holder | Fix Seal Misalignment &amp; Pressure Issues<\/title>\n<meta name=\"description\" content=\"B2B supplier of Model 320 universal Pneumatic Sealing Jaw Holders. Available in iron, aluminum, and steel to solve issues like inconsistent sealing pressure, misalignment, and low speed caused by a worn Jaw Mounting Bracket. Compatible with horizontal\/vertical jaws. Customization available.\" \/>\n<meta name=\"robots\" content=\"index, follow, max-snippet:-1, max-image-preview:large, max-video-preview:-1\" \/>\n<link rel=\"canonical\" href=\"https:\/\/fill-package.com\/vi\/kep-ham-niem-phong\/\" \/>\n<meta property=\"og:locale\" content=\"vi_VN\" \/>\n<meta property=\"og:type\" content=\"article\" \/>\n<meta property=\"og:title\" content=\"Model 320 VFFS Sealing Jaw Holder | Fix Seal Misalignment &amp; Pressure Issues\" \/>\n<meta property=\"og:description\" content=\"B2B supplier of Model 320 universal Pneumatic Sealing Jaw Holders. Available in iron, aluminum, and steel to solve issues like inconsistent sealing pressure, misalignment, and low speed caused by a worn Jaw Mounting Bracket. Compatible with horizontal\/vertical jaws. Customization available.\" \/>\n<meta property=\"og:url\" content=\"https:\/\/fill-package.com\/vi\/kep-ham-niem-phong\/\" \/>\n<meta property=\"og:site_name\" content=\"Fill&amp;Package\" \/>\n<meta property=\"article:modified_time\" content=\"2025-12-12T04:19:34+00:00\" \/>\n<meta name=\"twitter:card\" content=\"summary_large_image\" \/>\n<script type=\"application\/ld+json\" class=\"yoast-schema-graph\">{\"@context\":\"https:\\\/\\\/schema.org\",\"@graph\":[{\"@type\":\"WebPage\",\"@id\":\"https:\\\/\\\/fill-package.com\\\/sealig-jaw-holder\\\/\",\"url\":\"https:\\\/\\\/fill-package.com\\\/sealig-jaw-holder\\\/\",\"name\":\"Model 320 VFFS Sealing Jaw Holder | Fix Seal Misalignment & Pressure Issues\",\"isPartOf\":{\"@id\":\"https:\\\/\\\/fill-package.com\\\/#website\"},\"datePublished\":\"2025-12-08T09:11:04+00:00\",\"dateModified\":\"2025-12-12T04:19:34+00:00\",\"description\":\"B2B supplier of Model 320 universal Pneumatic Sealing Jaw Holders. Available in iron, aluminum, and steel to solve issues like inconsistent sealing pressure, misalignment, and low speed caused by a worn Jaw Mounting Bracket. Compatible with horizontal\\\/vertical jaws. Customization available.\",\"breadcrumb\":{\"@id\":\"https:\\\/\\\/fill-package.com\\\/sealig-jaw-holder\\\/#breadcrumb\"},\"inLanguage\":\"vi\",\"potentialAction\":[{\"@type\":\"ReadAction\",\"target\":[\"https:\\\/\\\/fill-package.com\\\/sealig-jaw-holder\\\/\"]}]},{\"@type\":\"BreadcrumbList\",\"@id\":\"https:\\\/\\\/fill-package.com\\\/sealig-jaw-holder\\\/#breadcrumb\",\"itemListElement\":[{\"@type\":\"ListItem\",\"position\":1,\"name\":\"Home\",\"item\":\"https:\\\/\\\/fill-package.com\\\/\"},{\"@type\":\"ListItem\",\"position\":2,\"name\":\"Sealing Jaw Holder\"}]},{\"@type\":\"WebSite\",\"@id\":\"https:\\\/\\\/fill-package.com\\\/#website\",\"url\":\"https:\\\/\\\/fill-package.com\\\/\",\"name\":\"Fill&amp;Package\",\"description\":\"\",\"potentialAction\":[{\"@type\":\"SearchAction\",\"target\":{\"@type\":\"EntryPoint\",\"urlTemplate\":\"https:\\\/\\\/fill-package.com\\\/?s={search_term_string}\"},\"query-input\":{\"@type\":\"PropertyValueSpecification\",\"valueRequired\":true,\"valueName\":\"search_term_string\"}}],\"inLanguage\":\"vi\"}]}<\/script>\n<!-- \/ Yoast SEO plugin. -->","yoast_head_json":{"title":"B\u1ed9 k\u1eb9p h\u00e0m ni\u00eam phong Model 320 VFFS | Kh\u1eafc ph\u1ee5c t\u00ecnh tr\u1ea1ng l\u1ec7ch ni\u00eam phong v\u00e0 v\u1ea5n \u0111\u1ec1 \u00e1p su\u1ea5t","description":"Nh\u00e0 cung c\u1ea5p B2B b\u1ed9 k\u1eb9p h\u00e0m kh\u00ed n\u00e9n \u0111a n\u0103ng Model 320. C\u00f3 s\u1eb5n c\u00e1c v\u1eadt li\u1ec7u b\u1eb1ng s\u1eaft, nh\u00f4m v\u00e0 th\u00e9p \u0111\u1ec3 gi\u1ea3i quy\u1ebft c\u00e1c v\u1ea5n \u0111\u1ec1 nh\u01b0 \u00e1p su\u1ea5t k\u1eb9p kh\u00f4ng \u1ed5n \u0111\u1ecbnh, l\u1ec7ch tr\u1ee5c v\u00e0 t\u1ed1c \u0111\u1ed9 th\u1ea5p do gi\u00e1 \u0111\u1ee1 h\u00e0m b\u1ecb m\u00f2n. T\u01b0\u01a1ng th\u00edch v\u1edbi h\u00e0m k\u1eb9p ngang\/d\u1ecdc. C\u00f3 th\u1ec3 t\u00f9y ch\u1ec9nh.","robots":{"index":"index","follow":"follow","max-snippet":"max-snippet:-1","max-image-preview":"max-image-preview:large","max-video-preview":"max-video-preview:-1"},"canonical":"https:\/\/fill-package.com\/vi\/kep-ham-niem-phong\/","og_locale":"vi_VN","og_type":"article","og_title":"Model 320 VFFS Sealing Jaw Holder | Fix Seal Misalignment & Pressure Issues","og_description":"B2B supplier of Model 320 universal Pneumatic Sealing Jaw Holders. Available in iron, aluminum, and steel to solve issues like inconsistent sealing pressure, misalignment, and low speed caused by a worn Jaw Mounting Bracket. Compatible with horizontal\/vertical jaws. Customization available.","og_url":"https:\/\/fill-package.com\/vi\/kep-ham-niem-phong\/","og_site_name":"Fill&amp;Package","article_modified_time":"2025-12-12T04:19:34+00:00","twitter_card":"summary_large_image","schema":{"@context":"https:\/\/schema.org","@graph":[{"@type":"WebPage","@id":"https:\/\/fill-package.com\/sealig-jaw-holder\/","url":"https:\/\/fill-package.com\/sealig-jaw-holder\/","name":"B\u1ed9 k\u1eb9p h\u00e0m ni\u00eam phong Model 320 VFFS | Kh\u1eafc ph\u1ee5c t\u00ecnh tr\u1ea1ng l\u1ec7ch ni\u00eam phong v\u00e0 v\u1ea5n \u0111\u1ec1 \u00e1p su\u1ea5t","isPartOf":{"@id":"https:\/\/fill-package.com\/#website"},"datePublished":"2025-12-08T09:11:04+00:00","dateModified":"2025-12-12T04:19:34+00:00","description":"Nh\u00e0 cung c\u1ea5p B2B b\u1ed9 k\u1eb9p h\u00e0m kh\u00ed n\u00e9n \u0111a n\u0103ng Model 320. C\u00f3 s\u1eb5n c\u00e1c v\u1eadt li\u1ec7u b\u1eb1ng s\u1eaft, nh\u00f4m v\u00e0 th\u00e9p \u0111\u1ec3 gi\u1ea3i quy\u1ebft c\u00e1c v\u1ea5n \u0111\u1ec1 nh\u01b0 \u00e1p su\u1ea5t k\u1eb9p kh\u00f4ng \u1ed5n \u0111\u1ecbnh, l\u1ec7ch tr\u1ee5c v\u00e0 t\u1ed1c \u0111\u1ed9 th\u1ea5p do gi\u00e1 \u0111\u1ee1 h\u00e0m b\u1ecb m\u00f2n. T\u01b0\u01a1ng th\u00edch v\u1edbi h\u00e0m k\u1eb9p ngang\/d\u1ecdc. C\u00f3 th\u1ec3 t\u00f9y ch\u1ec9nh.","breadcrumb":{"@id":"https:\/\/fill-package.com\/sealig-jaw-holder\/#breadcrumb"},"inLanguage":"vi","potentialAction":[{"@type":"ReadAction","target":["https:\/\/fill-package.com\/sealig-jaw-holder\/"]}]},{"@type":"BreadcrumbList","@id":"https:\/\/fill-package.com\/sealig-jaw-holder\/#breadcrumb","itemListElement":[{"@type":"ListItem","position":1,"name":"Home","item":"https:\/\/fill-package.com\/"},{"@type":"ListItem","position":2,"name":"Sealing Jaw Holder"}]},{"@type":"WebSite","@id":"https:\/\/fill-package.com\/#website","url":"https:\/\/fill-package.com\/","name":"\u0110i\u1ec1n &amp; \u0110\u00f3ng g\u00f3i","description":"","potentialAction":[{"@type":"SearchAction","target":{"@type":"EntryPoint","urlTemplate":"https:\/\/fill-package.com\/?s={search_term_string}"},"query-input":{"@type":"PropertyValueSpecification","valueRequired":true,"valueName":"search_term_string"}}],"inLanguage":"vi"}]}},"_links":{"self":[{"href":"https:\/\/fill-package.com\/vi\/wp-json\/wp\/v2\/pages\/11424","targetHints":{"allow":["GET"]}}],"collection":[{"href":"https:\/\/fill-package.com\/vi\/wp-json\/wp\/v2\/pages"}],"about":[{"href":"https:\/\/fill-package.com\/vi\/wp-json\/wp\/v2\/types\/page"}],"author":[{"embeddable":true,"href":"https:\/\/fill-package.com\/vi\/wp-json\/wp\/v2\/users\/1"}],"replies":[{"embeddable":true,"href":"https:\/\/fill-package.com\/vi\/wp-json\/wp\/v2\/comments?post=11424"}],"version-history":[{"count":10,"href":"https:\/\/fill-package.com\/vi\/wp-json\/wp\/v2\/pages\/11424\/revisions"}],"predecessor-version":[{"id":11599,"href":"https:\/\/fill-package.com\/vi\/wp-json\/wp\/v2\/pages\/11424\/revisions\/11599"}],"wp:attachment":[{"href":"https:\/\/fill-package.com\/vi\/wp-json\/wp\/v2\/media?parent=11424"}],"curies":[{"name":"wp","href":"https:\/\/api.w.org\/{rel}","templated":true}]}}