{"id":11386,"date":"2025-12-04T07:57:18","date_gmt":"2025-12-04T07:57:18","guid":{"rendered":"https:\/\/fill-package.com\/?page_id=11386"},"modified":"2025-12-12T04:40:19","modified_gmt":"2025-12-12T04:40:19","slug":"ham-niem-phong-thang-dung","status":"publish","type":"page","link":"https:\/\/fill-package.com\/vi\/vertical-sealing-jaws","title":{"rendered":"H\u00e0m h\u00e0n th\u1eb3ng \u0111\u1ee9ng"},"content":{"rendered":"","protected":false},"excerpt":{"rendered":"","protected":false},"author":1,"featured_media":0,"parent":0,"menu_order":0,"comment_status":"closed","ping_status":"closed","template":"product-category3.php","meta":{"site-sidebar-layout":"default","site-content-layout":"page-builder","ast-site-content-layout":"full-width-container","site-content-style":"unboxed","site-sidebar-style":"unboxed","ast-global-header-display":"","ast-banner-title-visibility":"","ast-main-header-display":"","ast-hfb-above-header-display":"","ast-hfb-below-header-display":"","ast-hfb-mobile-header-display":"","site-post-title":"","ast-breadcrumbs-content":"disabled","ast-featured-img":"","footer-sml-layout":"","ast-disable-related-posts":"","theme-transparent-header-meta":"default","adv-header-id-meta":"","stick-header-meta":"default","header-above-stick-meta":"","header-main-stick-meta":"","header-below-stick-meta":"","astra-migrate-meta-layouts":"set","ast-page-background-enabled":"default","ast-page-background-meta":{"desktop":{"background-color":"","background-image":"","background-repeat":"repeat","background-position":"center center","background-size":"auto","background-attachment":"scroll","background-type":"","background-media":"","overlay-type":"","overlay-color":"","overlay-opacity":"","overlay-gradient":""},"tablet":{"background-color":"","background-image":"","background-repeat":"repeat","background-position":"center center","background-size":"auto","background-attachment":"scroll","background-type":"","background-media":"","overlay-type":"","overlay-color":"","overlay-opacity":"","overlay-gradient":""},"mobile":{"background-color":"","background-image":"","background-repeat":"repeat","background-position":"center center","background-size":"auto","background-attachment":"scroll","background-type":"","background-media":"","overlay-type":"","overlay-color":"","overlay-opacity":"","overlay-gradient":""}},"ast-content-background-meta":{"desktop":{"background-color":"var(--ast-global-color-5)","background-image":"","background-repeat":"repeat","background-position":"center center","background-size":"auto","background-attachment":"scroll","background-type":"","background-media":"","overlay-type":"","overlay-color":"","overlay-opacity":"","overlay-gradient":""},"tablet":{"background-color":"var(--ast-global-color-5)","background-image":"","background-repeat":"repeat","background-position":"center center","background-size":"auto","background-attachment":"scroll","background-type":"","background-media":"","overlay-type":"","overlay-color":"","overlay-opacity":"","overlay-gradient":""},"mobile":{"background-color":"var(--ast-global-color-5)","background-image":"","background-repeat":"repeat","background-position":"center center","background-size":"auto","background-attachment":"scroll","background-type":"","background-media":"","overlay-type":"","overlay-color":"","overlay-opacity":"","overlay-gradient":""}},"footnotes":""},"class_list":["post-11386","page","type-page","status-publish","hentry"],"acf":[],"yoast_head":"<!-- This site is optimized with the Yoast SEO plugin v27.3 - https:\/\/yoast.com\/product\/yoast-seo-wordpress\/ -->\n<title>VFFS Vertical Sealing Jaw Solve Leaks &amp; Sticking Issues<\/title>\n<meta name=\"description\" content=\"High-quality Vertical Sealing Jaws &amp; Bag Sealing Clamps for B2B clients. Choose from stainless steel, copper, and anti-stick Teflon coatings to fix vertical seal leaks, weak seals, and film sticking on your packaging machine. Compatible with major brands, custom orders available.\" \/>\n<meta name=\"robots\" content=\"index, follow, max-snippet:-1, max-image-preview:large, max-video-preview:-1\" \/>\n<link rel=\"canonical\" href=\"https:\/\/fill-package.com\/vi\/ham-niem-phong-thang-dung\/\" \/>\n<meta property=\"og:locale\" content=\"vi_VN\" \/>\n<meta property=\"og:type\" content=\"article\" \/>\n<meta property=\"og:title\" content=\"VFFS Vertical Sealing Jaw Solve Leaks &amp; Sticking Issues\" \/>\n<meta property=\"og:description\" content=\"High-quality Vertical Sealing Jaws &amp; Bag Sealing Clamps for B2B clients. Choose from stainless steel, copper, and anti-stick Teflon coatings to fix vertical seal leaks, weak seals, and film sticking on your packaging machine. Compatible with major brands, custom orders available.\" \/>\n<meta property=\"og:url\" content=\"https:\/\/fill-package.com\/vi\/ham-niem-phong-thang-dung\/\" \/>\n<meta property=\"og:site_name\" content=\"Fill&amp;Package\" \/>\n<meta property=\"article:modified_time\" content=\"2025-12-12T04:40:19+00:00\" \/>\n<meta name=\"twitter:card\" content=\"summary_large_image\" \/>\n<script type=\"application\/ld+json\" class=\"yoast-schema-graph\">{\"@context\":\"https:\\\/\\\/schema.org\",\"@graph\":[{\"@type\":\"WebPage\",\"@id\":\"https:\\\/\\\/fill-package.com\\\/vertical-sealing-jaws\\\/\",\"url\":\"https:\\\/\\\/fill-package.com\\\/vertical-sealing-jaws\\\/\",\"name\":\"VFFS Vertical Sealing Jaw Solve Leaks & Sticking Issues\",\"isPartOf\":{\"@id\":\"https:\\\/\\\/fill-package.com\\\/#website\"},\"datePublished\":\"2025-12-04T07:57:18+00:00\",\"dateModified\":\"2025-12-12T04:40:19+00:00\",\"description\":\"High-quality Vertical Sealing Jaws & Bag Sealing Clamps for B2B clients. Choose from stainless steel, copper, and anti-stick Teflon coatings to fix vertical seal leaks, weak seals, and film sticking on your packaging machine. Compatible with major brands, custom orders available.\",\"breadcrumb\":{\"@id\":\"https:\\\/\\\/fill-package.com\\\/vertical-sealing-jaws\\\/#breadcrumb\"},\"inLanguage\":\"vi\",\"potentialAction\":[{\"@type\":\"ReadAction\",\"target\":[\"https:\\\/\\\/fill-package.com\\\/vertical-sealing-jaws\\\/\"]}]},{\"@type\":\"BreadcrumbList\",\"@id\":\"https:\\\/\\\/fill-package.com\\\/vertical-sealing-jaws\\\/#breadcrumb\",\"itemListElement\":[{\"@type\":\"ListItem\",\"position\":1,\"name\":\"Home\",\"item\":\"https:\\\/\\\/fill-package.com\\\/\"},{\"@type\":\"ListItem\",\"position\":2,\"name\":\"Vertical Sealing Jaws\"}]},{\"@type\":\"WebSite\",\"@id\":\"https:\\\/\\\/fill-package.com\\\/#website\",\"url\":\"https:\\\/\\\/fill-package.com\\\/\",\"name\":\"Fill&amp;Package\",\"description\":\"\",\"potentialAction\":[{\"@type\":\"SearchAction\",\"target\":{\"@type\":\"EntryPoint\",\"urlTemplate\":\"https:\\\/\\\/fill-package.com\\\/?s={search_term_string}\"},\"query-input\":{\"@type\":\"PropertyValueSpecification\",\"valueRequired\":true,\"valueName\":\"search_term_string\"}}],\"inLanguage\":\"vi\"}]}<\/script>\n<!-- \/ Yoast SEO plugin. -->","yoast_head_json":{"title":"H\u00e0m h\u00e0n k\u00edn d\u1ecdc VFFS gi\u1ea3i quy\u1ebft v\u1ea5n \u0111\u1ec1 r\u00f2 r\u1ec9 v\u00e0 k\u1eb9t","description":"K\u1eb9p h\u00e0n mi\u1ec7ng t\u00fai v\u00e0 h\u00e0m h\u00e0n \u0111\u1ee9ng ch\u1ea5t l\u01b0\u1ee3ng cao d\u00e0nh cho kh\u00e1ch h\u00e0ng B2B. L\u1ef1a ch\u1ecdn t\u1eeb th\u00e9p kh\u00f4ng g\u1ec9, \u0111\u1ed3ng v\u00e0 l\u1edbp ph\u1ee7 Teflon ch\u1ed1ng d\u00ednh \u0111\u1ec3 kh\u1eafc ph\u1ee5c t\u00ecnh tr\u1ea1ng r\u00f2 r\u1ec9 ni\u00eam phong d\u1ecdc, ni\u00eam phong y\u1ebfu v\u00e0 m\u00e0ng d\u00ednh tr\u00ean m\u00e1y \u0111\u00f3ng g\u00f3i c\u1ee7a b\u1ea1n. T\u01b0\u01a1ng th\u00edch v\u1edbi c\u00e1c th\u01b0\u01a1ng hi\u1ec7u l\u1edbn, c\u00f3 th\u1ec3 \u0111\u1eb7t h\u00e0ng theo y\u00eau c\u1ea7u.","robots":{"index":"index","follow":"follow","max-snippet":"max-snippet:-1","max-image-preview":"max-image-preview:large","max-video-preview":"max-video-preview:-1"},"canonical":"https:\/\/fill-package.com\/vi\/ham-niem-phong-thang-dung\/","og_locale":"vi_VN","og_type":"article","og_title":"VFFS Vertical Sealing Jaw Solve Leaks & Sticking Issues","og_description":"High-quality Vertical Sealing Jaws & Bag Sealing Clamps for B2B clients. Choose from stainless steel, copper, and anti-stick Teflon coatings to fix vertical seal leaks, weak seals, and film sticking on your packaging machine. Compatible with major brands, custom orders available.","og_url":"https:\/\/fill-package.com\/vi\/ham-niem-phong-thang-dung\/","og_site_name":"Fill&amp;Package","article_modified_time":"2025-12-12T04:40:19+00:00","twitter_card":"summary_large_image","schema":{"@context":"https:\/\/schema.org","@graph":[{"@type":"WebPage","@id":"https:\/\/fill-package.com\/vertical-sealing-jaws\/","url":"https:\/\/fill-package.com\/vertical-sealing-jaws\/","name":"H\u00e0m h\u00e0n k\u00edn d\u1ecdc VFFS gi\u1ea3i quy\u1ebft v\u1ea5n \u0111\u1ec1 r\u00f2 r\u1ec9 v\u00e0 k\u1eb9t","isPartOf":{"@id":"https:\/\/fill-package.com\/#website"},"datePublished":"2025-12-04T07:57:18+00:00","dateModified":"2025-12-12T04:40:19+00:00","description":"K\u1eb9p h\u00e0n mi\u1ec7ng t\u00fai v\u00e0 h\u00e0m h\u00e0n \u0111\u1ee9ng ch\u1ea5t l\u01b0\u1ee3ng cao d\u00e0nh cho kh\u00e1ch h\u00e0ng B2B. L\u1ef1a ch\u1ecdn t\u1eeb th\u00e9p kh\u00f4ng g\u1ec9, \u0111\u1ed3ng v\u00e0 l\u1edbp ph\u1ee7 Teflon ch\u1ed1ng d\u00ednh \u0111\u1ec3 kh\u1eafc ph\u1ee5c t\u00ecnh tr\u1ea1ng r\u00f2 r\u1ec9 ni\u00eam phong d\u1ecdc, ni\u00eam phong y\u1ebfu v\u00e0 m\u00e0ng d\u00ednh tr\u00ean m\u00e1y \u0111\u00f3ng g\u00f3i c\u1ee7a b\u1ea1n. T\u01b0\u01a1ng th\u00edch v\u1edbi c\u00e1c th\u01b0\u01a1ng hi\u1ec7u l\u1edbn, c\u00f3 th\u1ec3 \u0111\u1eb7t h\u00e0ng theo y\u00eau c\u1ea7u.","breadcrumb":{"@id":"https:\/\/fill-package.com\/vertical-sealing-jaws\/#breadcrumb"},"inLanguage":"vi","potentialAction":[{"@type":"ReadAction","target":["https:\/\/fill-package.com\/vertical-sealing-jaws\/"]}]},{"@type":"BreadcrumbList","@id":"https:\/\/fill-package.com\/vertical-sealing-jaws\/#breadcrumb","itemListElement":[{"@type":"ListItem","position":1,"name":"Home","item":"https:\/\/fill-package.com\/"},{"@type":"ListItem","position":2,"name":"Vertical Sealing Jaws"}]},{"@type":"WebSite","@id":"https:\/\/fill-package.com\/#website","url":"https:\/\/fill-package.com\/","name":"\u0110i\u1ec1n &amp; \u0110\u00f3ng g\u00f3i","description":"","potentialAction":[{"@type":"SearchAction","target":{"@type":"EntryPoint","urlTemplate":"https:\/\/fill-package.com\/?s={search_term_string}"},"query-input":{"@type":"PropertyValueSpecification","valueRequired":true,"valueName":"search_term_string"}}],"inLanguage":"vi"}]}},"_links":{"self":[{"href":"https:\/\/fill-package.com\/vi\/wp-json\/wp\/v2\/pages\/11386","targetHints":{"allow":["GET"]}}],"collection":[{"href":"https:\/\/fill-package.com\/vi\/wp-json\/wp\/v2\/pages"}],"about":[{"href":"https:\/\/fill-package.com\/vi\/wp-json\/wp\/v2\/types\/page"}],"author":[{"embeddable":true,"href":"https:\/\/fill-package.com\/vi\/wp-json\/wp\/v2\/users\/1"}],"replies":[{"embeddable":true,"href":"https:\/\/fill-package.com\/vi\/wp-json\/wp\/v2\/comments?post=11386"}],"version-history":[{"count":9,"href":"https:\/\/fill-package.com\/vi\/wp-json\/wp\/v2\/pages\/11386\/revisions"}],"predecessor-version":[{"id":11601,"href":"https:\/\/fill-package.com\/vi\/wp-json\/wp\/v2\/pages\/11386\/revisions\/11601"}],"wp:attachment":[{"href":"https:\/\/fill-package.com\/vi\/wp-json\/wp\/v2\/media?parent=11386"}],"curies":[{"name":"wp","href":"https:\/\/api.w.org\/{rel}","templated":true}]}}