{"id":11320,"date":"2025-11-29T10:03:30","date_gmt":"2025-11-29T10:03:30","guid":{"rendered":"https:\/\/fill-package.com\/?page_id=11320"},"modified":"2025-12-13T03:00:49","modified_gmt":"2025-12-13T03:00:49","slug":"packaging-knives","status":"publish","type":"page","link":"https:\/\/fill-package.com\/vi\/packaing-knives","title":{"rendered":"Dao \u0111\u00f3ng g\u00f3i"},"content":{"rendered":"","protected":false},"excerpt":{"rendered":"","protected":false},"author":1,"featured_media":0,"parent":0,"menu_order":0,"comment_status":"closed","ping_status":"closed","template":"product-category3.php","meta":{"site-sidebar-layout":"default","site-content-layout":"page-builder","ast-site-content-layout":"full-width-container","site-content-style":"unboxed","site-sidebar-style":"unboxed","ast-global-header-display":"","ast-banner-title-visibility":"","ast-main-header-display":"","ast-hfb-above-header-display":"","ast-hfb-below-header-display":"","ast-hfb-mobile-header-display":"","site-post-title":"","ast-breadcrumbs-content":"disabled","ast-featured-img":"","footer-sml-layout":"","ast-disable-related-posts":"","theme-transparent-header-meta":"default","adv-header-id-meta":"","stick-header-meta":"default","header-above-stick-meta":"","header-main-stick-meta":"","header-below-stick-meta":"","astra-migrate-meta-layouts":"set","ast-page-background-enabled":"default","ast-page-background-meta":{"desktop":{"background-color":"","background-image":"","background-repeat":"repeat","background-position":"center center","background-size":"auto","background-attachment":"scroll","background-type":"","background-media":"","overlay-type":"","overlay-color":"","overlay-opacity":"","overlay-gradient":""},"tablet":{"background-color":"","background-image":"","background-repeat":"repeat","background-position":"center center","background-size":"auto","background-attachment":"scroll","background-type":"","background-media":"","overlay-type":"","overlay-color":"","overlay-opacity":"","overlay-gradient":""},"mobile":{"background-color":"","background-image":"","background-repeat":"repeat","background-position":"center center","background-size":"auto","background-attachment":"scroll","background-type":"","background-media":"","overlay-type":"","overlay-color":"","overlay-opacity":"","overlay-gradient":""}},"ast-content-background-meta":{"desktop":{"background-color":"var(--ast-global-color-5)","background-image":"","background-repeat":"repeat","background-position":"center center","background-size":"auto","background-attachment":"scroll","background-type":"","background-media":"","overlay-type":"","overlay-color":"","overlay-opacity":"","overlay-gradient":""},"tablet":{"background-color":"var(--ast-global-color-5)","background-image":"","background-repeat":"repeat","background-position":"center center","background-size":"auto","background-attachment":"scroll","background-type":"","background-media":"","overlay-type":"","overlay-color":"","overlay-opacity":"","overlay-gradient":""},"mobile":{"background-color":"var(--ast-global-color-5)","background-image":"","background-repeat":"repeat","background-position":"center center","background-size":"auto","background-attachment":"scroll","background-type":"","background-media":"","overlay-type":"","overlay-color":"","overlay-opacity":"","overlay-gradient":""}},"footnotes":""},"class_list":["post-11320","page","type-page","status-publish","hentry"],"acf":[],"yoast_head":"<!-- This site is optimized with the Yoast SEO plugin v27.3 - https:\/\/yoast.com\/product\/yoast-seo-wordpress\/ -->\n<title>VFFS Machine Cutter | Horizontal Serrated Blade | Solves Weak Seals &amp; Bad Cuts<\/title>\n<meta name=\"description\" content=\"Professional supplier of high-quality VFFS machine cutters and horizontal serrated blades. Solves issues like weak seals, incomplete cuts, and film stringing. Made from high-strength alloy steel for superior wear resistance. Compatible with multiple brands and custom orders available. Inquire now!\" \/>\n<meta name=\"robots\" content=\"index, follow, max-snippet:-1, max-image-preview:large, max-video-preview:-1\" \/>\n<link rel=\"canonical\" href=\"https:\/\/fill-package.com\/vi\/dao-dong-goi\/\" \/>\n<meta property=\"og:locale\" content=\"vi_VN\" \/>\n<meta property=\"og:type\" content=\"article\" \/>\n<meta property=\"og:title\" content=\"VFFS Machine Cutter | Horizontal Serrated Blade | Solves Weak Seals &amp; Bad Cuts\" \/>\n<meta property=\"og:description\" content=\"Professional supplier of high-quality VFFS machine cutters and horizontal serrated blades. Solves issues like weak seals, incomplete cuts, and film stringing. Made from high-strength alloy steel for superior wear resistance. Compatible with multiple brands and custom orders available. Inquire now!\" \/>\n<meta property=\"og:url\" content=\"https:\/\/fill-package.com\/vi\/dao-dong-goi\/\" \/>\n<meta property=\"og:site_name\" content=\"Fill&amp;Package\" \/>\n<meta property=\"article:modified_time\" content=\"2025-12-13T03:00:49+00:00\" \/>\n<meta name=\"twitter:card\" content=\"summary_large_image\" \/>\n<script type=\"application\/ld+json\" class=\"yoast-schema-graph\">{\"@context\":\"https:\\\/\\\/schema.org\",\"@graph\":[{\"@type\":\"WebPage\",\"@id\":\"https:\\\/\\\/fill-package.com\\\/packaing-knives\\\/\",\"url\":\"https:\\\/\\\/fill-package.com\\\/packaing-knives\\\/\",\"name\":\"VFFS Machine Cutter | Horizontal Serrated Blade | Solves Weak Seals & Bad Cuts\",\"isPartOf\":{\"@id\":\"https:\\\/\\\/fill-package.com\\\/#website\"},\"datePublished\":\"2025-11-29T10:03:30+00:00\",\"dateModified\":\"2025-12-13T03:00:49+00:00\",\"description\":\"Professional supplier of high-quality VFFS machine cutters and horizontal serrated blades. Solves issues like weak seals, incomplete cuts, and film stringing. Made from high-strength alloy steel for superior wear resistance. Compatible with multiple brands and custom orders available. Inquire now!\",\"breadcrumb\":{\"@id\":\"https:\\\/\\\/fill-package.com\\\/packaing-knives\\\/#breadcrumb\"},\"inLanguage\":\"vi\",\"potentialAction\":[{\"@type\":\"ReadAction\",\"target\":[\"https:\\\/\\\/fill-package.com\\\/packaing-knives\\\/\"]}]},{\"@type\":\"BreadcrumbList\",\"@id\":\"https:\\\/\\\/fill-package.com\\\/packaing-knives\\\/#breadcrumb\",\"itemListElement\":[{\"@type\":\"ListItem\",\"position\":1,\"name\":\"Home\",\"item\":\"https:\\\/\\\/fill-package.com\\\/\"},{\"@type\":\"ListItem\",\"position\":2,\"name\":\"Packaging Knives\"}]},{\"@type\":\"WebSite\",\"@id\":\"https:\\\/\\\/fill-package.com\\\/#website\",\"url\":\"https:\\\/\\\/fill-package.com\\\/\",\"name\":\"Fill&amp;Package\",\"description\":\"\",\"potentialAction\":[{\"@type\":\"SearchAction\",\"target\":{\"@type\":\"EntryPoint\",\"urlTemplate\":\"https:\\\/\\\/fill-package.com\\\/?s={search_term_string}\"},\"query-input\":{\"@type\":\"PropertyValueSpecification\",\"valueRequired\":true,\"valueName\":\"search_term_string\"}}],\"inLanguage\":\"vi\"}]}<\/script>\n<!-- \/ Yoast SEO plugin. -->","yoast_head_json":{"title":"M\u00e1y c\u1eaft VFFS | L\u01b0\u1ee1i r\u0103ng c\u01b0a ngang | Kh\u1eafc ph\u1ee5c t\u00ecnh tr\u1ea1ng m\u1ed1i h\u00e0n y\u1ebfu v\u00e0 v\u1ebft c\u1eaft x\u1ea5u","description":"Nh\u00e0 cung c\u1ea5p chuy\u00ean nghi\u1ec7p c\u00e1c lo\u1ea1i dao c\u1eaft VFFS v\u00e0 l\u01b0\u1ee1i r\u0103ng c\u01b0a ngang ch\u1ea5t l\u01b0\u1ee3ng cao. Gi\u1ea3i quy\u1ebft c\u00e1c v\u1ea5n \u0111\u1ec1 nh\u01b0 gio\u0103ng y\u1ebfu, \u0111\u01b0\u1eddng c\u1eaft kh\u00f4ng ho\u00e0n ch\u1ec9nh v\u00e0 hi\u1ec7n t\u01b0\u1ee3ng d\u00e2y m\u00e0ng. \u0110\u01b0\u1ee3c l\u00e0m t\u1eeb th\u00e9p h\u1ee3p kim c\u01b0\u1eddng \u0111\u1ed9 cao, kh\u1ea3 n\u0103ng ch\u1ed1ng m\u00e0i m\u00f2n v\u01b0\u1ee3t tr\u1ed9i. T\u01b0\u01a1ng th\u00edch v\u1edbi nhi\u1ec1u th\u01b0\u01a1ng hi\u1ec7u v\u00e0 c\u00f3 th\u1ec3 \u0111\u1eb7t h\u00e0ng theo y\u00eau c\u1ea7u. Li\u00ean h\u1ec7 ngay!","robots":{"index":"index","follow":"follow","max-snippet":"max-snippet:-1","max-image-preview":"max-image-preview:large","max-video-preview":"max-video-preview:-1"},"canonical":"https:\/\/fill-package.com\/vi\/dao-dong-goi\/","og_locale":"vi_VN","og_type":"article","og_title":"VFFS Machine Cutter | Horizontal Serrated Blade | Solves Weak Seals & Bad Cuts","og_description":"Professional supplier of high-quality VFFS machine cutters and horizontal serrated blades. Solves issues like weak seals, incomplete cuts, and film stringing. Made from high-strength alloy steel for superior wear resistance. Compatible with multiple brands and custom orders available. Inquire now!","og_url":"https:\/\/fill-package.com\/vi\/dao-dong-goi\/","og_site_name":"Fill&amp;Package","article_modified_time":"2025-12-13T03:00:49+00:00","twitter_card":"summary_large_image","schema":{"@context":"https:\/\/schema.org","@graph":[{"@type":"WebPage","@id":"https:\/\/fill-package.com\/packaing-knives\/","url":"https:\/\/fill-package.com\/packaing-knives\/","name":"M\u00e1y c\u1eaft VFFS | L\u01b0\u1ee1i r\u0103ng c\u01b0a ngang | Kh\u1eafc ph\u1ee5c t\u00ecnh tr\u1ea1ng m\u1ed1i h\u00e0n y\u1ebfu v\u00e0 v\u1ebft c\u1eaft x\u1ea5u","isPartOf":{"@id":"https:\/\/fill-package.com\/#website"},"datePublished":"2025-11-29T10:03:30+00:00","dateModified":"2025-12-13T03:00:49+00:00","description":"Nh\u00e0 cung c\u1ea5p chuy\u00ean nghi\u1ec7p c\u00e1c lo\u1ea1i dao c\u1eaft VFFS v\u00e0 l\u01b0\u1ee1i r\u0103ng c\u01b0a ngang ch\u1ea5t l\u01b0\u1ee3ng cao. Gi\u1ea3i quy\u1ebft c\u00e1c v\u1ea5n \u0111\u1ec1 nh\u01b0 gio\u0103ng y\u1ebfu, \u0111\u01b0\u1eddng c\u1eaft kh\u00f4ng ho\u00e0n ch\u1ec9nh v\u00e0 hi\u1ec7n t\u01b0\u1ee3ng d\u00e2y m\u00e0ng. \u0110\u01b0\u1ee3c l\u00e0m t\u1eeb th\u00e9p h\u1ee3p kim c\u01b0\u1eddng \u0111\u1ed9 cao, kh\u1ea3 n\u0103ng ch\u1ed1ng m\u00e0i m\u00f2n v\u01b0\u1ee3t tr\u1ed9i. T\u01b0\u01a1ng th\u00edch v\u1edbi nhi\u1ec1u th\u01b0\u01a1ng hi\u1ec7u v\u00e0 c\u00f3 th\u1ec3 \u0111\u1eb7t h\u00e0ng theo y\u00eau c\u1ea7u. Li\u00ean h\u1ec7 ngay!","breadcrumb":{"@id":"https:\/\/fill-package.com\/packaing-knives\/#breadcrumb"},"inLanguage":"vi","potentialAction":[{"@type":"ReadAction","target":["https:\/\/fill-package.com\/packaing-knives\/"]}]},{"@type":"BreadcrumbList","@id":"https:\/\/fill-package.com\/packaing-knives\/#breadcrumb","itemListElement":[{"@type":"ListItem","position":1,"name":"Home","item":"https:\/\/fill-package.com\/"},{"@type":"ListItem","position":2,"name":"Packaging Knives"}]},{"@type":"WebSite","@id":"https:\/\/fill-package.com\/#website","url":"https:\/\/fill-package.com\/","name":"\u0110i\u1ec1n &amp; \u0110\u00f3ng g\u00f3i","description":"","potentialAction":[{"@type":"SearchAction","target":{"@type":"EntryPoint","urlTemplate":"https:\/\/fill-package.com\/?s={search_term_string}"},"query-input":{"@type":"PropertyValueSpecification","valueRequired":true,"valueName":"search_term_string"}}],"inLanguage":"vi"}]}},"_links":{"self":[{"href":"https:\/\/fill-package.com\/vi\/wp-json\/wp\/v2\/pages\/11320","targetHints":{"allow":["GET"]}}],"collection":[{"href":"https:\/\/fill-package.com\/vi\/wp-json\/wp\/v2\/pages"}],"about":[{"href":"https:\/\/fill-package.com\/vi\/wp-json\/wp\/v2\/types\/page"}],"author":[{"embeddable":true,"href":"https:\/\/fill-package.com\/vi\/wp-json\/wp\/v2\/users\/1"}],"replies":[{"embeddable":true,"href":"https:\/\/fill-package.com\/vi\/wp-json\/wp\/v2\/comments?post=11320"}],"version-history":[{"count":13,"href":"https:\/\/fill-package.com\/vi\/wp-json\/wp\/v2\/pages\/11320\/revisions"}],"predecessor-version":[{"id":11667,"href":"https:\/\/fill-package.com\/vi\/wp-json\/wp\/v2\/pages\/11320\/revisions\/11667"}],"wp:attachment":[{"href":"https:\/\/fill-package.com\/vi\/wp-json\/wp\/v2\/media?parent=11320"}],"curies":[{"name":"wp","href":"https:\/\/api.w.org\/{rel}","templated":true}]}}