{"id":11266,"date":"2025-11-28T02:01:46","date_gmt":"2025-11-28T02:01:46","guid":{"rendered":"https:\/\/fill-package.com\/?page_id=11266"},"modified":"2025-12-12T03:57:38","modified_gmt":"2025-12-12T03:57:38","slug":"luoi-cat","status":"publish","type":"page","link":"https:\/\/fill-package.com\/vi\/cutting-blade","title":{"rendered":"L\u01b0\u1ee1i c\u1eaft"},"content":{"rendered":"","protected":false},"excerpt":{"rendered":"","protected":false},"author":1,"featured_media":0,"parent":0,"menu_order":0,"comment_status":"closed","ping_status":"closed","template":"product-category3.php","meta":{"site-sidebar-layout":"default","site-content-layout":"page-builder","ast-site-content-layout":"full-width-container","site-content-style":"unboxed","site-sidebar-style":"unboxed","ast-global-header-display":"","ast-banner-title-visibility":"","ast-main-header-display":"","ast-hfb-above-header-display":"","ast-hfb-below-header-display":"","ast-hfb-mobile-header-display":"","site-post-title":"","ast-breadcrumbs-content":"disabled","ast-featured-img":"","footer-sml-layout":"","ast-disable-related-posts":"","theme-transparent-header-meta":"default","adv-header-id-meta":"","stick-header-meta":"default","header-above-stick-meta":"","header-main-stick-meta":"","header-below-stick-meta":"","astra-migrate-meta-layouts":"set","ast-page-background-enabled":"default","ast-page-background-meta":{"desktop":{"background-color":"","background-image":"","background-repeat":"repeat","background-position":"center center","background-size":"auto","background-attachment":"scroll","background-type":"","background-media":"","overlay-type":"","overlay-color":"","overlay-opacity":"","overlay-gradient":""},"tablet":{"background-color":"","background-image":"","background-repeat":"repeat","background-position":"center center","background-size":"auto","background-attachment":"scroll","background-type":"","background-media":"","overlay-type":"","overlay-color":"","overlay-opacity":"","overlay-gradient":""},"mobile":{"background-color":"","background-image":"","background-repeat":"repeat","background-position":"center center","background-size":"auto","background-attachment":"scroll","background-type":"","background-media":"","overlay-type":"","overlay-color":"","overlay-opacity":"","overlay-gradient":""}},"ast-content-background-meta":{"desktop":{"background-color":"var(--ast-global-color-5)","background-image":"","background-repeat":"repeat","background-position":"center center","background-size":"auto","background-attachment":"scroll","background-type":"","background-media":"","overlay-type":"","overlay-color":"","overlay-opacity":"","overlay-gradient":""},"tablet":{"background-color":"var(--ast-global-color-5)","background-image":"","background-repeat":"repeat","background-position":"center center","background-size":"auto","background-attachment":"scroll","background-type":"","background-media":"","overlay-type":"","overlay-color":"","overlay-opacity":"","overlay-gradient":""},"mobile":{"background-color":"var(--ast-global-color-5)","background-image":"","background-repeat":"repeat","background-position":"center center","background-size":"auto","background-attachment":"scroll","background-type":"","background-media":"","overlay-type":"","overlay-color":"","overlay-opacity":"","overlay-gradient":""}},"footnotes":""},"class_list":["post-11266","page","type-page","status-publish","hentry"],"acf":[],"yoast_head":"<!-- This site is optimized with the Yoast SEO plugin v27.3 - https:\/\/yoast.com\/product\/yoast-seo-wordpress\/ -->\n<title>VFFS Sealing Blade | Packing Machine Cutting Blade| Fill package<\/title>\n<meta name=\"description\" content=\"Shop premium replacement packing blades for VFFS machines. High-carbon steel sealing blade with wave teeth for clean cuts. Fits 420\/320 models. 6-month warranty. Inquire now!\" \/>\n<meta name=\"robots\" content=\"index, follow, max-snippet:-1, max-image-preview:large, max-video-preview:-1\" \/>\n<link rel=\"canonical\" href=\"https:\/\/fill-package.com\/vi\/luoi-cat\/\" \/>\n<meta property=\"og:locale\" content=\"vi_VN\" \/>\n<meta property=\"og:type\" content=\"article\" \/>\n<meta property=\"og:title\" content=\"VFFS Sealing Blade | Packing Machine Cutting Blade| Fill package\" \/>\n<meta property=\"og:description\" content=\"Shop premium replacement packing blades for VFFS machines. High-carbon steel sealing blade with wave teeth for clean cuts. Fits 420\/320 models. 6-month warranty. Inquire now!\" \/>\n<meta property=\"og:url\" content=\"https:\/\/fill-package.com\/vi\/luoi-cat\/\" \/>\n<meta property=\"og:site_name\" content=\"Fill&amp;Package\" \/>\n<meta property=\"article:modified_time\" content=\"2025-12-12T03:57:38+00:00\" \/>\n<meta name=\"twitter:card\" content=\"summary_large_image\" \/>\n<script type=\"application\/ld+json\" class=\"yoast-schema-graph\">{\"@context\":\"https:\\\/\\\/schema.org\",\"@graph\":[{\"@type\":\"WebPage\",\"@id\":\"https:\\\/\\\/fill-package.com\\\/cutting-blade\\\/\",\"url\":\"https:\\\/\\\/fill-package.com\\\/cutting-blade\\\/\",\"name\":\"VFFS Sealing Blade | Packing Machine Cutting Blade| Fill package\",\"isPartOf\":{\"@id\":\"https:\\\/\\\/fill-package.com\\\/#website\"},\"datePublished\":\"2025-11-28T02:01:46+00:00\",\"dateModified\":\"2025-12-12T03:57:38+00:00\",\"description\":\"Shop premium replacement packing blades for VFFS machines. High-carbon steel sealing blade with wave teeth for clean cuts. Fits 420\\\/320 models. 6-month warranty. Inquire now!\",\"breadcrumb\":{\"@id\":\"https:\\\/\\\/fill-package.com\\\/cutting-blade\\\/#breadcrumb\"},\"inLanguage\":\"vi\",\"potentialAction\":[{\"@type\":\"ReadAction\",\"target\":[\"https:\\\/\\\/fill-package.com\\\/cutting-blade\\\/\"]}]},{\"@type\":\"BreadcrumbList\",\"@id\":\"https:\\\/\\\/fill-package.com\\\/cutting-blade\\\/#breadcrumb\",\"itemListElement\":[{\"@type\":\"ListItem\",\"position\":1,\"name\":\"Home\",\"item\":\"https:\\\/\\\/fill-package.com\\\/\"},{\"@type\":\"ListItem\",\"position\":2,\"name\":\"Cutting Blade\"}]},{\"@type\":\"WebSite\",\"@id\":\"https:\\\/\\\/fill-package.com\\\/#website\",\"url\":\"https:\\\/\\\/fill-package.com\\\/\",\"name\":\"Fill&amp;Package\",\"description\":\"\",\"potentialAction\":[{\"@type\":\"SearchAction\",\"target\":{\"@type\":\"EntryPoint\",\"urlTemplate\":\"https:\\\/\\\/fill-package.com\\\/?s={search_term_string}\"},\"query-input\":{\"@type\":\"PropertyValueSpecification\",\"valueRequired\":true,\"valueName\":\"search_term_string\"}}],\"inLanguage\":\"vi\"}]}<\/script>\n<!-- \/ Yoast SEO plugin. -->","yoast_head_json":{"title":"L\u01b0\u1ee1i c\u1eaft ni\u00eam phong VFFS | L\u01b0\u1ee1i c\u1eaft m\u00e1y \u0111\u00f3ng g\u00f3i | \u0110\u00f3ng g\u00f3i","description":"Mua l\u01b0\u1ee1i \u0111\u00f3ng g\u00f3i thay th\u1ebf cao c\u1ea5p cho m\u00e1y VFFS. L\u01b0\u1ee1i \u0111\u00f3ng g\u00f3i b\u1eb1ng th\u00e9p carbon cao c\u1ea5p v\u1edbi r\u0103ng g\u1ee3n s\u00f3ng cho \u0111\u01b0\u1eddng c\u1eaft s\u1ea1ch s\u1ebd. Ph\u00f9 h\u1ee3p v\u1edbi c\u00e1c model 420\/320. B\u1ea3o h\u00e0nh 6 th\u00e1ng. Li\u00ean h\u1ec7 ngay!","robots":{"index":"index","follow":"follow","max-snippet":"max-snippet:-1","max-image-preview":"max-image-preview:large","max-video-preview":"max-video-preview:-1"},"canonical":"https:\/\/fill-package.com\/vi\/luoi-cat\/","og_locale":"vi_VN","og_type":"article","og_title":"VFFS Sealing Blade | Packing Machine Cutting Blade| Fill package","og_description":"Shop premium replacement packing blades for VFFS machines. High-carbon steel sealing blade with wave teeth for clean cuts. Fits 420\/320 models. 6-month warranty. Inquire now!","og_url":"https:\/\/fill-package.com\/vi\/luoi-cat\/","og_site_name":"Fill&amp;Package","article_modified_time":"2025-12-12T03:57:38+00:00","twitter_card":"summary_large_image","schema":{"@context":"https:\/\/schema.org","@graph":[{"@type":"WebPage","@id":"https:\/\/fill-package.com\/cutting-blade\/","url":"https:\/\/fill-package.com\/cutting-blade\/","name":"L\u01b0\u1ee1i c\u1eaft ni\u00eam phong VFFS | L\u01b0\u1ee1i c\u1eaft m\u00e1y \u0111\u00f3ng g\u00f3i | \u0110\u00f3ng g\u00f3i","isPartOf":{"@id":"https:\/\/fill-package.com\/#website"},"datePublished":"2025-11-28T02:01:46+00:00","dateModified":"2025-12-12T03:57:38+00:00","description":"Mua l\u01b0\u1ee1i \u0111\u00f3ng g\u00f3i thay th\u1ebf cao c\u1ea5p cho m\u00e1y VFFS. L\u01b0\u1ee1i \u0111\u00f3ng g\u00f3i b\u1eb1ng th\u00e9p carbon cao c\u1ea5p v\u1edbi r\u0103ng g\u1ee3n s\u00f3ng cho \u0111\u01b0\u1eddng c\u1eaft s\u1ea1ch s\u1ebd. Ph\u00f9 h\u1ee3p v\u1edbi c\u00e1c model 420\/320. B\u1ea3o h\u00e0nh 6 th\u00e1ng. Li\u00ean h\u1ec7 ngay!","breadcrumb":{"@id":"https:\/\/fill-package.com\/cutting-blade\/#breadcrumb"},"inLanguage":"vi","potentialAction":[{"@type":"ReadAction","target":["https:\/\/fill-package.com\/cutting-blade\/"]}]},{"@type":"BreadcrumbList","@id":"https:\/\/fill-package.com\/cutting-blade\/#breadcrumb","itemListElement":[{"@type":"ListItem","position":1,"name":"Home","item":"https:\/\/fill-package.com\/"},{"@type":"ListItem","position":2,"name":"Cutting Blade"}]},{"@type":"WebSite","@id":"https:\/\/fill-package.com\/#website","url":"https:\/\/fill-package.com\/","name":"\u0110i\u1ec1n &amp; \u0110\u00f3ng g\u00f3i","description":"","potentialAction":[{"@type":"SearchAction","target":{"@type":"EntryPoint","urlTemplate":"https:\/\/fill-package.com\/?s={search_term_string}"},"query-input":{"@type":"PropertyValueSpecification","valueRequired":true,"valueName":"search_term_string"}}],"inLanguage":"vi"}]}},"_links":{"self":[{"href":"https:\/\/fill-package.com\/vi\/wp-json\/wp\/v2\/pages\/11266","targetHints":{"allow":["GET"]}}],"collection":[{"href":"https:\/\/fill-package.com\/vi\/wp-json\/wp\/v2\/pages"}],"about":[{"href":"https:\/\/fill-package.com\/vi\/wp-json\/wp\/v2\/types\/page"}],"author":[{"embeddable":true,"href":"https:\/\/fill-package.com\/vi\/wp-json\/wp\/v2\/users\/1"}],"replies":[{"embeddable":true,"href":"https:\/\/fill-package.com\/vi\/wp-json\/wp\/v2\/comments?post=11266"}],"version-history":[{"count":17,"href":"https:\/\/fill-package.com\/vi\/wp-json\/wp\/v2\/pages\/11266\/revisions"}],"predecessor-version":[{"id":11592,"href":"https:\/\/fill-package.com\/vi\/wp-json\/wp\/v2\/pages\/11266\/revisions\/11592"}],"wp:attachment":[{"href":"https:\/\/fill-package.com\/vi\/wp-json\/wp\/v2\/media?parent=11266"}],"curies":[{"name":"wp","href":"https:\/\/api.w.org\/{rel}","templated":true}]}}