{"id":11007,"date":"2025-11-19T08:36:27","date_gmt":"2025-11-19T08:36:27","guid":{"rendered":"https:\/\/fill-package.com\/?page_id=11007"},"modified":"2025-12-12T03:52:09","modified_gmt":"2025-12-12T03:52:09","slug":"thanh-nylon","status":"publish","type":"page","link":"https:\/\/fill-package.com\/vi\/nylon-rod","title":{"rendered":"Thanh Nylon"},"content":{"rendered":"","protected":false},"excerpt":{"rendered":"","protected":false},"author":1,"featured_media":0,"parent":0,"menu_order":0,"comment_status":"closed","ping_status":"closed","template":"product-category3.php","meta":{"site-sidebar-layout":"default","site-content-layout":"page-builder","ast-site-content-layout":"full-width-container","site-content-style":"unboxed","site-sidebar-style":"unboxed","ast-global-header-display":"","ast-banner-title-visibility":"","ast-main-header-display":"","ast-hfb-above-header-display":"","ast-hfb-below-header-display":"","ast-hfb-mobile-header-display":"","site-post-title":"","ast-breadcrumbs-content":"disabled","ast-featured-img":"","footer-sml-layout":"","ast-disable-related-posts":"","theme-transparent-header-meta":"default","adv-header-id-meta":"","stick-header-meta":"default","header-above-stick-meta":"","header-main-stick-meta":"","header-below-stick-meta":"","astra-migrate-meta-layouts":"set","ast-page-background-enabled":"default","ast-page-background-meta":{"desktop":{"background-color":"","background-image":"","background-repeat":"repeat","background-position":"center center","background-size":"auto","background-attachment":"scroll","background-type":"","background-media":"","overlay-type":"","overlay-color":"","overlay-opacity":"","overlay-gradient":""},"tablet":{"background-color":"","background-image":"","background-repeat":"repeat","background-position":"center center","background-size":"auto","background-attachment":"scroll","background-type":"","background-media":"","overlay-type":"","overlay-color":"","overlay-opacity":"","overlay-gradient":""},"mobile":{"background-color":"","background-image":"","background-repeat":"repeat","background-position":"center center","background-size":"auto","background-attachment":"scroll","background-type":"","background-media":"","overlay-type":"","overlay-color":"","overlay-opacity":"","overlay-gradient":""}},"ast-content-background-meta":{"desktop":{"background-color":"var(--ast-global-color-5)","background-image":"","background-repeat":"repeat","background-position":"center center","background-size":"auto","background-attachment":"scroll","background-type":"","background-media":"","overlay-type":"","overlay-color":"","overlay-opacity":"","overlay-gradient":""},"tablet":{"background-color":"var(--ast-global-color-5)","background-image":"","background-repeat":"repeat","background-position":"center center","background-size":"auto","background-attachment":"scroll","background-type":"","background-media":"","overlay-type":"","overlay-color":"","overlay-opacity":"","overlay-gradient":""},"mobile":{"background-color":"var(--ast-global-color-5)","background-image":"","background-repeat":"repeat","background-position":"center center","background-size":"auto","background-attachment":"scroll","background-type":"","background-media":"","overlay-type":"","overlay-color":"","overlay-opacity":"","overlay-gradient":""}},"footnotes":""},"class_list":["post-11007","page","type-page","status-publish","hentry"],"acf":[],"yoast_head":"<!-- This site is optimized with the Yoast SEO plugin v27.3 - https:\/\/yoast.com\/product\/yoast-seo-wordpress\/ -->\n<title>Nylon Rod &amp; Tube | Cast &amp; Nylon 66 | Custom Sizes Available<\/title>\n<meta name=\"description\" content=\"Your expert supplier for high-performance nylon rod and tube. We offer custom sizes in Cast Nylon, Nylon 66, and more. Discover diverse nylon rod uses and get a quote today!\" \/>\n<meta name=\"robots\" content=\"index, follow, max-snippet:-1, max-image-preview:large, max-video-preview:-1\" \/>\n<link rel=\"canonical\" href=\"https:\/\/fill-package.com\/vi\/thanh-nylon\/\" \/>\n<meta property=\"og:locale\" content=\"vi_VN\" \/>\n<meta property=\"og:type\" content=\"article\" \/>\n<meta property=\"og:title\" content=\"Nylon Rod &amp; Tube | Cast &amp; Nylon 66 | Custom Sizes Available\" \/>\n<meta property=\"og:description\" content=\"Your expert supplier for high-performance nylon rod and tube. We offer custom sizes in Cast Nylon, Nylon 66, and more. Discover diverse nylon rod uses and get a quote today!\" \/>\n<meta property=\"og:url\" content=\"https:\/\/fill-package.com\/vi\/thanh-nylon\/\" \/>\n<meta property=\"og:site_name\" content=\"Fill&amp;Package\" \/>\n<meta property=\"article:modified_time\" content=\"2025-12-12T03:52:09+00:00\" \/>\n<meta name=\"twitter:card\" content=\"summary_large_image\" \/>\n<script type=\"application\/ld+json\" class=\"yoast-schema-graph\">{\"@context\":\"https:\\\/\\\/schema.org\",\"@graph\":[{\"@type\":\"WebPage\",\"@id\":\"https:\\\/\\\/fill-package.com\\\/nylon-rod\\\/\",\"url\":\"https:\\\/\\\/fill-package.com\\\/nylon-rod\\\/\",\"name\":\"Nylon Rod & Tube | Cast & Nylon 66 | Custom Sizes Available\",\"isPartOf\":{\"@id\":\"https:\\\/\\\/fill-package.com\\\/#website\"},\"datePublished\":\"2025-11-19T08:36:27+00:00\",\"dateModified\":\"2025-12-12T03:52:09+00:00\",\"description\":\"Your expert supplier for high-performance nylon rod and tube. We offer custom sizes in Cast Nylon, Nylon 66, and more. Discover diverse nylon rod uses and get a quote today!\",\"breadcrumb\":{\"@id\":\"https:\\\/\\\/fill-package.com\\\/nylon-rod\\\/#breadcrumb\"},\"inLanguage\":\"vi\",\"potentialAction\":[{\"@type\":\"ReadAction\",\"target\":[\"https:\\\/\\\/fill-package.com\\\/nylon-rod\\\/\"]}]},{\"@type\":\"BreadcrumbList\",\"@id\":\"https:\\\/\\\/fill-package.com\\\/nylon-rod\\\/#breadcrumb\",\"itemListElement\":[{\"@type\":\"ListItem\",\"position\":1,\"name\":\"Home\",\"item\":\"https:\\\/\\\/fill-package.com\\\/\"},{\"@type\":\"ListItem\",\"position\":2,\"name\":\"Nylon Rod\"}]},{\"@type\":\"WebSite\",\"@id\":\"https:\\\/\\\/fill-package.com\\\/#website\",\"url\":\"https:\\\/\\\/fill-package.com\\\/\",\"name\":\"Fill&amp;Package\",\"description\":\"\",\"potentialAction\":[{\"@type\":\"SearchAction\",\"target\":{\"@type\":\"EntryPoint\",\"urlTemplate\":\"https:\\\/\\\/fill-package.com\\\/?s={search_term_string}\"},\"query-input\":{\"@type\":\"PropertyValueSpecification\",\"valueRequired\":true,\"valueName\":\"search_term_string\"}}],\"inLanguage\":\"vi\"}]}<\/script>\n<!-- \/ Yoast SEO plugin. -->","yoast_head_json":{"title":"Thanh v\u00e0 \u1ed1ng Nylon | \u0110\u00fac &amp; Nylon 66 | C\u00f3 s\u1eb5n k\u00edch th\u01b0\u1edbc t\u00f9y ch\u1ec9nh","description":"Nh\u00e0 cung c\u1ea5p chuy\u00ean nghi\u1ec7p cho thanh v\u00e0 \u1ed1ng nylon hi\u1ec7u su\u1ea5t cao. Ch\u00fang t\u00f4i cung c\u1ea5p c\u00e1c k\u00edch c\u1ee1 t\u00f9y ch\u1ec9nh nh\u01b0 Nylon \u0111\u00fac, Nylon 66, v.v. Kh\u00e1m ph\u00e1 c\u00e1c \u1ee9ng d\u1ee5ng \u0111a d\u1ea1ng c\u1ee7a thanh nylon v\u00e0 nh\u1eadn b\u00e1o gi\u00e1 ngay h\u00f4m nay!","robots":{"index":"index","follow":"follow","max-snippet":"max-snippet:-1","max-image-preview":"max-image-preview:large","max-video-preview":"max-video-preview:-1"},"canonical":"https:\/\/fill-package.com\/vi\/thanh-nylon\/","og_locale":"vi_VN","og_type":"article","og_title":"Nylon Rod & Tube | Cast & Nylon 66 | Custom Sizes Available","og_description":"Your expert supplier for high-performance nylon rod and tube. We offer custom sizes in Cast Nylon, Nylon 66, and more. Discover diverse nylon rod uses and get a quote today!","og_url":"https:\/\/fill-package.com\/vi\/thanh-nylon\/","og_site_name":"Fill&amp;Package","article_modified_time":"2025-12-12T03:52:09+00:00","twitter_card":"summary_large_image","schema":{"@context":"https:\/\/schema.org","@graph":[{"@type":"WebPage","@id":"https:\/\/fill-package.com\/nylon-rod\/","url":"https:\/\/fill-package.com\/nylon-rod\/","name":"Thanh v\u00e0 \u1ed1ng Nylon | \u0110\u00fac &amp; Nylon 66 | C\u00f3 s\u1eb5n k\u00edch th\u01b0\u1edbc t\u00f9y ch\u1ec9nh","isPartOf":{"@id":"https:\/\/fill-package.com\/#website"},"datePublished":"2025-11-19T08:36:27+00:00","dateModified":"2025-12-12T03:52:09+00:00","description":"Nh\u00e0 cung c\u1ea5p chuy\u00ean nghi\u1ec7p cho thanh v\u00e0 \u1ed1ng nylon hi\u1ec7u su\u1ea5t cao. Ch\u00fang t\u00f4i cung c\u1ea5p c\u00e1c k\u00edch c\u1ee1 t\u00f9y ch\u1ec9nh nh\u01b0 Nylon \u0111\u00fac, Nylon 66, v.v. Kh\u00e1m ph\u00e1 c\u00e1c \u1ee9ng d\u1ee5ng \u0111a d\u1ea1ng c\u1ee7a thanh nylon v\u00e0 nh\u1eadn b\u00e1o gi\u00e1 ngay h\u00f4m nay!","breadcrumb":{"@id":"https:\/\/fill-package.com\/nylon-rod\/#breadcrumb"},"inLanguage":"vi","potentialAction":[{"@type":"ReadAction","target":["https:\/\/fill-package.com\/nylon-rod\/"]}]},{"@type":"BreadcrumbList","@id":"https:\/\/fill-package.com\/nylon-rod\/#breadcrumb","itemListElement":[{"@type":"ListItem","position":1,"name":"Home","item":"https:\/\/fill-package.com\/"},{"@type":"ListItem","position":2,"name":"Nylon Rod"}]},{"@type":"WebSite","@id":"https:\/\/fill-package.com\/#website","url":"https:\/\/fill-package.com\/","name":"\u0110i\u1ec1n &amp; \u0110\u00f3ng g\u00f3i","description":"","potentialAction":[{"@type":"SearchAction","target":{"@type":"EntryPoint","urlTemplate":"https:\/\/fill-package.com\/?s={search_term_string}"},"query-input":{"@type":"PropertyValueSpecification","valueRequired":true,"valueName":"search_term_string"}}],"inLanguage":"vi"}]}},"_links":{"self":[{"href":"https:\/\/fill-package.com\/vi\/wp-json\/wp\/v2\/pages\/11007","targetHints":{"allow":["GET"]}}],"collection":[{"href":"https:\/\/fill-package.com\/vi\/wp-json\/wp\/v2\/pages"}],"about":[{"href":"https:\/\/fill-package.com\/vi\/wp-json\/wp\/v2\/types\/page"}],"author":[{"embeddable":true,"href":"https:\/\/fill-package.com\/vi\/wp-json\/wp\/v2\/users\/1"}],"replies":[{"embeddable":true,"href":"https:\/\/fill-package.com\/vi\/wp-json\/wp\/v2\/comments?post=11007"}],"version-history":[{"count":7,"href":"https:\/\/fill-package.com\/vi\/wp-json\/wp\/v2\/pages\/11007\/revisions"}],"predecessor-version":[{"id":11589,"href":"https:\/\/fill-package.com\/vi\/wp-json\/wp\/v2\/pages\/11007\/revisions\/11589"}],"wp:attachment":[{"href":"https:\/\/fill-package.com\/vi\/wp-json\/wp\/v2\/media?parent=11007"}],"curies":[{"name":"wp","href":"https:\/\/api.w.org\/{rel}","templated":true}]}}