{"id":10941,"date":"2025-11-14T03:21:08","date_gmt":"2025-11-14T03:21:08","guid":{"rendered":"https:\/\/fill-package.com\/?page_id=10941"},"modified":"2025-12-12T03:45:23","modified_gmt":"2025-12-12T03:45:23","slug":"o-truc-dau-thanh","status":"publish","type":"page","link":"https:\/\/fill-package.com\/vi\/rod-end-bearings","title":{"rendered":"V\u00f2ng bi \u0111\u1ea7u thanh"},"content":{"rendered":"","protected":false},"excerpt":{"rendered":"","protected":false},"author":1,"featured_media":0,"parent":0,"menu_order":0,"comment_status":"closed","ping_status":"closed","template":"product-category3.php","meta":{"site-sidebar-layout":"default","site-content-layout":"page-builder","ast-site-content-layout":"full-width-container","site-content-style":"unboxed","site-sidebar-style":"unboxed","ast-global-header-display":"","ast-banner-title-visibility":"","ast-main-header-display":"","ast-hfb-above-header-display":"","ast-hfb-below-header-display":"","ast-hfb-mobile-header-display":"","site-post-title":"","ast-breadcrumbs-content":"disabled","ast-featured-img":"","footer-sml-layout":"","ast-disable-related-posts":"","theme-transparent-header-meta":"default","adv-header-id-meta":"","stick-header-meta":"default","header-above-stick-meta":"","header-main-stick-meta":"","header-below-stick-meta":"","astra-migrate-meta-layouts":"set","ast-page-background-enabled":"default","ast-page-background-meta":{"desktop":{"background-color":"","background-image":"","background-repeat":"repeat","background-position":"center center","background-size":"auto","background-attachment":"scroll","background-type":"","background-media":"","overlay-type":"","overlay-color":"","overlay-opacity":"","overlay-gradient":""},"tablet":{"background-color":"","background-image":"","background-repeat":"repeat","background-position":"center center","background-size":"auto","background-attachment":"scroll","background-type":"","background-media":"","overlay-type":"","overlay-color":"","overlay-opacity":"","overlay-gradient":""},"mobile":{"background-color":"","background-image":"","background-repeat":"repeat","background-position":"center center","background-size":"auto","background-attachment":"scroll","background-type":"","background-media":"","overlay-type":"","overlay-color":"","overlay-opacity":"","overlay-gradient":""}},"ast-content-background-meta":{"desktop":{"background-color":"var(--ast-global-color-5)","background-image":"","background-repeat":"repeat","background-position":"center center","background-size":"auto","background-attachment":"scroll","background-type":"","background-media":"","overlay-type":"","overlay-color":"","overlay-opacity":"","overlay-gradient":""},"tablet":{"background-color":"var(--ast-global-color-5)","background-image":"","background-repeat":"repeat","background-position":"center center","background-size":"auto","background-attachment":"scroll","background-type":"","background-media":"","overlay-type":"","overlay-color":"","overlay-opacity":"","overlay-gradient":""},"mobile":{"background-color":"var(--ast-global-color-5)","background-image":"","background-repeat":"repeat","background-position":"center center","background-size":"auto","background-attachment":"scroll","background-type":"","background-media":"","overlay-type":"","overlay-color":"","overlay-opacity":"","overlay-gradient":""}},"footnotes":""},"class_list":["post-10941","page","type-page","status-publish","hentry"],"acf":[],"yoast_head":"<!-- This site is optimized with the Yoast SEO plugin v27.3 - https:\/\/yoast.com\/product\/yoast-seo-wordpress\/ -->\n<title>High-Performance Rod End Bearings (Heim Joints) - Industrial SA\/SI Series<\/title>\n<meta name=\"description\" content=\"Looking for high-quality rod end bearings? We offer a full range of SA (male) and SI (female) Heim joints, self-lubricated, high-load, and long-life. Ideal for industrial automation, automotive, and construction machinery. Get your selection guide and spec sheet now!\" \/>\n<meta name=\"robots\" content=\"index, follow, max-snippet:-1, max-image-preview:large, max-video-preview:-1\" \/>\n<link rel=\"canonical\" href=\"https:\/\/fill-package.com\/vi\/o-truc-dau-thanh\/\" \/>\n<meta property=\"og:locale\" content=\"vi_VN\" \/>\n<meta property=\"og:type\" content=\"article\" \/>\n<meta property=\"og:title\" content=\"High-Performance Rod End Bearings (Heim Joints) - Industrial SA\/SI Series\" \/>\n<meta property=\"og:description\" content=\"Looking for high-quality rod end bearings? We offer a full range of SA (male) and SI (female) Heim joints, self-lubricated, high-load, and long-life. Ideal for industrial automation, automotive, and construction machinery. Get your selection guide and spec sheet now!\" \/>\n<meta property=\"og:url\" content=\"https:\/\/fill-package.com\/vi\/o-truc-dau-thanh\/\" \/>\n<meta property=\"og:site_name\" content=\"Fill&amp;Package\" \/>\n<meta property=\"article:modified_time\" content=\"2025-12-12T03:45:23+00:00\" \/>\n<meta name=\"twitter:card\" content=\"summary_large_image\" \/>\n<script type=\"application\/ld+json\" class=\"yoast-schema-graph\">{\"@context\":\"https:\\\/\\\/schema.org\",\"@graph\":[{\"@type\":\"WebPage\",\"@id\":\"https:\\\/\\\/fill-package.com\\\/rod-end-bearings\\\/\",\"url\":\"https:\\\/\\\/fill-package.com\\\/rod-end-bearings\\\/\",\"name\":\"High-Performance Rod End Bearings (Heim Joints) - Industrial SA\\\/SI Series\",\"isPartOf\":{\"@id\":\"https:\\\/\\\/fill-package.com\\\/#website\"},\"datePublished\":\"2025-11-14T03:21:08+00:00\",\"dateModified\":\"2025-12-12T03:45:23+00:00\",\"description\":\"Looking for high-quality rod end bearings? We offer a full range of SA (male) and SI (female) Heim joints, self-lubricated, high-load, and long-life. Ideal for industrial automation, automotive, and construction machinery. Get your selection guide and spec sheet now!\",\"breadcrumb\":{\"@id\":\"https:\\\/\\\/fill-package.com\\\/rod-end-bearings\\\/#breadcrumb\"},\"inLanguage\":\"vi\",\"potentialAction\":[{\"@type\":\"ReadAction\",\"target\":[\"https:\\\/\\\/fill-package.com\\\/rod-end-bearings\\\/\"]}]},{\"@type\":\"BreadcrumbList\",\"@id\":\"https:\\\/\\\/fill-package.com\\\/rod-end-bearings\\\/#breadcrumb\",\"itemListElement\":[{\"@type\":\"ListItem\",\"position\":1,\"name\":\"Home\",\"item\":\"https:\\\/\\\/fill-package.com\\\/\"},{\"@type\":\"ListItem\",\"position\":2,\"name\":\"Rod End Bearings\"}]},{\"@type\":\"WebSite\",\"@id\":\"https:\\\/\\\/fill-package.com\\\/#website\",\"url\":\"https:\\\/\\\/fill-package.com\\\/\",\"name\":\"Fill&amp;Package\",\"description\":\"\",\"potentialAction\":[{\"@type\":\"SearchAction\",\"target\":{\"@type\":\"EntryPoint\",\"urlTemplate\":\"https:\\\/\\\/fill-package.com\\\/?s={search_term_string}\"},\"query-input\":{\"@type\":\"PropertyValueSpecification\",\"valueRequired\":true,\"valueName\":\"search_term_string\"}}],\"inLanguage\":\"vi\"}]}<\/script>\n<!-- \/ Yoast SEO plugin. -->","yoast_head_json":{"title":"V\u00f2ng bi \u0111\u1ea7u thanh hi\u1ec7u su\u1ea5t cao (Kh\u1edbp Heim) - D\u00f2ng s\u1ea3n ph\u1ea9m c\u00f4ng nghi\u1ec7p SA\/SI","description":"B\u1ea1n \u0111ang t\u00ecm ki\u1ebfm \u1ed5 tr\u1ee5c \u0111\u1ea7u thanh truy\u1ec1n ch\u1ea5t l\u01b0\u1ee3ng cao? Ch\u00fang t\u00f4i cung c\u1ea5p \u0111\u1ea7y \u0111\u1ee7 c\u00e1c lo\u1ea1i kh\u1edbp n\u1ed1i Heim SA (\u0111\u1ef1c) v\u00e0 SI (c\u00e1i), t\u1ef1 b\u00f4i tr\u01a1n, ch\u1ecbu t\u1ea3i cao v\u00e0 tu\u1ed5i th\u1ecd cao. L\u00fd t\u01b0\u1edfng cho m\u00e1y m\u00f3c t\u1ef1 \u0111\u1ed9ng h\u00f3a c\u00f4ng nghi\u1ec7p, \u00f4 t\u00f4 v\u00e0 x\u00e2y d\u1ef1ng. Nh\u1eadn h\u01b0\u1edbng d\u1eabn l\u1ef1a ch\u1ecdn v\u00e0 b\u1ea3ng th\u00f4ng s\u1ed1 k\u1ef9 thu\u1eadt ngay!","robots":{"index":"index","follow":"follow","max-snippet":"max-snippet:-1","max-image-preview":"max-image-preview:large","max-video-preview":"max-video-preview:-1"},"canonical":"https:\/\/fill-package.com\/vi\/o-truc-dau-thanh\/","og_locale":"vi_VN","og_type":"article","og_title":"High-Performance Rod End Bearings (Heim Joints) - Industrial SA\/SI Series","og_description":"Looking for high-quality rod end bearings? We offer a full range of SA (male) and SI (female) Heim joints, self-lubricated, high-load, and long-life. Ideal for industrial automation, automotive, and construction machinery. Get your selection guide and spec sheet now!","og_url":"https:\/\/fill-package.com\/vi\/o-truc-dau-thanh\/","og_site_name":"Fill&amp;Package","article_modified_time":"2025-12-12T03:45:23+00:00","twitter_card":"summary_large_image","schema":{"@context":"https:\/\/schema.org","@graph":[{"@type":"WebPage","@id":"https:\/\/fill-package.com\/rod-end-bearings\/","url":"https:\/\/fill-package.com\/rod-end-bearings\/","name":"V\u00f2ng bi \u0111\u1ea7u thanh hi\u1ec7u su\u1ea5t cao (Kh\u1edbp Heim) - D\u00f2ng s\u1ea3n ph\u1ea9m c\u00f4ng nghi\u1ec7p SA\/SI","isPartOf":{"@id":"https:\/\/fill-package.com\/#website"},"datePublished":"2025-11-14T03:21:08+00:00","dateModified":"2025-12-12T03:45:23+00:00","description":"B\u1ea1n \u0111ang t\u00ecm ki\u1ebfm \u1ed5 tr\u1ee5c \u0111\u1ea7u thanh truy\u1ec1n ch\u1ea5t l\u01b0\u1ee3ng cao? Ch\u00fang t\u00f4i cung c\u1ea5p \u0111\u1ea7y \u0111\u1ee7 c\u00e1c lo\u1ea1i kh\u1edbp n\u1ed1i Heim SA (\u0111\u1ef1c) v\u00e0 SI (c\u00e1i), t\u1ef1 b\u00f4i tr\u01a1n, ch\u1ecbu t\u1ea3i cao v\u00e0 tu\u1ed5i th\u1ecd cao. L\u00fd t\u01b0\u1edfng cho m\u00e1y m\u00f3c t\u1ef1 \u0111\u1ed9ng h\u00f3a c\u00f4ng nghi\u1ec7p, \u00f4 t\u00f4 v\u00e0 x\u00e2y d\u1ef1ng. Nh\u1eadn h\u01b0\u1edbng d\u1eabn l\u1ef1a ch\u1ecdn v\u00e0 b\u1ea3ng th\u00f4ng s\u1ed1 k\u1ef9 thu\u1eadt ngay!","breadcrumb":{"@id":"https:\/\/fill-package.com\/rod-end-bearings\/#breadcrumb"},"inLanguage":"vi","potentialAction":[{"@type":"ReadAction","target":["https:\/\/fill-package.com\/rod-end-bearings\/"]}]},{"@type":"BreadcrumbList","@id":"https:\/\/fill-package.com\/rod-end-bearings\/#breadcrumb","itemListElement":[{"@type":"ListItem","position":1,"name":"Home","item":"https:\/\/fill-package.com\/"},{"@type":"ListItem","position":2,"name":"Rod End Bearings"}]},{"@type":"WebSite","@id":"https:\/\/fill-package.com\/#website","url":"https:\/\/fill-package.com\/","name":"\u0110i\u1ec1n &amp; \u0110\u00f3ng g\u00f3i","description":"","potentialAction":[{"@type":"SearchAction","target":{"@type":"EntryPoint","urlTemplate":"https:\/\/fill-package.com\/?s={search_term_string}"},"query-input":{"@type":"PropertyValueSpecification","valueRequired":true,"valueName":"search_term_string"}}],"inLanguage":"vi"}]}},"_links":{"self":[{"href":"https:\/\/fill-package.com\/vi\/wp-json\/wp\/v2\/pages\/10941","targetHints":{"allow":["GET"]}}],"collection":[{"href":"https:\/\/fill-package.com\/vi\/wp-json\/wp\/v2\/pages"}],"about":[{"href":"https:\/\/fill-package.com\/vi\/wp-json\/wp\/v2\/types\/page"}],"author":[{"embeddable":true,"href":"https:\/\/fill-package.com\/vi\/wp-json\/wp\/v2\/users\/1"}],"replies":[{"embeddable":true,"href":"https:\/\/fill-package.com\/vi\/wp-json\/wp\/v2\/comments?post=10941"}],"version-history":[{"count":18,"href":"https:\/\/fill-package.com\/vi\/wp-json\/wp\/v2\/pages\/10941\/revisions"}],"predecessor-version":[{"id":11586,"href":"https:\/\/fill-package.com\/vi\/wp-json\/wp\/v2\/pages\/10941\/revisions\/11586"}],"wp:attachment":[{"href":"https:\/\/fill-package.com\/vi\/wp-json\/wp\/v2\/media?parent=10941"}],"curies":[{"name":"wp","href":"https:\/\/api.w.org\/{rel}","templated":true}]}}