{"id":10921,"date":"2025-11-13T10:07:17","date_gmt":"2025-11-13T10:07:17","guid":{"rendered":"https:\/\/fill-package.com\/?page_id=10921"},"modified":"2025-12-12T03:21:52","modified_gmt":"2025-12-12T03:21:52","slug":"num-bi","status":"publish","type":"page","link":"https:\/\/fill-package.com\/vi\/ball-knobs","title":{"rendered":"N\u00fam bi"},"content":{"rendered":"","protected":false},"excerpt":{"rendered":"","protected":false},"author":1,"featured_media":0,"parent":0,"menu_order":0,"comment_status":"closed","ping_status":"closed","template":"product-category3.php","meta":{"site-sidebar-layout":"default","site-content-layout":"page-builder","ast-site-content-layout":"full-width-container","site-content-style":"unboxed","site-sidebar-style":"unboxed","ast-global-header-display":"","ast-banner-title-visibility":"","ast-main-header-display":"","ast-hfb-above-header-display":"","ast-hfb-below-header-display":"","ast-hfb-mobile-header-display":"","site-post-title":"","ast-breadcrumbs-content":"disabled","ast-featured-img":"","footer-sml-layout":"","ast-disable-related-posts":"","theme-transparent-header-meta":"default","adv-header-id-meta":"","stick-header-meta":"default","header-above-stick-meta":"","header-main-stick-meta":"","header-below-stick-meta":"","astra-migrate-meta-layouts":"set","ast-page-background-enabled":"default","ast-page-background-meta":{"desktop":{"background-color":"","background-image":"","background-repeat":"repeat","background-position":"center center","background-size":"auto","background-attachment":"scroll","background-type":"","background-media":"","overlay-type":"","overlay-color":"","overlay-opacity":"","overlay-gradient":""},"tablet":{"background-color":"","background-image":"","background-repeat":"repeat","background-position":"center center","background-size":"auto","background-attachment":"scroll","background-type":"","background-media":"","overlay-type":"","overlay-color":"","overlay-opacity":"","overlay-gradient":""},"mobile":{"background-color":"","background-image":"","background-repeat":"repeat","background-position":"center center","background-size":"auto","background-attachment":"scroll","background-type":"","background-media":"","overlay-type":"","overlay-color":"","overlay-opacity":"","overlay-gradient":""}},"ast-content-background-meta":{"desktop":{"background-color":"var(--ast-global-color-5)","background-image":"","background-repeat":"repeat","background-position":"center center","background-size":"auto","background-attachment":"scroll","background-type":"","background-media":"","overlay-type":"","overlay-color":"","overlay-opacity":"","overlay-gradient":""},"tablet":{"background-color":"var(--ast-global-color-5)","background-image":"","background-repeat":"repeat","background-position":"center center","background-size":"auto","background-attachment":"scroll","background-type":"","background-media":"","overlay-type":"","overlay-color":"","overlay-opacity":"","overlay-gradient":""},"mobile":{"background-color":"var(--ast-global-color-5)","background-image":"","background-repeat":"repeat","background-position":"center center","background-size":"auto","background-attachment":"scroll","background-type":"","background-media":"","overlay-type":"","overlay-color":"","overlay-opacity":"","overlay-gradient":""}},"footnotes":""},"class_list":["post-10921","page","type-page","status-publish","hentry"],"acf":[],"yoast_head":"<!-- This site is optimized with the Yoast SEO plugin v27.3 - https:\/\/yoast.com\/product\/yoast-seo-wordpress\/ -->\n<title>Industrial Ball knobs &amp; Ball Head knobs | Custom &amp; Standard Sizes<\/title>\n<meta name=\"description\" content=\"Manufacturer of high-quality industrial ball knobs. We offer over 100 standard sizes (M4-M12) and full customization on ball head knobs, screw head knobs, and threaded knobs. Ideal for machinery levers, jigs, and fixtures. Get a quote!\" \/>\n<meta name=\"robots\" content=\"index, follow, max-snippet:-1, max-image-preview:large, max-video-preview:-1\" \/>\n<link rel=\"canonical\" href=\"https:\/\/fill-package.com\/vi\/num-bi\/\" \/>\n<meta property=\"og:locale\" content=\"vi_VN\" \/>\n<meta property=\"og:type\" content=\"article\" \/>\n<meta property=\"og:title\" content=\"Industrial Ball knobs &amp; Ball Head knobs | Custom &amp; Standard Sizes\" \/>\n<meta property=\"og:description\" content=\"Manufacturer of high-quality industrial ball knobs. We offer over 100 standard sizes (M4-M12) and full customization on ball head knobs, screw head knobs, and threaded knobs. Ideal for machinery levers, jigs, and fixtures. Get a quote!\" \/>\n<meta property=\"og:url\" content=\"https:\/\/fill-package.com\/vi\/num-bi\/\" \/>\n<meta property=\"og:site_name\" content=\"Fill&amp;Package\" \/>\n<meta property=\"article:modified_time\" content=\"2025-12-12T03:21:52+00:00\" \/>\n<meta name=\"twitter:card\" content=\"summary_large_image\" \/>\n<script type=\"application\/ld+json\" class=\"yoast-schema-graph\">{\"@context\":\"https:\\\/\\\/schema.org\",\"@graph\":[{\"@type\":\"WebPage\",\"@id\":\"https:\\\/\\\/fill-package.com\\\/ball-knobs\\\/\",\"url\":\"https:\\\/\\\/fill-package.com\\\/ball-knobs\\\/\",\"name\":\"Industrial Ball knobs & Ball Head knobs | Custom & Standard Sizes\",\"isPartOf\":{\"@id\":\"https:\\\/\\\/fill-package.com\\\/#website\"},\"datePublished\":\"2025-11-13T10:07:17+00:00\",\"dateModified\":\"2025-12-12T03:21:52+00:00\",\"description\":\"Manufacturer of high-quality industrial ball knobs. We offer over 100 standard sizes (M4-M12) and full customization on ball head knobs, screw head knobs, and threaded knobs. Ideal for machinery levers, jigs, and fixtures. Get a quote!\",\"breadcrumb\":{\"@id\":\"https:\\\/\\\/fill-package.com\\\/ball-knobs\\\/#breadcrumb\"},\"inLanguage\":\"vi\",\"potentialAction\":[{\"@type\":\"ReadAction\",\"target\":[\"https:\\\/\\\/fill-package.com\\\/ball-knobs\\\/\"]}]},{\"@type\":\"BreadcrumbList\",\"@id\":\"https:\\\/\\\/fill-package.com\\\/ball-knobs\\\/#breadcrumb\",\"itemListElement\":[{\"@type\":\"ListItem\",\"position\":1,\"name\":\"Home\",\"item\":\"https:\\\/\\\/fill-package.com\\\/\"},{\"@type\":\"ListItem\",\"position\":2,\"name\":\"Ball Knobs\"}]},{\"@type\":\"WebSite\",\"@id\":\"https:\\\/\\\/fill-package.com\\\/#website\",\"url\":\"https:\\\/\\\/fill-package.com\\\/\",\"name\":\"Fill&amp;Package\",\"description\":\"\",\"potentialAction\":[{\"@type\":\"SearchAction\",\"target\":{\"@type\":\"EntryPoint\",\"urlTemplate\":\"https:\\\/\\\/fill-package.com\\\/?s={search_term_string}\"},\"query-input\":{\"@type\":\"PropertyValueSpecification\",\"valueRequired\":true,\"valueName\":\"search_term_string\"}}],\"inLanguage\":\"vi\"}]}<\/script>\n<!-- \/ Yoast SEO plugin. -->","yoast_head_json":{"title":"N\u00fam bi c\u00f4ng nghi\u1ec7p &amp; N\u00fam \u0111\u1ea7u bi | K\u00edch th\u01b0\u1edbc t\u00f9y ch\u1ec9nh &amp; ti\u00eau chu\u1ea9n","description":"Nh\u00e0 s\u1ea3n xu\u1ea5t n\u00fam bi c\u00f4ng nghi\u1ec7p ch\u1ea5t l\u01b0\u1ee3ng cao. Ch\u00fang t\u00f4i cung c\u1ea5p h\u01a1n 100 k\u00edch c\u1ee1 ti\u00eau chu\u1ea9n (M4-M12) v\u00e0 t\u00f9y ch\u1ec9nh ho\u00e0n to\u00e0n n\u00fam bi, n\u00fam \u0111\u1ea7u v\u00edt v\u00e0 n\u00fam ren. L\u00fd t\u01b0\u1edfng cho c\u1ea7n g\u1ea1t m\u00e1y m\u00f3c, \u0111\u1ed3 g\u00e1 v\u00e0 \u0111\u1ed3 g\u00e1. Nh\u1eadn b\u00e1o gi\u00e1!","robots":{"index":"index","follow":"follow","max-snippet":"max-snippet:-1","max-image-preview":"max-image-preview:large","max-video-preview":"max-video-preview:-1"},"canonical":"https:\/\/fill-package.com\/vi\/num-bi\/","og_locale":"vi_VN","og_type":"article","og_title":"Industrial Ball knobs & Ball Head knobs | Custom & Standard Sizes","og_description":"Manufacturer of high-quality industrial ball knobs. We offer over 100 standard sizes (M4-M12) and full customization on ball head knobs, screw head knobs, and threaded knobs. Ideal for machinery levers, jigs, and fixtures. Get a quote!","og_url":"https:\/\/fill-package.com\/vi\/num-bi\/","og_site_name":"Fill&amp;Package","article_modified_time":"2025-12-12T03:21:52+00:00","twitter_card":"summary_large_image","schema":{"@context":"https:\/\/schema.org","@graph":[{"@type":"WebPage","@id":"https:\/\/fill-package.com\/ball-knobs\/","url":"https:\/\/fill-package.com\/ball-knobs\/","name":"N\u00fam bi c\u00f4ng nghi\u1ec7p &amp; N\u00fam \u0111\u1ea7u bi | K\u00edch th\u01b0\u1edbc t\u00f9y ch\u1ec9nh &amp; ti\u00eau chu\u1ea9n","isPartOf":{"@id":"https:\/\/fill-package.com\/#website"},"datePublished":"2025-11-13T10:07:17+00:00","dateModified":"2025-12-12T03:21:52+00:00","description":"Nh\u00e0 s\u1ea3n xu\u1ea5t n\u00fam bi c\u00f4ng nghi\u1ec7p ch\u1ea5t l\u01b0\u1ee3ng cao. Ch\u00fang t\u00f4i cung c\u1ea5p h\u01a1n 100 k\u00edch c\u1ee1 ti\u00eau chu\u1ea9n (M4-M12) v\u00e0 t\u00f9y ch\u1ec9nh ho\u00e0n to\u00e0n n\u00fam bi, n\u00fam \u0111\u1ea7u v\u00edt v\u00e0 n\u00fam ren. L\u00fd t\u01b0\u1edfng cho c\u1ea7n g\u1ea1t m\u00e1y m\u00f3c, \u0111\u1ed3 g\u00e1 v\u00e0 \u0111\u1ed3 g\u00e1. Nh\u1eadn b\u00e1o gi\u00e1!","breadcrumb":{"@id":"https:\/\/fill-package.com\/ball-knobs\/#breadcrumb"},"inLanguage":"vi","potentialAction":[{"@type":"ReadAction","target":["https:\/\/fill-package.com\/ball-knobs\/"]}]},{"@type":"BreadcrumbList","@id":"https:\/\/fill-package.com\/ball-knobs\/#breadcrumb","itemListElement":[{"@type":"ListItem","position":1,"name":"Home","item":"https:\/\/fill-package.com\/"},{"@type":"ListItem","position":2,"name":"Ball Knobs"}]},{"@type":"WebSite","@id":"https:\/\/fill-package.com\/#website","url":"https:\/\/fill-package.com\/","name":"\u0110i\u1ec1n &amp; \u0110\u00f3ng g\u00f3i","description":"","potentialAction":[{"@type":"SearchAction","target":{"@type":"EntryPoint","urlTemplate":"https:\/\/fill-package.com\/?s={search_term_string}"},"query-input":{"@type":"PropertyValueSpecification","valueRequired":true,"valueName":"search_term_string"}}],"inLanguage":"vi"}]}},"_links":{"self":[{"href":"https:\/\/fill-package.com\/vi\/wp-json\/wp\/v2\/pages\/10921","targetHints":{"allow":["GET"]}}],"collection":[{"href":"https:\/\/fill-package.com\/vi\/wp-json\/wp\/v2\/pages"}],"about":[{"href":"https:\/\/fill-package.com\/vi\/wp-json\/wp\/v2\/types\/page"}],"author":[{"embeddable":true,"href":"https:\/\/fill-package.com\/vi\/wp-json\/wp\/v2\/users\/1"}],"replies":[{"embeddable":true,"href":"https:\/\/fill-package.com\/vi\/wp-json\/wp\/v2\/comments?post=10921"}],"version-history":[{"count":11,"href":"https:\/\/fill-package.com\/vi\/wp-json\/wp\/v2\/pages\/10921\/revisions"}],"predecessor-version":[{"id":11584,"href":"https:\/\/fill-package.com\/vi\/wp-json\/wp\/v2\/pages\/10921\/revisions\/11584"}],"wp:attachment":[{"href":"https:\/\/fill-package.com\/vi\/wp-json\/wp\/v2\/media?parent=10921"}],"curies":[{"name":"wp","href":"https:\/\/api.w.org\/{rel}","templated":true}]}}