{"id":10852,"date":"2025-11-11T09:46:24","date_gmt":"2025-11-11T09:46:24","guid":{"rendered":"https:\/\/fill-package.com\/?page_id=10852"},"modified":"2025-12-12T03:01:33","modified_gmt":"2025-12-12T03:01:33","slug":"ban-le-cong-nghiep","status":"publish","type":"page","link":"https:\/\/fill-package.com\/vi\/industrial-hinges","title":{"rendered":"B\u1ea3n l\u1ec1 c\u00f4ng nghi\u1ec7p"},"content":{"rendered":"","protected":false},"excerpt":{"rendered":"","protected":false},"author":1,"featured_media":0,"parent":0,"menu_order":0,"comment_status":"closed","ping_status":"closed","template":"product-category3.php","meta":{"site-sidebar-layout":"default","site-content-layout":"page-builder","ast-site-content-layout":"full-width-container","site-content-style":"unboxed","site-sidebar-style":"unboxed","ast-global-header-display":"","ast-banner-title-visibility":"","ast-main-header-display":"","ast-hfb-above-header-display":"","ast-hfb-below-header-display":"","ast-hfb-mobile-header-display":"","site-post-title":"","ast-breadcrumbs-content":"disabled","ast-featured-img":"","footer-sml-layout":"","ast-disable-related-posts":"","theme-transparent-header-meta":"default","adv-header-id-meta":"","stick-header-meta":"default","header-above-stick-meta":"","header-main-stick-meta":"","header-below-stick-meta":"","astra-migrate-meta-layouts":"set","ast-page-background-enabled":"default","ast-page-background-meta":{"desktop":{"background-color":"","background-image":"","background-repeat":"repeat","background-position":"center center","background-size":"auto","background-attachment":"scroll","background-type":"","background-media":"","overlay-type":"","overlay-color":"","overlay-opacity":"","overlay-gradient":""},"tablet":{"background-color":"","background-image":"","background-repeat":"repeat","background-position":"center center","background-size":"auto","background-attachment":"scroll","background-type":"","background-media":"","overlay-type":"","overlay-color":"","overlay-opacity":"","overlay-gradient":""},"mobile":{"background-color":"","background-image":"","background-repeat":"repeat","background-position":"center center","background-size":"auto","background-attachment":"scroll","background-type":"","background-media":"","overlay-type":"","overlay-color":"","overlay-opacity":"","overlay-gradient":""}},"ast-content-background-meta":{"desktop":{"background-color":"var(--ast-global-color-5)","background-image":"","background-repeat":"repeat","background-position":"center center","background-size":"auto","background-attachment":"scroll","background-type":"","background-media":"","overlay-type":"","overlay-color":"","overlay-opacity":"","overlay-gradient":""},"tablet":{"background-color":"var(--ast-global-color-5)","background-image":"","background-repeat":"repeat","background-position":"center center","background-size":"auto","background-attachment":"scroll","background-type":"","background-media":"","overlay-type":"","overlay-color":"","overlay-opacity":"","overlay-gradient":""},"mobile":{"background-color":"var(--ast-global-color-5)","background-image":"","background-repeat":"repeat","background-position":"center center","background-size":"auto","background-attachment":"scroll","background-type":"","background-media":"","overlay-type":"","overlay-color":"","overlay-opacity":"","overlay-gradient":""}},"footnotes":""},"class_list":["post-10852","page","type-page","status-publish","hentry"],"acf":[],"yoast_head":"<!-- This site is optimized with the Yoast SEO plugin v27.3 - https:\/\/yoast.com\/product\/yoast-seo-wordpress\/ -->\n<title>Industrial Butt Hinges | Zinc, Plastic &amp; Stainless Steel Hinges for Heavy-Duty Applications<\/title>\n<meta name=\"description\" content=\"Explore our complete guide to industrial butt hinges. Learn how to choose between plastic, zinc alloy, and stainless steel hinges based on your equipment needs. Free technical support available.\" \/>\n<meta name=\"robots\" content=\"index, follow, max-snippet:-1, max-image-preview:large, max-video-preview:-1\" \/>\n<link rel=\"canonical\" href=\"https:\/\/fill-package.com\/vi\/ban-le-cong-nghiep\/\" \/>\n<meta property=\"og:locale\" content=\"vi_VN\" \/>\n<meta property=\"og:type\" content=\"article\" \/>\n<meta property=\"og:title\" content=\"Industrial Butt Hinges | Zinc, Plastic &amp; Stainless Steel Hinges for Heavy-Duty Applications\" \/>\n<meta property=\"og:description\" content=\"Explore our complete guide to industrial butt hinges. Learn how to choose between plastic, zinc alloy, and stainless steel hinges based on your equipment needs. Free technical support available.\" \/>\n<meta property=\"og:url\" content=\"https:\/\/fill-package.com\/vi\/ban-le-cong-nghiep\/\" \/>\n<meta property=\"og:site_name\" content=\"Fill&amp;Package\" \/>\n<meta property=\"article:modified_time\" content=\"2025-12-12T03:01:33+00:00\" \/>\n<meta name=\"twitter:card\" content=\"summary_large_image\" \/>\n<script type=\"application\/ld+json\" class=\"yoast-schema-graph\">{\"@context\":\"https:\\\/\\\/schema.org\",\"@graph\":[{\"@type\":\"WebPage\",\"@id\":\"https:\\\/\\\/fill-package.com\\\/industrial-hinges\\\/\",\"url\":\"https:\\\/\\\/fill-package.com\\\/industrial-hinges\\\/\",\"name\":\"Industrial Butt Hinges | Zinc, Plastic & Stainless Steel Hinges for Heavy-Duty Applications\",\"isPartOf\":{\"@id\":\"https:\\\/\\\/fill-package.com\\\/#website\"},\"datePublished\":\"2025-11-11T09:46:24+00:00\",\"dateModified\":\"2025-12-12T03:01:33+00:00\",\"description\":\"Explore our complete guide to industrial butt hinges. Learn how to choose between plastic, zinc alloy, and stainless steel hinges based on your equipment needs. Free technical support available.\",\"breadcrumb\":{\"@id\":\"https:\\\/\\\/fill-package.com\\\/industrial-hinges\\\/#breadcrumb\"},\"inLanguage\":\"vi\",\"potentialAction\":[{\"@type\":\"ReadAction\",\"target\":[\"https:\\\/\\\/fill-package.com\\\/industrial-hinges\\\/\"]}]},{\"@type\":\"BreadcrumbList\",\"@id\":\"https:\\\/\\\/fill-package.com\\\/industrial-hinges\\\/#breadcrumb\",\"itemListElement\":[{\"@type\":\"ListItem\",\"position\":1,\"name\":\"Home\",\"item\":\"https:\\\/\\\/fill-package.com\\\/\"},{\"@type\":\"ListItem\",\"position\":2,\"name\":\"Industrial Hinges\"}]},{\"@type\":\"WebSite\",\"@id\":\"https:\\\/\\\/fill-package.com\\\/#website\",\"url\":\"https:\\\/\\\/fill-package.com\\\/\",\"name\":\"Fill&amp;Package\",\"description\":\"\",\"potentialAction\":[{\"@type\":\"SearchAction\",\"target\":{\"@type\":\"EntryPoint\",\"urlTemplate\":\"https:\\\/\\\/fill-package.com\\\/?s={search_term_string}\"},\"query-input\":{\"@type\":\"PropertyValueSpecification\",\"valueRequired\":true,\"valueName\":\"search_term_string\"}}],\"inLanguage\":\"vi\"}]}<\/script>\n<!-- \/ Yoast SEO plugin. -->","yoast_head_json":{"title":"B\u1ea3n l\u1ec1 c\u00f4ng nghi\u1ec7p | B\u1ea3n l\u1ec1 k\u1ebdm, nh\u1ef1a v\u00e0 th\u00e9p kh\u00f4ng g\u1ec9 cho c\u00e1c \u1ee9ng d\u1ee5ng h\u1ea1ng n\u1eb7ng","description":"Kh\u00e1m ph\u00e1 h\u01b0\u1edbng d\u1eabn \u0111\u1ea7y \u0111\u1ee7 c\u1ee7a ch\u00fang t\u00f4i v\u1ec1 b\u1ea3n l\u1ec1 c\u00f4ng nghi\u1ec7p. T\u00ecm hi\u1ec3u c\u00e1ch l\u1ef1a ch\u1ecdn gi\u1eefa b\u1ea3n l\u1ec1 nh\u1ef1a, h\u1ee3p kim k\u1ebdm v\u00e0 th\u00e9p kh\u00f4ng g\u1ec9 d\u1ef1a tr\u00ean nhu c\u1ea7u thi\u1ebft b\u1ecb c\u1ee7a b\u1ea1n. H\u1ed7 tr\u1ee3 k\u1ef9 thu\u1eadt mi\u1ec5n ph\u00ed.","robots":{"index":"index","follow":"follow","max-snippet":"max-snippet:-1","max-image-preview":"max-image-preview:large","max-video-preview":"max-video-preview:-1"},"canonical":"https:\/\/fill-package.com\/vi\/ban-le-cong-nghiep\/","og_locale":"vi_VN","og_type":"article","og_title":"Industrial Butt Hinges | Zinc, Plastic & Stainless Steel Hinges for Heavy-Duty Applications","og_description":"Explore our complete guide to industrial butt hinges. Learn how to choose between plastic, zinc alloy, and stainless steel hinges based on your equipment needs. Free technical support available.","og_url":"https:\/\/fill-package.com\/vi\/ban-le-cong-nghiep\/","og_site_name":"Fill&amp;Package","article_modified_time":"2025-12-12T03:01:33+00:00","twitter_card":"summary_large_image","schema":{"@context":"https:\/\/schema.org","@graph":[{"@type":"WebPage","@id":"https:\/\/fill-package.com\/industrial-hinges\/","url":"https:\/\/fill-package.com\/industrial-hinges\/","name":"B\u1ea3n l\u1ec1 c\u00f4ng nghi\u1ec7p | B\u1ea3n l\u1ec1 k\u1ebdm, nh\u1ef1a v\u00e0 th\u00e9p kh\u00f4ng g\u1ec9 cho c\u00e1c \u1ee9ng d\u1ee5ng h\u1ea1ng n\u1eb7ng","isPartOf":{"@id":"https:\/\/fill-package.com\/#website"},"datePublished":"2025-11-11T09:46:24+00:00","dateModified":"2025-12-12T03:01:33+00:00","description":"Kh\u00e1m ph\u00e1 h\u01b0\u1edbng d\u1eabn \u0111\u1ea7y \u0111\u1ee7 c\u1ee7a ch\u00fang t\u00f4i v\u1ec1 b\u1ea3n l\u1ec1 c\u00f4ng nghi\u1ec7p. T\u00ecm hi\u1ec3u c\u00e1ch l\u1ef1a ch\u1ecdn gi\u1eefa b\u1ea3n l\u1ec1 nh\u1ef1a, h\u1ee3p kim k\u1ebdm v\u00e0 th\u00e9p kh\u00f4ng g\u1ec9 d\u1ef1a tr\u00ean nhu c\u1ea7u thi\u1ebft b\u1ecb c\u1ee7a b\u1ea1n. H\u1ed7 tr\u1ee3 k\u1ef9 thu\u1eadt mi\u1ec5n ph\u00ed.","breadcrumb":{"@id":"https:\/\/fill-package.com\/industrial-hinges\/#breadcrumb"},"inLanguage":"vi","potentialAction":[{"@type":"ReadAction","target":["https:\/\/fill-package.com\/industrial-hinges\/"]}]},{"@type":"BreadcrumbList","@id":"https:\/\/fill-package.com\/industrial-hinges\/#breadcrumb","itemListElement":[{"@type":"ListItem","position":1,"name":"Home","item":"https:\/\/fill-package.com\/"},{"@type":"ListItem","position":2,"name":"Industrial Hinges"}]},{"@type":"WebSite","@id":"https:\/\/fill-package.com\/#website","url":"https:\/\/fill-package.com\/","name":"\u0110i\u1ec1n &amp; \u0110\u00f3ng g\u00f3i","description":"","potentialAction":[{"@type":"SearchAction","target":{"@type":"EntryPoint","urlTemplate":"https:\/\/fill-package.com\/?s={search_term_string}"},"query-input":{"@type":"PropertyValueSpecification","valueRequired":true,"valueName":"search_term_string"}}],"inLanguage":"vi"}]}},"_links":{"self":[{"href":"https:\/\/fill-package.com\/vi\/wp-json\/wp\/v2\/pages\/10852","targetHints":{"allow":["GET"]}}],"collection":[{"href":"https:\/\/fill-package.com\/vi\/wp-json\/wp\/v2\/pages"}],"about":[{"href":"https:\/\/fill-package.com\/vi\/wp-json\/wp\/v2\/types\/page"}],"author":[{"embeddable":true,"href":"https:\/\/fill-package.com\/vi\/wp-json\/wp\/v2\/users\/1"}],"replies":[{"embeddable":true,"href":"https:\/\/fill-package.com\/vi\/wp-json\/wp\/v2\/comments?post=10852"}],"version-history":[{"count":19,"href":"https:\/\/fill-package.com\/vi\/wp-json\/wp\/v2\/pages\/10852\/revisions"}],"predecessor-version":[{"id":11581,"href":"https:\/\/fill-package.com\/vi\/wp-json\/wp\/v2\/pages\/10852\/revisions\/11581"}],"wp:attachment":[{"href":"https:\/\/fill-package.com\/vi\/wp-json\/wp\/v2\/media?parent=10852"}],"curies":[{"name":"wp","href":"https:\/\/api.w.org\/{rel}","templated":true}]}}