{"id":10799,"date":"2025-11-10T07:10:09","date_gmt":"2025-11-10T07:10:09","guid":{"rendered":"https:\/\/fill-package.com\/?page_id=10799"},"modified":"2025-12-12T02:56:52","modified_gmt":"2025-12-12T02:56:52","slug":"tay-cam-may","status":"publish","type":"page","link":"https:\/\/fill-package.com\/vi\/machine-handles","title":{"rendered":"Tay c\u1ea7m m\u00e1y"},"content":{"rendered":"","protected":false},"excerpt":{"rendered":"","protected":false},"author":1,"featured_media":0,"parent":0,"menu_order":0,"comment_status":"closed","ping_status":"closed","template":"product-category3.php","meta":{"site-sidebar-layout":"default","site-content-layout":"page-builder","ast-site-content-layout":"full-width-container","site-content-style":"unboxed","site-sidebar-style":"unboxed","ast-global-header-display":"","ast-banner-title-visibility":"","ast-main-header-display":"","ast-hfb-above-header-display":"","ast-hfb-below-header-display":"","ast-hfb-mobile-header-display":"","site-post-title":"","ast-breadcrumbs-content":"disabled","ast-featured-img":"","footer-sml-layout":"","ast-disable-related-posts":"","theme-transparent-header-meta":"default","adv-header-id-meta":"","stick-header-meta":"default","header-above-stick-meta":"","header-main-stick-meta":"","header-below-stick-meta":"","astra-migrate-meta-layouts":"set","ast-page-background-enabled":"default","ast-page-background-meta":{"desktop":{"background-color":"","background-image":"","background-repeat":"repeat","background-position":"center center","background-size":"auto","background-attachment":"scroll","background-type":"","background-media":"","overlay-type":"","overlay-color":"","overlay-opacity":"","overlay-gradient":""},"tablet":{"background-color":"","background-image":"","background-repeat":"repeat","background-position":"center center","background-size":"auto","background-attachment":"scroll","background-type":"","background-media":"","overlay-type":"","overlay-color":"","overlay-opacity":"","overlay-gradient":""},"mobile":{"background-color":"","background-image":"","background-repeat":"repeat","background-position":"center center","background-size":"auto","background-attachment":"scroll","background-type":"","background-media":"","overlay-type":"","overlay-color":"","overlay-opacity":"","overlay-gradient":""}},"ast-content-background-meta":{"desktop":{"background-color":"var(--ast-global-color-5)","background-image":"","background-repeat":"repeat","background-position":"center center","background-size":"auto","background-attachment":"scroll","background-type":"","background-media":"","overlay-type":"","overlay-color":"","overlay-opacity":"","overlay-gradient":""},"tablet":{"background-color":"var(--ast-global-color-5)","background-image":"","background-repeat":"repeat","background-position":"center center","background-size":"auto","background-attachment":"scroll","background-type":"","background-media":"","overlay-type":"","overlay-color":"","overlay-opacity":"","overlay-gradient":""},"mobile":{"background-color":"var(--ast-global-color-5)","background-image":"","background-repeat":"repeat","background-position":"center center","background-size":"auto","background-attachment":"scroll","background-type":"","background-media":"","overlay-type":"","overlay-color":"","overlay-opacity":"","overlay-gradient":""}},"footnotes":""},"class_list":["post-10799","page","type-page","status-publish","hentry"],"acf":[],"yoast_head":"<!-- This site is optimized with the Yoast SEO plugin v27.3 - https:\/\/yoast.com\/product\/yoast-seo-wordpress\/ -->\n<title>Durable Plastic &amp; Alloy Handles for Industrial Machines |FillPackage<\/title>\n<meta name=\"description\" content=\"Shop high-quality plastic handles, zinc alloy handles, and nylon handles for industrial equipment. Our durable, easy-to-install alloy door handles offer the perfect blend of performance and value. Find your ideal machine handle today!\" \/>\n<meta name=\"robots\" content=\"index, follow, max-snippet:-1, max-image-preview:large, max-video-preview:-1\" \/>\n<link rel=\"canonical\" href=\"https:\/\/fill-package.com\/vi\/tay-cam-may\/\" \/>\n<meta property=\"og:locale\" content=\"vi_VN\" \/>\n<meta property=\"og:type\" content=\"article\" \/>\n<meta property=\"og:title\" content=\"Durable Plastic &amp; Alloy Handles for Industrial Machines |FillPackage\" \/>\n<meta property=\"og:description\" content=\"Shop high-quality plastic handles, zinc alloy handles, and nylon handles for industrial equipment. Our durable, easy-to-install alloy door handles offer the perfect blend of performance and value. Find your ideal machine handle today!\" \/>\n<meta property=\"og:url\" content=\"https:\/\/fill-package.com\/vi\/tay-cam-may\/\" \/>\n<meta property=\"og:site_name\" content=\"Fill&amp;Package\" \/>\n<meta property=\"article:modified_time\" content=\"2025-12-12T02:56:52+00:00\" \/>\n<meta name=\"twitter:card\" content=\"summary_large_image\" \/>\n<script type=\"application\/ld+json\" class=\"yoast-schema-graph\">{\"@context\":\"https:\\\/\\\/schema.org\",\"@graph\":[{\"@type\":\"WebPage\",\"@id\":\"https:\\\/\\\/fill-package.com\\\/machine-handles\\\/\",\"url\":\"https:\\\/\\\/fill-package.com\\\/machine-handles\\\/\",\"name\":\"Durable Plastic & Alloy Handles for Industrial Machines |FillPackage\",\"isPartOf\":{\"@id\":\"https:\\\/\\\/fill-package.com\\\/#website\"},\"datePublished\":\"2025-11-10T07:10:09+00:00\",\"dateModified\":\"2025-12-12T02:56:52+00:00\",\"description\":\"Shop high-quality plastic handles, zinc alloy handles, and nylon handles for industrial equipment. Our durable, easy-to-install alloy door handles offer the perfect blend of performance and value. Find your ideal machine handle today!\",\"breadcrumb\":{\"@id\":\"https:\\\/\\\/fill-package.com\\\/machine-handles\\\/#breadcrumb\"},\"inLanguage\":\"vi\",\"potentialAction\":[{\"@type\":\"ReadAction\",\"target\":[\"https:\\\/\\\/fill-package.com\\\/machine-handles\\\/\"]}]},{\"@type\":\"BreadcrumbList\",\"@id\":\"https:\\\/\\\/fill-package.com\\\/machine-handles\\\/#breadcrumb\",\"itemListElement\":[{\"@type\":\"ListItem\",\"position\":1,\"name\":\"Home\",\"item\":\"https:\\\/\\\/fill-package.com\\\/\"},{\"@type\":\"ListItem\",\"position\":2,\"name\":\"Machine Handles\"}]},{\"@type\":\"WebSite\",\"@id\":\"https:\\\/\\\/fill-package.com\\\/#website\",\"url\":\"https:\\\/\\\/fill-package.com\\\/\",\"name\":\"Fill&amp;Package\",\"description\":\"\",\"potentialAction\":[{\"@type\":\"SearchAction\",\"target\":{\"@type\":\"EntryPoint\",\"urlTemplate\":\"https:\\\/\\\/fill-package.com\\\/?s={search_term_string}\"},\"query-input\":{\"@type\":\"PropertyValueSpecification\",\"valueRequired\":true,\"valueName\":\"search_term_string\"}}],\"inLanguage\":\"vi\"}]}<\/script>\n<!-- \/ Yoast SEO plugin. -->","yoast_head_json":{"title":"Tay c\u1ea7m b\u1eb1ng nh\u1ef1a v\u00e0 h\u1ee3p kim b\u1ec1n b\u1ec9 cho m\u00e1y c\u00f4ng nghi\u1ec7p |FillPackage","description":"Mua tay n\u1eafm nh\u1ef1a, tay n\u1eafm h\u1ee3p kim k\u1ebdm v\u00e0 tay n\u1eafm nylon ch\u1ea5t l\u01b0\u1ee3ng cao cho thi\u1ebft b\u1ecb c\u00f4ng nghi\u1ec7p. Tay n\u1eafm c\u1eeda h\u1ee3p kim b\u1ec1n b\u1ec9, d\u1ec5 l\u1eafp \u0111\u1eb7t c\u1ee7a ch\u00fang t\u00f4i mang \u0111\u1ebfn s\u1ef1 k\u1ebft h\u1ee3p ho\u00e0n h\u1ea3o gi\u1eefa hi\u1ec7u su\u1ea5t v\u00e0 gi\u00e1 tr\u1ecb. H\u00e3y t\u00ecm tay n\u1eafm m\u00e1y m\u00f3c l\u00fd t\u01b0\u1edfng c\u1ee7a b\u1ea1n ngay h\u00f4m nay!","robots":{"index":"index","follow":"follow","max-snippet":"max-snippet:-1","max-image-preview":"max-image-preview:large","max-video-preview":"max-video-preview:-1"},"canonical":"https:\/\/fill-package.com\/vi\/tay-cam-may\/","og_locale":"vi_VN","og_type":"article","og_title":"Durable Plastic & Alloy Handles for Industrial Machines |FillPackage","og_description":"Shop high-quality plastic handles, zinc alloy handles, and nylon handles for industrial equipment. Our durable, easy-to-install alloy door handles offer the perfect blend of performance and value. Find your ideal machine handle today!","og_url":"https:\/\/fill-package.com\/vi\/tay-cam-may\/","og_site_name":"Fill&amp;Package","article_modified_time":"2025-12-12T02:56:52+00:00","twitter_card":"summary_large_image","schema":{"@context":"https:\/\/schema.org","@graph":[{"@type":"WebPage","@id":"https:\/\/fill-package.com\/machine-handles\/","url":"https:\/\/fill-package.com\/machine-handles\/","name":"Tay c\u1ea7m b\u1eb1ng nh\u1ef1a v\u00e0 h\u1ee3p kim b\u1ec1n b\u1ec9 cho m\u00e1y c\u00f4ng nghi\u1ec7p |FillPackage","isPartOf":{"@id":"https:\/\/fill-package.com\/#website"},"datePublished":"2025-11-10T07:10:09+00:00","dateModified":"2025-12-12T02:56:52+00:00","description":"Mua tay n\u1eafm nh\u1ef1a, tay n\u1eafm h\u1ee3p kim k\u1ebdm v\u00e0 tay n\u1eafm nylon ch\u1ea5t l\u01b0\u1ee3ng cao cho thi\u1ebft b\u1ecb c\u00f4ng nghi\u1ec7p. Tay n\u1eafm c\u1eeda h\u1ee3p kim b\u1ec1n b\u1ec9, d\u1ec5 l\u1eafp \u0111\u1eb7t c\u1ee7a ch\u00fang t\u00f4i mang \u0111\u1ebfn s\u1ef1 k\u1ebft h\u1ee3p ho\u00e0n h\u1ea3o gi\u1eefa hi\u1ec7u su\u1ea5t v\u00e0 gi\u00e1 tr\u1ecb. H\u00e3y t\u00ecm tay n\u1eafm m\u00e1y m\u00f3c l\u00fd t\u01b0\u1edfng c\u1ee7a b\u1ea1n ngay h\u00f4m nay!","breadcrumb":{"@id":"https:\/\/fill-package.com\/machine-handles\/#breadcrumb"},"inLanguage":"vi","potentialAction":[{"@type":"ReadAction","target":["https:\/\/fill-package.com\/machine-handles\/"]}]},{"@type":"BreadcrumbList","@id":"https:\/\/fill-package.com\/machine-handles\/#breadcrumb","itemListElement":[{"@type":"ListItem","position":1,"name":"Home","item":"https:\/\/fill-package.com\/"},{"@type":"ListItem","position":2,"name":"Machine Handles"}]},{"@type":"WebSite","@id":"https:\/\/fill-package.com\/#website","url":"https:\/\/fill-package.com\/","name":"\u0110i\u1ec1n &amp; \u0110\u00f3ng g\u00f3i","description":"","potentialAction":[{"@type":"SearchAction","target":{"@type":"EntryPoint","urlTemplate":"https:\/\/fill-package.com\/?s={search_term_string}"},"query-input":{"@type":"PropertyValueSpecification","valueRequired":true,"valueName":"search_term_string"}}],"inLanguage":"vi"}]}},"_links":{"self":[{"href":"https:\/\/fill-package.com\/vi\/wp-json\/wp\/v2\/pages\/10799","targetHints":{"allow":["GET"]}}],"collection":[{"href":"https:\/\/fill-package.com\/vi\/wp-json\/wp\/v2\/pages"}],"about":[{"href":"https:\/\/fill-package.com\/vi\/wp-json\/wp\/v2\/types\/page"}],"author":[{"embeddable":true,"href":"https:\/\/fill-package.com\/vi\/wp-json\/wp\/v2\/users\/1"}],"replies":[{"embeddable":true,"href":"https:\/\/fill-package.com\/vi\/wp-json\/wp\/v2\/comments?post=10799"}],"version-history":[{"count":17,"href":"https:\/\/fill-package.com\/vi\/wp-json\/wp\/v2\/pages\/10799\/revisions"}],"predecessor-version":[{"id":11579,"href":"https:\/\/fill-package.com\/vi\/wp-json\/wp\/v2\/pages\/10799\/revisions\/11579"}],"wp:attachment":[{"href":"https:\/\/fill-package.com\/vi\/wp-json\/wp\/v2\/media?parent=10799"}],"curies":[{"name":"wp","href":"https:\/\/api.w.org\/{rel}","templated":true}]}}