{"id":10739,"date":"2025-11-08T08:33:23","date_gmt":"2025-11-08T08:33:23","guid":{"rendered":"https:\/\/fill-package.com\/?page_id=10739"},"modified":"2025-12-12T02:53:07","modified_gmt":"2025-12-12T02:53:07","slug":"xich-con-lan-bang-tai","status":"publish","type":"page","link":"https:\/\/fill-package.com\/vi\/conveyor-roller-chain","title":{"rendered":"X\u00edch con l\u0103n b\u0103ng t\u1ea3i"},"content":{"rendered":"","protected":false},"excerpt":{"rendered":"","protected":false},"author":1,"featured_media":0,"parent":0,"menu_order":0,"comment_status":"closed","ping_status":"closed","template":"product-category3.php","meta":{"site-sidebar-layout":"default","site-content-layout":"page-builder","ast-site-content-layout":"full-width-container","site-content-style":"unboxed","site-sidebar-style":"unboxed","ast-global-header-display":"","ast-banner-title-visibility":"","ast-main-header-display":"","ast-hfb-above-header-display":"","ast-hfb-below-header-display":"","ast-hfb-mobile-header-display":"","site-post-title":"","ast-breadcrumbs-content":"disabled","ast-featured-img":"","footer-sml-layout":"","ast-disable-related-posts":"","theme-transparent-header-meta":"default","adv-header-id-meta":"","stick-header-meta":"default","header-above-stick-meta":"","header-main-stick-meta":"","header-below-stick-meta":"","astra-migrate-meta-layouts":"set","ast-page-background-enabled":"default","ast-page-background-meta":{"desktop":{"background-color":"","background-image":"","background-repeat":"repeat","background-position":"center center","background-size":"auto","background-attachment":"scroll","background-type":"","background-media":"","overlay-type":"","overlay-color":"","overlay-opacity":"","overlay-gradient":""},"tablet":{"background-color":"","background-image":"","background-repeat":"repeat","background-position":"center center","background-size":"auto","background-attachment":"scroll","background-type":"","background-media":"","overlay-type":"","overlay-color":"","overlay-opacity":"","overlay-gradient":""},"mobile":{"background-color":"","background-image":"","background-repeat":"repeat","background-position":"center center","background-size":"auto","background-attachment":"scroll","background-type":"","background-media":"","overlay-type":"","overlay-color":"","overlay-opacity":"","overlay-gradient":""}},"ast-content-background-meta":{"desktop":{"background-color":"var(--ast-global-color-5)","background-image":"","background-repeat":"repeat","background-position":"center center","background-size":"auto","background-attachment":"scroll","background-type":"","background-media":"","overlay-type":"","overlay-color":"","overlay-opacity":"","overlay-gradient":""},"tablet":{"background-color":"var(--ast-global-color-5)","background-image":"","background-repeat":"repeat","background-position":"center center","background-size":"auto","background-attachment":"scroll","background-type":"","background-media":"","overlay-type":"","overlay-color":"","overlay-opacity":"","overlay-gradient":""},"mobile":{"background-color":"var(--ast-global-color-5)","background-image":"","background-repeat":"repeat","background-position":"center center","background-size":"auto","background-attachment":"scroll","background-type":"","background-media":"","overlay-type":"","overlay-color":"","overlay-opacity":"","overlay-gradient":""}},"footnotes":""},"class_list":["post-10739","page","type-page","status-publish","hentry"],"acf":[],"yoast_head":"<!-- This site is optimized with the Yoast SEO plugin v27.3 - https:\/\/yoast.com\/product\/yoast-seo-wordpress\/ -->\n<title>Stainless Steel Conveyor Chain for Bucket Elevators | High-Strength Roller Chain<\/title>\n<meta name=\"description\" content=\"Looking for a high-quality stainless steel roller chain for your Z-type bucket elevator system? Our ANSI-compliant double pitch conveyor roller chain is designed with oversized rollers, available in carbon steel and 304 stainless steel. Perfect fit for 1.8L and 4L buckets. Trusted manufacturer with 30+ years of experience. Fast shipping. Get your quote today!\" \/>\n<meta name=\"robots\" content=\"index, follow, max-snippet:-1, max-image-preview:large, max-video-preview:-1\" \/>\n<link rel=\"canonical\" href=\"https:\/\/fill-package.com\/vi\/xich-con-lan-bang-tai\/\" \/>\n<meta property=\"og:locale\" content=\"vi_VN\" \/>\n<meta property=\"og:type\" content=\"article\" \/>\n<meta property=\"og:title\" content=\"Stainless Steel Conveyor Chain for Bucket Elevators | High-Strength Roller Chain\" \/>\n<meta property=\"og:description\" content=\"Looking for a high-quality stainless steel roller chain for your Z-type bucket elevator system? Our ANSI-compliant double pitch conveyor roller chain is designed with oversized rollers, available in carbon steel and 304 stainless steel. Perfect fit for 1.8L and 4L buckets. Trusted manufacturer with 30+ years of experience. Fast shipping. Get your quote today!\" \/>\n<meta property=\"og:url\" content=\"https:\/\/fill-package.com\/vi\/xich-con-lan-bang-tai\/\" \/>\n<meta property=\"og:site_name\" content=\"Fill&amp;Package\" \/>\n<meta property=\"article:modified_time\" content=\"2025-12-12T02:53:07+00:00\" \/>\n<meta name=\"twitter:card\" content=\"summary_large_image\" \/>\n<script type=\"application\/ld+json\" class=\"yoast-schema-graph\">{\"@context\":\"https:\\\/\\\/schema.org\",\"@graph\":[{\"@type\":\"WebPage\",\"@id\":\"https:\\\/\\\/fill-package.com\\\/conveyor-roller-chain\\\/\",\"url\":\"https:\\\/\\\/fill-package.com\\\/conveyor-roller-chain\\\/\",\"name\":\"Stainless Steel Conveyor Chain for Bucket Elevators | High-Strength Roller Chain\",\"isPartOf\":{\"@id\":\"https:\\\/\\\/fill-package.com\\\/#website\"},\"datePublished\":\"2025-11-08T08:33:23+00:00\",\"dateModified\":\"2025-12-12T02:53:07+00:00\",\"description\":\"Looking for a high-quality stainless steel roller chain for your Z-type bucket elevator system? Our ANSI-compliant double pitch conveyor roller chain is designed with oversized rollers, available in carbon steel and 304 stainless steel. Perfect fit for 1.8L and 4L buckets. Trusted manufacturer with 30+ years of experience. Fast shipping. Get your quote today!\",\"breadcrumb\":{\"@id\":\"https:\\\/\\\/fill-package.com\\\/conveyor-roller-chain\\\/#breadcrumb\"},\"inLanguage\":\"vi\",\"potentialAction\":[{\"@type\":\"ReadAction\",\"target\":[\"https:\\\/\\\/fill-package.com\\\/conveyor-roller-chain\\\/\"]}]},{\"@type\":\"BreadcrumbList\",\"@id\":\"https:\\\/\\\/fill-package.com\\\/conveyor-roller-chain\\\/#breadcrumb\",\"itemListElement\":[{\"@type\":\"ListItem\",\"position\":1,\"name\":\"Home\",\"item\":\"https:\\\/\\\/fill-package.com\\\/\"},{\"@type\":\"ListItem\",\"position\":2,\"name\":\"Conveyor Roller Chain\"}]},{\"@type\":\"WebSite\",\"@id\":\"https:\\\/\\\/fill-package.com\\\/#website\",\"url\":\"https:\\\/\\\/fill-package.com\\\/\",\"name\":\"Fill&amp;Package\",\"description\":\"\",\"potentialAction\":[{\"@type\":\"SearchAction\",\"target\":{\"@type\":\"EntryPoint\",\"urlTemplate\":\"https:\\\/\\\/fill-package.com\\\/?s={search_term_string}\"},\"query-input\":{\"@type\":\"PropertyValueSpecification\",\"valueRequired\":true,\"valueName\":\"search_term_string\"}}],\"inLanguage\":\"vi\"}]}<\/script>\n<!-- \/ Yoast SEO plugin. -->","yoast_head_json":{"title":"X\u00edch b\u0103ng t\u1ea3i b\u1eb1ng th\u00e9p kh\u00f4ng g\u1ec9 cho thang m\u00e1y g\u1ea7u | X\u00edch con l\u0103n c\u01b0\u1eddng \u0111\u1ed9 cao","description":"B\u1ea1n \u0111ang t\u00ecm ki\u1ebfm x\u00edch con l\u0103n th\u00e9p kh\u00f4ng g\u1ec9 ch\u1ea5t l\u01b0\u1ee3ng cao cho h\u1ec7 th\u1ed1ng g\u1ea7u n\u00e2ng ki\u1ec3u Z? X\u00edch con l\u0103n b\u0103ng t\u1ea3i b\u01b0\u1edbc \u0111\u00f4i \u0111\u1ea1t chu\u1ea9n ANSI c\u1ee7a ch\u00fang t\u00f4i \u0111\u01b0\u1ee3c thi\u1ebft k\u1ebf v\u1edbi c\u00e1c con l\u0103n c\u1ee1 l\u1edbn, c\u00f3 s\u1eb5n b\u1eb1ng th\u00e9p carbon v\u00e0 th\u00e9p kh\u00f4ng g\u1ec9 304. Ho\u00e0n to\u00e0n ph\u00f9 h\u1ee3p v\u1edbi g\u1ea7u 1,8 l\u00edt v\u00e0 4 l\u00edt. Nh\u00e0 s\u1ea3n xu\u1ea5t uy t\u00edn v\u1edbi h\u01a1n 30 n\u0103m kinh nghi\u1ec7m. Giao h\u00e0ng nhanh ch\u00f3ng. Nh\u1eadn b\u00e1o gi\u00e1 ngay h\u00f4m nay!","robots":{"index":"index","follow":"follow","max-snippet":"max-snippet:-1","max-image-preview":"max-image-preview:large","max-video-preview":"max-video-preview:-1"},"canonical":"https:\/\/fill-package.com\/vi\/xich-con-lan-bang-tai\/","og_locale":"vi_VN","og_type":"article","og_title":"Stainless Steel Conveyor Chain for Bucket Elevators | High-Strength Roller Chain","og_description":"Looking for a high-quality stainless steel roller chain for your Z-type bucket elevator system? Our ANSI-compliant double pitch conveyor roller chain is designed with oversized rollers, available in carbon steel and 304 stainless steel. Perfect fit for 1.8L and 4L buckets. Trusted manufacturer with 30+ years of experience. Fast shipping. Get your quote today!","og_url":"https:\/\/fill-package.com\/vi\/xich-con-lan-bang-tai\/","og_site_name":"Fill&amp;Package","article_modified_time":"2025-12-12T02:53:07+00:00","twitter_card":"summary_large_image","schema":{"@context":"https:\/\/schema.org","@graph":[{"@type":"WebPage","@id":"https:\/\/fill-package.com\/conveyor-roller-chain\/","url":"https:\/\/fill-package.com\/conveyor-roller-chain\/","name":"X\u00edch b\u0103ng t\u1ea3i b\u1eb1ng th\u00e9p kh\u00f4ng g\u1ec9 cho thang m\u00e1y g\u1ea7u | X\u00edch con l\u0103n c\u01b0\u1eddng \u0111\u1ed9 cao","isPartOf":{"@id":"https:\/\/fill-package.com\/#website"},"datePublished":"2025-11-08T08:33:23+00:00","dateModified":"2025-12-12T02:53:07+00:00","description":"B\u1ea1n \u0111ang t\u00ecm ki\u1ebfm x\u00edch con l\u0103n th\u00e9p kh\u00f4ng g\u1ec9 ch\u1ea5t l\u01b0\u1ee3ng cao cho h\u1ec7 th\u1ed1ng g\u1ea7u n\u00e2ng ki\u1ec3u Z? X\u00edch con l\u0103n b\u0103ng t\u1ea3i b\u01b0\u1edbc \u0111\u00f4i \u0111\u1ea1t chu\u1ea9n ANSI c\u1ee7a ch\u00fang t\u00f4i \u0111\u01b0\u1ee3c thi\u1ebft k\u1ebf v\u1edbi c\u00e1c con l\u0103n c\u1ee1 l\u1edbn, c\u00f3 s\u1eb5n b\u1eb1ng th\u00e9p carbon v\u00e0 th\u00e9p kh\u00f4ng g\u1ec9 304. Ho\u00e0n to\u00e0n ph\u00f9 h\u1ee3p v\u1edbi g\u1ea7u 1,8 l\u00edt v\u00e0 4 l\u00edt. Nh\u00e0 s\u1ea3n xu\u1ea5t uy t\u00edn v\u1edbi h\u01a1n 30 n\u0103m kinh nghi\u1ec7m. Giao h\u00e0ng nhanh ch\u00f3ng. Nh\u1eadn b\u00e1o gi\u00e1 ngay h\u00f4m nay!","breadcrumb":{"@id":"https:\/\/fill-package.com\/conveyor-roller-chain\/#breadcrumb"},"inLanguage":"vi","potentialAction":[{"@type":"ReadAction","target":["https:\/\/fill-package.com\/conveyor-roller-chain\/"]}]},{"@type":"BreadcrumbList","@id":"https:\/\/fill-package.com\/conveyor-roller-chain\/#breadcrumb","itemListElement":[{"@type":"ListItem","position":1,"name":"Home","item":"https:\/\/fill-package.com\/"},{"@type":"ListItem","position":2,"name":"Conveyor Roller Chain"}]},{"@type":"WebSite","@id":"https:\/\/fill-package.com\/#website","url":"https:\/\/fill-package.com\/","name":"\u0110i\u1ec1n &amp; \u0110\u00f3ng g\u00f3i","description":"","potentialAction":[{"@type":"SearchAction","target":{"@type":"EntryPoint","urlTemplate":"https:\/\/fill-package.com\/?s={search_term_string}"},"query-input":{"@type":"PropertyValueSpecification","valueRequired":true,"valueName":"search_term_string"}}],"inLanguage":"vi"}]}},"_links":{"self":[{"href":"https:\/\/fill-package.com\/vi\/wp-json\/wp\/v2\/pages\/10739","targetHints":{"allow":["GET"]}}],"collection":[{"href":"https:\/\/fill-package.com\/vi\/wp-json\/wp\/v2\/pages"}],"about":[{"href":"https:\/\/fill-package.com\/vi\/wp-json\/wp\/v2\/types\/page"}],"author":[{"embeddable":true,"href":"https:\/\/fill-package.com\/vi\/wp-json\/wp\/v2\/users\/1"}],"replies":[{"embeddable":true,"href":"https:\/\/fill-package.com\/vi\/wp-json\/wp\/v2\/comments?post=10739"}],"version-history":[{"count":17,"href":"https:\/\/fill-package.com\/vi\/wp-json\/wp\/v2\/pages\/10739\/revisions"}],"predecessor-version":[{"id":11577,"href":"https:\/\/fill-package.com\/vi\/wp-json\/wp\/v2\/pages\/10739\/revisions\/11577"}],"wp:attachment":[{"href":"https:\/\/fill-package.com\/vi\/wp-json\/wp\/v2\/media?parent=10739"}],"curies":[{"name":"wp","href":"https:\/\/api.w.org\/{rel}","templated":true}]}}