{"id":10690,"date":"2025-11-07T04:00:53","date_gmt":"2025-11-07T04:00:53","guid":{"rendered":"https:\/\/fill-package.com\/?page_id=10690"},"modified":"2025-12-12T02:37:25","modified_gmt":"2025-12-12T02:37:25","slug":"con-lan-dan-huong-cong-truot","status":"publish","type":"page","link":"https:\/\/fill-package.com\/vi\/sliding-gate-guide-rollers","title":{"rendered":"Con l\u0103n d\u1eabn h\u01b0\u1edbng c\u1ed5ng tr\u01b0\u1ee3t"},"content":{"rendered":"","protected":false},"excerpt":{"rendered":"","protected":false},"author":1,"featured_media":0,"parent":0,"menu_order":0,"comment_status":"closed","ping_status":"closed","template":"product-category3.php","meta":{"site-sidebar-layout":"default","site-content-layout":"page-builder","ast-site-content-layout":"full-width-container","site-content-style":"unboxed","site-sidebar-style":"unboxed","ast-global-header-display":"","ast-banner-title-visibility":"","ast-main-header-display":"","ast-hfb-above-header-display":"","ast-hfb-below-header-display":"","ast-hfb-mobile-header-display":"","site-post-title":"","ast-breadcrumbs-content":"disabled","ast-featured-img":"","footer-sml-layout":"","ast-disable-related-posts":"","theme-transparent-header-meta":"default","adv-header-id-meta":"","stick-header-meta":"default","header-above-stick-meta":"","header-main-stick-meta":"","header-below-stick-meta":"","astra-migrate-meta-layouts":"set","ast-page-background-enabled":"default","ast-page-background-meta":{"desktop":{"background-color":"","background-image":"","background-repeat":"repeat","background-position":"center center","background-size":"auto","background-attachment":"scroll","background-type":"","background-media":"","overlay-type":"","overlay-color":"","overlay-opacity":"","overlay-gradient":""},"tablet":{"background-color":"","background-image":"","background-repeat":"repeat","background-position":"center center","background-size":"auto","background-attachment":"scroll","background-type":"","background-media":"","overlay-type":"","overlay-color":"","overlay-opacity":"","overlay-gradient":""},"mobile":{"background-color":"","background-image":"","background-repeat":"repeat","background-position":"center center","background-size":"auto","background-attachment":"scroll","background-type":"","background-media":"","overlay-type":"","overlay-color":"","overlay-opacity":"","overlay-gradient":""}},"ast-content-background-meta":{"desktop":{"background-color":"var(--ast-global-color-5)","background-image":"","background-repeat":"repeat","background-position":"center center","background-size":"auto","background-attachment":"scroll","background-type":"","background-media":"","overlay-type":"","overlay-color":"","overlay-opacity":"","overlay-gradient":""},"tablet":{"background-color":"var(--ast-global-color-5)","background-image":"","background-repeat":"repeat","background-position":"center center","background-size":"auto","background-attachment":"scroll","background-type":"","background-media":"","overlay-type":"","overlay-color":"","overlay-opacity":"","overlay-gradient":""},"mobile":{"background-color":"var(--ast-global-color-5)","background-image":"","background-repeat":"repeat","background-position":"center center","background-size":"auto","background-attachment":"scroll","background-type":"","background-media":"","overlay-type":"","overlay-color":"","overlay-opacity":"","overlay-gradient":""}},"footnotes":""},"class_list":["post-10690","page","type-page","status-publish","hentry"],"acf":[],"yoast_head":"<!-- This site is optimized with the Yoast SEO plugin v27.3 - https:\/\/yoast.com\/product\/yoast-seo-wordpress\/ -->\n<title>Sliding Gate Guide Rollers | Industrial Gate Guide Roller Manufacturer<\/title>\n<meta name=\"description\" content=\"Discover high-performance sliding gate guide rollers with precision bearings and M10 mounting. Perfect for conveyor gates, sliding doors, and industrial tracks.\" \/>\n<meta name=\"robots\" content=\"index, follow, max-snippet:-1, max-image-preview:large, max-video-preview:-1\" \/>\n<link rel=\"canonical\" href=\"https:\/\/fill-package.com\/vi\/con-lan-dan-huong-cong-truot\/\" \/>\n<meta property=\"og:locale\" content=\"vi_VN\" \/>\n<meta property=\"og:type\" content=\"article\" \/>\n<meta property=\"og:title\" content=\"Sliding Gate Guide Rollers | Industrial Gate Guide Roller Manufacturer\" \/>\n<meta property=\"og:description\" content=\"Discover high-performance sliding gate guide rollers with precision bearings and M10 mounting. Perfect for conveyor gates, sliding doors, and industrial tracks.\" \/>\n<meta property=\"og:url\" content=\"https:\/\/fill-package.com\/vi\/con-lan-dan-huong-cong-truot\/\" \/>\n<meta property=\"og:site_name\" content=\"Fill&amp;Package\" \/>\n<meta property=\"article:modified_time\" content=\"2025-12-12T02:37:25+00:00\" \/>\n<meta name=\"twitter:card\" content=\"summary_large_image\" \/>\n<script type=\"application\/ld+json\" class=\"yoast-schema-graph\">{\"@context\":\"https:\\\/\\\/schema.org\",\"@graph\":[{\"@type\":\"WebPage\",\"@id\":\"https:\\\/\\\/fill-package.com\\\/sliding-gate-guide-rollers\\\/\",\"url\":\"https:\\\/\\\/fill-package.com\\\/sliding-gate-guide-rollers\\\/\",\"name\":\"Sliding Gate Guide Rollers | Industrial Gate Guide Roller Manufacturer\",\"isPartOf\":{\"@id\":\"https:\\\/\\\/fill-package.com\\\/#website\"},\"datePublished\":\"2025-11-07T04:00:53+00:00\",\"dateModified\":\"2025-12-12T02:37:25+00:00\",\"description\":\"Discover high-performance sliding gate guide rollers with precision bearings and M10 mounting. Perfect for conveyor gates, sliding doors, and industrial tracks.\",\"breadcrumb\":{\"@id\":\"https:\\\/\\\/fill-package.com\\\/sliding-gate-guide-rollers\\\/#breadcrumb\"},\"inLanguage\":\"vi\",\"potentialAction\":[{\"@type\":\"ReadAction\",\"target\":[\"https:\\\/\\\/fill-package.com\\\/sliding-gate-guide-rollers\\\/\"]}]},{\"@type\":\"BreadcrumbList\",\"@id\":\"https:\\\/\\\/fill-package.com\\\/sliding-gate-guide-rollers\\\/#breadcrumb\",\"itemListElement\":[{\"@type\":\"ListItem\",\"position\":1,\"name\":\"Home\",\"item\":\"https:\\\/\\\/fill-package.com\\\/\"},{\"@type\":\"ListItem\",\"position\":2,\"name\":\"Sliding Gate Guide Rollers\"}]},{\"@type\":\"WebSite\",\"@id\":\"https:\\\/\\\/fill-package.com\\\/#website\",\"url\":\"https:\\\/\\\/fill-package.com\\\/\",\"name\":\"Fill&amp;Package\",\"description\":\"\",\"potentialAction\":[{\"@type\":\"SearchAction\",\"target\":{\"@type\":\"EntryPoint\",\"urlTemplate\":\"https:\\\/\\\/fill-package.com\\\/?s={search_term_string}\"},\"query-input\":{\"@type\":\"PropertyValueSpecification\",\"valueRequired\":true,\"valueName\":\"search_term_string\"}}],\"inLanguage\":\"vi\"}]}<\/script>\n<!-- \/ Yoast SEO plugin. -->","yoast_head_json":{"title":"Con l\u0103n d\u1eabn h\u01b0\u1edbng c\u1ed5ng tr\u01b0\u1ee3t | Nh\u00e0 s\u1ea3n xu\u1ea5t con l\u0103n d\u1eabn h\u01b0\u1edbng c\u1ed5ng c\u00f4ng nghi\u1ec7p","description":"Kh\u00e1m ph\u00e1 con l\u0103n d\u1eabn h\u01b0\u1edbng c\u1ed5ng tr\u01b0\u1ee3t hi\u1ec7u su\u1ea5t cao v\u1edbi v\u00f2ng bi ch\u00ednh x\u00e1c v\u00e0 gi\u00e1 \u0111\u1ee1 M10. Ho\u00e0n h\u1ea3o cho c\u1ed5ng b\u0103ng t\u1ea3i, c\u1eeda tr\u01b0\u1ee3t v\u00e0 \u0111\u01b0\u1eddng ray c\u00f4ng nghi\u1ec7p.","robots":{"index":"index","follow":"follow","max-snippet":"max-snippet:-1","max-image-preview":"max-image-preview:large","max-video-preview":"max-video-preview:-1"},"canonical":"https:\/\/fill-package.com\/vi\/con-lan-dan-huong-cong-truot\/","og_locale":"vi_VN","og_type":"article","og_title":"Sliding Gate Guide Rollers | Industrial Gate Guide Roller Manufacturer","og_description":"Discover high-performance sliding gate guide rollers with precision bearings and M10 mounting. Perfect for conveyor gates, sliding doors, and industrial tracks.","og_url":"https:\/\/fill-package.com\/vi\/con-lan-dan-huong-cong-truot\/","og_site_name":"Fill&amp;Package","article_modified_time":"2025-12-12T02:37:25+00:00","twitter_card":"summary_large_image","schema":{"@context":"https:\/\/schema.org","@graph":[{"@type":"WebPage","@id":"https:\/\/fill-package.com\/sliding-gate-guide-rollers\/","url":"https:\/\/fill-package.com\/sliding-gate-guide-rollers\/","name":"Con l\u0103n d\u1eabn h\u01b0\u1edbng c\u1ed5ng tr\u01b0\u1ee3t | Nh\u00e0 s\u1ea3n xu\u1ea5t con l\u0103n d\u1eabn h\u01b0\u1edbng c\u1ed5ng c\u00f4ng nghi\u1ec7p","isPartOf":{"@id":"https:\/\/fill-package.com\/#website"},"datePublished":"2025-11-07T04:00:53+00:00","dateModified":"2025-12-12T02:37:25+00:00","description":"Kh\u00e1m ph\u00e1 con l\u0103n d\u1eabn h\u01b0\u1edbng c\u1ed5ng tr\u01b0\u1ee3t hi\u1ec7u su\u1ea5t cao v\u1edbi v\u00f2ng bi ch\u00ednh x\u00e1c v\u00e0 gi\u00e1 \u0111\u1ee1 M10. Ho\u00e0n h\u1ea3o cho c\u1ed5ng b\u0103ng t\u1ea3i, c\u1eeda tr\u01b0\u1ee3t v\u00e0 \u0111\u01b0\u1eddng ray c\u00f4ng nghi\u1ec7p.","breadcrumb":{"@id":"https:\/\/fill-package.com\/sliding-gate-guide-rollers\/#breadcrumb"},"inLanguage":"vi","potentialAction":[{"@type":"ReadAction","target":["https:\/\/fill-package.com\/sliding-gate-guide-rollers\/"]}]},{"@type":"BreadcrumbList","@id":"https:\/\/fill-package.com\/sliding-gate-guide-rollers\/#breadcrumb","itemListElement":[{"@type":"ListItem","position":1,"name":"Home","item":"https:\/\/fill-package.com\/"},{"@type":"ListItem","position":2,"name":"Sliding Gate Guide Rollers"}]},{"@type":"WebSite","@id":"https:\/\/fill-package.com\/#website","url":"https:\/\/fill-package.com\/","name":"\u0110i\u1ec1n &amp; \u0110\u00f3ng g\u00f3i","description":"","potentialAction":[{"@type":"SearchAction","target":{"@type":"EntryPoint","urlTemplate":"https:\/\/fill-package.com\/?s={search_term_string}"},"query-input":{"@type":"PropertyValueSpecification","valueRequired":true,"valueName":"search_term_string"}}],"inLanguage":"vi"}]}},"_links":{"self":[{"href":"https:\/\/fill-package.com\/vi\/wp-json\/wp\/v2\/pages\/10690","targetHints":{"allow":["GET"]}}],"collection":[{"href":"https:\/\/fill-package.com\/vi\/wp-json\/wp\/v2\/pages"}],"about":[{"href":"https:\/\/fill-package.com\/vi\/wp-json\/wp\/v2\/types\/page"}],"author":[{"embeddable":true,"href":"https:\/\/fill-package.com\/vi\/wp-json\/wp\/v2\/users\/1"}],"replies":[{"embeddable":true,"href":"https:\/\/fill-package.com\/vi\/wp-json\/wp\/v2\/comments?post=10690"}],"version-history":[{"count":20,"href":"https:\/\/fill-package.com\/vi\/wp-json\/wp\/v2\/pages\/10690\/revisions"}],"predecessor-version":[{"id":11575,"href":"https:\/\/fill-package.com\/vi\/wp-json\/wp\/v2\/pages\/10690\/revisions\/11575"}],"wp:attachment":[{"href":"https:\/\/fill-package.com\/vi\/wp-json\/wp\/v2\/media?parent=10690"}],"curies":[{"name":"wp","href":"https:\/\/api.w.org\/{rel}","templated":true}]}}