{"id":10224,"date":"2025-09-21T10:01:15","date_gmt":"2025-09-21T10:01:15","guid":{"rendered":"https:\/\/fill-package.com\/?page_id=10224"},"modified":"2025-09-21T10:02:10","modified_gmt":"2025-09-21T10:02:10","slug":"may-dong-goi-can-sa","status":"publish","type":"page","link":"https:\/\/fill-package.com\/vi\/cannabis-packaging-machine","title":{"rendered":"M\u00e1y \u0111\u00f3ng g\u00f3i c\u1ea7n sa"},"content":{"rendered":"","protected":false},"excerpt":{"rendered":"","protected":false},"author":1,"featured_media":0,"parent":0,"menu_order":0,"comment_status":"closed","ping_status":"closed","template":"product-category3.php","meta":{"site-sidebar-layout":"default","site-content-layout":"page-builder","ast-site-content-layout":"full-width-container","site-content-style":"unboxed","site-sidebar-style":"unboxed","ast-global-header-display":"","ast-banner-title-visibility":"","ast-main-header-display":"","ast-hfb-above-header-display":"","ast-hfb-below-header-display":"","ast-hfb-mobile-header-display":"","site-post-title":"","ast-breadcrumbs-content":"disabled","ast-featured-img":"","footer-sml-layout":"","ast-disable-related-posts":"","theme-transparent-header-meta":"default","adv-header-id-meta":"","stick-header-meta":"default","header-above-stick-meta":"","header-main-stick-meta":"","header-below-stick-meta":"","astra-migrate-meta-layouts":"set","ast-page-background-enabled":"default","ast-page-background-meta":{"desktop":{"background-color":"","background-image":"","background-repeat":"repeat","background-position":"center center","background-size":"auto","background-attachment":"scroll","background-type":"","background-media":"","overlay-type":"","overlay-color":"","overlay-opacity":"","overlay-gradient":""},"tablet":{"background-color":"","background-image":"","background-repeat":"repeat","background-position":"center center","background-size":"auto","background-attachment":"scroll","background-type":"","background-media":"","overlay-type":"","overlay-color":"","overlay-opacity":"","overlay-gradient":""},"mobile":{"background-color":"","background-image":"","background-repeat":"repeat","background-position":"center center","background-size":"auto","background-attachment":"scroll","background-type":"","background-media":"","overlay-type":"","overlay-color":"","overlay-opacity":"","overlay-gradient":""}},"ast-content-background-meta":{"desktop":{"background-color":"var(--ast-global-color-5)","background-image":"","background-repeat":"repeat","background-position":"center center","background-size":"auto","background-attachment":"scroll","background-type":"","background-media":"","overlay-type":"","overlay-color":"","overlay-opacity":"","overlay-gradient":""},"tablet":{"background-color":"var(--ast-global-color-5)","background-image":"","background-repeat":"repeat","background-position":"center center","background-size":"auto","background-attachment":"scroll","background-type":"","background-media":"","overlay-type":"","overlay-color":"","overlay-opacity":"","overlay-gradient":""},"mobile":{"background-color":"var(--ast-global-color-5)","background-image":"","background-repeat":"repeat","background-position":"center center","background-size":"auto","background-attachment":"scroll","background-type":"","background-media":"","overlay-type":"","overlay-color":"","overlay-opacity":"","overlay-gradient":""}},"footnotes":""},"class_list":["post-10224","page","type-page","status-publish","hentry"],"acf":[],"yoast_head":"<!-- This site is optimized with the Yoast SEO plugin v27.3 - https:\/\/yoast.com\/product\/yoast-seo-wordpress\/ -->\n<title>Cannabis Packaging Machine | High Precision \u00b10.03g Multihead Weigher<\/title>\n<meta name=\"description\" content=\"Fill-Package\u2019s cannabis packaging machine with \u00b10.03g accuracy. Gentle handling, waste reduction, and compliance-ready. Perfect for cannabis buds, gummies, tea, seeds &amp; herbs.\" \/>\n<meta name=\"robots\" content=\"index, follow, max-snippet:-1, max-image-preview:large, max-video-preview:-1\" \/>\n<link rel=\"canonical\" href=\"https:\/\/fill-package.com\/vi\/may-dong-goi-can-sa\/\" \/>\n<meta property=\"og:locale\" content=\"vi_VN\" \/>\n<meta property=\"og:type\" content=\"article\" \/>\n<meta property=\"og:title\" content=\"Cannabis Packaging Machine | High Precision \u00b10.03g Multihead Weigher\" \/>\n<meta property=\"og:description\" content=\"Fill-Package\u2019s cannabis packaging machine with \u00b10.03g accuracy. Gentle handling, waste reduction, and compliance-ready. Perfect for cannabis buds, gummies, tea, seeds &amp; herbs.\" \/>\n<meta property=\"og:url\" content=\"https:\/\/fill-package.com\/vi\/may-dong-goi-can-sa\/\" \/>\n<meta property=\"og:site_name\" content=\"Fill&amp;Package\" \/>\n<meta property=\"article:modified_time\" content=\"2025-09-21T10:02:10+00:00\" \/>\n<meta name=\"twitter:card\" content=\"summary_large_image\" \/>\n<script type=\"application\/ld+json\" class=\"yoast-schema-graph\">{\"@context\":\"https:\\\/\\\/schema.org\",\"@graph\":[{\"@type\":\"WebPage\",\"@id\":\"https:\\\/\\\/fill-package.com\\\/cannabis-packaging-machine\\\/\",\"url\":\"https:\\\/\\\/fill-package.com\\\/cannabis-packaging-machine\\\/\",\"name\":\"Cannabis Packaging Machine | High Precision \u00b10.03g Multihead Weigher\",\"isPartOf\":{\"@id\":\"https:\\\/\\\/fill-package.com\\\/#website\"},\"datePublished\":\"2025-09-21T10:01:15+00:00\",\"dateModified\":\"2025-09-21T10:02:10+00:00\",\"description\":\"Fill-Package\u2019s cannabis packaging machine with \u00b10.03g accuracy. Gentle handling, waste reduction, and compliance-ready. Perfect for cannabis buds, gummies, tea, seeds & herbs.\",\"breadcrumb\":{\"@id\":\"https:\\\/\\\/fill-package.com\\\/cannabis-packaging-machine\\\/#breadcrumb\"},\"inLanguage\":\"vi\",\"potentialAction\":[{\"@type\":\"ReadAction\",\"target\":[\"https:\\\/\\\/fill-package.com\\\/cannabis-packaging-machine\\\/\"]}]},{\"@type\":\"BreadcrumbList\",\"@id\":\"https:\\\/\\\/fill-package.com\\\/cannabis-packaging-machine\\\/#breadcrumb\",\"itemListElement\":[{\"@type\":\"ListItem\",\"position\":1,\"name\":\"Home\",\"item\":\"https:\\\/\\\/fill-package.com\\\/\"},{\"@type\":\"ListItem\",\"position\":2,\"name\":\"Cannabis Packaging Machine\"}]},{\"@type\":\"WebSite\",\"@id\":\"https:\\\/\\\/fill-package.com\\\/#website\",\"url\":\"https:\\\/\\\/fill-package.com\\\/\",\"name\":\"Fill&amp;Package\",\"description\":\"\",\"potentialAction\":[{\"@type\":\"SearchAction\",\"target\":{\"@type\":\"EntryPoint\",\"urlTemplate\":\"https:\\\/\\\/fill-package.com\\\/?s={search_term_string}\"},\"query-input\":{\"@type\":\"PropertyValueSpecification\",\"valueRequired\":true,\"valueName\":\"search_term_string\"}}],\"inLanguage\":\"vi\"}]}<\/script>\n<!-- \/ Yoast SEO plugin. -->","yoast_head_json":{"title":"M\u00e1y \u0111\u00f3ng g\u00f3i c\u1ea7n sa | M\u00e1y c\u00e2n \u0111a \u0111\u1ea7u ch\u00ednh x\u00e1c cao \u00b10,03g","description":"M\u00e1y \u0111\u00f3ng g\u00f3i c\u1ea7n sa Fill-Package v\u1edbi \u0111\u1ed9 ch\u00ednh x\u00e1c \u00b10,03g. Thao t\u00e1c nh\u1eb9 nh\u00e0ng, gi\u1ea3m thi\u1ec3u ch\u1ea5t th\u1ea3i v\u00e0 tu\u00e2n th\u1ee7 quy \u0111\u1ecbnh. Ho\u00e0n h\u1ea3o cho n\u1ee5 c\u1ea7n sa, k\u1eb9o d\u1ebbo, tr\u00e0, h\u1ea1t gi\u1ed1ng v\u00e0 th\u1ea3o m\u1ed9c.","robots":{"index":"index","follow":"follow","max-snippet":"max-snippet:-1","max-image-preview":"max-image-preview:large","max-video-preview":"max-video-preview:-1"},"canonical":"https:\/\/fill-package.com\/vi\/may-dong-goi-can-sa\/","og_locale":"vi_VN","og_type":"article","og_title":"Cannabis Packaging Machine | High Precision \u00b10.03g Multihead Weigher","og_description":"Fill-Package\u2019s cannabis packaging machine with \u00b10.03g accuracy. Gentle handling, waste reduction, and compliance-ready. Perfect for cannabis buds, gummies, tea, seeds & herbs.","og_url":"https:\/\/fill-package.com\/vi\/may-dong-goi-can-sa\/","og_site_name":"Fill&amp;Package","article_modified_time":"2025-09-21T10:02:10+00:00","twitter_card":"summary_large_image","schema":{"@context":"https:\/\/schema.org","@graph":[{"@type":"WebPage","@id":"https:\/\/fill-package.com\/cannabis-packaging-machine\/","url":"https:\/\/fill-package.com\/cannabis-packaging-machine\/","name":"M\u00e1y \u0111\u00f3ng g\u00f3i c\u1ea7n sa | M\u00e1y c\u00e2n \u0111a \u0111\u1ea7u ch\u00ednh x\u00e1c cao \u00b10,03g","isPartOf":{"@id":"https:\/\/fill-package.com\/#website"},"datePublished":"2025-09-21T10:01:15+00:00","dateModified":"2025-09-21T10:02:10+00:00","description":"M\u00e1y \u0111\u00f3ng g\u00f3i c\u1ea7n sa Fill-Package v\u1edbi \u0111\u1ed9 ch\u00ednh x\u00e1c \u00b10,03g. Thao t\u00e1c nh\u1eb9 nh\u00e0ng, gi\u1ea3m thi\u1ec3u ch\u1ea5t th\u1ea3i v\u00e0 tu\u00e2n th\u1ee7 quy \u0111\u1ecbnh. Ho\u00e0n h\u1ea3o cho n\u1ee5 c\u1ea7n sa, k\u1eb9o d\u1ebbo, tr\u00e0, h\u1ea1t gi\u1ed1ng v\u00e0 th\u1ea3o m\u1ed9c.","breadcrumb":{"@id":"https:\/\/fill-package.com\/cannabis-packaging-machine\/#breadcrumb"},"inLanguage":"vi","potentialAction":[{"@type":"ReadAction","target":["https:\/\/fill-package.com\/cannabis-packaging-machine\/"]}]},{"@type":"BreadcrumbList","@id":"https:\/\/fill-package.com\/cannabis-packaging-machine\/#breadcrumb","itemListElement":[{"@type":"ListItem","position":1,"name":"Home","item":"https:\/\/fill-package.com\/"},{"@type":"ListItem","position":2,"name":"Cannabis Packaging Machine"}]},{"@type":"WebSite","@id":"https:\/\/fill-package.com\/#website","url":"https:\/\/fill-package.com\/","name":"\u0110i\u1ec1n &amp; \u0110\u00f3ng g\u00f3i","description":"","potentialAction":[{"@type":"SearchAction","target":{"@type":"EntryPoint","urlTemplate":"https:\/\/fill-package.com\/?s={search_term_string}"},"query-input":{"@type":"PropertyValueSpecification","valueRequired":true,"valueName":"search_term_string"}}],"inLanguage":"vi"}]}},"_links":{"self":[{"href":"https:\/\/fill-package.com\/vi\/wp-json\/wp\/v2\/pages\/10224","targetHints":{"allow":["GET"]}}],"collection":[{"href":"https:\/\/fill-package.com\/vi\/wp-json\/wp\/v2\/pages"}],"about":[{"href":"https:\/\/fill-package.com\/vi\/wp-json\/wp\/v2\/types\/page"}],"author":[{"embeddable":true,"href":"https:\/\/fill-package.com\/vi\/wp-json\/wp\/v2\/users\/1"}],"replies":[{"embeddable":true,"href":"https:\/\/fill-package.com\/vi\/wp-json\/wp\/v2\/comments?post=10224"}],"version-history":[{"count":4,"href":"https:\/\/fill-package.com\/vi\/wp-json\/wp\/v2\/pages\/10224\/revisions"}],"predecessor-version":[{"id":10230,"href":"https:\/\/fill-package.com\/vi\/wp-json\/wp\/v2\/pages\/10224\/revisions\/10230"}],"wp:attachment":[{"href":"https:\/\/fill-package.com\/vi\/wp-json\/wp\/v2\/media?parent=10224"}],"curies":[{"name":"wp","href":"https:\/\/api.w.org\/{rel}","templated":true}]}}