{"id":10223,"date":"2025-09-22T02:21:35","date_gmt":"2025-09-22T02:21:35","guid":{"rendered":"https:\/\/fill-package.com\/?page_id=10223"},"modified":"2025-09-23T09:24:57","modified_gmt":"2025-09-23T09:24:57","slug":"may-dong-goi-thuc-pham-dong-lanh","status":"publish","type":"page","link":"https:\/\/fill-package.com\/vi\/frozen-food-packaging-machine","title":{"rendered":"M\u00e1y \u0111\u00f3ng g\u00f3i th\u1ef1c ph\u1ea9m \u0111\u00f4ng l\u1ea1nh"},"content":{"rendered":"","protected":false},"excerpt":{"rendered":"","protected":false},"author":1,"featured_media":0,"parent":0,"menu_order":0,"comment_status":"closed","ping_status":"closed","template":"product-category3.php","meta":{"site-sidebar-layout":"default","site-content-layout":"page-builder","ast-site-content-layout":"full-width-container","site-content-style":"unboxed","site-sidebar-style":"unboxed","ast-global-header-display":"","ast-banner-title-visibility":"","ast-main-header-display":"","ast-hfb-above-header-display":"","ast-hfb-below-header-display":"","ast-hfb-mobile-header-display":"","site-post-title":"","ast-breadcrumbs-content":"disabled","ast-featured-img":"","footer-sml-layout":"","ast-disable-related-posts":"","theme-transparent-header-meta":"default","adv-header-id-meta":"","stick-header-meta":"default","header-above-stick-meta":"","header-main-stick-meta":"","header-below-stick-meta":"","astra-migrate-meta-layouts":"set","ast-page-background-enabled":"default","ast-page-background-meta":{"desktop":{"background-color":"","background-image":"","background-repeat":"repeat","background-position":"center center","background-size":"auto","background-attachment":"scroll","background-type":"","background-media":"","overlay-type":"","overlay-color":"","overlay-opacity":"","overlay-gradient":""},"tablet":{"background-color":"","background-image":"","background-repeat":"repeat","background-position":"center center","background-size":"auto","background-attachment":"scroll","background-type":"","background-media":"","overlay-type":"","overlay-color":"","overlay-opacity":"","overlay-gradient":""},"mobile":{"background-color":"","background-image":"","background-repeat":"repeat","background-position":"center center","background-size":"auto","background-attachment":"scroll","background-type":"","background-media":"","overlay-type":"","overlay-color":"","overlay-opacity":"","overlay-gradient":""}},"ast-content-background-meta":{"desktop":{"background-color":"var(--ast-global-color-5)","background-image":"","background-repeat":"repeat","background-position":"center center","background-size":"auto","background-attachment":"scroll","background-type":"","background-media":"","overlay-type":"","overlay-color":"","overlay-opacity":"","overlay-gradient":""},"tablet":{"background-color":"var(--ast-global-color-5)","background-image":"","background-repeat":"repeat","background-position":"center center","background-size":"auto","background-attachment":"scroll","background-type":"","background-media":"","overlay-type":"","overlay-color":"","overlay-opacity":"","overlay-gradient":""},"mobile":{"background-color":"var(--ast-global-color-5)","background-image":"","background-repeat":"repeat","background-position":"center center","background-size":"auto","background-attachment":"scroll","background-type":"","background-media":"","overlay-type":"","overlay-color":"","overlay-opacity":"","overlay-gradient":""}},"footnotes":""},"class_list":["post-10223","page","type-page","status-publish","hentry"],"acf":[],"yoast_head":"<!-- This site is optimized with the Yoast SEO plugin v27.3 - https:\/\/yoast.com\/product\/yoast-seo-wordpress\/ -->\n<title>Frozen Food Multihead Weigher Packaging System | Customized Capacity Solutions<\/title>\n<meta name=\"description\" content=\"Discover advanced frozen food packaging systems with multihead weighers designed for -25\u00b0C environments. Customized by production capacity (10\u2013150+ bags\/min), our smart solutions ensure high accuracy, speed, and efficiency for vegetables, meat, fruits, and export packaging.\" \/>\n<meta name=\"robots\" content=\"index, follow, max-snippet:-1, max-image-preview:large, max-video-preview:-1\" \/>\n<link rel=\"canonical\" href=\"https:\/\/fill-package.com\/vi\/may-dong-goi-thuc-pham-dong-lanh\/\" \/>\n<meta property=\"og:locale\" content=\"vi_VN\" \/>\n<meta property=\"og:type\" content=\"article\" \/>\n<meta property=\"og:title\" content=\"Frozen Food Multihead Weigher Packaging System | Customized Capacity Solutions\" \/>\n<meta property=\"og:description\" content=\"Discover advanced frozen food packaging systems with multihead weighers designed for -25\u00b0C environments. Customized by production capacity (10\u2013150+ bags\/min), our smart solutions ensure high accuracy, speed, and efficiency for vegetables, meat, fruits, and export packaging.\" \/>\n<meta property=\"og:url\" content=\"https:\/\/fill-package.com\/vi\/may-dong-goi-thuc-pham-dong-lanh\/\" \/>\n<meta property=\"og:site_name\" content=\"Fill&amp;Package\" \/>\n<meta property=\"article:modified_time\" content=\"2025-09-23T09:24:57+00:00\" \/>\n<meta name=\"twitter:card\" content=\"summary_large_image\" \/>\n<script type=\"application\/ld+json\" class=\"yoast-schema-graph\">{\"@context\":\"https:\\\/\\\/schema.org\",\"@graph\":[{\"@type\":\"WebPage\",\"@id\":\"https:\\\/\\\/fill-package.com\\\/frozen-food-packaging-machine\\\/\",\"url\":\"https:\\\/\\\/fill-package.com\\\/frozen-food-packaging-machine\\\/\",\"name\":\"Frozen Food Multihead Weigher Packaging System | Customized Capacity Solutions\",\"isPartOf\":{\"@id\":\"https:\\\/\\\/fill-package.com\\\/#website\"},\"datePublished\":\"2025-09-22T02:21:35+00:00\",\"dateModified\":\"2025-09-23T09:24:57+00:00\",\"description\":\"Discover advanced frozen food packaging systems with multihead weighers designed for -25\u00b0C environments. Customized by production capacity (10\u2013150+ bags\\\/min), our smart solutions ensure high accuracy, speed, and efficiency for vegetables, meat, fruits, and export packaging.\",\"breadcrumb\":{\"@id\":\"https:\\\/\\\/fill-package.com\\\/frozen-food-packaging-machine\\\/#breadcrumb\"},\"inLanguage\":\"vi\",\"potentialAction\":[{\"@type\":\"ReadAction\",\"target\":[\"https:\\\/\\\/fill-package.com\\\/frozen-food-packaging-machine\\\/\"]}]},{\"@type\":\"BreadcrumbList\",\"@id\":\"https:\\\/\\\/fill-package.com\\\/frozen-food-packaging-machine\\\/#breadcrumb\",\"itemListElement\":[{\"@type\":\"ListItem\",\"position\":1,\"name\":\"Home\",\"item\":\"https:\\\/\\\/fill-package.com\\\/\"},{\"@type\":\"ListItem\",\"position\":2,\"name\":\"Frozen Food Packaging Machine\"}]},{\"@type\":\"WebSite\",\"@id\":\"https:\\\/\\\/fill-package.com\\\/#website\",\"url\":\"https:\\\/\\\/fill-package.com\\\/\",\"name\":\"Fill&amp;Package\",\"description\":\"\",\"potentialAction\":[{\"@type\":\"SearchAction\",\"target\":{\"@type\":\"EntryPoint\",\"urlTemplate\":\"https:\\\/\\\/fill-package.com\\\/?s={search_term_string}\"},\"query-input\":{\"@type\":\"PropertyValueSpecification\",\"valueRequired\":true,\"valueName\":\"search_term_string\"}}],\"inLanguage\":\"vi\"}]}<\/script>\n<!-- \/ Yoast SEO plugin. -->","yoast_head_json":{"title":"H\u1ec7 th\u1ed1ng \u0111\u00f3ng g\u00f3i c\u00e2n \u0111a \u0111\u1ea7u th\u1ef1c ph\u1ea9m \u0111\u00f4ng l\u1ea1nh | Gi\u1ea3i ph\u00e1p c\u00f4ng su\u1ea5t t\u00f9y ch\u1ec9nh","description":"Kh\u00e1m ph\u00e1 h\u1ec7 th\u1ed1ng \u0111\u00f3ng g\u00f3i th\u1ef1c ph\u1ea9m \u0111\u00f4ng l\u1ea1nh ti\u00ean ti\u1ebfn v\u1edbi c\u00e2n \u0111\u1ecbnh l\u01b0\u1ee3ng \u0111a \u0111\u1ea7u \u0111\u01b0\u1ee3c thi\u1ebft k\u1ebf cho m\u00f4i tr\u01b0\u1eddng -25\u00b0C. \u0110\u01b0\u1ee3c t\u00f9y ch\u1ec9nh theo c\u00f4ng su\u1ea5t s\u1ea3n xu\u1ea5t (10\u2013150+ t\u00fai\/ph\u00fat), c\u00e1c gi\u1ea3i ph\u00e1p th\u00f4ng minh c\u1ee7a ch\u00fang t\u00f4i \u0111\u1ea3m b\u1ea3o \u0111\u1ed9 ch\u00ednh x\u00e1c, t\u1ed1c \u0111\u1ed9 v\u00e0 hi\u1ec7u qu\u1ea3 cao cho rau c\u1ee7, th\u1ecbt, tr\u00e1i c\u00e2y v\u00e0 bao b\u00ec xu\u1ea5t kh\u1ea9u.","robots":{"index":"index","follow":"follow","max-snippet":"max-snippet:-1","max-image-preview":"max-image-preview:large","max-video-preview":"max-video-preview:-1"},"canonical":"https:\/\/fill-package.com\/vi\/may-dong-goi-thuc-pham-dong-lanh\/","og_locale":"vi_VN","og_type":"article","og_title":"Frozen Food Multihead Weigher Packaging System | Customized Capacity Solutions","og_description":"Discover advanced frozen food packaging systems with multihead weighers designed for -25\u00b0C environments. Customized by production capacity (10\u2013150+ bags\/min), our smart solutions ensure high accuracy, speed, and efficiency for vegetables, meat, fruits, and export packaging.","og_url":"https:\/\/fill-package.com\/vi\/may-dong-goi-thuc-pham-dong-lanh\/","og_site_name":"Fill&amp;Package","article_modified_time":"2025-09-23T09:24:57+00:00","twitter_card":"summary_large_image","schema":{"@context":"https:\/\/schema.org","@graph":[{"@type":"WebPage","@id":"https:\/\/fill-package.com\/frozen-food-packaging-machine\/","url":"https:\/\/fill-package.com\/frozen-food-packaging-machine\/","name":"H\u1ec7 th\u1ed1ng \u0111\u00f3ng g\u00f3i c\u00e2n \u0111a \u0111\u1ea7u th\u1ef1c ph\u1ea9m \u0111\u00f4ng l\u1ea1nh | Gi\u1ea3i ph\u00e1p c\u00f4ng su\u1ea5t t\u00f9y ch\u1ec9nh","isPartOf":{"@id":"https:\/\/fill-package.com\/#website"},"datePublished":"2025-09-22T02:21:35+00:00","dateModified":"2025-09-23T09:24:57+00:00","description":"Kh\u00e1m ph\u00e1 h\u1ec7 th\u1ed1ng \u0111\u00f3ng g\u00f3i th\u1ef1c ph\u1ea9m \u0111\u00f4ng l\u1ea1nh ti\u00ean ti\u1ebfn v\u1edbi c\u00e2n \u0111\u1ecbnh l\u01b0\u1ee3ng \u0111a \u0111\u1ea7u \u0111\u01b0\u1ee3c thi\u1ebft k\u1ebf cho m\u00f4i tr\u01b0\u1eddng -25\u00b0C. \u0110\u01b0\u1ee3c t\u00f9y ch\u1ec9nh theo c\u00f4ng su\u1ea5t s\u1ea3n xu\u1ea5t (10\u2013150+ t\u00fai\/ph\u00fat), c\u00e1c gi\u1ea3i ph\u00e1p th\u00f4ng minh c\u1ee7a ch\u00fang t\u00f4i \u0111\u1ea3m b\u1ea3o \u0111\u1ed9 ch\u00ednh x\u00e1c, t\u1ed1c \u0111\u1ed9 v\u00e0 hi\u1ec7u qu\u1ea3 cao cho rau c\u1ee7, th\u1ecbt, tr\u00e1i c\u00e2y v\u00e0 bao b\u00ec xu\u1ea5t kh\u1ea9u.","breadcrumb":{"@id":"https:\/\/fill-package.com\/frozen-food-packaging-machine\/#breadcrumb"},"inLanguage":"vi","potentialAction":[{"@type":"ReadAction","target":["https:\/\/fill-package.com\/frozen-food-packaging-machine\/"]}]},{"@type":"BreadcrumbList","@id":"https:\/\/fill-package.com\/frozen-food-packaging-machine\/#breadcrumb","itemListElement":[{"@type":"ListItem","position":1,"name":"Home","item":"https:\/\/fill-package.com\/"},{"@type":"ListItem","position":2,"name":"Frozen Food Packaging Machine"}]},{"@type":"WebSite","@id":"https:\/\/fill-package.com\/#website","url":"https:\/\/fill-package.com\/","name":"\u0110i\u1ec1n &amp; \u0110\u00f3ng g\u00f3i","description":"","potentialAction":[{"@type":"SearchAction","target":{"@type":"EntryPoint","urlTemplate":"https:\/\/fill-package.com\/?s={search_term_string}"},"query-input":{"@type":"PropertyValueSpecification","valueRequired":true,"valueName":"search_term_string"}}],"inLanguage":"vi"}]}},"_links":{"self":[{"href":"https:\/\/fill-package.com\/vi\/wp-json\/wp\/v2\/pages\/10223","targetHints":{"allow":["GET"]}}],"collection":[{"href":"https:\/\/fill-package.com\/vi\/wp-json\/wp\/v2\/pages"}],"about":[{"href":"https:\/\/fill-package.com\/vi\/wp-json\/wp\/v2\/types\/page"}],"author":[{"embeddable":true,"href":"https:\/\/fill-package.com\/vi\/wp-json\/wp\/v2\/users\/1"}],"replies":[{"embeddable":true,"href":"https:\/\/fill-package.com\/vi\/wp-json\/wp\/v2\/comments?post=10223"}],"version-history":[{"count":9,"href":"https:\/\/fill-package.com\/vi\/wp-json\/wp\/v2\/pages\/10223\/revisions"}],"predecessor-version":[{"id":10271,"href":"https:\/\/fill-package.com\/vi\/wp-json\/wp\/v2\/pages\/10223\/revisions\/10271"}],"wp:attachment":[{"href":"https:\/\/fill-package.com\/vi\/wp-json\/wp\/v2\/media?parent=10223"}],"curies":[{"name":"wp","href":"https:\/\/api.w.org\/{rel}","templated":true}]}}