{"id":10207,"date":"2025-09-19T09:46:08","date_gmt":"2025-09-19T09:46:08","guid":{"rendered":"https:\/\/fill-package.com\/?page_id=10207"},"modified":"2025-09-19T10:02:14","modified_gmt":"2025-09-19T10:02:14","slug":"meat-poultry-packaging-solutions","status":"publish","type":"page","link":"https:\/\/fill-package.com\/vi\/meat-poultry-packaging-machine","title":{"rendered":"Gi\u1ea3i ph\u00e1p \u0111\u00f3ng g\u00f3i th\u1ecbt v\u00e0 gia c\u1ea7m"},"content":{"rendered":"","protected":false},"excerpt":{"rendered":"","protected":false},"author":1,"featured_media":0,"parent":0,"menu_order":0,"comment_status":"closed","ping_status":"closed","template":"product-category3.php","meta":{"site-sidebar-layout":"default","site-content-layout":"page-builder","ast-site-content-layout":"full-width-container","site-content-style":"unboxed","site-sidebar-style":"unboxed","ast-global-header-display":"","ast-banner-title-visibility":"","ast-main-header-display":"","ast-hfb-above-header-display":"","ast-hfb-below-header-display":"","ast-hfb-mobile-header-display":"","site-post-title":"","ast-breadcrumbs-content":"disabled","ast-featured-img":"","footer-sml-layout":"","ast-disable-related-posts":"","theme-transparent-header-meta":"default","adv-header-id-meta":"","stick-header-meta":"default","header-above-stick-meta":"","header-main-stick-meta":"","header-below-stick-meta":"","astra-migrate-meta-layouts":"set","ast-page-background-enabled":"default","ast-page-background-meta":{"desktop":{"background-color":"","background-image":"","background-repeat":"repeat","background-position":"center center","background-size":"auto","background-attachment":"scroll","background-type":"","background-media":"","overlay-type":"","overlay-color":"","overlay-opacity":"","overlay-gradient":""},"tablet":{"background-color":"","background-image":"","background-repeat":"repeat","background-position":"center center","background-size":"auto","background-attachment":"scroll","background-type":"","background-media":"","overlay-type":"","overlay-color":"","overlay-opacity":"","overlay-gradient":""},"mobile":{"background-color":"","background-image":"","background-repeat":"repeat","background-position":"center center","background-size":"auto","background-attachment":"scroll","background-type":"","background-media":"","overlay-type":"","overlay-color":"","overlay-opacity":"","overlay-gradient":""}},"ast-content-background-meta":{"desktop":{"background-color":"var(--ast-global-color-5)","background-image":"","background-repeat":"repeat","background-position":"center center","background-size":"auto","background-attachment":"scroll","background-type":"","background-media":"","overlay-type":"","overlay-color":"","overlay-opacity":"","overlay-gradient":""},"tablet":{"background-color":"var(--ast-global-color-5)","background-image":"","background-repeat":"repeat","background-position":"center center","background-size":"auto","background-attachment":"scroll","background-type":"","background-media":"","overlay-type":"","overlay-color":"","overlay-opacity":"","overlay-gradient":""},"mobile":{"background-color":"var(--ast-global-color-5)","background-image":"","background-repeat":"repeat","background-position":"center center","background-size":"auto","background-attachment":"scroll","background-type":"","background-media":"","overlay-type":"","overlay-color":"","overlay-opacity":"","overlay-gradient":""}},"footnotes":""},"class_list":["post-10207","page","type-page","status-publish","hentry"],"acf":[],"yoast_head":"<!-- This site is optimized with the Yoast SEO plugin v27.3 - https:\/\/yoast.com\/product\/yoast-seo-wordpress\/ -->\n<title>Meat &amp; Poultry Packaging Equipment | Screw Feeder Weighers, Belt Feeders &amp; Hygienic Conveyors<\/title>\n<meta name=\"description\" content=\"Discover Fill-Package\u2019s hygienic meat packaging solutions: screw feeder weighers, belt feeder weighers, and easy-to-clean modular conveyors. Designed for sticky, fragile, and high-value meat products.\" \/>\n<meta name=\"robots\" content=\"index, follow, max-snippet:-1, max-image-preview:large, max-video-preview:-1\" \/>\n<link rel=\"canonical\" href=\"https:\/\/fill-package.com\/vi\/may-dong-goi-thit-gia-cam\/\" \/>\n<meta property=\"og:locale\" content=\"vi_VN\" \/>\n<meta property=\"og:type\" content=\"article\" \/>\n<meta property=\"og:title\" content=\"Meat &amp; Poultry Packaging Equipment | Screw Feeder Weighers, Belt Feeders &amp; Hygienic Conveyors\" \/>\n<meta property=\"og:description\" content=\"Discover Fill-Package\u2019s hygienic meat packaging solutions: screw feeder weighers, belt feeder weighers, and easy-to-clean modular conveyors. Designed for sticky, fragile, and high-value meat products.\" \/>\n<meta property=\"og:url\" content=\"https:\/\/fill-package.com\/vi\/may-dong-goi-thit-gia-cam\/\" \/>\n<meta property=\"og:site_name\" content=\"Fill&amp;Package\" \/>\n<meta property=\"article:modified_time\" content=\"2025-09-19T10:02:14+00:00\" \/>\n<meta name=\"twitter:card\" content=\"summary_large_image\" \/>\n<script type=\"application\/ld+json\" class=\"yoast-schema-graph\">{\"@context\":\"https:\\\/\\\/schema.org\",\"@graph\":[{\"@type\":\"WebPage\",\"@id\":\"https:\\\/\\\/fill-package.com\\\/meat-poultry-packaging-machine\\\/\",\"url\":\"https:\\\/\\\/fill-package.com\\\/meat-poultry-packaging-machine\\\/\",\"name\":\"Meat & Poultry Packaging Equipment | Screw Feeder Weighers, Belt Feeders & Hygienic Conveyors\",\"isPartOf\":{\"@id\":\"https:\\\/\\\/fill-package.com\\\/#website\"},\"datePublished\":\"2025-09-19T09:46:08+00:00\",\"dateModified\":\"2025-09-19T10:02:14+00:00\",\"description\":\"Discover Fill-Package\u2019s hygienic meat packaging solutions: screw feeder weighers, belt feeder weighers, and easy-to-clean modular conveyors. Designed for sticky, fragile, and high-value meat products.\",\"breadcrumb\":{\"@id\":\"https:\\\/\\\/fill-package.com\\\/meat-poultry-packaging-machine\\\/#breadcrumb\"},\"inLanguage\":\"vi\",\"potentialAction\":[{\"@type\":\"ReadAction\",\"target\":[\"https:\\\/\\\/fill-package.com\\\/meat-poultry-packaging-machine\\\/\"]}]},{\"@type\":\"BreadcrumbList\",\"@id\":\"https:\\\/\\\/fill-package.com\\\/meat-poultry-packaging-machine\\\/#breadcrumb\",\"itemListElement\":[{\"@type\":\"ListItem\",\"position\":1,\"name\":\"Home\",\"item\":\"https:\\\/\\\/fill-package.com\\\/\"},{\"@type\":\"ListItem\",\"position\":2,\"name\":\"Meat &#038; Poultry Packaging Solutions\"}]},{\"@type\":\"WebSite\",\"@id\":\"https:\\\/\\\/fill-package.com\\\/#website\",\"url\":\"https:\\\/\\\/fill-package.com\\\/\",\"name\":\"Fill&amp;Package\",\"description\":\"\",\"potentialAction\":[{\"@type\":\"SearchAction\",\"target\":{\"@type\":\"EntryPoint\",\"urlTemplate\":\"https:\\\/\\\/fill-package.com\\\/?s={search_term_string}\"},\"query-input\":{\"@type\":\"PropertyValueSpecification\",\"valueRequired\":true,\"valueName\":\"search_term_string\"}}],\"inLanguage\":\"vi\"}]}<\/script>\n<!-- \/ Yoast SEO plugin. -->","yoast_head_json":{"title":"Thi\u1ebft b\u1ecb \u0111\u00f3ng g\u00f3i th\u1ecbt v\u00e0 gia c\u1ea7m | M\u00e1y c\u00e2n \u0111\u1ecbnh l\u01b0\u1ee3ng tr\u1ee5c v\u00edt, m\u00e1y c\u1ea5p li\u1ec7u b\u0103ng t\u1ea3i v\u00e0 b\u0103ng t\u1ea3i v\u1ec7 sinh","description":"Kh\u00e1m ph\u00e1 c\u00e1c gi\u1ea3i ph\u00e1p \u0111\u00f3ng g\u00f3i th\u1ecbt h\u1ee3p v\u1ec7 sinh c\u1ee7a Fill-Package: m\u00e1y c\u00e2n \u0111\u1ecbnh l\u01b0\u1ee3ng tr\u1ee5c v\u00edt, m\u00e1y c\u00e2n \u0111\u1ecbnh l\u01b0\u1ee3ng b\u0103ng t\u1ea3i v\u00e0 b\u0103ng t\u1ea3i m\u00f4-\u0111un d\u1ec5 v\u1ec7 sinh. \u0110\u01b0\u1ee3c thi\u1ebft k\u1ebf cho c\u00e1c s\u1ea3n ph\u1ea9m th\u1ecbt d\u1ec5 d\u00ednh, d\u1ec5 v\u1ee1 v\u00e0 c\u00f3 gi\u00e1 tr\u1ecb cao.","robots":{"index":"index","follow":"follow","max-snippet":"max-snippet:-1","max-image-preview":"max-image-preview:large","max-video-preview":"max-video-preview:-1"},"canonical":"https:\/\/fill-package.com\/vi\/may-dong-goi-thit-gia-cam\/","og_locale":"vi_VN","og_type":"article","og_title":"Meat & Poultry Packaging Equipment | Screw Feeder Weighers, Belt Feeders & Hygienic Conveyors","og_description":"Discover Fill-Package\u2019s hygienic meat packaging solutions: screw feeder weighers, belt feeder weighers, and easy-to-clean modular conveyors. Designed for sticky, fragile, and high-value meat products.","og_url":"https:\/\/fill-package.com\/vi\/may-dong-goi-thit-gia-cam\/","og_site_name":"Fill&amp;Package","article_modified_time":"2025-09-19T10:02:14+00:00","twitter_card":"summary_large_image","schema":{"@context":"https:\/\/schema.org","@graph":[{"@type":"WebPage","@id":"https:\/\/fill-package.com\/meat-poultry-packaging-machine\/","url":"https:\/\/fill-package.com\/meat-poultry-packaging-machine\/","name":"Thi\u1ebft b\u1ecb \u0111\u00f3ng g\u00f3i th\u1ecbt v\u00e0 gia c\u1ea7m | M\u00e1y c\u00e2n \u0111\u1ecbnh l\u01b0\u1ee3ng tr\u1ee5c v\u00edt, m\u00e1y c\u1ea5p li\u1ec7u b\u0103ng t\u1ea3i v\u00e0 b\u0103ng t\u1ea3i v\u1ec7 sinh","isPartOf":{"@id":"https:\/\/fill-package.com\/#website"},"datePublished":"2025-09-19T09:46:08+00:00","dateModified":"2025-09-19T10:02:14+00:00","description":"Kh\u00e1m ph\u00e1 c\u00e1c gi\u1ea3i ph\u00e1p \u0111\u00f3ng g\u00f3i th\u1ecbt h\u1ee3p v\u1ec7 sinh c\u1ee7a Fill-Package: m\u00e1y c\u00e2n \u0111\u1ecbnh l\u01b0\u1ee3ng tr\u1ee5c v\u00edt, m\u00e1y c\u00e2n \u0111\u1ecbnh l\u01b0\u1ee3ng b\u0103ng t\u1ea3i v\u00e0 b\u0103ng t\u1ea3i m\u00f4-\u0111un d\u1ec5 v\u1ec7 sinh. \u0110\u01b0\u1ee3c thi\u1ebft k\u1ebf cho c\u00e1c s\u1ea3n ph\u1ea9m th\u1ecbt d\u1ec5 d\u00ednh, d\u1ec5 v\u1ee1 v\u00e0 c\u00f3 gi\u00e1 tr\u1ecb cao.","breadcrumb":{"@id":"https:\/\/fill-package.com\/meat-poultry-packaging-machine\/#breadcrumb"},"inLanguage":"vi","potentialAction":[{"@type":"ReadAction","target":["https:\/\/fill-package.com\/meat-poultry-packaging-machine\/"]}]},{"@type":"BreadcrumbList","@id":"https:\/\/fill-package.com\/meat-poultry-packaging-machine\/#breadcrumb","itemListElement":[{"@type":"ListItem","position":1,"name":"Home","item":"https:\/\/fill-package.com\/"},{"@type":"ListItem","position":2,"name":"Meat &#038; Poultry Packaging Solutions"}]},{"@type":"WebSite","@id":"https:\/\/fill-package.com\/#website","url":"https:\/\/fill-package.com\/","name":"\u0110i\u1ec1n &amp; \u0110\u00f3ng g\u00f3i","description":"","potentialAction":[{"@type":"SearchAction","target":{"@type":"EntryPoint","urlTemplate":"https:\/\/fill-package.com\/?s={search_term_string}"},"query-input":{"@type":"PropertyValueSpecification","valueRequired":true,"valueName":"search_term_string"}}],"inLanguage":"vi"}]}},"_links":{"self":[{"href":"https:\/\/fill-package.com\/vi\/wp-json\/wp\/v2\/pages\/10207","targetHints":{"allow":["GET"]}}],"collection":[{"href":"https:\/\/fill-package.com\/vi\/wp-json\/wp\/v2\/pages"}],"about":[{"href":"https:\/\/fill-package.com\/vi\/wp-json\/wp\/v2\/types\/page"}],"author":[{"embeddable":true,"href":"https:\/\/fill-package.com\/vi\/wp-json\/wp\/v2\/users\/1"}],"replies":[{"embeddable":true,"href":"https:\/\/fill-package.com\/vi\/wp-json\/wp\/v2\/comments?post=10207"}],"version-history":[{"count":3,"href":"https:\/\/fill-package.com\/vi\/wp-json\/wp\/v2\/pages\/10207\/revisions"}],"predecessor-version":[{"id":10213,"href":"https:\/\/fill-package.com\/vi\/wp-json\/wp\/v2\/pages\/10207\/revisions\/10213"}],"wp:attachment":[{"href":"https:\/\/fill-package.com\/vi\/wp-json\/wp\/v2\/media?parent=10207"}],"curies":[{"name":"wp","href":"https:\/\/api.w.org\/{rel}","templated":true}]}}