{"id":10188,"date":"2025-09-19T08:34:42","date_gmt":"2025-09-19T08:34:42","guid":{"rendered":"https:\/\/fill-package.com\/?page_id=10188"},"modified":"2025-09-19T08:48:33","modified_gmt":"2025-09-19T08:48:33","slug":"may-dong-goi-thuc-an-cho-thu-cung","status":"publish","type":"page","link":"https:\/\/fill-package.com\/vi\/pet-food-packaging-machine","title":{"rendered":"M\u00e1y \u0111\u00f3ng g\u00f3i th\u1ee9c \u0103n cho th\u00fa c\u01b0ng"},"content":{"rendered":"","protected":false},"excerpt":{"rendered":"","protected":false},"author":1,"featured_media":0,"parent":0,"menu_order":0,"comment_status":"closed","ping_status":"closed","template":"product-category3.php","meta":{"site-sidebar-layout":"default","site-content-layout":"page-builder","ast-site-content-layout":"full-width-container","site-content-style":"unboxed","site-sidebar-style":"unboxed","ast-global-header-display":"","ast-banner-title-visibility":"","ast-main-header-display":"","ast-hfb-above-header-display":"","ast-hfb-below-header-display":"","ast-hfb-mobile-header-display":"","site-post-title":"","ast-breadcrumbs-content":"disabled","ast-featured-img":"","footer-sml-layout":"","ast-disable-related-posts":"","theme-transparent-header-meta":"default","adv-header-id-meta":"","stick-header-meta":"default","header-above-stick-meta":"","header-main-stick-meta":"","header-below-stick-meta":"","astra-migrate-meta-layouts":"set","ast-page-background-enabled":"default","ast-page-background-meta":{"desktop":{"background-color":"","background-image":"","background-repeat":"repeat","background-position":"center center","background-size":"auto","background-attachment":"scroll","background-type":"","background-media":"","overlay-type":"","overlay-color":"","overlay-opacity":"","overlay-gradient":""},"tablet":{"background-color":"","background-image":"","background-repeat":"repeat","background-position":"center center","background-size":"auto","background-attachment":"scroll","background-type":"","background-media":"","overlay-type":"","overlay-color":"","overlay-opacity":"","overlay-gradient":""},"mobile":{"background-color":"","background-image":"","background-repeat":"repeat","background-position":"center center","background-size":"auto","background-attachment":"scroll","background-type":"","background-media":"","overlay-type":"","overlay-color":"","overlay-opacity":"","overlay-gradient":""}},"ast-content-background-meta":{"desktop":{"background-color":"var(--ast-global-color-5)","background-image":"","background-repeat":"repeat","background-position":"center center","background-size":"auto","background-attachment":"scroll","background-type":"","background-media":"","overlay-type":"","overlay-color":"","overlay-opacity":"","overlay-gradient":""},"tablet":{"background-color":"var(--ast-global-color-5)","background-image":"","background-repeat":"repeat","background-position":"center center","background-size":"auto","background-attachment":"scroll","background-type":"","background-media":"","overlay-type":"","overlay-color":"","overlay-opacity":"","overlay-gradient":""},"mobile":{"background-color":"var(--ast-global-color-5)","background-image":"","background-repeat":"repeat","background-position":"center center","background-size":"auto","background-attachment":"scroll","background-type":"","background-media":"","overlay-type":"","overlay-color":"","overlay-opacity":"","overlay-gradient":""}},"footnotes":""},"class_list":["post-10188","page","type-page","status-publish","hentry"],"acf":[],"yoast_head":"<!-- This site is optimized with the Yoast SEO plugin v27.3 - https:\/\/yoast.com\/product\/yoast-seo-wordpress\/ -->\n<title>Pet Food Packaging Production Line | Automated Weighing, Filling &amp; Sealing Systems<\/title>\n<meta name=\"description\" content=\"Discover our high-speed, flexible, and reliable pet food packaging line for dry kibble, wet food, and treats. From multihead weighers to VFFS, pouch machines, metal detectors, and robotic palletizing, we deliver turnkey packaging solutions that boost efficiency, accuracy, and sustainability.\" \/>\n<meta name=\"robots\" content=\"index, follow, max-snippet:-1, max-image-preview:large, max-video-preview:-1\" \/>\n<link rel=\"canonical\" href=\"https:\/\/fill-package.com\/vi\/may-dong-goi-thuc-an-cho-thu-cung\/\" \/>\n<meta property=\"og:locale\" content=\"vi_VN\" \/>\n<meta property=\"og:type\" content=\"article\" \/>\n<meta property=\"og:title\" content=\"Pet Food Packaging Production Line | Automated Weighing, Filling &amp; Sealing Systems\" \/>\n<meta property=\"og:description\" content=\"Discover our high-speed, flexible, and reliable pet food packaging line for dry kibble, wet food, and treats. From multihead weighers to VFFS, pouch machines, metal detectors, and robotic palletizing, we deliver turnkey packaging solutions that boost efficiency, accuracy, and sustainability.\" \/>\n<meta property=\"og:url\" content=\"https:\/\/fill-package.com\/vi\/may-dong-goi-thuc-an-cho-thu-cung\/\" \/>\n<meta property=\"og:site_name\" content=\"Fill&amp;Package\" \/>\n<meta property=\"article:modified_time\" content=\"2025-09-19T08:48:33+00:00\" \/>\n<meta name=\"twitter:card\" content=\"summary_large_image\" \/>\n<script type=\"application\/ld+json\" class=\"yoast-schema-graph\">{\"@context\":\"https:\\\/\\\/schema.org\",\"@graph\":[{\"@type\":\"WebPage\",\"@id\":\"https:\\\/\\\/fill-package.com\\\/pet-food-packaging-machine\\\/\",\"url\":\"https:\\\/\\\/fill-package.com\\\/pet-food-packaging-machine\\\/\",\"name\":\"Pet Food Packaging Production Line | Automated Weighing, Filling & Sealing Systems\",\"isPartOf\":{\"@id\":\"https:\\\/\\\/fill-package.com\\\/#website\"},\"datePublished\":\"2025-09-19T08:34:42+00:00\",\"dateModified\":\"2025-09-19T08:48:33+00:00\",\"description\":\"Discover our high-speed, flexible, and reliable pet food packaging line for dry kibble, wet food, and treats. From multihead weighers to VFFS, pouch machines, metal detectors, and robotic palletizing, we deliver turnkey packaging solutions that boost efficiency, accuracy, and sustainability.\",\"breadcrumb\":{\"@id\":\"https:\\\/\\\/fill-package.com\\\/pet-food-packaging-machine\\\/#breadcrumb\"},\"inLanguage\":\"vi\",\"potentialAction\":[{\"@type\":\"ReadAction\",\"target\":[\"https:\\\/\\\/fill-package.com\\\/pet-food-packaging-machine\\\/\"]}]},{\"@type\":\"BreadcrumbList\",\"@id\":\"https:\\\/\\\/fill-package.com\\\/pet-food-packaging-machine\\\/#breadcrumb\",\"itemListElement\":[{\"@type\":\"ListItem\",\"position\":1,\"name\":\"Home\",\"item\":\"https:\\\/\\\/fill-package.com\\\/\"},{\"@type\":\"ListItem\",\"position\":2,\"name\":\"Pet Food Packaging Machine\"}]},{\"@type\":\"WebSite\",\"@id\":\"https:\\\/\\\/fill-package.com\\\/#website\",\"url\":\"https:\\\/\\\/fill-package.com\\\/\",\"name\":\"Fill&amp;Package\",\"description\":\"\",\"potentialAction\":[{\"@type\":\"SearchAction\",\"target\":{\"@type\":\"EntryPoint\",\"urlTemplate\":\"https:\\\/\\\/fill-package.com\\\/?s={search_term_string}\"},\"query-input\":{\"@type\":\"PropertyValueSpecification\",\"valueRequired\":true,\"valueName\":\"search_term_string\"}}],\"inLanguage\":\"vi\"}]}<\/script>\n<!-- \/ Yoast SEO plugin. -->","yoast_head_json":{"title":"D\u00e2y chuy\u1ec1n s\u1ea3n xu\u1ea5t bao b\u00ec th\u1ee9c \u0103n cho th\u00fa c\u01b0ng | H\u1ec7 th\u1ed1ng c\u00e2n, chi\u1ebft r\u00f3t v\u00e0 \u0111\u00f3ng g\u00f3i t\u1ef1 \u0111\u1ed9ng","description":"Kh\u00e1m ph\u00e1 d\u00e2y chuy\u1ec1n \u0111\u00f3ng g\u00f3i th\u1ee9c \u0103n cho th\u00fa c\u01b0ng t\u1ed1c \u0111\u1ed9 cao, linh ho\u1ea1t v\u00e0 \u0111\u00e1ng tin c\u1eady c\u1ee7a ch\u00fang t\u00f4i d\u00e0nh cho th\u1ee9c \u0103n kh\u00f4, th\u1ee9c \u0103n \u01b0\u1edbt v\u00e0 \u0111\u1ed3 \u0103n v\u1eb7t. T\u1eeb m\u00e1y c\u00e2n \u0111a \u0111\u1ea7u \u0111\u1ebfn m\u00e1y \u0111\u00f3ng g\u00f3i t\u1ef1 \u0111\u1ed9ng VFFS, m\u00e1y \u0111\u00f3ng g\u00f3i t\u00fai, m\u00e1y d\u00f2 kim lo\u1ea1i v\u00e0 m\u00e1y x\u1ebfp pallet t\u1ef1 \u0111\u1ed9ng, ch\u00fang t\u00f4i cung c\u1ea5p c\u00e1c gi\u1ea3i ph\u00e1p \u0111\u00f3ng g\u00f3i tr\u1ecdn g\u00f3i gi\u00fap t\u0103ng hi\u1ec7u qu\u1ea3, \u0111\u1ed9 ch\u00ednh x\u00e1c v\u00e0 t\u00ednh b\u1ec1n v\u1eefng.","robots":{"index":"index","follow":"follow","max-snippet":"max-snippet:-1","max-image-preview":"max-image-preview:large","max-video-preview":"max-video-preview:-1"},"canonical":"https:\/\/fill-package.com\/vi\/may-dong-goi-thuc-an-cho-thu-cung\/","og_locale":"vi_VN","og_type":"article","og_title":"Pet Food Packaging Production Line | Automated Weighing, Filling & Sealing Systems","og_description":"Discover our high-speed, flexible, and reliable pet food packaging line for dry kibble, wet food, and treats. From multihead weighers to VFFS, pouch machines, metal detectors, and robotic palletizing, we deliver turnkey packaging solutions that boost efficiency, accuracy, and sustainability.","og_url":"https:\/\/fill-package.com\/vi\/may-dong-goi-thuc-an-cho-thu-cung\/","og_site_name":"Fill&amp;Package","article_modified_time":"2025-09-19T08:48:33+00:00","twitter_card":"summary_large_image","schema":{"@context":"https:\/\/schema.org","@graph":[{"@type":"WebPage","@id":"https:\/\/fill-package.com\/pet-food-packaging-machine\/","url":"https:\/\/fill-package.com\/pet-food-packaging-machine\/","name":"D\u00e2y chuy\u1ec1n s\u1ea3n xu\u1ea5t bao b\u00ec th\u1ee9c \u0103n cho th\u00fa c\u01b0ng | H\u1ec7 th\u1ed1ng c\u00e2n, chi\u1ebft r\u00f3t v\u00e0 \u0111\u00f3ng g\u00f3i t\u1ef1 \u0111\u1ed9ng","isPartOf":{"@id":"https:\/\/fill-package.com\/#website"},"datePublished":"2025-09-19T08:34:42+00:00","dateModified":"2025-09-19T08:48:33+00:00","description":"Kh\u00e1m ph\u00e1 d\u00e2y chuy\u1ec1n \u0111\u00f3ng g\u00f3i th\u1ee9c \u0103n cho th\u00fa c\u01b0ng t\u1ed1c \u0111\u1ed9 cao, linh ho\u1ea1t v\u00e0 \u0111\u00e1ng tin c\u1eady c\u1ee7a ch\u00fang t\u00f4i d\u00e0nh cho th\u1ee9c \u0103n kh\u00f4, th\u1ee9c \u0103n \u01b0\u1edbt v\u00e0 \u0111\u1ed3 \u0103n v\u1eb7t. T\u1eeb m\u00e1y c\u00e2n \u0111a \u0111\u1ea7u \u0111\u1ebfn m\u00e1y \u0111\u00f3ng g\u00f3i t\u1ef1 \u0111\u1ed9ng VFFS, m\u00e1y \u0111\u00f3ng g\u00f3i t\u00fai, m\u00e1y d\u00f2 kim lo\u1ea1i v\u00e0 m\u00e1y x\u1ebfp pallet t\u1ef1 \u0111\u1ed9ng, ch\u00fang t\u00f4i cung c\u1ea5p c\u00e1c gi\u1ea3i ph\u00e1p \u0111\u00f3ng g\u00f3i tr\u1ecdn g\u00f3i gi\u00fap t\u0103ng hi\u1ec7u qu\u1ea3, \u0111\u1ed9 ch\u00ednh x\u00e1c v\u00e0 t\u00ednh b\u1ec1n v\u1eefng.","breadcrumb":{"@id":"https:\/\/fill-package.com\/pet-food-packaging-machine\/#breadcrumb"},"inLanguage":"vi","potentialAction":[{"@type":"ReadAction","target":["https:\/\/fill-package.com\/pet-food-packaging-machine\/"]}]},{"@type":"BreadcrumbList","@id":"https:\/\/fill-package.com\/pet-food-packaging-machine\/#breadcrumb","itemListElement":[{"@type":"ListItem","position":1,"name":"Home","item":"https:\/\/fill-package.com\/"},{"@type":"ListItem","position":2,"name":"Pet Food Packaging Machine"}]},{"@type":"WebSite","@id":"https:\/\/fill-package.com\/#website","url":"https:\/\/fill-package.com\/","name":"\u0110i\u1ec1n &amp; \u0110\u00f3ng g\u00f3i","description":"","potentialAction":[{"@type":"SearchAction","target":{"@type":"EntryPoint","urlTemplate":"https:\/\/fill-package.com\/?s={search_term_string}"},"query-input":{"@type":"PropertyValueSpecification","valueRequired":true,"valueName":"search_term_string"}}],"inLanguage":"vi"}]}},"_links":{"self":[{"href":"https:\/\/fill-package.com\/vi\/wp-json\/wp\/v2\/pages\/10188","targetHints":{"allow":["GET"]}}],"collection":[{"href":"https:\/\/fill-package.com\/vi\/wp-json\/wp\/v2\/pages"}],"about":[{"href":"https:\/\/fill-package.com\/vi\/wp-json\/wp\/v2\/types\/page"}],"author":[{"embeddable":true,"href":"https:\/\/fill-package.com\/vi\/wp-json\/wp\/v2\/users\/1"}],"replies":[{"embeddable":true,"href":"https:\/\/fill-package.com\/vi\/wp-json\/wp\/v2\/comments?post=10188"}],"version-history":[{"count":4,"href":"https:\/\/fill-package.com\/vi\/wp-json\/wp\/v2\/pages\/10188\/revisions"}],"predecessor-version":[{"id":10196,"href":"https:\/\/fill-package.com\/vi\/wp-json\/wp\/v2\/pages\/10188\/revisions\/10196"}],"wp:attachment":[{"href":"https:\/\/fill-package.com\/vi\/wp-json\/wp\/v2\/media?parent=10188"}],"curies":[{"name":"wp","href":"https:\/\/api.w.org\/{rel}","templated":true}]}}