{"id":9886,"date":"2025-08-26T08:56:55","date_gmt":"2025-08-26T08:56:55","guid":{"rendered":"https:\/\/fill-package.com\/?page_id=9886"},"modified":"2025-12-13T02:47:27","modified_gmt":"2025-12-13T02:47:27","slug":"servo-motor","status":"publish","type":"page","link":"https:\/\/fill-package.com\/tr\/servo-motor\/","title":{"rendered":"Servo Motor"},"content":{"rendered":"","protected":false},"excerpt":{"rendered":"","protected":false},"author":1,"featured_media":0,"parent":0,"menu_order":0,"comment_status":"closed","ping_status":"closed","template":"product-category3.php","meta":{"site-sidebar-layout":"default","site-content-layout":"page-builder","ast-site-content-layout":"full-width-container","site-content-style":"unboxed","site-sidebar-style":"unboxed","ast-global-header-display":"","ast-banner-title-visibility":"","ast-main-header-display":"","ast-hfb-above-header-display":"","ast-hfb-below-header-display":"","ast-hfb-mobile-header-display":"","site-post-title":"","ast-breadcrumbs-content":"disabled","ast-featured-img":"","footer-sml-layout":"","ast-disable-related-posts":"","theme-transparent-header-meta":"default","adv-header-id-meta":"","stick-header-meta":"default","header-above-stick-meta":"","header-main-stick-meta":"","header-below-stick-meta":"","astra-migrate-meta-layouts":"set","ast-page-background-enabled":"default","ast-page-background-meta":{"desktop":{"background-color":"","background-image":"","background-repeat":"repeat","background-position":"center center","background-size":"auto","background-attachment":"scroll","background-type":"","background-media":"","overlay-type":"","overlay-color":"","overlay-opacity":"","overlay-gradient":""},"tablet":{"background-color":"","background-image":"","background-repeat":"repeat","background-position":"center center","background-size":"auto","background-attachment":"scroll","background-type":"","background-media":"","overlay-type":"","overlay-color":"","overlay-opacity":"","overlay-gradient":""},"mobile":{"background-color":"","background-image":"","background-repeat":"repeat","background-position":"center center","background-size":"auto","background-attachment":"scroll","background-type":"","background-media":"","overlay-type":"","overlay-color":"","overlay-opacity":"","overlay-gradient":""}},"ast-content-background-meta":{"desktop":{"background-color":"var(--ast-global-color-5)","background-image":"","background-repeat":"repeat","background-position":"center center","background-size":"auto","background-attachment":"scroll","background-type":"","background-media":"","overlay-type":"","overlay-color":"","overlay-opacity":"","overlay-gradient":""},"tablet":{"background-color":"var(--ast-global-color-5)","background-image":"","background-repeat":"repeat","background-position":"center center","background-size":"auto","background-attachment":"scroll","background-type":"","background-media":"","overlay-type":"","overlay-color":"","overlay-opacity":"","overlay-gradient":""},"mobile":{"background-color":"var(--ast-global-color-5)","background-image":"","background-repeat":"repeat","background-position":"center center","background-size":"auto","background-attachment":"scroll","background-type":"","background-media":"","overlay-type":"","overlay-color":"","overlay-opacity":"","overlay-gradient":""}},"footnotes":""},"class_list":["post-9886","page","type-page","status-publish","hentry"],"acf":[],"yoast_head":"<!-- This site is optimized with the Yoast SEO plugin v27.3 - https:\/\/yoast.com\/product\/yoast-seo-wordpress\/ -->\n<title>Servo Motor | Definition, Working Principle, Applications &amp; Specifications<\/title>\n<meta name=\"description\" content=\"Discover what a servo motor is, how it works, and where it\u2019s used. Explore servo motor specifications, diagrams, AC vs DC types, applications in CNC, robotics, and automation, plus troubleshooting and FAQs.\" \/>\n<meta name=\"robots\" content=\"index, follow, max-snippet:-1, max-image-preview:large, max-video-preview:-1\" \/>\n<link rel=\"canonical\" href=\"https:\/\/fill-package.com\/tr\/servo-motor\/\" \/>\n<meta property=\"og:locale\" content=\"tr_TR\" \/>\n<meta property=\"og:type\" content=\"article\" \/>\n<meta property=\"og:title\" content=\"Servo Motor | Definition, Working Principle, Applications &amp; Specifications\" \/>\n<meta property=\"og:description\" content=\"Discover what a servo motor is, how it works, and where it\u2019s used. Explore servo motor specifications, diagrams, AC vs DC types, applications in CNC, robotics, and automation, plus troubleshooting and FAQs.\" \/>\n<meta property=\"og:url\" content=\"https:\/\/fill-package.com\/tr\/servo-motor\/\" \/>\n<meta property=\"og:site_name\" content=\"Fill&amp;Package\" \/>\n<meta property=\"article:modified_time\" content=\"2025-12-13T02:47:27+00:00\" \/>\n<meta name=\"twitter:card\" content=\"summary_large_image\" \/>\n<script type=\"application\/ld+json\" class=\"yoast-schema-graph\">{\"@context\":\"https:\\\/\\\/schema.org\",\"@graph\":[{\"@type\":\"WebPage\",\"@id\":\"https:\\\/\\\/fill-package.com\\\/servo-motor\\\/\",\"url\":\"https:\\\/\\\/fill-package.com\\\/servo-motor\\\/\",\"name\":\"Servo Motor | Definition, Working Principle, Applications & Specifications\",\"isPartOf\":{\"@id\":\"https:\\\/\\\/fill-package.com\\\/#website\"},\"datePublished\":\"2025-08-26T08:56:55+00:00\",\"dateModified\":\"2025-12-13T02:47:27+00:00\",\"description\":\"Discover what a servo motor is, how it works, and where it\u2019s used. Explore servo motor specifications, diagrams, AC vs DC types, applications in CNC, robotics, and automation, plus troubleshooting and FAQs.\",\"breadcrumb\":{\"@id\":\"https:\\\/\\\/fill-package.com\\\/servo-motor\\\/#breadcrumb\"},\"inLanguage\":\"tr\",\"potentialAction\":[{\"@type\":\"ReadAction\",\"target\":[\"https:\\\/\\\/fill-package.com\\\/servo-motor\\\/\"]}]},{\"@type\":\"BreadcrumbList\",\"@id\":\"https:\\\/\\\/fill-package.com\\\/servo-motor\\\/#breadcrumb\",\"itemListElement\":[{\"@type\":\"ListItem\",\"position\":1,\"name\":\"Home\",\"item\":\"https:\\\/\\\/fill-package.com\\\/\"},{\"@type\":\"ListItem\",\"position\":2,\"name\":\"Servo Motor\"}]},{\"@type\":\"WebSite\",\"@id\":\"https:\\\/\\\/fill-package.com\\\/#website\",\"url\":\"https:\\\/\\\/fill-package.com\\\/\",\"name\":\"Fill&amp;Package\",\"description\":\"\",\"potentialAction\":[{\"@type\":\"SearchAction\",\"target\":{\"@type\":\"EntryPoint\",\"urlTemplate\":\"https:\\\/\\\/fill-package.com\\\/?s={search_term_string}\"},\"query-input\":{\"@type\":\"PropertyValueSpecification\",\"valueRequired\":true,\"valueName\":\"search_term_string\"}}],\"inLanguage\":\"tr\"}]}<\/script>\n<!-- \/ Yoast SEO plugin. -->","yoast_head_json":{"title":"Servo Motor | Tan\u0131m, \u00c7al\u0131\u015fma Prensibi, Uygulamalar ve \u00d6zellikler","description":"Servo motorun ne oldu\u011funu, nas\u0131l \u00e7al\u0131\u015ft\u0131\u011f\u0131n\u0131 ve nerelerde kullan\u0131ld\u0131\u011f\u0131n\u0131 ke\u015ffedin. Servo motor \u00f6zelliklerini, diyagramlar\u0131n\u0131, AC ve DC tiplerini, CNC, robotik ve otomasyondaki uygulamalar\u0131n\u0131, ayr\u0131ca sorun giderme ve SSS&#039;leri inceleyin.","robots":{"index":"index","follow":"follow","max-snippet":"max-snippet:-1","max-image-preview":"max-image-preview:large","max-video-preview":"max-video-preview:-1"},"canonical":"https:\/\/fill-package.com\/tr\/servo-motor\/","og_locale":"tr_TR","og_type":"article","og_title":"Servo Motor | Definition, Working Principle, Applications & Specifications","og_description":"Discover what a servo motor is, how it works, and where it\u2019s used. Explore servo motor specifications, diagrams, AC vs DC types, applications in CNC, robotics, and automation, plus troubleshooting and FAQs.","og_url":"https:\/\/fill-package.com\/tr\/servo-motor\/","og_site_name":"Fill&amp;Package","article_modified_time":"2025-12-13T02:47:27+00:00","twitter_card":"summary_large_image","schema":{"@context":"https:\/\/schema.org","@graph":[{"@type":"WebPage","@id":"https:\/\/fill-package.com\/servo-motor\/","url":"https:\/\/fill-package.com\/servo-motor\/","name":"Servo Motor | Tan\u0131m, \u00c7al\u0131\u015fma Prensibi, Uygulamalar ve \u00d6zellikler","isPartOf":{"@id":"https:\/\/fill-package.com\/#website"},"datePublished":"2025-08-26T08:56:55+00:00","dateModified":"2025-12-13T02:47:27+00:00","description":"Servo motorun ne oldu\u011funu, nas\u0131l \u00e7al\u0131\u015ft\u0131\u011f\u0131n\u0131 ve nerelerde kullan\u0131ld\u0131\u011f\u0131n\u0131 ke\u015ffedin. Servo motor \u00f6zelliklerini, diyagramlar\u0131n\u0131, AC ve DC tiplerini, CNC, robotik ve otomasyondaki uygulamalar\u0131n\u0131, ayr\u0131ca sorun giderme ve SSS&#039;leri inceleyin.","breadcrumb":{"@id":"https:\/\/fill-package.com\/servo-motor\/#breadcrumb"},"inLanguage":"tr","potentialAction":[{"@type":"ReadAction","target":["https:\/\/fill-package.com\/servo-motor\/"]}]},{"@type":"BreadcrumbList","@id":"https:\/\/fill-package.com\/servo-motor\/#breadcrumb","itemListElement":[{"@type":"ListItem","position":1,"name":"Home","item":"https:\/\/fill-package.com\/"},{"@type":"ListItem","position":2,"name":"Servo Motor"}]},{"@type":"WebSite","@id":"https:\/\/fill-package.com\/#website","url":"https:\/\/fill-package.com\/","name":"Doldur ve Paketle","description":"","potentialAction":[{"@type":"SearchAction","target":{"@type":"EntryPoint","urlTemplate":"https:\/\/fill-package.com\/?s={search_term_string}"},"query-input":{"@type":"PropertyValueSpecification","valueRequired":true,"valueName":"search_term_string"}}],"inLanguage":"tr"}]}},"_links":{"self":[{"href":"https:\/\/fill-package.com\/tr\/wp-json\/wp\/v2\/pages\/9886","targetHints":{"allow":["GET"]}}],"collection":[{"href":"https:\/\/fill-package.com\/tr\/wp-json\/wp\/v2\/pages"}],"about":[{"href":"https:\/\/fill-package.com\/tr\/wp-json\/wp\/v2\/types\/page"}],"author":[{"embeddable":true,"href":"https:\/\/fill-package.com\/tr\/wp-json\/wp\/v2\/users\/1"}],"replies":[{"embeddable":true,"href":"https:\/\/fill-package.com\/tr\/wp-json\/wp\/v2\/comments?post=9886"}],"version-history":[{"count":15,"href":"https:\/\/fill-package.com\/tr\/wp-json\/wp\/v2\/pages\/9886\/revisions"}],"predecessor-version":[{"id":11663,"href":"https:\/\/fill-package.com\/tr\/wp-json\/wp\/v2\/pages\/9886\/revisions\/11663"}],"wp:attachment":[{"href":"https:\/\/fill-package.com\/tr\/wp-json\/wp\/v2\/media?parent=9886"}],"curies":[{"name":"wp","href":"https:\/\/api.w.org\/{rel}","templated":true}]}}