{"id":9797,"date":"2025-08-18T14:10:40","date_gmt":"2025-08-18T14:10:40","guid":{"rendered":"https:\/\/fill-package.com\/?page_id=9797"},"modified":"2025-12-12T12:44:13","modified_gmt":"2025-12-12T12:44:13","slug":"yuk-hucresi","status":"publish","type":"page","link":"https:\/\/fill-package.com\/tr\/load-cell","title":{"rendered":"Y\u00fck H\u00fccresi"},"content":{"rendered":"","protected":false},"excerpt":{"rendered":"","protected":false},"author":1,"featured_media":0,"parent":0,"menu_order":0,"comment_status":"closed","ping_status":"closed","template":"product-category3.php","meta":{"site-sidebar-layout":"default","site-content-layout":"page-builder","ast-site-content-layout":"full-width-container","site-content-style":"unboxed","site-sidebar-style":"unboxed","ast-global-header-display":"","ast-banner-title-visibility":"","ast-main-header-display":"","ast-hfb-above-header-display":"","ast-hfb-below-header-display":"","ast-hfb-mobile-header-display":"","site-post-title":"","ast-breadcrumbs-content":"disabled","ast-featured-img":"","footer-sml-layout":"","ast-disable-related-posts":"","theme-transparent-header-meta":"default","adv-header-id-meta":"","stick-header-meta":"default","header-above-stick-meta":"","header-main-stick-meta":"","header-below-stick-meta":"","astra-migrate-meta-layouts":"set","ast-page-background-enabled":"default","ast-page-background-meta":{"desktop":{"background-color":"","background-image":"","background-repeat":"repeat","background-position":"center center","background-size":"auto","background-attachment":"scroll","background-type":"","background-media":"","overlay-type":"","overlay-color":"","overlay-opacity":"","overlay-gradient":""},"tablet":{"background-color":"","background-image":"","background-repeat":"repeat","background-position":"center center","background-size":"auto","background-attachment":"scroll","background-type":"","background-media":"","overlay-type":"","overlay-color":"","overlay-opacity":"","overlay-gradient":""},"mobile":{"background-color":"","background-image":"","background-repeat":"repeat","background-position":"center center","background-size":"auto","background-attachment":"scroll","background-type":"","background-media":"","overlay-type":"","overlay-color":"","overlay-opacity":"","overlay-gradient":""}},"ast-content-background-meta":{"desktop":{"background-color":"var(--ast-global-color-5)","background-image":"","background-repeat":"repeat","background-position":"center center","background-size":"auto","background-attachment":"scroll","background-type":"","background-media":"","overlay-type":"","overlay-color":"","overlay-opacity":"","overlay-gradient":""},"tablet":{"background-color":"var(--ast-global-color-5)","background-image":"","background-repeat":"repeat","background-position":"center center","background-size":"auto","background-attachment":"scroll","background-type":"","background-media":"","overlay-type":"","overlay-color":"","overlay-opacity":"","overlay-gradient":""},"mobile":{"background-color":"var(--ast-global-color-5)","background-image":"","background-repeat":"repeat","background-position":"center center","background-size":"auto","background-attachment":"scroll","background-type":"","background-media":"","overlay-type":"","overlay-color":"","overlay-opacity":"","overlay-gradient":""}},"footnotes":""},"class_list":["post-9797","page","type-page","status-publish","hentry"],"acf":[],"yoast_head":"<!-- This site is optimized with the Yoast SEO plugin v27.3 - https:\/\/yoast.com\/product\/yoast-seo-wordpress\/ -->\n<title>High-Precision Load Cell for Packaging Machinery | Solve Inaccuracy &amp; Zero Drift<\/title>\n<meta name=\"description\" content=\"Manufacturer-direct high-precision load cells for multihead weighers and checkweighers. Our 5kg\/10kg sensors feature IP67 sealing and 300% overload protection to solve weighing inaccuracies, unstable readings, and zero drift. Ensure your packaging machinery&#039;s performance and reliability. Expert selection support available.\" \/>\n<meta name=\"robots\" content=\"index, follow, max-snippet:-1, max-image-preview:large, max-video-preview:-1\" \/>\n<link rel=\"canonical\" href=\"https:\/\/fill-package.com\/tr\/yuk-hucresi\/\" \/>\n<meta property=\"og:locale\" content=\"tr_TR\" \/>\n<meta property=\"og:type\" content=\"article\" \/>\n<meta property=\"og:title\" content=\"High-Precision Load Cell for Packaging Machinery | Solve Inaccuracy &amp; Zero Drift\" \/>\n<meta property=\"og:description\" content=\"Manufacturer-direct high-precision load cells for multihead weighers and checkweighers. Our 5kg\/10kg sensors feature IP67 sealing and 300% overload protection to solve weighing inaccuracies, unstable readings, and zero drift. Ensure your packaging machinery&#039;s performance and reliability. Expert selection support available.\" \/>\n<meta property=\"og:url\" content=\"https:\/\/fill-package.com\/tr\/yuk-hucresi\/\" \/>\n<meta property=\"og:site_name\" content=\"Fill&amp;Package\" \/>\n<meta property=\"article:modified_time\" content=\"2025-12-12T12:44:13+00:00\" \/>\n<meta name=\"twitter:card\" content=\"summary_large_image\" \/>\n<script type=\"application\/ld+json\" class=\"yoast-schema-graph\">{\"@context\":\"https:\\\/\\\/schema.org\",\"@graph\":[{\"@type\":\"WebPage\",\"@id\":\"https:\\\/\\\/fill-package.com\\\/load-cell\\\/\",\"url\":\"https:\\\/\\\/fill-package.com\\\/load-cell\\\/\",\"name\":\"High-Precision Load Cell for Packaging Machinery | Solve Inaccuracy & Zero Drift\",\"isPartOf\":{\"@id\":\"https:\\\/\\\/fill-package.com\\\/#website\"},\"datePublished\":\"2025-08-18T14:10:40+00:00\",\"dateModified\":\"2025-12-12T12:44:13+00:00\",\"description\":\"Manufacturer-direct high-precision load cells for multihead weighers and checkweighers. Our 5kg\\\/10kg sensors feature IP67 sealing and 300% overload protection to solve weighing inaccuracies, unstable readings, and zero drift. Ensure your packaging machinery's performance and reliability. Expert selection support available.\",\"breadcrumb\":{\"@id\":\"https:\\\/\\\/fill-package.com\\\/load-cell\\\/#breadcrumb\"},\"inLanguage\":\"tr\",\"potentialAction\":[{\"@type\":\"ReadAction\",\"target\":[\"https:\\\/\\\/fill-package.com\\\/load-cell\\\/\"]}]},{\"@type\":\"BreadcrumbList\",\"@id\":\"https:\\\/\\\/fill-package.com\\\/load-cell\\\/#breadcrumb\",\"itemListElement\":[{\"@type\":\"ListItem\",\"position\":1,\"name\":\"Home\",\"item\":\"https:\\\/\\\/fill-package.com\\\/\"},{\"@type\":\"ListItem\",\"position\":2,\"name\":\"Load Cell\"}]},{\"@type\":\"WebSite\",\"@id\":\"https:\\\/\\\/fill-package.com\\\/#website\",\"url\":\"https:\\\/\\\/fill-package.com\\\/\",\"name\":\"Fill&amp;Package\",\"description\":\"\",\"potentialAction\":[{\"@type\":\"SearchAction\",\"target\":{\"@type\":\"EntryPoint\",\"urlTemplate\":\"https:\\\/\\\/fill-package.com\\\/?s={search_term_string}\"},\"query-input\":{\"@type\":\"PropertyValueSpecification\",\"valueRequired\":true,\"valueName\":\"search_term_string\"}}],\"inLanguage\":\"tr\"}]}<\/script>\n<!-- \/ Yoast SEO plugin. -->","yoast_head_json":{"title":"Paketleme Makineleri i\u00e7in Y\u00fcksek Hassasiyetli Y\u00fck H\u00fccresi | Yanl\u0131\u015fl\u0131k ve S\u0131f\u0131r S\u00fcr\u00fcklenmeyi \u00c7\u00f6zer","description":"\u00c7ok kafal\u0131 tart\u0131lar ve otomatik a\u011f\u0131rl\u0131k kontrol terazileri i\u00e7in \u00fcreticiden do\u011frudan y\u00fcksek hassasiyetli y\u00fck h\u00fccreleri. 5 kg\/10 kg sens\u00f6rlerimiz; tart\u0131m yanl\u0131\u015fl\u0131klar\u0131n\u0131, dengesiz okumalar\u0131 ve s\u0131f\u0131r kaymas\u0131n\u0131 \u00e7\u00f6zmek i\u00e7in IP67 s\u0131zd\u0131rmazl\u0131k ve 300% a\u015f\u0131r\u0131 y\u00fck korumas\u0131na sahiptir. Paketleme makinenizin performans\u0131n\u0131 ve g\u00fcvenilirli\u011fini sa\u011flay\u0131n. Uzman se\u00e7im deste\u011fi mevcuttur.","robots":{"index":"index","follow":"follow","max-snippet":"max-snippet:-1","max-image-preview":"max-image-preview:large","max-video-preview":"max-video-preview:-1"},"canonical":"https:\/\/fill-package.com\/tr\/yuk-hucresi\/","og_locale":"tr_TR","og_type":"article","og_title":"High-Precision Load Cell for Packaging Machinery | Solve Inaccuracy & Zero Drift","og_description":"Manufacturer-direct high-precision load cells for multihead weighers and checkweighers. Our 5kg\/10kg sensors feature IP67 sealing and 300% overload protection to solve weighing inaccuracies, unstable readings, and zero drift. Ensure your packaging machinery's performance and reliability. Expert selection support available.","og_url":"https:\/\/fill-package.com\/tr\/yuk-hucresi\/","og_site_name":"Fill&amp;Package","article_modified_time":"2025-12-12T12:44:13+00:00","twitter_card":"summary_large_image","schema":{"@context":"https:\/\/schema.org","@graph":[{"@type":"WebPage","@id":"https:\/\/fill-package.com\/load-cell\/","url":"https:\/\/fill-package.com\/load-cell\/","name":"Paketleme Makineleri i\u00e7in Y\u00fcksek Hassasiyetli Y\u00fck H\u00fccresi | Yanl\u0131\u015fl\u0131k ve S\u0131f\u0131r S\u00fcr\u00fcklenmeyi \u00c7\u00f6zer","isPartOf":{"@id":"https:\/\/fill-package.com\/#website"},"datePublished":"2025-08-18T14:10:40+00:00","dateModified":"2025-12-12T12:44:13+00:00","description":"\u00c7ok kafal\u0131 tart\u0131lar ve otomatik a\u011f\u0131rl\u0131k kontrol terazileri i\u00e7in \u00fcreticiden do\u011frudan y\u00fcksek hassasiyetli y\u00fck h\u00fccreleri. 5 kg\/10 kg sens\u00f6rlerimiz; tart\u0131m yanl\u0131\u015fl\u0131klar\u0131n\u0131, dengesiz okumalar\u0131 ve s\u0131f\u0131r kaymas\u0131n\u0131 \u00e7\u00f6zmek i\u00e7in IP67 s\u0131zd\u0131rmazl\u0131k ve 300% a\u015f\u0131r\u0131 y\u00fck korumas\u0131na sahiptir. Paketleme makinenizin performans\u0131n\u0131 ve g\u00fcvenilirli\u011fini sa\u011flay\u0131n. Uzman se\u00e7im deste\u011fi mevcuttur.","breadcrumb":{"@id":"https:\/\/fill-package.com\/load-cell\/#breadcrumb"},"inLanguage":"tr","potentialAction":[{"@type":"ReadAction","target":["https:\/\/fill-package.com\/load-cell\/"]}]},{"@type":"BreadcrumbList","@id":"https:\/\/fill-package.com\/load-cell\/#breadcrumb","itemListElement":[{"@type":"ListItem","position":1,"name":"Home","item":"https:\/\/fill-package.com\/"},{"@type":"ListItem","position":2,"name":"Load Cell"}]},{"@type":"WebSite","@id":"https:\/\/fill-package.com\/#website","url":"https:\/\/fill-package.com\/","name":"Doldur ve Paketle","description":"","potentialAction":[{"@type":"SearchAction","target":{"@type":"EntryPoint","urlTemplate":"https:\/\/fill-package.com\/?s={search_term_string}"},"query-input":{"@type":"PropertyValueSpecification","valueRequired":true,"valueName":"search_term_string"}}],"inLanguage":"tr"}]}},"_links":{"self":[{"href":"https:\/\/fill-package.com\/tr\/wp-json\/wp\/v2\/pages\/9797","targetHints":{"allow":["GET"]}}],"collection":[{"href":"https:\/\/fill-package.com\/tr\/wp-json\/wp\/v2\/pages"}],"about":[{"href":"https:\/\/fill-package.com\/tr\/wp-json\/wp\/v2\/types\/page"}],"author":[{"embeddable":true,"href":"https:\/\/fill-package.com\/tr\/wp-json\/wp\/v2\/users\/1"}],"replies":[{"embeddable":true,"href":"https:\/\/fill-package.com\/tr\/wp-json\/wp\/v2\/comments?post=9797"}],"version-history":[{"count":22,"href":"https:\/\/fill-package.com\/tr\/wp-json\/wp\/v2\/pages\/9797\/revisions"}],"predecessor-version":[{"id":11646,"href":"https:\/\/fill-package.com\/tr\/wp-json\/wp\/v2\/pages\/9797\/revisions\/11646"}],"wp:attachment":[{"href":"https:\/\/fill-package.com\/tr\/wp-json\/wp\/v2\/media?parent=9797"}],"curies":[{"name":"wp","href":"https:\/\/api.w.org\/{rel}","templated":true}]}}