{"id":9697,"date":"2025-08-08T15:38:24","date_gmt":"2025-08-08T15:38:24","guid":{"rendered":"https:\/\/fill-package.com\/?page_id=9697"},"modified":"2025-12-12T01:19:17","modified_gmt":"2025-12-12T01:19:17","slug":"asansor-kovasi","status":"publish","type":"page","link":"https:\/\/fill-package.com\/tr\/elevator-bucket","title":{"rendered":"Asans\u00f6r Kovas\u0131"},"content":{"rendered":"","protected":false},"excerpt":{"rendered":"","protected":false},"author":1,"featured_media":0,"parent":0,"menu_order":0,"comment_status":"closed","ping_status":"closed","template":"product-category3.php","meta":{"site-sidebar-layout":"default","site-content-layout":"page-builder","ast-site-content-layout":"full-width-container","site-content-style":"unboxed","site-sidebar-style":"unboxed","ast-global-header-display":"","ast-banner-title-visibility":"","ast-main-header-display":"","ast-hfb-above-header-display":"","ast-hfb-below-header-display":"","ast-hfb-mobile-header-display":"","site-post-title":"","ast-breadcrumbs-content":"disabled","ast-featured-img":"","footer-sml-layout":"","ast-disable-related-posts":"","theme-transparent-header-meta":"default","adv-header-id-meta":"","stick-header-meta":"default","header-above-stick-meta":"","header-main-stick-meta":"","header-below-stick-meta":"","astra-migrate-meta-layouts":"set","ast-page-background-enabled":"default","ast-page-background-meta":{"desktop":{"background-color":"","background-image":"","background-repeat":"repeat","background-position":"center center","background-size":"auto","background-attachment":"scroll","background-type":"","background-media":"","overlay-type":"","overlay-color":"","overlay-opacity":"","overlay-gradient":""},"tablet":{"background-color":"","background-image":"","background-repeat":"repeat","background-position":"center center","background-size":"auto","background-attachment":"scroll","background-type":"","background-media":"","overlay-type":"","overlay-color":"","overlay-opacity":"","overlay-gradient":""},"mobile":{"background-color":"","background-image":"","background-repeat":"repeat","background-position":"center center","background-size":"auto","background-attachment":"scroll","background-type":"","background-media":"","overlay-type":"","overlay-color":"","overlay-opacity":"","overlay-gradient":""}},"ast-content-background-meta":{"desktop":{"background-color":"var(--ast-global-color-5)","background-image":"","background-repeat":"repeat","background-position":"center center","background-size":"auto","background-attachment":"scroll","background-type":"","background-media":"","overlay-type":"","overlay-color":"","overlay-opacity":"","overlay-gradient":""},"tablet":{"background-color":"var(--ast-global-color-5)","background-image":"","background-repeat":"repeat","background-position":"center center","background-size":"auto","background-attachment":"scroll","background-type":"","background-media":"","overlay-type":"","overlay-color":"","overlay-opacity":"","overlay-gradient":""},"mobile":{"background-color":"var(--ast-global-color-5)","background-image":"","background-repeat":"repeat","background-position":"center center","background-size":"auto","background-attachment":"scroll","background-type":"","background-media":"","overlay-type":"","overlay-color":"","overlay-opacity":"","overlay-gradient":""}},"footnotes":""},"class_list":["post-9697","page","type-page","status-publish","hentry"],"acf":[],"yoast_head":"<!-- This site is optimized with the Yoast SEO plugin v27.3 - https:\/\/yoast.com\/product\/yoast-seo-wordpress\/ -->\n<title>Elevator Buckets | Plastic Bucket for Bucket Elevator - Multiple size<\/title>\n<meta name=\"description\" content=\"Discover high-performance plastic elevator buckets in over 40 sizes for all bucket elevator systems. Ideal for food, pharma &amp; agriculture. Custom designs available.\" \/>\n<meta name=\"robots\" content=\"index, follow, max-snippet:-1, max-image-preview:large, max-video-preview:-1\" \/>\n<link rel=\"canonical\" href=\"https:\/\/fill-package.com\/tr\/asansor-kovasi\/\" \/>\n<meta property=\"og:locale\" content=\"tr_TR\" \/>\n<meta property=\"og:type\" content=\"article\" \/>\n<meta property=\"og:title\" content=\"Elevator Buckets | Plastic Bucket for Bucket Elevator - Multiple size\" \/>\n<meta property=\"og:description\" content=\"Discover high-performance plastic elevator buckets in over 40 sizes for all bucket elevator systems. Ideal for food, pharma &amp; agriculture. Custom designs available.\" \/>\n<meta property=\"og:url\" content=\"https:\/\/fill-package.com\/tr\/asansor-kovasi\/\" \/>\n<meta property=\"og:site_name\" content=\"Fill&amp;Package\" \/>\n<meta property=\"article:modified_time\" content=\"2025-12-12T01:19:17+00:00\" \/>\n<meta name=\"twitter:card\" content=\"summary_large_image\" \/>\n<script type=\"application\/ld+json\" class=\"yoast-schema-graph\">{\"@context\":\"https:\\\/\\\/schema.org\",\"@graph\":[{\"@type\":\"WebPage\",\"@id\":\"https:\\\/\\\/fill-package.com\\\/elevator-bucket\\\/\",\"url\":\"https:\\\/\\\/fill-package.com\\\/elevator-bucket\\\/\",\"name\":\"Elevator Buckets | Plastic Bucket for Bucket Elevator - Multiple size\",\"isPartOf\":{\"@id\":\"https:\\\/\\\/fill-package.com\\\/#website\"},\"datePublished\":\"2025-08-08T15:38:24+00:00\",\"dateModified\":\"2025-12-12T01:19:17+00:00\",\"description\":\"Discover high-performance plastic elevator buckets in over 40 sizes for all bucket elevator systems. Ideal for food, pharma & agriculture. Custom designs available.\",\"breadcrumb\":{\"@id\":\"https:\\\/\\\/fill-package.com\\\/elevator-bucket\\\/#breadcrumb\"},\"inLanguage\":\"tr\",\"potentialAction\":[{\"@type\":\"ReadAction\",\"target\":[\"https:\\\/\\\/fill-package.com\\\/elevator-bucket\\\/\"]}]},{\"@type\":\"BreadcrumbList\",\"@id\":\"https:\\\/\\\/fill-package.com\\\/elevator-bucket\\\/#breadcrumb\",\"itemListElement\":[{\"@type\":\"ListItem\",\"position\":1,\"name\":\"Home\",\"item\":\"https:\\\/\\\/fill-package.com\\\/\"},{\"@type\":\"ListItem\",\"position\":2,\"name\":\"Elevator Bucket\"}]},{\"@type\":\"WebSite\",\"@id\":\"https:\\\/\\\/fill-package.com\\\/#website\",\"url\":\"https:\\\/\\\/fill-package.com\\\/\",\"name\":\"Fill&amp;Package\",\"description\":\"\",\"potentialAction\":[{\"@type\":\"SearchAction\",\"target\":{\"@type\":\"EntryPoint\",\"urlTemplate\":\"https:\\\/\\\/fill-package.com\\\/?s={search_term_string}\"},\"query-input\":{\"@type\":\"PropertyValueSpecification\",\"valueRequired\":true,\"valueName\":\"search_term_string\"}}],\"inLanguage\":\"tr\"}]}<\/script>\n<!-- \/ Yoast SEO plugin. -->","yoast_head_json":{"title":"Elevat\u00f6r Kovalar\u0131 | Kova Elevat\u00f6r\u00fc i\u00e7in Plastik Kova - \u00c7e\u015fitli Boyutlar","description":"T\u00fcm koval\u0131 elevat\u00f6r sistemleri i\u00e7in 40&#039;tan fazla boyutta y\u00fcksek performansl\u0131 plastik elevat\u00f6r kovalar\u0131n\u0131 ke\u015ffedin. G\u0131da, ila\u00e7 ve tar\u0131m i\u00e7in idealdir. \u00d6zel tasar\u0131mlar mevcuttur.","robots":{"index":"index","follow":"follow","max-snippet":"max-snippet:-1","max-image-preview":"max-image-preview:large","max-video-preview":"max-video-preview:-1"},"canonical":"https:\/\/fill-package.com\/tr\/asansor-kovasi\/","og_locale":"tr_TR","og_type":"article","og_title":"Elevator Buckets | Plastic Bucket for Bucket Elevator - Multiple size","og_description":"Discover high-performance plastic elevator buckets in over 40 sizes for all bucket elevator systems. Ideal for food, pharma & agriculture. Custom designs available.","og_url":"https:\/\/fill-package.com\/tr\/asansor-kovasi\/","og_site_name":"Fill&amp;Package","article_modified_time":"2025-12-12T01:19:17+00:00","twitter_card":"summary_large_image","schema":{"@context":"https:\/\/schema.org","@graph":[{"@type":"WebPage","@id":"https:\/\/fill-package.com\/elevator-bucket\/","url":"https:\/\/fill-package.com\/elevator-bucket\/","name":"Elevat\u00f6r Kovalar\u0131 | Kova Elevat\u00f6r\u00fc i\u00e7in Plastik Kova - \u00c7e\u015fitli Boyutlar","isPartOf":{"@id":"https:\/\/fill-package.com\/#website"},"datePublished":"2025-08-08T15:38:24+00:00","dateModified":"2025-12-12T01:19:17+00:00","description":"T\u00fcm koval\u0131 elevat\u00f6r sistemleri i\u00e7in 40&#039;tan fazla boyutta y\u00fcksek performansl\u0131 plastik elevat\u00f6r kovalar\u0131n\u0131 ke\u015ffedin. G\u0131da, ila\u00e7 ve tar\u0131m i\u00e7in idealdir. \u00d6zel tasar\u0131mlar mevcuttur.","breadcrumb":{"@id":"https:\/\/fill-package.com\/elevator-bucket\/#breadcrumb"},"inLanguage":"tr","potentialAction":[{"@type":"ReadAction","target":["https:\/\/fill-package.com\/elevator-bucket\/"]}]},{"@type":"BreadcrumbList","@id":"https:\/\/fill-package.com\/elevator-bucket\/#breadcrumb","itemListElement":[{"@type":"ListItem","position":1,"name":"Home","item":"https:\/\/fill-package.com\/"},{"@type":"ListItem","position":2,"name":"Elevator Bucket"}]},{"@type":"WebSite","@id":"https:\/\/fill-package.com\/#website","url":"https:\/\/fill-package.com\/","name":"Doldur ve Paketle","description":"","potentialAction":[{"@type":"SearchAction","target":{"@type":"EntryPoint","urlTemplate":"https:\/\/fill-package.com\/?s={search_term_string}"},"query-input":{"@type":"PropertyValueSpecification","valueRequired":true,"valueName":"search_term_string"}}],"inLanguage":"tr"}]}},"_links":{"self":[{"href":"https:\/\/fill-package.com\/tr\/wp-json\/wp\/v2\/pages\/9697","targetHints":{"allow":["GET"]}}],"collection":[{"href":"https:\/\/fill-package.com\/tr\/wp-json\/wp\/v2\/pages"}],"about":[{"href":"https:\/\/fill-package.com\/tr\/wp-json\/wp\/v2\/types\/page"}],"author":[{"embeddable":true,"href":"https:\/\/fill-package.com\/tr\/wp-json\/wp\/v2\/users\/1"}],"replies":[{"embeddable":true,"href":"https:\/\/fill-package.com\/tr\/wp-json\/wp\/v2\/comments?post=9697"}],"version-history":[{"count":19,"href":"https:\/\/fill-package.com\/tr\/wp-json\/wp\/v2\/pages\/9697\/revisions"}],"predecessor-version":[{"id":11563,"href":"https:\/\/fill-package.com\/tr\/wp-json\/wp\/v2\/pages\/9697\/revisions\/11563"}],"wp:attachment":[{"href":"https:\/\/fill-package.com\/tr\/wp-json\/wp\/v2\/media?parent=9697"}],"curies":[{"name":"wp","href":"https:\/\/api.w.org\/{rel}","templated":true}]}}