{"id":9168,"date":"2025-07-11T07:52:17","date_gmt":"2025-07-11T07:52:17","guid":{"rendered":"https:\/\/fill-package.com\/?page_id=9168"},"modified":"2025-07-11T07:53:43","modified_gmt":"2025-07-11T07:53:43","slug":"bant-besleyici-tartici","status":"publish","type":"page","link":"https:\/\/fill-package.com\/tr\/belt-feeder-weigher","title":{"rendered":"Bant Besleyici Tart\u0131c\u0131"},"content":{"rendered":"","protected":false},"excerpt":{"rendered":"","protected":false},"author":1,"featured_media":0,"parent":1558,"menu_order":0,"comment_status":"closed","ping_status":"closed","template":"product-category3.php","meta":{"site-sidebar-layout":"default","site-content-layout":"page-builder","ast-site-content-layout":"full-width-container","site-content-style":"unboxed","site-sidebar-style":"unboxed","ast-global-header-display":"","ast-banner-title-visibility":"","ast-main-header-display":"","ast-hfb-above-header-display":"","ast-hfb-below-header-display":"","ast-hfb-mobile-header-display":"","site-post-title":"","ast-breadcrumbs-content":"","ast-featured-img":"","footer-sml-layout":"","ast-disable-related-posts":"","theme-transparent-header-meta":"default","adv-header-id-meta":"","stick-header-meta":"default","header-above-stick-meta":"","header-main-stick-meta":"","header-below-stick-meta":"","astra-migrate-meta-layouts":"set","ast-page-background-enabled":"default","ast-page-background-meta":{"desktop":{"background-color":"","background-image":"","background-repeat":"repeat","background-position":"center center","background-size":"auto","background-attachment":"scroll","background-type":"","background-media":"","overlay-type":"","overlay-color":"","overlay-opacity":"","overlay-gradient":""},"tablet":{"background-color":"","background-image":"","background-repeat":"repeat","background-position":"center center","background-size":"auto","background-attachment":"scroll","background-type":"","background-media":"","overlay-type":"","overlay-color":"","overlay-opacity":"","overlay-gradient":""},"mobile":{"background-color":"","background-image":"","background-repeat":"repeat","background-position":"center center","background-size":"auto","background-attachment":"scroll","background-type":"","background-media":"","overlay-type":"","overlay-color":"","overlay-opacity":"","overlay-gradient":""}},"ast-content-background-meta":{"desktop":{"background-color":"var(--ast-global-color-5)","background-image":"","background-repeat":"repeat","background-position":"center center","background-size":"auto","background-attachment":"scroll","background-type":"","background-media":"","overlay-type":"","overlay-color":"","overlay-opacity":"","overlay-gradient":""},"tablet":{"background-color":"var(--ast-global-color-5)","background-image":"","background-repeat":"repeat","background-position":"center center","background-size":"auto","background-attachment":"scroll","background-type":"","background-media":"","overlay-type":"","overlay-color":"","overlay-opacity":"","overlay-gradient":""},"mobile":{"background-color":"var(--ast-global-color-5)","background-image":"","background-repeat":"repeat","background-position":"center center","background-size":"auto","background-attachment":"scroll","background-type":"","background-media":"","overlay-type":"","overlay-color":"","overlay-opacity":"","overlay-gradient":""}},"footnotes":""},"class_list":["post-9168","page","type-page","status-publish","hentry"],"acf":[],"yoast_head":"<!-- This site is optimized with the Yoast SEO plugin v27.3 - https:\/\/yoast.com\/product\/yoast-seo-wordpress\/ -->\n<title>Belt Feeder Multihead Weigher | High Precision Food Packaging Machine for Sticky &amp; Difficult Materials<\/title>\n<meta name=\"description\" content=\"Discover our Belt Feeder Multihead Weigher designed for sticky, hard-to-flow food materials. Achieve high accuracy and efficiency in your packaging line with our reliable food weighing machine. Perfect for nuts, candies, dumplings, and more.\" \/>\n<meta name=\"robots\" content=\"index, follow, max-snippet:-1, max-image-preview:large, max-video-preview:-1\" \/>\n<link rel=\"canonical\" href=\"https:\/\/fill-package.com\/tr\/bant-besleyici-tartici\/\" \/>\n<meta property=\"og:locale\" content=\"tr_TR\" \/>\n<meta property=\"og:type\" content=\"article\" \/>\n<meta property=\"og:title\" content=\"Belt Feeder Multihead Weigher | High Precision Food Packaging Machine for Sticky &amp; Difficult Materials\" \/>\n<meta property=\"og:description\" content=\"Discover our Belt Feeder Multihead Weigher designed for sticky, hard-to-flow food materials. Achieve high accuracy and efficiency in your packaging line with our reliable food weighing machine. Perfect for nuts, candies, dumplings, and more.\" \/>\n<meta property=\"og:url\" content=\"https:\/\/fill-package.com\/tr\/bant-besleyici-tartici\/\" \/>\n<meta property=\"og:site_name\" content=\"Fill&amp;Package\" \/>\n<meta property=\"article:modified_time\" content=\"2025-07-11T07:53:43+00:00\" \/>\n<meta name=\"twitter:card\" content=\"summary_large_image\" \/>\n<script type=\"application\/ld+json\" class=\"yoast-schema-graph\">{\"@context\":\"https:\\\/\\\/schema.org\",\"@graph\":[{\"@type\":\"WebPage\",\"@id\":\"https:\\\/\\\/fill-package.com\\\/belt-feeder-weigher\\\/\",\"url\":\"https:\\\/\\\/fill-package.com\\\/belt-feeder-weigher\\\/\",\"name\":\"Belt Feeder Multihead Weigher | High Precision Food Packaging Machine for Sticky & Difficult Materials\",\"isPartOf\":{\"@id\":\"https:\\\/\\\/fill-package.com\\\/#website\"},\"datePublished\":\"2025-07-11T07:52:17+00:00\",\"dateModified\":\"2025-07-11T07:53:43+00:00\",\"description\":\"Discover our Belt Feeder Multihead Weigher designed for sticky, hard-to-flow food materials. Achieve high accuracy and efficiency in your packaging line with our reliable food weighing machine. Perfect for nuts, candies, dumplings, and more.\",\"breadcrumb\":{\"@id\":\"https:\\\/\\\/fill-package.com\\\/belt-feeder-weigher\\\/#breadcrumb\"},\"inLanguage\":\"tr\",\"potentialAction\":[{\"@type\":\"ReadAction\",\"target\":[\"https:\\\/\\\/fill-package.com\\\/belt-feeder-weigher\\\/\"]}]},{\"@type\":\"BreadcrumbList\",\"@id\":\"https:\\\/\\\/fill-package.com\\\/belt-feeder-weigher\\\/#breadcrumb\",\"itemListElement\":[{\"@type\":\"ListItem\",\"position\":1,\"name\":\"Home\",\"item\":\"https:\\\/\\\/fill-package.com\\\/\"},{\"@type\":\"ListItem\",\"position\":2,\"name\":\"Multihead Weighers\",\"item\":\"https:\\\/\\\/fill-package.com\\\/multihead-weighers\\\/\"},{\"@type\":\"ListItem\",\"position\":3,\"name\":\"Belt Feeder Weigher\"}]},{\"@type\":\"WebSite\",\"@id\":\"https:\\\/\\\/fill-package.com\\\/#website\",\"url\":\"https:\\\/\\\/fill-package.com\\\/\",\"name\":\"Fill&amp;Package\",\"description\":\"\",\"potentialAction\":[{\"@type\":\"SearchAction\",\"target\":{\"@type\":\"EntryPoint\",\"urlTemplate\":\"https:\\\/\\\/fill-package.com\\\/?s={search_term_string}\"},\"query-input\":{\"@type\":\"PropertyValueSpecification\",\"valueRequired\":true,\"valueName\":\"search_term_string\"}}],\"inLanguage\":\"tr\"}]}<\/script>\n<!-- \/ Yoast SEO plugin. -->","yoast_head_json":{"title":"Bant Besleyici \u00c7ok Kafal\u0131 Tart\u0131c\u0131 | Yap\u0131\u015fkan ve Zor Malzemeler \u0130\u00e7in Y\u00fcksek Hassasiyetli G\u0131da Paketleme Makinesi","description":"Yap\u0131\u015fkan ve akmas\u0131 zor g\u0131da malzemeleri i\u00e7in tasarlanm\u0131\u015f Bantl\u0131 Besleyici \u00c7ok Kafal\u0131 Tart\u0131m Makinemizi ke\u015ffedin. G\u00fcvenilir g\u0131da tart\u0131m makinemizle paketleme hatt\u0131n\u0131zda y\u00fcksek do\u011fruluk ve verimlilik elde edin. Kuruyemi\u015fler, \u015fekerlemeler, hamur tatl\u0131lar\u0131 ve daha fazlas\u0131 i\u00e7in m\u00fckemmeldir.","robots":{"index":"index","follow":"follow","max-snippet":"max-snippet:-1","max-image-preview":"max-image-preview:large","max-video-preview":"max-video-preview:-1"},"canonical":"https:\/\/fill-package.com\/tr\/bant-besleyici-tartici\/","og_locale":"tr_TR","og_type":"article","og_title":"Belt Feeder Multihead Weigher | High Precision Food Packaging Machine for Sticky & Difficult Materials","og_description":"Discover our Belt Feeder Multihead Weigher designed for sticky, hard-to-flow food materials. Achieve high accuracy and efficiency in your packaging line with our reliable food weighing machine. Perfect for nuts, candies, dumplings, and more.","og_url":"https:\/\/fill-package.com\/tr\/bant-besleyici-tartici\/","og_site_name":"Fill&amp;Package","article_modified_time":"2025-07-11T07:53:43+00:00","twitter_card":"summary_large_image","schema":{"@context":"https:\/\/schema.org","@graph":[{"@type":"WebPage","@id":"https:\/\/fill-package.com\/belt-feeder-weigher\/","url":"https:\/\/fill-package.com\/belt-feeder-weigher\/","name":"Bant Besleyici \u00c7ok Kafal\u0131 Tart\u0131c\u0131 | Yap\u0131\u015fkan ve Zor Malzemeler \u0130\u00e7in Y\u00fcksek Hassasiyetli G\u0131da Paketleme Makinesi","isPartOf":{"@id":"https:\/\/fill-package.com\/#website"},"datePublished":"2025-07-11T07:52:17+00:00","dateModified":"2025-07-11T07:53:43+00:00","description":"Yap\u0131\u015fkan ve akmas\u0131 zor g\u0131da malzemeleri i\u00e7in tasarlanm\u0131\u015f Bantl\u0131 Besleyici \u00c7ok Kafal\u0131 Tart\u0131m Makinemizi ke\u015ffedin. G\u00fcvenilir g\u0131da tart\u0131m makinemizle paketleme hatt\u0131n\u0131zda y\u00fcksek do\u011fruluk ve verimlilik elde edin. Kuruyemi\u015fler, \u015fekerlemeler, hamur tatl\u0131lar\u0131 ve daha fazlas\u0131 i\u00e7in m\u00fckemmeldir.","breadcrumb":{"@id":"https:\/\/fill-package.com\/belt-feeder-weigher\/#breadcrumb"},"inLanguage":"tr","potentialAction":[{"@type":"ReadAction","target":["https:\/\/fill-package.com\/belt-feeder-weigher\/"]}]},{"@type":"BreadcrumbList","@id":"https:\/\/fill-package.com\/belt-feeder-weigher\/#breadcrumb","itemListElement":[{"@type":"ListItem","position":1,"name":"Home","item":"https:\/\/fill-package.com\/"},{"@type":"ListItem","position":2,"name":"Multihead Weighers","item":"https:\/\/fill-package.com\/multihead-weighers\/"},{"@type":"ListItem","position":3,"name":"Belt Feeder Weigher"}]},{"@type":"WebSite","@id":"https:\/\/fill-package.com\/#website","url":"https:\/\/fill-package.com\/","name":"Doldur ve Paketle","description":"","potentialAction":[{"@type":"SearchAction","target":{"@type":"EntryPoint","urlTemplate":"https:\/\/fill-package.com\/?s={search_term_string}"},"query-input":{"@type":"PropertyValueSpecification","valueRequired":true,"valueName":"search_term_string"}}],"inLanguage":"tr"}]}},"_links":{"self":[{"href":"https:\/\/fill-package.com\/tr\/wp-json\/wp\/v2\/pages\/9168","targetHints":{"allow":["GET"]}}],"collection":[{"href":"https:\/\/fill-package.com\/tr\/wp-json\/wp\/v2\/pages"}],"about":[{"href":"https:\/\/fill-package.com\/tr\/wp-json\/wp\/v2\/types\/page"}],"author":[{"embeddable":true,"href":"https:\/\/fill-package.com\/tr\/wp-json\/wp\/v2\/users\/1"}],"replies":[{"embeddable":true,"href":"https:\/\/fill-package.com\/tr\/wp-json\/wp\/v2\/comments?post=9168"}],"version-history":[{"count":2,"href":"https:\/\/fill-package.com\/tr\/wp-json\/wp\/v2\/pages\/9168\/revisions"}],"predecessor-version":[{"id":9176,"href":"https:\/\/fill-package.com\/tr\/wp-json\/wp\/v2\/pages\/9168\/revisions\/9176"}],"up":[{"embeddable":true,"href":"https:\/\/fill-package.com\/tr\/wp-json\/wp\/v2\/pages\/1558"}],"wp:attachment":[{"href":"https:\/\/fill-package.com\/tr\/wp-json\/wp\/v2\/media?parent=9168"}],"curies":[{"name":"wp","href":"https:\/\/api.w.org\/{rel}","templated":true}]}}