{"id":8723,"date":"2025-05-17T10:15:16","date_gmt":"2025-05-17T10:15:16","guid":{"rendered":"https:\/\/fill-package.com\/?page_id=8723"},"modified":"2025-05-17T13:44:44","modified_gmt":"2025-05-17T13:44:44","slug":"sandwish-conveyor-belt","status":"publish","type":"page","link":"https:\/\/fill-package.com\/tr\/sandwich-conveyor-belt","title":{"rendered":"Sandvi\u00e7 Konvey\u00f6r Bant"},"content":{"rendered":"","protected":false},"excerpt":{"rendered":"","protected":false},"author":1,"featured_media":0,"parent":6231,"menu_order":0,"comment_status":"closed","ping_status":"closed","template":"product-category3.php","meta":{"site-sidebar-layout":"default","site-content-layout":"page-builder","ast-site-content-layout":"full-width-container","site-content-style":"unboxed","site-sidebar-style":"unboxed","ast-global-header-display":"","ast-banner-title-visibility":"","ast-main-header-display":"","ast-hfb-above-header-display":"","ast-hfb-below-header-display":"","ast-hfb-mobile-header-display":"","site-post-title":"","ast-breadcrumbs-content":"","ast-featured-img":"","footer-sml-layout":"","ast-disable-related-posts":"","theme-transparent-header-meta":"default","adv-header-id-meta":"","stick-header-meta":"default","header-above-stick-meta":"","header-main-stick-meta":"","header-below-stick-meta":"","astra-migrate-meta-layouts":"set","ast-page-background-enabled":"default","ast-page-background-meta":{"desktop":{"background-color":"","background-image":"","background-repeat":"repeat","background-position":"center center","background-size":"auto","background-attachment":"scroll","background-type":"","background-media":"","overlay-type":"","overlay-color":"","overlay-opacity":"","overlay-gradient":""},"tablet":{"background-color":"","background-image":"","background-repeat":"repeat","background-position":"center center","background-size":"auto","background-attachment":"scroll","background-type":"","background-media":"","overlay-type":"","overlay-color":"","overlay-opacity":"","overlay-gradient":""},"mobile":{"background-color":"","background-image":"","background-repeat":"repeat","background-position":"center center","background-size":"auto","background-attachment":"scroll","background-type":"","background-media":"","overlay-type":"","overlay-color":"","overlay-opacity":"","overlay-gradient":""}},"ast-content-background-meta":{"desktop":{"background-color":"var(--ast-global-color-5)","background-image":"","background-repeat":"repeat","background-position":"center center","background-size":"auto","background-attachment":"scroll","background-type":"","background-media":"","overlay-type":"","overlay-color":"","overlay-opacity":"","overlay-gradient":""},"tablet":{"background-color":"var(--ast-global-color-5)","background-image":"","background-repeat":"repeat","background-position":"center center","background-size":"auto","background-attachment":"scroll","background-type":"","background-media":"","overlay-type":"","overlay-color":"","overlay-opacity":"","overlay-gradient":""},"mobile":{"background-color":"var(--ast-global-color-5)","background-image":"","background-repeat":"repeat","background-position":"center center","background-size":"auto","background-attachment":"scroll","background-type":"","background-media":"","overlay-type":"","overlay-color":"","overlay-opacity":"","overlay-gradient":""}},"footnotes":""},"class_list":["post-8723","page","type-page","status-publish","hentry"],"acf":[],"yoast_head":"<!-- This site is optimized with the Yoast SEO plugin v27.4 - https:\/\/yoast.com\/product\/yoast-seo-wordpress\/ -->\n<title>Sandwich Conveyor Belt | Twin-Belt Vertical &amp; Incline Conveyor System<\/title>\n<meta name=\"description\" content=\"Explore sandwich conveyor belts (twin-belt systems) for slip-free vertical lifts and steep inclines. Secure, gentle handling of delicate or lightweight items. Custom heights, sanitary frames, and adjustable pressure\" \/>\n<meta name=\"robots\" content=\"index, follow, max-snippet:-1, max-image-preview:large, max-video-preview:-1\" \/>\n<link rel=\"canonical\" href=\"https:\/\/fill-package.com\/tr\/sandvic-konveyor-bandi\/\" \/>\n<meta property=\"og:locale\" content=\"tr_TR\" \/>\n<meta property=\"og:type\" content=\"article\" \/>\n<meta property=\"og:title\" content=\"Sandwich Conveyor Belt | Twin-Belt Vertical &amp; Incline Conveyor System\" \/>\n<meta property=\"og:description\" content=\"Explore sandwich conveyor belts (twin-belt systems) for slip-free vertical lifts and steep inclines. Secure, gentle handling of delicate or lightweight items. Custom heights, sanitary frames, and adjustable pressure\" \/>\n<meta property=\"og:url\" content=\"https:\/\/fill-package.com\/tr\/sandvic-konveyor-bandi\/\" \/>\n<meta property=\"og:site_name\" content=\"Fill&amp;Package\" \/>\n<meta property=\"article:modified_time\" content=\"2025-05-17T13:44:44+00:00\" \/>\n<meta name=\"twitter:card\" content=\"summary_large_image\" \/>\n<script type=\"application\/ld+json\" class=\"yoast-schema-graph\">{\"@context\":\"https:\\\/\\\/schema.org\",\"@graph\":[{\"@type\":\"WebPage\",\"@id\":\"https:\\\/\\\/fill-package.com\\\/sandwich-conveyor-belt\\\/\",\"url\":\"https:\\\/\\\/fill-package.com\\\/sandwich-conveyor-belt\\\/\",\"name\":\"Sandwich Conveyor Belt | Twin-Belt Vertical & Incline Conveyor System\",\"isPartOf\":{\"@id\":\"https:\\\/\\\/fill-package.com\\\/#website\"},\"datePublished\":\"2025-05-17T10:15:16+00:00\",\"dateModified\":\"2025-05-17T13:44:44+00:00\",\"description\":\"Explore sandwich conveyor belts (twin-belt systems) for slip-free vertical lifts and steep inclines. Secure, gentle handling of delicate or lightweight items. Custom heights, sanitary frames, and adjustable pressure\",\"breadcrumb\":{\"@id\":\"https:\\\/\\\/fill-package.com\\\/sandwich-conveyor-belt\\\/#breadcrumb\"},\"inLanguage\":\"tr\",\"potentialAction\":[{\"@type\":\"ReadAction\",\"target\":[\"https:\\\/\\\/fill-package.com\\\/sandwich-conveyor-belt\\\/\"]}]},{\"@type\":\"BreadcrumbList\",\"@id\":\"https:\\\/\\\/fill-package.com\\\/sandwich-conveyor-belt\\\/#breadcrumb\",\"itemListElement\":[{\"@type\":\"ListItem\",\"position\":1,\"name\":\"Home\",\"item\":\"https:\\\/\\\/fill-package.com\\\/\"},{\"@type\":\"ListItem\",\"position\":2,\"name\":\"Belt Conveyor\",\"item\":\"https:\\\/\\\/fill-package.com\\\/belt-conveyor\\\/\"},{\"@type\":\"ListItem\",\"position\":3,\"name\":\"Sandwish Conveyor Belt\"}]},{\"@type\":\"WebSite\",\"@id\":\"https:\\\/\\\/fill-package.com\\\/#website\",\"url\":\"https:\\\/\\\/fill-package.com\\\/\",\"name\":\"Fill&amp;Package\",\"description\":\"\",\"potentialAction\":[{\"@type\":\"SearchAction\",\"target\":{\"@type\":\"EntryPoint\",\"urlTemplate\":\"https:\\\/\\\/fill-package.com\\\/?s={search_term_string}\"},\"query-input\":{\"@type\":\"PropertyValueSpecification\",\"valueRequired\":true,\"valueName\":\"search_term_string\"}}],\"inLanguage\":\"tr\"}]}<\/script>\n<!-- \/ Yoast SEO plugin. -->","yoast_head_json":{"title":"Sandvi\u00e7 Konvey\u00f6r Bant | \u00c7ift Bantl\u0131 Dikey ve E\u011fimli Konvey\u00f6r Sistemi","description":"Kaymayan dikey kald\u0131rmalar ve dik e\u011fimler i\u00e7in sandvi\u00e7 konvey\u00f6r bantlar\u0131n\u0131 (\u00e7ift bant sistemleri) ke\u015ffedin. Hassas veya hafif e\u015fyalar\u0131n g\u00fcvenli, nazik bir \u015fekilde ta\u015f\u0131nmas\u0131. \u00d6zel y\u00fckseklikler, hijyenik \u00e7er\u00e7eveler ve ayarlanabilir bas\u0131n\u00e7","robots":{"index":"index","follow":"follow","max-snippet":"max-snippet:-1","max-image-preview":"max-image-preview:large","max-video-preview":"max-video-preview:-1"},"canonical":"https:\/\/fill-package.com\/tr\/sandvic-konveyor-bandi\/","og_locale":"tr_TR","og_type":"article","og_title":"Sandwich Conveyor Belt | Twin-Belt Vertical & Incline Conveyor System","og_description":"Explore sandwich conveyor belts (twin-belt systems) for slip-free vertical lifts and steep inclines. Secure, gentle handling of delicate or lightweight items. Custom heights, sanitary frames, and adjustable pressure","og_url":"https:\/\/fill-package.com\/tr\/sandvic-konveyor-bandi\/","og_site_name":"Fill&amp;Package","article_modified_time":"2025-05-17T13:44:44+00:00","twitter_card":"summary_large_image","schema":{"@context":"https:\/\/schema.org","@graph":[{"@type":"WebPage","@id":"https:\/\/fill-package.com\/sandwich-conveyor-belt\/","url":"https:\/\/fill-package.com\/sandwich-conveyor-belt\/","name":"Sandvi\u00e7 Konvey\u00f6r Bant | \u00c7ift Bantl\u0131 Dikey ve E\u011fimli Konvey\u00f6r Sistemi","isPartOf":{"@id":"https:\/\/fill-package.com\/#website"},"datePublished":"2025-05-17T10:15:16+00:00","dateModified":"2025-05-17T13:44:44+00:00","description":"Kaymayan dikey kald\u0131rmalar ve dik e\u011fimler i\u00e7in sandvi\u00e7 konvey\u00f6r bantlar\u0131n\u0131 (\u00e7ift bant sistemleri) ke\u015ffedin. Hassas veya hafif e\u015fyalar\u0131n g\u00fcvenli, nazik bir \u015fekilde ta\u015f\u0131nmas\u0131. \u00d6zel y\u00fckseklikler, hijyenik \u00e7er\u00e7eveler ve ayarlanabilir bas\u0131n\u00e7","breadcrumb":{"@id":"https:\/\/fill-package.com\/sandwich-conveyor-belt\/#breadcrumb"},"inLanguage":"tr","potentialAction":[{"@type":"ReadAction","target":["https:\/\/fill-package.com\/sandwich-conveyor-belt\/"]}]},{"@type":"BreadcrumbList","@id":"https:\/\/fill-package.com\/sandwich-conveyor-belt\/#breadcrumb","itemListElement":[{"@type":"ListItem","position":1,"name":"Home","item":"https:\/\/fill-package.com\/"},{"@type":"ListItem","position":2,"name":"Belt Conveyor","item":"https:\/\/fill-package.com\/belt-conveyor\/"},{"@type":"ListItem","position":3,"name":"Sandwish Conveyor Belt"}]},{"@type":"WebSite","@id":"https:\/\/fill-package.com\/#website","url":"https:\/\/fill-package.com\/","name":"Doldur ve Paketle","description":"","potentialAction":[{"@type":"SearchAction","target":{"@type":"EntryPoint","urlTemplate":"https:\/\/fill-package.com\/?s={search_term_string}"},"query-input":{"@type":"PropertyValueSpecification","valueRequired":true,"valueName":"search_term_string"}}],"inLanguage":"tr"}]}},"_links":{"self":[{"href":"https:\/\/fill-package.com\/tr\/wp-json\/wp\/v2\/pages\/8723","targetHints":{"allow":["GET"]}}],"collection":[{"href":"https:\/\/fill-package.com\/tr\/wp-json\/wp\/v2\/pages"}],"about":[{"href":"https:\/\/fill-package.com\/tr\/wp-json\/wp\/v2\/types\/page"}],"author":[{"embeddable":true,"href":"https:\/\/fill-package.com\/tr\/wp-json\/wp\/v2\/users\/1"}],"replies":[{"embeddable":true,"href":"https:\/\/fill-package.com\/tr\/wp-json\/wp\/v2\/comments?post=8723"}],"version-history":[{"count":5,"href":"https:\/\/fill-package.com\/tr\/wp-json\/wp\/v2\/pages\/8723\/revisions"}],"predecessor-version":[{"id":8736,"href":"https:\/\/fill-package.com\/tr\/wp-json\/wp\/v2\/pages\/8723\/revisions\/8736"}],"up":[{"embeddable":true,"href":"https:\/\/fill-package.com\/tr\/wp-json\/wp\/v2\/pages\/6231"}],"wp:attachment":[{"href":"https:\/\/fill-package.com\/tr\/wp-json\/wp\/v2\/media?parent=8723"}],"curies":[{"name":"wp","href":"https:\/\/api.w.org\/{rel}","templated":true}]}}