{"id":7153,"date":"2023-03-22T10:10:24","date_gmt":"2023-03-22T10:10:24","guid":{"rendered":"https:\/\/fill-package.com\/?page_id=7153"},"modified":"2025-11-09T11:49:52","modified_gmt":"2025-11-09T11:49:52","slug":"super-heavy-weight-vertical-packaging-machine-2","status":"publish","type":"page","link":"https:\/\/fill-package.com\/tr\/super-heavy-weight-vertical-packaging-machine\/","title":{"rendered":"S\u00fcper A\u011f\u0131r A\u011f\u0131rl\u0131k Dikey Paketleme Makinesi"},"content":{"rendered":"","protected":false},"excerpt":{"rendered":"","protected":false},"author":1,"featured_media":0,"parent":7082,"menu_order":0,"comment_status":"closed","ping_status":"closed","template":"product-details4.php","meta":{"site-sidebar-layout":"default","site-content-layout":"page-builder","ast-site-content-layout":"full-width-container","site-content-style":"unboxed","site-sidebar-style":"unboxed","ast-global-header-display":"","ast-banner-title-visibility":"","ast-main-header-display":"","ast-hfb-above-header-display":"","ast-hfb-below-header-display":"","ast-hfb-mobile-header-display":"","site-post-title":"","ast-breadcrumbs-content":"disabled","ast-featured-img":"","footer-sml-layout":"","ast-disable-related-posts":"","theme-transparent-header-meta":"default","adv-header-id-meta":"","stick-header-meta":"default","header-above-stick-meta":"","header-main-stick-meta":"","header-below-stick-meta":"","astra-migrate-meta-layouts":"set","ast-page-background-enabled":"default","ast-page-background-meta":{"desktop":{"background-color":"","background-image":"","background-repeat":"repeat","background-position":"center center","background-size":"auto","background-attachment":"scroll","background-type":"","background-media":"","overlay-type":"","overlay-color":"","overlay-opacity":"","overlay-gradient":""},"tablet":{"background-color":"","background-image":"","background-repeat":"repeat","background-position":"center center","background-size":"auto","background-attachment":"scroll","background-type":"","background-media":"","overlay-type":"","overlay-color":"","overlay-opacity":"","overlay-gradient":""},"mobile":{"background-color":"","background-image":"","background-repeat":"repeat","background-position":"center center","background-size":"auto","background-attachment":"scroll","background-type":"","background-media":"","overlay-type":"","overlay-color":"","overlay-opacity":"","overlay-gradient":""}},"ast-content-background-meta":{"desktop":{"background-color":"var(--ast-global-color-5)","background-image":"","background-repeat":"repeat","background-position":"center center","background-size":"auto","background-attachment":"scroll","background-type":"","background-media":"","overlay-type":"","overlay-color":"","overlay-opacity":"","overlay-gradient":""},"tablet":{"background-color":"var(--ast-global-color-5)","background-image":"","background-repeat":"repeat","background-position":"center center","background-size":"auto","background-attachment":"scroll","background-type":"","background-media":"","overlay-type":"","overlay-color":"","overlay-opacity":"","overlay-gradient":""},"mobile":{"background-color":"var(--ast-global-color-5)","background-image":"","background-repeat":"repeat","background-position":"center center","background-size":"auto","background-attachment":"scroll","background-type":"","background-media":"","overlay-type":"","overlay-color":"","overlay-opacity":"","overlay-gradient":""}},"footnotes":""},"class_list":["post-7153","page","type-page","status-publish","hentry"],"acf":[],"yoast_head":"<!-- This site is optimized with the Yoast SEO plugin v27.4 - https:\/\/yoast.com\/product\/yoast-seo-wordpress\/ -->\n<title>Heavy Duty VFFS Machine for Food Industrial Packaging Fill&amp;Package<\/title>\n<meta name=\"description\" content=\"Industrial heavy duty VFFS machine for 5-50kg bags. Perfect for pet food, fertilizer &amp; bulk products. Reinforced construction, powerful servo drive &amp; gas flushing capability. Request a quote today.\" \/>\n<meta name=\"robots\" content=\"index, follow, max-snippet:-1, max-image-preview:large, max-video-preview:-1\" \/>\n<link rel=\"canonical\" href=\"https:\/\/fill-package.com\/tr\/super-agir-agirlikta-dikey-paketleme-makinesi\/\" \/>\n<meta property=\"og:locale\" content=\"tr_TR\" \/>\n<meta property=\"og:type\" content=\"article\" \/>\n<meta property=\"og:title\" content=\"Heavy Duty VFFS Machine for Food Industrial Packaging Fill&amp;Package\" \/>\n<meta property=\"og:description\" content=\"Industrial heavy duty VFFS machine for 5-50kg bags. Perfect for pet food, fertilizer &amp; bulk products. Reinforced construction, powerful servo drive &amp; gas flushing capability. Request a quote today.\" \/>\n<meta property=\"og:url\" content=\"https:\/\/fill-package.com\/tr\/super-agir-agirlikta-dikey-paketleme-makinesi\/\" \/>\n<meta property=\"og:site_name\" content=\"Fill&amp;Package\" \/>\n<meta property=\"article:modified_time\" content=\"2025-11-09T11:49:52+00:00\" \/>\n<meta name=\"twitter:card\" content=\"summary_large_image\" \/>\n<script type=\"application\/ld+json\" class=\"yoast-schema-graph\">{\"@context\":\"https:\\\/\\\/schema.org\",\"@graph\":[{\"@type\":\"WebPage\",\"@id\":\"https:\\\/\\\/fill-package.com\\\/super-heavy-weight-vertical-packaging-machine\\\/\",\"url\":\"https:\\\/\\\/fill-package.com\\\/super-heavy-weight-vertical-packaging-machine\\\/\",\"name\":\"Heavy Duty VFFS Machine for Food Industrial Packaging Fill&Package\",\"isPartOf\":{\"@id\":\"https:\\\/\\\/fill-package.com\\\/#website\"},\"datePublished\":\"2023-03-22T10:10:24+00:00\",\"dateModified\":\"2025-11-09T11:49:52+00:00\",\"description\":\"Industrial heavy duty VFFS machine for 5-50kg bags. Perfect for pet food, fertilizer & bulk products. Reinforced construction, powerful servo drive & gas flushing capability. Request a quote today.\",\"breadcrumb\":{\"@id\":\"https:\\\/\\\/fill-package.com\\\/super-heavy-weight-vertical-packaging-machine\\\/#breadcrumb\"},\"inLanguage\":\"tr\",\"potentialAction\":[{\"@type\":\"ReadAction\",\"target\":[\"https:\\\/\\\/fill-package.com\\\/super-heavy-weight-vertical-packaging-machine\\\/\"]}]},{\"@type\":\"BreadcrumbList\",\"@id\":\"https:\\\/\\\/fill-package.com\\\/super-heavy-weight-vertical-packaging-machine\\\/#breadcrumb\",\"itemListElement\":[{\"@type\":\"ListItem\",\"position\":1,\"name\":\"Home\",\"item\":\"https:\\\/\\\/fill-package.com\\\/\"},{\"@type\":\"ListItem\",\"position\":2,\"name\":\"VFFS Machine\",\"item\":\"https:\\\/\\\/fill-package.com\\\/vffs-machine\\\/\"},{\"@type\":\"ListItem\",\"position\":3,\"name\":\"Super Heavy Weight Vertical Packaging Machine\"}]},{\"@type\":\"WebSite\",\"@id\":\"https:\\\/\\\/fill-package.com\\\/#website\",\"url\":\"https:\\\/\\\/fill-package.com\\\/\",\"name\":\"Fill&amp;Package\",\"description\":\"\",\"potentialAction\":[{\"@type\":\"SearchAction\",\"target\":{\"@type\":\"EntryPoint\",\"urlTemplate\":\"https:\\\/\\\/fill-package.com\\\/?s={search_term_string}\"},\"query-input\":{\"@type\":\"PropertyValueSpecification\",\"valueRequired\":true,\"valueName\":\"search_term_string\"}}],\"inLanguage\":\"tr\"}]}<\/script>\n<!-- \/ Yoast SEO plugin. -->","yoast_head_json":{"title":"G\u0131da End\u00fcstriyel Paketleme Dolum ve Paketleme i\u00e7in A\u011f\u0131r Hizmet Tipi VFFS Makinesi","description":"5-50 kg&#039;l\u0131k torbalar i\u00e7in end\u00fcstriyel a\u011f\u0131r hizmet tipi VFFS makinesi. Evcil hayvan mamas\u0131, g\u00fcbre ve d\u00f6kme \u00fcr\u00fcnler i\u00e7in m\u00fckemmel. G\u00fc\u00e7lendirilmi\u015f yap\u0131, g\u00fc\u00e7l\u00fc servo s\u00fcr\u00fcc\u00fc ve gaz y\u0131kama kapasitesi. Bug\u00fcn fiyat teklifi isteyin.","robots":{"index":"index","follow":"follow","max-snippet":"max-snippet:-1","max-image-preview":"max-image-preview:large","max-video-preview":"max-video-preview:-1"},"canonical":"https:\/\/fill-package.com\/tr\/super-agir-agirlikta-dikey-paketleme-makinesi\/","og_locale":"tr_TR","og_type":"article","og_title":"Heavy Duty VFFS Machine for Food Industrial Packaging Fill&Package","og_description":"Industrial heavy duty VFFS machine for 5-50kg bags. Perfect for pet food, fertilizer & bulk products. Reinforced construction, powerful servo drive & gas flushing capability. Request a quote today.","og_url":"https:\/\/fill-package.com\/tr\/super-agir-agirlikta-dikey-paketleme-makinesi\/","og_site_name":"Fill&amp;Package","article_modified_time":"2025-11-09T11:49:52+00:00","twitter_card":"summary_large_image","schema":{"@context":"https:\/\/schema.org","@graph":[{"@type":"WebPage","@id":"https:\/\/fill-package.com\/super-heavy-weight-vertical-packaging-machine\/","url":"https:\/\/fill-package.com\/super-heavy-weight-vertical-packaging-machine\/","name":"G\u0131da End\u00fcstriyel Paketleme Dolum ve Paketleme i\u00e7in A\u011f\u0131r Hizmet Tipi VFFS Makinesi","isPartOf":{"@id":"https:\/\/fill-package.com\/#website"},"datePublished":"2023-03-22T10:10:24+00:00","dateModified":"2025-11-09T11:49:52+00:00","description":"5-50 kg&#039;l\u0131k torbalar i\u00e7in end\u00fcstriyel a\u011f\u0131r hizmet tipi VFFS makinesi. Evcil hayvan mamas\u0131, g\u00fcbre ve d\u00f6kme \u00fcr\u00fcnler i\u00e7in m\u00fckemmel. G\u00fc\u00e7lendirilmi\u015f yap\u0131, g\u00fc\u00e7l\u00fc servo s\u00fcr\u00fcc\u00fc ve gaz y\u0131kama kapasitesi. Bug\u00fcn fiyat teklifi isteyin.","breadcrumb":{"@id":"https:\/\/fill-package.com\/super-heavy-weight-vertical-packaging-machine\/#breadcrumb"},"inLanguage":"tr","potentialAction":[{"@type":"ReadAction","target":["https:\/\/fill-package.com\/super-heavy-weight-vertical-packaging-machine\/"]}]},{"@type":"BreadcrumbList","@id":"https:\/\/fill-package.com\/super-heavy-weight-vertical-packaging-machine\/#breadcrumb","itemListElement":[{"@type":"ListItem","position":1,"name":"Home","item":"https:\/\/fill-package.com\/"},{"@type":"ListItem","position":2,"name":"VFFS Machine","item":"https:\/\/fill-package.com\/vffs-machine\/"},{"@type":"ListItem","position":3,"name":"Super Heavy Weight Vertical Packaging Machine"}]},{"@type":"WebSite","@id":"https:\/\/fill-package.com\/#website","url":"https:\/\/fill-package.com\/","name":"Doldur ve Paketle","description":"","potentialAction":[{"@type":"SearchAction","target":{"@type":"EntryPoint","urlTemplate":"https:\/\/fill-package.com\/?s={search_term_string}"},"query-input":{"@type":"PropertyValueSpecification","valueRequired":true,"valueName":"search_term_string"}}],"inLanguage":"tr"}]}},"_links":{"self":[{"href":"https:\/\/fill-package.com\/tr\/wp-json\/wp\/v2\/pages\/7153","targetHints":{"allow":["GET"]}}],"collection":[{"href":"https:\/\/fill-package.com\/tr\/wp-json\/wp\/v2\/pages"}],"about":[{"href":"https:\/\/fill-package.com\/tr\/wp-json\/wp\/v2\/types\/page"}],"author":[{"embeddable":true,"href":"https:\/\/fill-package.com\/tr\/wp-json\/wp\/v2\/users\/1"}],"replies":[{"embeddable":true,"href":"https:\/\/fill-package.com\/tr\/wp-json\/wp\/v2\/comments?post=7153"}],"version-history":[{"count":15,"href":"https:\/\/fill-package.com\/tr\/wp-json\/wp\/v2\/pages\/7153\/revisions"}],"predecessor-version":[{"id":10786,"href":"https:\/\/fill-package.com\/tr\/wp-json\/wp\/v2\/pages\/7153\/revisions\/10786"}],"up":[{"embeddable":true,"href":"https:\/\/fill-package.com\/tr\/wp-json\/wp\/v2\/pages\/7082"}],"wp:attachment":[{"href":"https:\/\/fill-package.com\/tr\/wp-json\/wp\/v2\/media?parent=7153"}],"curies":[{"name":"wp","href":"https:\/\/api.w.org\/{rel}","templated":true}]}}