{"id":2600,"date":"2021-09-27T12:00:35","date_gmt":"2021-09-27T12:00:35","guid":{"rendered":"https:\/\/fill-package.com\/?page_id=2600"},"modified":"2025-05-08T12:51:57","modified_gmt":"2025-05-08T12:51:57","slug":"malzeme","status":"publish","type":"page","link":"https:\/\/fill-package.com\/tr\/material\/","title":{"rendered":"Malzeme"},"content":{"rendered":"","protected":false},"excerpt":{"rendered":"","protected":false},"author":1,"featured_media":0,"parent":4102,"menu_order":0,"comment_status":"closed","ping_status":"closed","template":"landing-page3.php","meta":{"site-sidebar-layout":"default","site-content-layout":"page-builder","ast-site-content-layout":"full-width-container","site-content-style":"unboxed","site-sidebar-style":"unboxed","ast-global-header-display":"","ast-banner-title-visibility":"","ast-main-header-display":"","ast-hfb-above-header-display":"","ast-hfb-below-header-display":"","ast-hfb-mobile-header-display":"","site-post-title":"disabled","ast-breadcrumbs-content":"disabled","ast-featured-img":"","footer-sml-layout":"","ast-disable-related-posts":"","theme-transparent-header-meta":"default","adv-header-id-meta":"","stick-header-meta":"default","header-above-stick-meta":"","header-main-stick-meta":"","header-below-stick-meta":"","astra-migrate-meta-layouts":"set","ast-page-background-enabled":"default","ast-page-background-meta":{"desktop":{"background-color":"","background-image":"","background-repeat":"repeat","background-position":"center center","background-size":"auto","background-attachment":"scroll","background-type":"","background-media":"","overlay-type":"","overlay-color":"","overlay-opacity":"","overlay-gradient":""},"tablet":{"background-color":"","background-image":"","background-repeat":"repeat","background-position":"center center","background-size":"auto","background-attachment":"scroll","background-type":"","background-media":"","overlay-type":"","overlay-color":"","overlay-opacity":"","overlay-gradient":""},"mobile":{"background-color":"","background-image":"","background-repeat":"repeat","background-position":"center center","background-size":"auto","background-attachment":"scroll","background-type":"","background-media":"","overlay-type":"","overlay-color":"","overlay-opacity":"","overlay-gradient":""}},"ast-content-background-meta":{"desktop":{"background-color":"var(--ast-global-color-5)","background-image":"","background-repeat":"repeat","background-position":"center center","background-size":"auto","background-attachment":"scroll","background-type":"","background-media":"","overlay-type":"","overlay-color":"","overlay-opacity":"","overlay-gradient":""},"tablet":{"background-color":"var(--ast-global-color-5)","background-image":"","background-repeat":"repeat","background-position":"center center","background-size":"auto","background-attachment":"scroll","background-type":"","background-media":"","overlay-type":"","overlay-color":"","overlay-opacity":"","overlay-gradient":""},"mobile":{"background-color":"var(--ast-global-color-5)","background-image":"","background-repeat":"repeat","background-position":"center center","background-size":"auto","background-attachment":"scroll","background-type":"","background-media":"","overlay-type":"","overlay-color":"","overlay-opacity":"","overlay-gradient":""}},"footnotes":""},"class_list":["post-2600","page","type-page","status-publish","hentry"],"acf":[],"yoast_head":"<!-- This site is optimized with the Yoast SEO plugin v27.3 - https:\/\/yoast.com\/product\/yoast-seo-wordpress\/ -->\n<title>Materials-used-on-food-packing-machine-fillpackage<\/title>\n<meta name=\"description\" content=\"Fill Package uses only the highest-quality, food-grade, FDA-approved materials across all our packaging machines, conveyors, weighers, sachet sorting, and VFFS systems to ensure superior hygiene, durability, and operational excelle\" \/>\n<meta name=\"robots\" content=\"index, follow, max-snippet:-1, max-image-preview:large, max-video-preview:-1\" \/>\n<link rel=\"canonical\" href=\"https:\/\/fill-package.com\/tr\/malzeme\/\" \/>\n<meta property=\"og:locale\" content=\"tr_TR\" \/>\n<meta property=\"og:type\" content=\"article\" \/>\n<meta property=\"og:title\" content=\"Materials-used-on-food-packing-machine-fillpackage\" \/>\n<meta property=\"og:description\" content=\"Fill Package uses only the highest-quality, food-grade, FDA-approved materials across all our packaging machines, conveyors, weighers, sachet sorting, and VFFS systems to ensure superior hygiene, durability, and operational excelle\" \/>\n<meta property=\"og:url\" content=\"https:\/\/fill-package.com\/tr\/malzeme\/\" \/>\n<meta property=\"og:site_name\" content=\"Fill&amp;Package\" \/>\n<meta property=\"article:modified_time\" content=\"2025-05-08T12:51:57+00:00\" \/>\n<meta name=\"twitter:card\" content=\"summary_large_image\" \/>\n<script type=\"application\/ld+json\" class=\"yoast-schema-graph\">{\"@context\":\"https:\\\/\\\/schema.org\",\"@graph\":[{\"@type\":\"WebPage\",\"@id\":\"https:\\\/\\\/fill-package.com\\\/material\\\/\",\"url\":\"https:\\\/\\\/fill-package.com\\\/material\\\/\",\"name\":\"Materials-used-on-food-packing-machine-fillpackage\",\"isPartOf\":{\"@id\":\"https:\\\/\\\/fill-package.com\\\/#website\"},\"datePublished\":\"2021-09-27T12:00:35+00:00\",\"dateModified\":\"2025-05-08T12:51:57+00:00\",\"description\":\"Fill Package uses only the highest-quality, food-grade, FDA-approved materials across all our packaging machines, conveyors, weighers, sachet sorting, and VFFS systems to ensure superior hygiene, durability, and operational excelle\",\"breadcrumb\":{\"@id\":\"https:\\\/\\\/fill-package.com\\\/material\\\/#breadcrumb\"},\"inLanguage\":\"tr\",\"potentialAction\":[{\"@type\":\"ReadAction\",\"target\":[\"https:\\\/\\\/fill-package.com\\\/material\\\/\"]}]},{\"@type\":\"BreadcrumbList\",\"@id\":\"https:\\\/\\\/fill-package.com\\\/material\\\/#breadcrumb\",\"itemListElement\":[{\"@type\":\"ListItem\",\"position\":1,\"name\":\"Home\",\"item\":\"https:\\\/\\\/fill-package.com\\\/\"},{\"@type\":\"ListItem\",\"position\":2,\"name\":\"About us\",\"item\":\"https:\\\/\\\/fill-package.com\\\/about-us\\\/\"},{\"@type\":\"ListItem\",\"position\":3,\"name\":\"Material\"}]},{\"@type\":\"WebSite\",\"@id\":\"https:\\\/\\\/fill-package.com\\\/#website\",\"url\":\"https:\\\/\\\/fill-package.com\\\/\",\"name\":\"Fill&amp;Package\",\"description\":\"\",\"potentialAction\":[{\"@type\":\"SearchAction\",\"target\":{\"@type\":\"EntryPoint\",\"urlTemplate\":\"https:\\\/\\\/fill-package.com\\\/?s={search_term_string}\"},\"query-input\":{\"@type\":\"PropertyValueSpecification\",\"valueRequired\":true,\"valueName\":\"search_term_string\"}}],\"inLanguage\":\"tr\"}]}<\/script>\n<!-- \/ Yoast SEO plugin. -->","yoast_head_json":{"title":"G\u0131da paketleme makinesinde kullan\u0131lan malzemeler-ambalaj\u0131 doldur","description":"Fill Package, \u00fcst\u00fcn hijyen, dayan\u0131kl\u0131l\u0131k ve operasyonel m\u00fckemmelli\u011fi garanti alt\u0131na almak i\u00e7in t\u00fcm paketleme makinelerimizde, konvey\u00f6rlerimizde, tart\u0131lar\u0131m\u0131zda, po\u015fet ay\u0131rma ve VFFS sistemlerimizde yaln\u0131zca en y\u00fcksek kaliteli, g\u0131da s\u0131n\u0131f\u0131, FDA onayl\u0131 malzemeleri kullan\u0131r.","robots":{"index":"index","follow":"follow","max-snippet":"max-snippet:-1","max-image-preview":"max-image-preview:large","max-video-preview":"max-video-preview:-1"},"canonical":"https:\/\/fill-package.com\/tr\/malzeme\/","og_locale":"tr_TR","og_type":"article","og_title":"Materials-used-on-food-packing-machine-fillpackage","og_description":"Fill Package uses only the highest-quality, food-grade, FDA-approved materials across all our packaging machines, conveyors, weighers, sachet sorting, and VFFS systems to ensure superior hygiene, durability, and operational excelle","og_url":"https:\/\/fill-package.com\/tr\/malzeme\/","og_site_name":"Fill&amp;Package","article_modified_time":"2025-05-08T12:51:57+00:00","twitter_card":"summary_large_image","schema":{"@context":"https:\/\/schema.org","@graph":[{"@type":"WebPage","@id":"https:\/\/fill-package.com\/material\/","url":"https:\/\/fill-package.com\/material\/","name":"G\u0131da paketleme makinesinde kullan\u0131lan malzemeler-ambalaj\u0131 doldur","isPartOf":{"@id":"https:\/\/fill-package.com\/#website"},"datePublished":"2021-09-27T12:00:35+00:00","dateModified":"2025-05-08T12:51:57+00:00","description":"Fill Package, \u00fcst\u00fcn hijyen, dayan\u0131kl\u0131l\u0131k ve operasyonel m\u00fckemmelli\u011fi garanti alt\u0131na almak i\u00e7in t\u00fcm paketleme makinelerimizde, konvey\u00f6rlerimizde, tart\u0131lar\u0131m\u0131zda, po\u015fet ay\u0131rma ve VFFS sistemlerimizde yaln\u0131zca en y\u00fcksek kaliteli, g\u0131da s\u0131n\u0131f\u0131, FDA onayl\u0131 malzemeleri kullan\u0131r.","breadcrumb":{"@id":"https:\/\/fill-package.com\/material\/#breadcrumb"},"inLanguage":"tr","potentialAction":[{"@type":"ReadAction","target":["https:\/\/fill-package.com\/material\/"]}]},{"@type":"BreadcrumbList","@id":"https:\/\/fill-package.com\/material\/#breadcrumb","itemListElement":[{"@type":"ListItem","position":1,"name":"Home","item":"https:\/\/fill-package.com\/"},{"@type":"ListItem","position":2,"name":"About us","item":"https:\/\/fill-package.com\/about-us\/"},{"@type":"ListItem","position":3,"name":"Material"}]},{"@type":"WebSite","@id":"https:\/\/fill-package.com\/#website","url":"https:\/\/fill-package.com\/","name":"Doldur ve Paketle","description":"","potentialAction":[{"@type":"SearchAction","target":{"@type":"EntryPoint","urlTemplate":"https:\/\/fill-package.com\/?s={search_term_string}"},"query-input":{"@type":"PropertyValueSpecification","valueRequired":true,"valueName":"search_term_string"}}],"inLanguage":"tr"}]}},"_links":{"self":[{"href":"https:\/\/fill-package.com\/tr\/wp-json\/wp\/v2\/pages\/2600","targetHints":{"allow":["GET"]}}],"collection":[{"href":"https:\/\/fill-package.com\/tr\/wp-json\/wp\/v2\/pages"}],"about":[{"href":"https:\/\/fill-package.com\/tr\/wp-json\/wp\/v2\/types\/page"}],"author":[{"embeddable":true,"href":"https:\/\/fill-package.com\/tr\/wp-json\/wp\/v2\/users\/1"}],"replies":[{"embeddable":true,"href":"https:\/\/fill-package.com\/tr\/wp-json\/wp\/v2\/comments?post=2600"}],"version-history":[{"count":15,"href":"https:\/\/fill-package.com\/tr\/wp-json\/wp\/v2\/pages\/2600\/revisions"}],"predecessor-version":[{"id":8456,"href":"https:\/\/fill-package.com\/tr\/wp-json\/wp\/v2\/pages\/2600\/revisions\/8456"}],"up":[{"embeddable":true,"href":"https:\/\/fill-package.com\/tr\/wp-json\/wp\/v2\/pages\/4102"}],"wp:attachment":[{"href":"https:\/\/fill-package.com\/tr\/wp-json\/wp\/v2\/media?parent=2600"}],"curies":[{"name":"wp","href":"https:\/\/api.w.org\/{rel}","templated":true}]}}