{"id":2592,"date":"2021-09-27T11:42:56","date_gmt":"2021-09-27T11:42:56","guid":{"rendered":"https:\/\/fill-package.com\/?page_id=2592"},"modified":"2025-05-08T12:51:08","modified_gmt":"2025-05-08T12:51:08","slug":"test","status":"publish","type":"page","link":"https:\/\/fill-package.com\/tr\/testing\/","title":{"rendered":"Test"},"content":{"rendered":"","protected":false},"excerpt":{"rendered":"","protected":false},"author":1,"featured_media":0,"parent":4102,"menu_order":0,"comment_status":"closed","ping_status":"closed","template":"landing-page3.php","meta":{"site-sidebar-layout":"default","site-content-layout":"page-builder","ast-site-content-layout":"full-width-container","site-content-style":"unboxed","site-sidebar-style":"unboxed","ast-global-header-display":"","ast-banner-title-visibility":"","ast-main-header-display":"","ast-hfb-above-header-display":"","ast-hfb-below-header-display":"","ast-hfb-mobile-header-display":"","site-post-title":"disabled","ast-breadcrumbs-content":"disabled","ast-featured-img":"","footer-sml-layout":"","ast-disable-related-posts":"","theme-transparent-header-meta":"default","adv-header-id-meta":"","stick-header-meta":"default","header-above-stick-meta":"","header-main-stick-meta":"","header-below-stick-meta":"","astra-migrate-meta-layouts":"set","ast-page-background-enabled":"default","ast-page-background-meta":{"desktop":{"background-color":"","background-image":"","background-repeat":"repeat","background-position":"center center","background-size":"auto","background-attachment":"scroll","background-type":"","background-media":"","overlay-type":"","overlay-color":"","overlay-opacity":"","overlay-gradient":""},"tablet":{"background-color":"","background-image":"","background-repeat":"repeat","background-position":"center center","background-size":"auto","background-attachment":"scroll","background-type":"","background-media":"","overlay-type":"","overlay-color":"","overlay-opacity":"","overlay-gradient":""},"mobile":{"background-color":"","background-image":"","background-repeat":"repeat","background-position":"center center","background-size":"auto","background-attachment":"scroll","background-type":"","background-media":"","overlay-type":"","overlay-color":"","overlay-opacity":"","overlay-gradient":""}},"ast-content-background-meta":{"desktop":{"background-color":"var(--ast-global-color-5)","background-image":"","background-repeat":"repeat","background-position":"center center","background-size":"auto","background-attachment":"scroll","background-type":"","background-media":"","overlay-type":"","overlay-color":"","overlay-opacity":"","overlay-gradient":""},"tablet":{"background-color":"var(--ast-global-color-5)","background-image":"","background-repeat":"repeat","background-position":"center center","background-size":"auto","background-attachment":"scroll","background-type":"","background-media":"","overlay-type":"","overlay-color":"","overlay-opacity":"","overlay-gradient":""},"mobile":{"background-color":"var(--ast-global-color-5)","background-image":"","background-repeat":"repeat","background-position":"center center","background-size":"auto","background-attachment":"scroll","background-type":"","background-media":"","overlay-type":"","overlay-color":"","overlay-opacity":"","overlay-gradient":""}},"footnotes":""},"class_list":["post-2592","page","type-page","status-publish","hentry"],"acf":[],"yoast_head":"<!-- This site is optimized with the Yoast SEO plugin v27.3 - https:\/\/yoast.com\/product\/yoast-seo-wordpress\/ -->\n<title>Food Packaging Machine Testing-Fill&amp;Package<\/title>\n<meta name=\"description\" content=\"Discover how Fill Package ensures quality through real-product testing, 72-hour burn-in, and strict multi-step inspections for all packaging machines. Reliable. Precise. Proven.\" \/>\n<meta name=\"robots\" content=\"index, follow, max-snippet:-1, max-image-preview:large, max-video-preview:-1\" \/>\n<link rel=\"canonical\" href=\"https:\/\/fill-package.com\/tr\/test\/\" \/>\n<meta property=\"og:locale\" content=\"tr_TR\" \/>\n<meta property=\"og:type\" content=\"article\" \/>\n<meta property=\"og:title\" content=\"Food Packaging Machine Testing-Fill&amp;Package\" \/>\n<meta property=\"og:description\" content=\"Discover how Fill Package ensures quality through real-product testing, 72-hour burn-in, and strict multi-step inspections for all packaging machines. Reliable. Precise. Proven.\" \/>\n<meta property=\"og:url\" content=\"https:\/\/fill-package.com\/tr\/test\/\" \/>\n<meta property=\"og:site_name\" content=\"Fill&amp;Package\" \/>\n<meta property=\"article:modified_time\" content=\"2025-05-08T12:51:08+00:00\" \/>\n<meta name=\"twitter:card\" content=\"summary_large_image\" \/>\n<script type=\"application\/ld+json\" class=\"yoast-schema-graph\">{\"@context\":\"https:\\\/\\\/schema.org\",\"@graph\":[{\"@type\":\"WebPage\",\"@id\":\"https:\\\/\\\/fill-package.com\\\/testing\\\/\",\"url\":\"https:\\\/\\\/fill-package.com\\\/testing\\\/\",\"name\":\"Food Packaging Machine Testing-Fill&Package\",\"isPartOf\":{\"@id\":\"https:\\\/\\\/fill-package.com\\\/#website\"},\"datePublished\":\"2021-09-27T11:42:56+00:00\",\"dateModified\":\"2025-05-08T12:51:08+00:00\",\"description\":\"Discover how Fill Package ensures quality through real-product testing, 72-hour burn-in, and strict multi-step inspections for all packaging machines. Reliable. Precise. Proven.\",\"breadcrumb\":{\"@id\":\"https:\\\/\\\/fill-package.com\\\/testing\\\/#breadcrumb\"},\"inLanguage\":\"tr\",\"potentialAction\":[{\"@type\":\"ReadAction\",\"target\":[\"https:\\\/\\\/fill-package.com\\\/testing\\\/\"]}]},{\"@type\":\"BreadcrumbList\",\"@id\":\"https:\\\/\\\/fill-package.com\\\/testing\\\/#breadcrumb\",\"itemListElement\":[{\"@type\":\"ListItem\",\"position\":1,\"name\":\"Home\",\"item\":\"https:\\\/\\\/fill-package.com\\\/\"},{\"@type\":\"ListItem\",\"position\":2,\"name\":\"About us\",\"item\":\"https:\\\/\\\/fill-package.com\\\/about-us\\\/\"},{\"@type\":\"ListItem\",\"position\":3,\"name\":\"Testing\"}]},{\"@type\":\"WebSite\",\"@id\":\"https:\\\/\\\/fill-package.com\\\/#website\",\"url\":\"https:\\\/\\\/fill-package.com\\\/\",\"name\":\"Fill&amp;Package\",\"description\":\"\",\"potentialAction\":[{\"@type\":\"SearchAction\",\"target\":{\"@type\":\"EntryPoint\",\"urlTemplate\":\"https:\\\/\\\/fill-package.com\\\/?s={search_term_string}\"},\"query-input\":{\"@type\":\"PropertyValueSpecification\",\"valueRequired\":true,\"valueName\":\"search_term_string\"}}],\"inLanguage\":\"tr\"}]}<\/script>\n<!-- \/ Yoast SEO plugin. -->","yoast_head_json":{"title":"G\u0131da Paketleme Makinesi Test-Dolum ve Paketleme","description":"Fill Package&#039;\u0131n t\u00fcm paketleme makineleri i\u00e7in ger\u00e7ek \u00fcr\u00fcn testleri, 72 saatlik test s\u00fcreci ve s\u0131k\u0131 \u00e7ok ad\u0131ml\u0131 denetimler yoluyla kaliteyi nas\u0131l sa\u011flad\u0131\u011f\u0131n\u0131 ke\u015ffedin. G\u00fcvenilir. Hassas. Kan\u0131tlanm\u0131\u015f.","robots":{"index":"index","follow":"follow","max-snippet":"max-snippet:-1","max-image-preview":"max-image-preview:large","max-video-preview":"max-video-preview:-1"},"canonical":"https:\/\/fill-package.com\/tr\/test\/","og_locale":"tr_TR","og_type":"article","og_title":"Food Packaging Machine Testing-Fill&Package","og_description":"Discover how Fill Package ensures quality through real-product testing, 72-hour burn-in, and strict multi-step inspections for all packaging machines. Reliable. Precise. Proven.","og_url":"https:\/\/fill-package.com\/tr\/test\/","og_site_name":"Fill&amp;Package","article_modified_time":"2025-05-08T12:51:08+00:00","twitter_card":"summary_large_image","schema":{"@context":"https:\/\/schema.org","@graph":[{"@type":"WebPage","@id":"https:\/\/fill-package.com\/testing\/","url":"https:\/\/fill-package.com\/testing\/","name":"G\u0131da Paketleme Makinesi Test-Dolum ve Paketleme","isPartOf":{"@id":"https:\/\/fill-package.com\/#website"},"datePublished":"2021-09-27T11:42:56+00:00","dateModified":"2025-05-08T12:51:08+00:00","description":"Fill Package&#039;\u0131n t\u00fcm paketleme makineleri i\u00e7in ger\u00e7ek \u00fcr\u00fcn testleri, 72 saatlik test s\u00fcreci ve s\u0131k\u0131 \u00e7ok ad\u0131ml\u0131 denetimler yoluyla kaliteyi nas\u0131l sa\u011flad\u0131\u011f\u0131n\u0131 ke\u015ffedin. G\u00fcvenilir. Hassas. Kan\u0131tlanm\u0131\u015f.","breadcrumb":{"@id":"https:\/\/fill-package.com\/testing\/#breadcrumb"},"inLanguage":"tr","potentialAction":[{"@type":"ReadAction","target":["https:\/\/fill-package.com\/testing\/"]}]},{"@type":"BreadcrumbList","@id":"https:\/\/fill-package.com\/testing\/#breadcrumb","itemListElement":[{"@type":"ListItem","position":1,"name":"Home","item":"https:\/\/fill-package.com\/"},{"@type":"ListItem","position":2,"name":"About us","item":"https:\/\/fill-package.com\/about-us\/"},{"@type":"ListItem","position":3,"name":"Testing"}]},{"@type":"WebSite","@id":"https:\/\/fill-package.com\/#website","url":"https:\/\/fill-package.com\/","name":"Doldur ve Paketle","description":"","potentialAction":[{"@type":"SearchAction","target":{"@type":"EntryPoint","urlTemplate":"https:\/\/fill-package.com\/?s={search_term_string}"},"query-input":{"@type":"PropertyValueSpecification","valueRequired":true,"valueName":"search_term_string"}}],"inLanguage":"tr"}]}},"_links":{"self":[{"href":"https:\/\/fill-package.com\/tr\/wp-json\/wp\/v2\/pages\/2592","targetHints":{"allow":["GET"]}}],"collection":[{"href":"https:\/\/fill-package.com\/tr\/wp-json\/wp\/v2\/pages"}],"about":[{"href":"https:\/\/fill-package.com\/tr\/wp-json\/wp\/v2\/types\/page"}],"author":[{"embeddable":true,"href":"https:\/\/fill-package.com\/tr\/wp-json\/wp\/v2\/users\/1"}],"replies":[{"embeddable":true,"href":"https:\/\/fill-package.com\/tr\/wp-json\/wp\/v2\/comments?post=2592"}],"version-history":[{"count":9,"href":"https:\/\/fill-package.com\/tr\/wp-json\/wp\/v2\/pages\/2592\/revisions"}],"predecessor-version":[{"id":8454,"href":"https:\/\/fill-package.com\/tr\/wp-json\/wp\/v2\/pages\/2592\/revisions\/8454"}],"up":[{"embeddable":true,"href":"https:\/\/fill-package.com\/tr\/wp-json\/wp\/v2\/pages\/4102"}],"wp:attachment":[{"href":"https:\/\/fill-package.com\/tr\/wp-json\/wp\/v2\/media?parent=2592"}],"curies":[{"name":"wp","href":"https:\/\/api.w.org\/{rel}","templated":true}]}}